{"id":2932,"date":"2020-07-08T08:32:26","date_gmt":"2020-07-08T08:32:26","guid":{"rendered":"https:\/\/blogsaverroes.juntadeandalucia.es\/penyaluenga\/?page_id=2932"},"modified":"2020-07-08T08:45:03","modified_gmt":"2020-07-08T08:45:03","slug":"la-gamificacion-como-parte-del-juego","status":"publish","type":"page","link":"https:\/\/blogsaverroes.juntadeandalucia.es\/penyaluenga\/la-gamificacion-como-parte-del-juego\/","title":{"rendered":"La gamificaci\u00f3n como parte del juego"},"content":{"rendered":"<p style=\"text-align: center\"><a href=\"https:\/\/blogsaverroes.juntadeandalucia.es\/penyaluenga\/files\/2020\/07\/25497__150_a_1.jpg\"><img loading=\"lazy\" decoding=\"async\" class=\"aligncenter size-large wp-image-2936\" src=\"https:\/\/blogsaverroes.juntadeandalucia.es\/penyaluenga\/files\/2020\/07\/25497__150_a_1-1024x768.jpg\" alt=\"\" width=\"525\" height=\"394\" srcset=\"https:\/\/blogsaverroes.juntadeandalucia.es\/penyaluenga\/files\/2020\/07\/25497__150_a_1-1024x768.jpg 1024w, https:\/\/blogsaverroes.juntadeandalucia.es\/penyaluenga\/files\/2020\/07\/25497__150_a_1-300x225.jpg 300w, https:\/\/blogsaverroes.juntadeandalucia.es\/penyaluenga\/files\/2020\/07\/25497__150_a_1-768x576.jpg 768w, https:\/\/blogsaverroes.juntadeandalucia.es\/penyaluenga\/files\/2020\/07\/25497__150_a_1-24x18.jpg 24w, https:\/\/blogsaverroes.juntadeandalucia.es\/penyaluenga\/files\/2020\/07\/25497__150_a_1-36x27.jpg 36w, https:\/\/blogsaverroes.juntadeandalucia.es\/penyaluenga\/files\/2020\/07\/25497__150_a_1-48x36.jpg 48w, https:\/\/blogsaverroes.juntadeandalucia.es\/penyaluenga\/files\/2020\/07\/25497__150_a_1.jpg 1600w\" sizes=\"(max-width: 525px) 100vw, 525px\" \/><span style=\"font-size: 8pt\">(Imagen extra\u00edda del banco de recursos e im\u00e1genes del INTEF bajo licencia CC).<\/span><\/a><\/p>\n<p style=\"text-align: justify\">Uno de los aspectos m\u00e1s importantes de la propuesta curricular Estaci\u00f3n de Investigaci\u00f3n Pe\u00f1aluenga es el uso de la gamficaci\u00f3n en el aula, basada en un sistema espec\u00edfico cuyo objeto es la mejora continua:<\/p>\n<ul>\n<li><a href=\"https:\/\/blogsaverroes.juntadeandalucia.es\/penyaluenga\/files\/2020\/07\/00-Sistema-de-gamificaci\u00f3n.pdf\">Aspectos b\u00e1sicos sobre gamificaci\u00f3n EIP<\/a><\/li>\n<li><a href=\"https:\/\/blogsaverroes.juntadeandalucia.es\/penyaluenga\/files\/2020\/07\/00-Sistema-de-gamificaci\u00f3n-EIP-completo.pdf\">Sistema de gamificaci\u00f3n EIP completo<\/a><\/li>\n<\/ul>\n<p>&nbsp;<\/p>\n","protected":false},"excerpt":{"rendered":"<p>(Imagen extra\u00edda del banco de recursos e im\u00e1genes del INTEF bajo licencia CC). Uno de los aspectos m\u00e1s importantes de la propuesta curricular Estaci\u00f3n de Investigaci\u00f3n Pe\u00f1aluenga es el uso de la gamficaci\u00f3n en&#46;&#46;&#46;<\/p>\n","protected":false},"author":6865,"featured_media":0,"parent":0,"menu_order":0,"comment_status":"closed","ping_status":"closed","template":"","meta":{"ngg_post_thumbnail":0,"footnotes":"","_mc_calendar":[]},"aioseo_notices":[],"post_mailing_queue_ids":[],"_links":{"self":[{"href":"https:\/\/blogsaverroes.juntadeandalucia.es\/penyaluenga\/wp-json\/wp\/v2\/pages\/2932"}],"collection":[{"href":"https:\/\/blogsaverroes.juntadeandalucia.es\/penyaluenga\/wp-json\/wp\/v2\/pages"}],"about":[{"href":"https:\/\/blogsaverroes.juntadeandalucia.es\/penyaluenga\/wp-json\/wp\/v2\/types\/page"}],"author":[{"embeddable":true,"href":"https:\/\/blogsaverroes.juntadeandalucia.es\/penyaluenga\/wp-json\/wp\/v2\/users\/6865"}],"replies":[{"embeddable":true,"href":"https:\/\/blogsaverroes.juntadeandalucia.es\/penyaluenga\/wp-json\/wp\/v2\/comments?post=2932"}],"version-history":[{"count":4,"href":"https:\/\/blogsaverroes.juntadeandalucia.es\/penyaluenga\/wp-json\/wp\/v2\/pages\/2932\/revisions"}],"predecessor-version":[{"id":2941,"href":"https:\/\/blogsaverroes.juntadeandalucia.es\/penyaluenga\/wp-json\/wp\/v2\/pages\/2932\/revisions\/2941"}],"wp:attachment":[{"href":"https:\/\/blogsaverroes.juntadeandalucia.es\/penyaluenga\/wp-json\/wp\/v2\/media?parent=2932"}],"curies":[{"name":"wp","href":"https:\/\/api.w.org\/{rel}","templated":true}]}}