{"id":3131,"date":"2020-10-23T05:35:36","date_gmt":"2020-10-23T05:35:36","guid":{"rendered":"https:\/\/blogsaverroes.juntadeandalucia.es\/penyaluenga\/?page_id=3131"},"modified":"2020-10-23T05:39:32","modified_gmt":"2020-10-23T05:39:32","slug":"manual-de-procedimientos","status":"publish","type":"page","link":"https:\/\/blogsaverroes.juntadeandalucia.es\/penyaluenga\/manual-de-procedimientos\/","title":{"rendered":"Manual de procedimientos"},"content":{"rendered":"<p><img loading=\"lazy\" decoding=\"async\" class=\"aligncenter size-large wp-image-2694\" src=\"https:\/\/blogsaverroes.juntadeandalucia.es\/penyaluenga\/files\/2020\/05\/CEIP-NUEVO-1024x358.jpg\" alt=\"\" width=\"525\" height=\"184\" srcset=\"https:\/\/blogsaverroes.juntadeandalucia.es\/penyaluenga\/files\/2020\/05\/CEIP-NUEVO-1024x358.jpg 1024w, https:\/\/blogsaverroes.juntadeandalucia.es\/penyaluenga\/files\/2020\/05\/CEIP-NUEVO-300x105.jpg 300w, https:\/\/blogsaverroes.juntadeandalucia.es\/penyaluenga\/files\/2020\/05\/CEIP-NUEVO-768x269.jpg 768w, https:\/\/blogsaverroes.juntadeandalucia.es\/penyaluenga\/files\/2020\/05\/CEIP-NUEVO-2000x700.jpg 2000w, https:\/\/blogsaverroes.juntadeandalucia.es\/penyaluenga\/files\/2020\/05\/CEIP-NUEVO-24x8.jpg 24w, https:\/\/blogsaverroes.juntadeandalucia.es\/penyaluenga\/files\/2020\/05\/CEIP-NUEVO-36x13.jpg 36w, https:\/\/blogsaverroes.juntadeandalucia.es\/penyaluenga\/files\/2020\/05\/CEIP-NUEVO-48x17.jpg 48w, https:\/\/blogsaverroes.juntadeandalucia.es\/penyaluenga\/files\/2020\/05\/CEIP-NUEVO.jpg 1600w\" sizes=\"(max-width: 525px) 100vw, 525px\" \/><\/p>\n<p>A trav\u00e9s del siguiente enlace pod\u00e9is acceder a la \u00faltima versi\u00f3n de nuestro Manual de Procedimientos b\u00e1sicos en el CEIP Pe\u00f1aluenga. Se trata de un documento interesante que intenta dar respuesta a las preguntas esenciales del profesorado:<\/p>\n<p><a href=\"https:\/\/blogsaverroes.juntadeandalucia.es\/penyaluenga\/files\/2020\/10\/20180129-MANUAL-DE-PROCEDIMIENTOS.pdf\">20180129 MANUAL DE PROCEDIMIENTOS<\/a><\/p>\n","protected":false},"excerpt":{"rendered":"<p>A trav\u00e9s del siguiente enlace pod\u00e9is acceder a la \u00faltima versi\u00f3n de nuestro Manual de Procedimientos b\u00e1sicos en el CEIP Pe\u00f1aluenga. Se trata de un documento interesante que intenta dar respuesta a las preguntas&#46;&#46;&#46;<\/p>\n","protected":false},"author":1896,"featured_media":0,"parent":0,"menu_order":0,"comment_status":"closed","ping_status":"closed","template":"","meta":{"ngg_post_thumbnail":0,"footnotes":"","_mc_calendar":[]},"aioseo_notices":[],"post_mailing_queue_ids":[],"_links":{"self":[{"href":"https:\/\/blogsaverroes.juntadeandalucia.es\/penyaluenga\/wp-json\/wp\/v2\/pages\/3131"}],"collection":[{"href":"https:\/\/blogsaverroes.juntadeandalucia.es\/penyaluenga\/wp-json\/wp\/v2\/pages"}],"about":[{"href":"https:\/\/blogsaverroes.juntadeandalucia.es\/penyaluenga\/wp-json\/wp\/v2\/types\/page"}],"author":[{"embeddable":true,"href":"https:\/\/blogsaverroes.juntadeandalucia.es\/penyaluenga\/wp-json\/wp\/v2\/users\/1896"}],"replies":[{"embeddable":true,"href":"https:\/\/blogsaverroes.juntadeandalucia.es\/penyaluenga\/wp-json\/wp\/v2\/comments?post=3131"}],"version-history":[{"count":3,"href":"https:\/\/blogsaverroes.juntadeandalucia.es\/penyaluenga\/wp-json\/wp\/v2\/pages\/3131\/revisions"}],"predecessor-version":[{"id":3137,"href":"https:\/\/blogsaverroes.juntadeandalucia.es\/penyaluenga\/wp-json\/wp\/v2\/pages\/3131\/revisions\/3137"}],"wp:attachment":[{"href":"https:\/\/blogsaverroes.juntadeandalucia.es\/penyaluenga\/wp-json\/wp\/v2\/media?parent=3131"}],"curies":[{"name":"wp","href":"https:\/\/api.w.org\/{rel}","templated":true}]}}