{"id":3432,"date":"2021-04-19T10:47:55","date_gmt":"2021-04-19T10:47:55","guid":{"rendered":"https:\/\/blogsaverroes.juntadeandalucia.es\/penyaluenga\/?page_id=3432"},"modified":"2021-04-19T11:04:47","modified_gmt":"2021-04-19T11:04:47","slug":"proyecto-bilingue","status":"publish","type":"page","link":"https:\/\/blogsaverroes.juntadeandalucia.es\/penyaluenga\/proyecto-bilingue\/","title":{"rendered":"Proyecto Biling\u00fce"},"content":{"rendered":"<p><img loading=\"lazy\" decoding=\"async\" class=\"aligncenter size-full wp-image-3436\" src=\"https:\/\/blogsaverroes.juntadeandalucia.es\/penyaluenga\/files\/2021\/04\/centro-bilingue-300x292-1.jpg\" alt=\"\" width=\"300\" height=\"292\"><\/p>\n<p style=\"text-align: center\"><span style=\"font-size: 10pt;font-family: arial, helvetica, sans-serif\">(Logo oficial de la CEJA)<\/span><\/p>\n<p style=\"text-align: justify\"><span style=\"font-family: arial, helvetica, sans-serif\">El CEIP Pe\u00f1aluenga pertenece a la red andaluza de Centros Biling\u00fces, por lo que su curr\u00edculo y ense\u00f1anzas se adapta a la normativa vigente al respecto.<\/span><\/p>\n","protected":false},"excerpt":{"rendered":"<p>(Logo oficial de la CEJA) El CEIP Pe\u00f1aluenga pertenece a la red andaluza de Centros Biling\u00fces, por lo que su curr\u00edculo y ense\u00f1anzas se adapta a la normativa vigente al respecto.<\/p>\n","protected":false},"author":1896,"featured_media":0,"parent":0,"menu_order":0,"comment_status":"closed","ping_status":"closed","template":"","meta":{"ngg_post_thumbnail":0,"footnotes":"","_mc_calendar":[]},"aioseo_notices":[],"post_mailing_queue_ids":[],"_links":{"self":[{"href":"https:\/\/blogsaverroes.juntadeandalucia.es\/penyaluenga\/wp-json\/wp\/v2\/pages\/3432"}],"collection":[{"href":"https:\/\/blogsaverroes.juntadeandalucia.es\/penyaluenga\/wp-json\/wp\/v2\/pages"}],"about":[{"href":"https:\/\/blogsaverroes.juntadeandalucia.es\/penyaluenga\/wp-json\/wp\/v2\/types\/page"}],"author":[{"embeddable":true,"href":"https:\/\/blogsaverroes.juntadeandalucia.es\/penyaluenga\/wp-json\/wp\/v2\/users\/1896"}],"replies":[{"embeddable":true,"href":"https:\/\/blogsaverroes.juntadeandalucia.es\/penyaluenga\/wp-json\/wp\/v2\/comments?post=3432"}],"version-history":[{"count":3,"href":"https:\/\/blogsaverroes.juntadeandalucia.es\/penyaluenga\/wp-json\/wp\/v2\/pages\/3432\/revisions"}],"predecessor-version":[{"id":3437,"href":"https:\/\/blogsaverroes.juntadeandalucia.es\/penyaluenga\/wp-json\/wp\/v2\/pages\/3432\/revisions\/3437"}],"wp:attachment":[{"href":"https:\/\/blogsaverroes.juntadeandalucia.es\/penyaluenga\/wp-json\/wp\/v2\/media?parent=3432"}],"curies":[{"name":"wp","href":"https:\/\/api.w.org\/{rel}","templated":true}]}}