{"id":3439,"date":"2021-04-19T11:13:35","date_gmt":"2021-04-19T11:13:35","guid":{"rendered":"https:\/\/blogsaverroes.juntadeandalucia.es\/penyaluenga\/?page_id=3439"},"modified":"2021-06-30T06:40:06","modified_gmt":"2021-06-30T06:40:06","slug":"documento-p-bilingue","status":"publish","type":"page","link":"https:\/\/blogsaverroes.juntadeandalucia.es\/penyaluenga\/documento-p-bilingue\/","title":{"rendered":"Documento P. Biling\u00fce"},"content":{"rendered":"<p><img loading=\"lazy\" decoding=\"async\" class=\"aligncenter size-full wp-image-3449\" src=\"https:\/\/blogsaverroes.juntadeandalucia.es\/penyaluenga\/files\/2021\/04\/enseanza-bilinge-en-andaluca-1-728.jpg\" alt=\"\" width=\"728\" height=\"546\" srcset=\"https:\/\/blogsaverroes.juntadeandalucia.es\/penyaluenga\/files\/2021\/04\/enseanza-bilinge-en-andaluca-1-728.jpg 728w, https:\/\/blogsaverroes.juntadeandalucia.es\/penyaluenga\/files\/2021\/04\/enseanza-bilinge-en-andaluca-1-728-300x225.jpg 300w\" sizes=\"(max-width: 728px) 100vw, 728px\" \/><\/p>\n<p style=\"text-align: center\"><span style=\"font-size: 10pt;font-family: arial, helvetica, sans-serif\">(Imagen del Portal Biling\u00fce de la CEJA)<\/span><\/p>\n<p><span style=\"font-size: 12pt;font-family: arial, helvetica, sans-serif\">A trav\u00e9s del siguiente enlace se puede acceder al Proyecto Biling\u00fce de nuestro centro:<\/span><\/p>\n<p><a href=\"https:\/\/blogsaverroes.juntadeandalucia.es\/penyaluenga\/files\/2021\/06\/41001227-Proyecto-biling\u00fce-2021.pdf\">41001227 &#8211; Proyecto biling\u00fce 2021<\/a><\/p>\n","protected":false},"excerpt":{"rendered":"<p>(Imagen del Portal Biling\u00fce de la CEJA) A trav\u00e9s del siguiente enlace se puede acceder al Proyecto Biling\u00fce de nuestro centro: 41001227 &#8211; Proyecto biling\u00fce 2021<\/p>\n","protected":false},"author":1896,"featured_media":0,"parent":0,"menu_order":0,"comment_status":"closed","ping_status":"closed","template":"","meta":{"ngg_post_thumbnail":0,"footnotes":"","_mc_calendar":[]},"aioseo_notices":[],"post_mailing_queue_ids":[],"_links":{"self":[{"href":"https:\/\/blogsaverroes.juntadeandalucia.es\/penyaluenga\/wp-json\/wp\/v2\/pages\/3439"}],"collection":[{"href":"https:\/\/blogsaverroes.juntadeandalucia.es\/penyaluenga\/wp-json\/wp\/v2\/pages"}],"about":[{"href":"https:\/\/blogsaverroes.juntadeandalucia.es\/penyaluenga\/wp-json\/wp\/v2\/types\/page"}],"author":[{"embeddable":true,"href":"https:\/\/blogsaverroes.juntadeandalucia.es\/penyaluenga\/wp-json\/wp\/v2\/users\/1896"}],"replies":[{"embeddable":true,"href":"https:\/\/blogsaverroes.juntadeandalucia.es\/penyaluenga\/wp-json\/wp\/v2\/comments?post=3439"}],"version-history":[{"count":4,"href":"https:\/\/blogsaverroes.juntadeandalucia.es\/penyaluenga\/wp-json\/wp\/v2\/pages\/3439\/revisions"}],"predecessor-version":[{"id":3565,"href":"https:\/\/blogsaverroes.juntadeandalucia.es\/penyaluenga\/wp-json\/wp\/v2\/pages\/3439\/revisions\/3565"}],"wp:attachment":[{"href":"https:\/\/blogsaverroes.juntadeandalucia.es\/penyaluenga\/wp-json\/wp\/v2\/media?parent=3439"}],"curies":[{"name":"wp","href":"https:\/\/api.w.org\/{rel}","templated":true}]}}