{"id":3442,"date":"2021-04-19T11:13:35","date_gmt":"2021-04-19T11:13:35","guid":{"rendered":"https:\/\/blogsaverroes.juntadeandalucia.es\/penyaluenga\/?page_id=3442"},"modified":"2021-04-19T11:40:42","modified_gmt":"2021-04-19T11:40:42","slug":"revision-proyecto-bilingue","status":"publish","type":"page","link":"https:\/\/blogsaverroes.juntadeandalucia.es\/penyaluenga\/revision-proyecto-bilingue\/","title":{"rendered":"Revisi\u00f3n Proyecto Biling\u00fce"},"content":{"rendered":"<p><img loading=\"lazy\" decoding=\"async\" class=\"aligncenter size-large wp-image-3455\" src=\"https:\/\/blogsaverroes.juntadeandalucia.es\/penyaluenga\/files\/2021\/04\/CPpe\u00f1al-1024x762.jpg\" alt=\"\" width=\"525\" height=\"391\" srcset=\"https:\/\/blogsaverroes.juntadeandalucia.es\/penyaluenga\/files\/2021\/04\/CPpe\u00f1al-1024x762.jpg 1024w, https:\/\/blogsaverroes.juntadeandalucia.es\/penyaluenga\/files\/2021\/04\/CPpe\u00f1al-300x223.jpg 300w, https:\/\/blogsaverroes.juntadeandalucia.es\/penyaluenga\/files\/2021\/04\/CPpe\u00f1al-768x572.jpg 768w, https:\/\/blogsaverroes.juntadeandalucia.es\/penyaluenga\/files\/2021\/04\/CPpe\u00f1al.jpg 1150w\" sizes=\"(max-width: 525px) 100vw, 525px\" \/><\/p>\n<p style=\"text-align: center\"><span style=\"font-size: 10pt;font-family: arial, helvetica, sans-serif\">(Logo oficial del CEIP Pe\u00f1aluenga)<\/span><\/p>\n<p>&nbsp;<\/p>\n<p style=\"text-align: justify\">Convencidos de la necesidad de evaluaci\u00f3n y revisi\u00f3n con el objeto de llevar a cavo procesos de mejora continua, desde el centro se lleva a cabo, por parte del Equipo Biling\u00fce con una periodicidad trimestral, la valoraci\u00f3n del programa mediante el uso de herramientas adecuadas a tal labor:<\/p>\n<p><span style=\"font-family: arial, helvetica, sans-serif\"><a href=\"https:\/\/blogsaverroes.juntadeandalucia.es\/penyaluenga\/files\/2021\/04\/Documento-Revisi\u00f3n-P.-Biling\u00fce-20-21.pdf\">Documento Revisi\u00f3n P. Biling\u00fce 20-21<\/a><\/span><\/p>\n","protected":false},"excerpt":{"rendered":"<p>(Logo oficial del CEIP Pe\u00f1aluenga) &nbsp; Convencidos de la necesidad de evaluaci\u00f3n y revisi\u00f3n con el objeto de llevar a cavo procesos de mejora continua, desde el centro se lleva a cabo, por parte&#46;&#46;&#46;<\/p>\n","protected":false},"author":1896,"featured_media":0,"parent":0,"menu_order":0,"comment_status":"closed","ping_status":"closed","template":"","meta":{"ngg_post_thumbnail":0,"footnotes":"","_mc_calendar":[]},"aioseo_notices":[],"post_mailing_queue_ids":[],"_links":{"self":[{"href":"https:\/\/blogsaverroes.juntadeandalucia.es\/penyaluenga\/wp-json\/wp\/v2\/pages\/3442"}],"collection":[{"href":"https:\/\/blogsaverroes.juntadeandalucia.es\/penyaluenga\/wp-json\/wp\/v2\/pages"}],"about":[{"href":"https:\/\/blogsaverroes.juntadeandalucia.es\/penyaluenga\/wp-json\/wp\/v2\/types\/page"}],"author":[{"embeddable":true,"href":"https:\/\/blogsaverroes.juntadeandalucia.es\/penyaluenga\/wp-json\/wp\/v2\/users\/1896"}],"replies":[{"embeddable":true,"href":"https:\/\/blogsaverroes.juntadeandalucia.es\/penyaluenga\/wp-json\/wp\/v2\/comments?post=3442"}],"version-history":[{"count":3,"href":"https:\/\/blogsaverroes.juntadeandalucia.es\/penyaluenga\/wp-json\/wp\/v2\/pages\/3442\/revisions"}],"predecessor-version":[{"id":3456,"href":"https:\/\/blogsaverroes.juntadeandalucia.es\/penyaluenga\/wp-json\/wp\/v2\/pages\/3442\/revisions\/3456"}],"wp:attachment":[{"href":"https:\/\/blogsaverroes.juntadeandalucia.es\/penyaluenga\/wp-json\/wp\/v2\/media?parent=3442"}],"curies":[{"name":"wp","href":"https:\/\/api.w.org\/{rel}","templated":true}]}}