{"id":44,"date":"2015-03-13T08:42:15","date_gmt":"2015-03-13T08:42:15","guid":{"rendered":"http:\/\/blogsaverroes.juntadeandalucia.es\/pre\/ceip\/?page_id=44"},"modified":"2020-10-21T10:07:09","modified_gmt":"2020-10-21T10:07:09","slug":"planes-y-proyectos","status":"publish","type":"page","link":"https:\/\/blogsaverroes.juntadeandalucia.es\/penyaluenga\/planes-y-proyectos\/","title":{"rendered":"Planes y Programas"},"content":{"rendered":"<p style=\"text-align: center\"><a href=\"https:\/\/blogsaverroes.juntadeandalucia.es\/penyaluenga\/files\/2019\/12\/logo_CED.jpg\"><img loading=\"lazy\" decoding=\"async\" class=\"alignnone size-medium wp-image-2199\" src=\"https:\/\/blogsaverroes.juntadeandalucia.es\/penyaluenga\/files\/2019\/12\/logo_CED-300x246.jpg\" alt=\"\" width=\"300\" height=\"246\" srcset=\"https:\/\/blogsaverroes.juntadeandalucia.es\/penyaluenga\/files\/2019\/12\/logo_CED-300x246.jpg 300w, https:\/\/blogsaverroes.juntadeandalucia.es\/penyaluenga\/files\/2019\/12\/logo_CED-700x574.jpg 700w, https:\/\/blogsaverroes.juntadeandalucia.es\/penyaluenga\/files\/2019\/12\/logo_CED-332x272.jpg 332w, https:\/\/blogsaverroes.juntadeandalucia.es\/penyaluenga\/files\/2019\/12\/logo_CED-24x20.jpg 24w, https:\/\/blogsaverroes.juntadeandalucia.es\/penyaluenga\/files\/2019\/12\/logo_CED-36x30.jpg 36w, https:\/\/blogsaverroes.juntadeandalucia.es\/penyaluenga\/files\/2019\/12\/logo_CED-48x39.jpg 48w, https:\/\/blogsaverroes.juntadeandalucia.es\/penyaluenga\/files\/2019\/12\/logo_CED.jpg 732w\" sizes=\"(max-width: 300px) 100vw, 300px\" \/><\/a><\/p>\n<p><span style=\"color: #000000;font-family: 'book antiqua', palatino, serif;font-size: 14pt\">En la actualidad, en el CEIP Pe\u00f1aluenga, se desarrollan los siguientes Planes y Programas educativos (usa los hiperv\u00ednculos para conocer m\u00e1s sobre ellos):<\/span><\/p>\n<ul>\n<li><span style=\"color: #0000ff;font-family: 'book antiqua', palatino, serif;font-size: 14pt\"><a href=\"http:\/\/www.juntadeandalucia.es\/educacion\/webportal\/web\/portal-de-igualdad\/plan-de-igualdad\">Plan de Igualdad<\/a>.<\/span><\/li>\n<li><span style=\"color: #0000ff;font-family: 'book antiqua', palatino, serif;font-size: 14pt\"><a href=\"http:\/\/www.juntadeandalucia.es\/educacion\/webportal\/web\/portal-de-plurilinguismo\">Proyecto Biling\u00fce<\/a>.<\/span><\/li>\n<li><span style=\"color: #0000ff;font-family: 'book antiqua', palatino, serif;font-size: 14pt\"><a href=\"http:\/\/www.juntadeandalucia.es\/educacion\/portals\/web\/prodig\">Proyecto PRODIG<\/a>.<\/span><\/li>\n<li><span style=\"font-family: 'book antiqua', palatino, serif;font-size: 14pt\"><span style=\"color: #0000ff\"><a href=\"http:\/\/www.juntadeandalucia.es\/educacion\/portalaverroes\/programasinnovadores\/proyectos\/contenido\/pin-132-16-estacion-de-investigacion-penaluenga\">Estaci\u00f3n de Investigaci\u00f3n Pe\u00f1aluenga (EIP)<\/a>.<\/span><\/span><\/li>\n<li><span style=\"font-family: 'book antiqua', palatino, serif;font-size: 14pt\"><a href=\"https:\/\/www.juntadeandalucia.es\/organismos\/educacion\/consejeria\/sobre-consejeria\/planes\/detalle\/33426.html\">Programa de Acompa\u00f1amiento Escolar (PROA).<\/a><\/span><\/li>\n<li><span style=\"font-family: 'book antiqua', palatino, serif;font-size: 14pt\"><a href=\"http:\/\/www.juntadeandalucia.es\/educacion\/portals\/web\/habitos-vida-saludable\">H\u00e1bitos de vida saludable.<\/a><\/span><\/li>\n<li><a href=\"https:\/\/blogsaverroes.juntadeandalucia.es\/penyaluenga\/files\/2020\/10\/Plan-de-Actuaci\u00f3n-AulaDjaque.pdf\">Plan de Actuaci\u00f3n AulaDjaque<\/a>.<\/li>\n<\/ul>\n","protected":false},"excerpt":{"rendered":"<p>En la actualidad, en el CEIP Pe\u00f1aluenga, se desarrollan los siguientes Planes y Programas educativos (usa los hiperv\u00ednculos para conocer m\u00e1s sobre ellos): Plan de Igualdad. Proyecto Biling\u00fce. Proyecto PRODIG. Estaci\u00f3n de Investigaci\u00f3n Pe\u00f1aluenga&#46;&#46;&#46;<\/p>\n","protected":false},"author":1,"featured_media":0,"parent":0,"menu_order":0,"comment_status":"open","ping_status":"closed","template":"","meta":{"ngg_post_thumbnail":0,"footnotes":"","_mc_calendar":[]},"aioseo_notices":[],"post_mailing_queue_ids":[],"_links":{"self":[{"href":"https:\/\/blogsaverroes.juntadeandalucia.es\/penyaluenga\/wp-json\/wp\/v2\/pages\/44"}],"collection":[{"href":"https:\/\/blogsaverroes.juntadeandalucia.es\/penyaluenga\/wp-json\/wp\/v2\/pages"}],"about":[{"href":"https:\/\/blogsaverroes.juntadeandalucia.es\/penyaluenga\/wp-json\/wp\/v2\/types\/page"}],"author":[{"embeddable":true,"href":"https:\/\/blogsaverroes.juntadeandalucia.es\/penyaluenga\/wp-json\/wp\/v2\/users\/1"}],"replies":[{"embeddable":true,"href":"https:\/\/blogsaverroes.juntadeandalucia.es\/penyaluenga\/wp-json\/wp\/v2\/comments?post=44"}],"version-history":[{"count":10,"href":"https:\/\/blogsaverroes.juntadeandalucia.es\/penyaluenga\/wp-json\/wp\/v2\/pages\/44\/revisions"}],"predecessor-version":[{"id":3128,"href":"https:\/\/blogsaverroes.juntadeandalucia.es\/penyaluenga\/wp-json\/wp\/v2\/pages\/44\/revisions\/3128"}],"wp:attachment":[{"href":"https:\/\/blogsaverroes.juntadeandalucia.es\/penyaluenga\/wp-json\/wp\/v2\/media?parent=44"}],"curies":[{"name":"wp","href":"https:\/\/api.w.org\/{rel}","templated":true}]}}