{"id":872,"date":"2015-03-16T12:50:42","date_gmt":"2015-03-16T12:50:42","guid":{"rendered":"http:\/\/blogsaverroes.juntadeandalucia.es\/pre\/ceip\/?page_id=120"},"modified":"2024-01-25T11:02:44","modified_gmt":"2024-01-25T11:02:44","slug":"contactar","status":"publish","type":"page","link":"https:\/\/blogsaverroes.juntadeandalucia.es\/penyaluenga\/contactar\/","title":{"rendered":"Contactar"},"content":{"rendered":"<p style=\"text-align: justify\"><span style=\"font-size: 14pt;font-family: 'book antiqua', palatino, serif\">Para ponerse en contacto con el CEIP Pe\u00f1aluenga:<\/span><\/p>\n<ul>\n<li style=\"text-align: justify\"><span style=\"font-size: 14pt;font-family: 'book antiqua', palatino, serif\">A trav<\/span><span style=\"font-size: 14pt;font-family: 'book antiqua', palatino, serif\">\u00e9s del correo electr\u00f3nico:&nbsp;&nbsp; <\/span><span style=\"font-size: 14pt;font-family: 'book antiqua', palatino, serif\"><strong><em>41001227.edu@juntadeandalucia.es<\/em><\/strong><\/span><\/li>\n<li style=\"text-align: justify\"><span style=\"font-size: 14pt;font-family: 'book antiqua', palatino, serif\">En el tel\u00e9fono:&nbsp; <strong>955739702<\/strong><\/span><\/li>\n<\/ul>\n<p><span style=\"font-family: book antiqua, palatino, serif;font-size: 14pt\">Adem\u00e1s puede acudir al centro educativo en horario de secretaria: <\/span><\/p>\n<p><span style=\"font-family: book antiqua, palatino, serif;font-size: 14pt\">De<strong> lunes a viernes<\/strong> de<strong> 9:00-11:30h<\/strong> y de <strong>13:00- 14:00h.<\/strong><\/span><\/p>\n<p><span style=\"font-family: book antiqua, palatino, serif;font-size: 14pt\">Si tiene alguna pregunta, sugerencia o comentario, puede dejarlo en el siguiente formulario.<\/span><\/p>\n","protected":false},"excerpt":{"rendered":"<p>Para ponerse en contacto con el CEIP Pe\u00f1aluenga: A trav\u00e9s del correo electr\u00f3nico:&nbsp;&nbsp; 41001227.edu@juntadeandalucia.es En el tel\u00e9fono:&nbsp; 955739702 Adem\u00e1s puede acudir al centro educativo en horario de secretaria: De lunes a viernes de 9:00-11:30h&#46;&#46;&#46;<\/p>\n","protected":false},"author":1,"featured_media":0,"parent":0,"menu_order":0,"comment_status":"open","ping_status":"open","template":"","meta":{"ngg_post_thumbnail":0,"footnotes":"","_mc_calendar":[]},"aioseo_notices":[],"post_mailing_queue_ids":[],"_links":{"self":[{"href":"https:\/\/blogsaverroes.juntadeandalucia.es\/penyaluenga\/wp-json\/wp\/v2\/pages\/872"}],"collection":[{"href":"https:\/\/blogsaverroes.juntadeandalucia.es\/penyaluenga\/wp-json\/wp\/v2\/pages"}],"about":[{"href":"https:\/\/blogsaverroes.juntadeandalucia.es\/penyaluenga\/wp-json\/wp\/v2\/types\/page"}],"author":[{"embeddable":true,"href":"https:\/\/blogsaverroes.juntadeandalucia.es\/penyaluenga\/wp-json\/wp\/v2\/users\/1"}],"replies":[{"embeddable":true,"href":"https:\/\/blogsaverroes.juntadeandalucia.es\/penyaluenga\/wp-json\/wp\/v2\/comments?post=872"}],"version-history":[{"count":20,"href":"https:\/\/blogsaverroes.juntadeandalucia.es\/penyaluenga\/wp-json\/wp\/v2\/pages\/872\/revisions"}],"predecessor-version":[{"id":4393,"href":"https:\/\/blogsaverroes.juntadeandalucia.es\/penyaluenga\/wp-json\/wp\/v2\/pages\/872\/revisions\/4393"}],"wp:attachment":[{"href":"https:\/\/blogsaverroes.juntadeandalucia.es\/penyaluenga\/wp-json\/wp\/v2\/media?parent=872"}],"curies":[{"name":"wp","href":"https:\/\/api.w.org\/{rel}","templated":true}]}}