{"id":279,"date":"2021-01-25T14:15:01","date_gmt":"2021-01-25T13:15:01","guid":{"rendered":"https:\/\/blogsaverroes.juntadeandalucia.es\/percusiontriana\/?page_id=279"},"modified":"2023-01-20T14:35:13","modified_gmt":"2023-01-20T13:35:13","slug":"partituras-de-ensembles","status":"publish","type":"page","link":"https:\/\/blogsaverroes.juntadeandalucia.es\/percusiontriana\/partituras-de-ensembles\/","title":{"rendered":"PARTITURAS DE ENSEMBLES"},"content":{"rendered":"<p>\u00a1Hola! En esta p\u00e1gina quiero compartir mis arreglos para ensembles de percusi\u00f3n. Las hay para todos los cursos de Ense\u00f1anzas B\u00e1sicas, alguna incluso servir\u00eda para primeros cursos de Ense\u00f1anzas Profesionales.<\/p>\n<p>La asignatura de Agrupaciones Musicales la imparto yo para los alumnos de percusi\u00f3n, haciendo uno o dos ensembles (seg\u00fan el n\u00famero de alumnos cada a\u00f1o) con los alumnos de 3\u00ba y 4\u00ba. Hay a\u00f1os que coinciden dos agrupaciones diferenciadas por curso, es decir, una exclusivamente formada por alumnos de tercer curso y otra por alumnos de \u00faltimo curso, y otros en los que se encuentran mezclados.<\/p>\n<p>Tambi\u00e9n las tocamos para el encuentro que mi aula realiza todos los a\u00f1os con el aula de Percusi\u00f3n del C.P.M. Francisco Guerrero, \u00ab\u00a1Tomapercusi\u00f3n!\u00bb, donde los alumnos de ambos centros tocan piezas con sus compa\u00f1eros y en conjunto con los del conservatorio invitado.<\/p>\n<p>Estos arreglos est\u00e1n basados en otros arreglos para otros instrumentos o en adaptaciones de otros compa\u00f1eros. En cualquier caso son de nivel elemental y me van bien para las clases. A los alumnos les encanta esta asignatura y, mientras est\u00e9 en mi mano, continuar\u00e9 trabajando en ello para que siga siendo as\u00ed.<\/p>\n<p><a href=\"https:\/\/blogsaverroes.juntadeandalucia.es\/percusiontriana\/files\/2022\/04\/A_QUI\u00c9N_LE_IMPORTA-Partitura_y_Partes.pdf\">A QUI\u00c9N LE IMPORTA (Alaska y Dinarama)<\/a><\/p>\n<p><a href=\"https:\/\/blogsaverroes.juntadeandalucia.es\/percusiontriana\/files\/2022\/04\/A_QUI\u00c9N_LE_IMPORTA-Quinteto-Partitura_y_Partes.pdf\">A QUI\u00c9N LE IMPORTA -Quinteto (Alaska y Dinarama)<\/a><\/p>\n<p><a href=\"https:\/\/blogsaverroes.juntadeandalucia.es\/percusiontriana\/files\/2022\/07\/AS_IT_WAS-Partitura_y_Partes-1.pdf\">AS IT WAS (Harry Styles)<\/a><\/p>\n<p><a href=\"https:\/\/blogsaverroes.juntadeandalucia.es\/percusiontriana\/files\/2022\/04\/BARBARA_ANN-Partitura_y_Partes.pdf\">BARBARA ANN (The Beach Boys)<\/a><\/p>\n<p><a href=\"https:\/\/blogsaverroes.juntadeandalucia.es\/percusiontriana\/files\/2022\/04\/BLACK-OR-WHITE-Partitura_y_Partes.pdf\">BLACK OR WHITE (Michael Jackson)<\/a><\/p>\n<p><a href=\"https:\/\/blogsaverroes.juntadeandalucia.es\/percusiontriana\/files\/2022\/04\/CLOCKS-Partitura_y_Partes.pdf\">CLOCKS (Coldplay)<\/a><\/p>\n<p><a href=\"https:\/\/blogsaverroes.juntadeandalucia.es\/percusiontriana\/files\/2022\/04\/COME_ON_EILEEN-Partitura_y_Partes.pdf\">COME ON EILEEN (Dexys midnight runners)<\/a><\/p>\n<p><a href=\"https:\/\/blogsaverroes.juntadeandalucia.es\/percusiontriana\/files\/2022\/04\/DANCING_QUEEN-Partitura_y_Partes.pdf\">DANCING QUEEN (Abba)<\/a><\/p>\n<p><a href=\"https:\/\/blogsaverroes.juntadeandalucia.es\/percusiontriana\/files\/2022\/04\/DONT-WORRY-BE-HAPPY-Partitura_y_Partes.pdf\">DON&#8217;T WORRY, BE HAPPY (Bobby McFerrin)<\/a><\/p>\n<p><a href=\"https:\/\/blogsaverroes.juntadeandalucia.es\/percusiontriana\/files\/2022\/04\/EVERY_BREATH_YOU_TAKE-Partitura_y_Partes.pdf\">EVERY BREATH YOU TAKE (The Police)<\/a><\/p>\n<p><a href=\"https:\/\/blogsaverroes.juntadeandalucia.es\/percusiontriana\/files\/2022\/04\/EYE_IN_THE_SKY-Partitura_y_Partes.pdf\">EYE IN THE SKY (Alan Parsons Project)<\/a><\/p>\n<p><a href=\"https:\/\/blogsaverroes.juntadeandalucia.es\/percusiontriana\/files\/2022\/04\/EYE_IN_THE_SKY-quinteto-Partitura_y_Partes.pdf\">EYE IN THE SKY -Quinteto (Alan Parsons Project)<\/a><\/p>\n<p><a href=\"https:\/\/blogsaverroes.juntadeandalucia.es\/percusiontriana\/files\/2022\/04\/FIREWORK-Partitura_y_Partes.pdf\">FIREWORK (Katy Perry)<\/a><\/p>\n<p><a href=\"https:\/\/blogsaverroes.juntadeandalucia.es\/percusiontriana\/files\/2022\/04\/HAPPY-TOGETHER-Cuarteto-Partitura_y_Partes.pdf\">HAPPY TOGETHER Cuarteto (The Turtles)<\/a><\/p>\n<p><a href=\"https:\/\/blogsaverroes.juntadeandalucia.es\/percusiontriana\/files\/2021\/09\/HAPPY-TOGETHER-Quinteto-Partitura_y_Partes.pdf\">HAPPY TOGETHER Quinteto (The Turtles)<\/a><\/p>\n<p><a href=\"https:\/\/blogsaverroes.juntadeandalucia.es\/percusiontriana\/files\/2022\/04\/HAVANA-Partitura_y_Partes.pdf\">HAVANA (Camila Cabello)<\/a><\/p>\n<p><a href=\"https:\/\/blogsaverroes.juntadeandalucia.es\/percusiontriana\/files\/2021\/09\/I_GET_AROUND-Partitura_y_Partes.pdf\">I GET AROUND (The Beach Boys)<\/a><\/p>\n<p><a href=\"https:\/\/blogsaverroes.juntadeandalucia.es\/percusiontriana\/files\/2022\/04\/I_WANT_TO_HOLD_YOUR_HAND-Partitura_y_Partes.pdf\">I WANT TO HOLD YOUR HAND (The Beatles)<\/a><\/p>\n<p><a href=\"https:\/\/blogsaverroes.juntadeandalucia.es\/percusiontriana\/files\/2021\/09\/MAMMA_MIA-Partitura_y_Partes.pdf\">MAMMA MIA (Abba)<\/a><\/p>\n<p><a href=\"https:\/\/blogsaverroes.juntadeandalucia.es\/percusiontriana\/files\/2022\/04\/MAN-IN-THE-MIRROR-Partitura_y_Partes.pdf\">MAN IN THE MIRROR (Michael Jackson)<\/a><\/p>\n<p><a href=\"https:\/\/blogsaverroes.juntadeandalucia.es\/percusiontriana\/files\/2022\/04\/MARRY-YOU-Partitura_y_Partes-1.pdf\">MARRY YOU (Bruno Mars)<\/a><\/p>\n<p><a href=\"https:\/\/blogsaverroes.juntadeandalucia.es\/percusiontriana\/files\/2022\/04\/MI_GRAN_NOCHE-Partitura_y_Partes.pdf\">MI GRAN NOCHE (Raphael)<\/a><\/p>\n<p><a href=\"https:\/\/blogsaverroes.juntadeandalucia.es\/percusiontriana\/files\/2022\/04\/NEW_YORK_NEW_YORK-Partitura_y_Partes.pdf\">NEW YORK, NEW YORK (Frank Sinatra)<\/a><\/p>\n<p><a href=\"https:\/\/blogsaverroes.juntadeandalucia.es\/percusiontriana\/files\/2022\/04\/POLAROID_LOVE.pdf\">POLAROID LOVE (Enhypen)<\/a><\/p>\n<p><a href=\"https:\/\/blogsaverroes.juntadeandalucia.es\/percusiontriana\/files\/2022\/04\/SAVE_YOUR_TEARS-Partitura_y_Partes.pdf\">SAVE YOUR TEARS (The Weeknd)<\/a><\/p>\n<p><a href=\"https:\/\/blogsaverroes.juntadeandalucia.es\/percusiontriana\/files\/2022\/04\/SOMEBODY_THAT_I_USED_TO_KNOW-Partitura_y_Partes.pdf\">SOMEBODY THAT I USED TO KNOW (Gotye)<\/a><\/p>\n<p><a href=\"https:\/\/blogsaverroes.juntadeandalucia.es\/percusiontriana\/files\/2022\/04\/THE_FINAL_COUNTDOWN-Partitura_y_Partes.pdf\">THE FINAL COUNTDOWN (Europe)<\/a><\/p>\n<p><a href=\"https:\/\/blogsaverroes.juntadeandalucia.es\/percusiontriana\/files\/2023\/01\/UNDER-PRESSURE-Partitura_y_Partes-2.pdf\">UNDER PRESSURE <\/a><a href=\"https:\/\/blogsaverroes.juntadeandalucia.es\/percusiontriana\/files\/2023\/01\/UNDER-PRESSURE-Partitura_y_Partes.pdf\">(Queen)<\/a><\/p>\n<p><a href=\"https:\/\/blogsaverroes.juntadeandalucia.es\/percusiontriana\/files\/2022\/04\/VIVA_LA_VIDA-Partitura_y_Partes.pdf\">VIVA LA VIDA (Coldplay)<\/a><\/p>\n<p><a href=\"https:\/\/blogsaverroes.juntadeandalucia.es\/percusiontriana\/files\/2022\/04\/Y.M.C.A.-Partitura_y_Partes.pdf\">Y.M.C.A. (Village People)<\/a><\/p>\n","protected":false},"excerpt":{"rendered":"<p>\u00a1Hola! En esta p\u00e1gina quiero compartir mis arreglos para ensembles de percusi\u00f3n. Las hay para todos los cursos de Ense\u00f1anzas B\u00e1sicas, alguna incluso servir\u00eda para primeros cursos de Ense\u00f1anzas Profesionales. La asignatura de Agrupaciones&#46;&#46;&#46;<\/p>\n","protected":false},"author":9748,"featured_media":0,"parent":0,"menu_order":0,"comment_status":"closed","ping_status":"closed","template":"","meta":{"ngg_post_thumbnail":0,"footnotes":""},"aioseo_notices":[],"_links":{"self":[{"href":"https:\/\/blogsaverroes.juntadeandalucia.es\/percusiontriana\/wp-json\/wp\/v2\/pages\/279"}],"collection":[{"href":"https:\/\/blogsaverroes.juntadeandalucia.es\/percusiontriana\/wp-json\/wp\/v2\/pages"}],"about":[{"href":"https:\/\/blogsaverroes.juntadeandalucia.es\/percusiontriana\/wp-json\/wp\/v2\/types\/page"}],"author":[{"embeddable":true,"href":"https:\/\/blogsaverroes.juntadeandalucia.es\/percusiontriana\/wp-json\/wp\/v2\/users\/9748"}],"replies":[{"embeddable":true,"href":"https:\/\/blogsaverroes.juntadeandalucia.es\/percusiontriana\/wp-json\/wp\/v2\/comments?post=279"}],"version-history":[{"count":23,"href":"https:\/\/blogsaverroes.juntadeandalucia.es\/percusiontriana\/wp-json\/wp\/v2\/pages\/279\/revisions"}],"predecessor-version":[{"id":496,"href":"https:\/\/blogsaverroes.juntadeandalucia.es\/percusiontriana\/wp-json\/wp\/v2\/pages\/279\/revisions\/496"}],"wp:attachment":[{"href":"https:\/\/blogsaverroes.juntadeandalucia.es\/percusiontriana\/wp-json\/wp\/v2\/media?parent=279"}],"curies":[{"name":"wp","href":"https:\/\/api.w.org\/{rel}","templated":true}]}}