{"id":65,"date":"2020-04-30T20:47:13","date_gmt":"2020-04-30T18:47:13","guid":{"rendered":"https:\/\/blogsaverroes.juntadeandalucia.es\/percusiontriana\/?page_id=65"},"modified":"2020-05-06T21:31:46","modified_gmt":"2020-05-06T19:31:46","slug":"donde-estamos","status":"publish","type":"page","link":"https:\/\/blogsaverroes.juntadeandalucia.es\/percusiontriana\/donde-estamos\/","title":{"rendered":"\u00bfD\u00d3NDE ESTAMOS?"},"content":{"rendered":"<p>El Conservatorio Elemental de M\u00fasica \u00abTriana\u00bb se encuentra en el barrio de Triana, al final, pegando a Los Remedios, junto al recinto ferial y al Parque de los Pr\u00edncipes, y justo al lado del C.P.I.F.P. Los Viveros.<\/p>\n<p>Avd. Blas Infante, 14 &nbsp; &nbsp; &#8211; &nbsp; &nbsp;41011, Sevilla<\/p>\n<p>Justo delante hay un descampado donde se puede aparcar f\u00e1cilmente. Tambi\u00e9n est\u00e1 enfrente la parada de metro \u00abBlas Infante\u00bb, y muy cerca tenemos las paradas de autob\u00fas de las l\u00edneas 43 (San Jos\u00e9 de Calasanz &#8211; Bda. El Carmen) y 41 (Blas Infante &#8211; Rub\u00e9n Dar\u00edo). Un poco m\u00e1s lejos pero muy accesibles a pie tambi\u00e9n est\u00e1n las l\u00edneas C1, C2 y 6 (Santa Fe &#8211; Niebla).<\/p>\n<p><iframe loading=\"lazy\" src=\"https:\/\/www.google.com\/maps\/embed?pb=!1m18!1m12!1m3!1d12683.559484524767!2d-6.023747680224608!3d37.36878264999999!2m3!1f0!2f0!3f0!3m2!1i1024!2i768!4f13.1!3m3!1m2!1s0x0%3A0xeb03f421d5e527c3!2sConservatorio%20Elemental%20de%20M%C3%BAsica%20Triana!5e0!3m2!1ses!2ses!4v1588272240284!5m2!1ses!2ses\" width=\"600\" height=\"450\" frameborder=\"0\"><\/iframe><\/p>\n<p>&nbsp;<\/p>\n","protected":false},"excerpt":{"rendered":"<p>El Conservatorio Elemental de M\u00fasica \u00abTriana\u00bb se encuentra en el barrio de Triana, al final, pegando a Los Remedios, junto al recinto ferial y al Parque de los Pr\u00edncipes, y justo al lado del&#46;&#46;&#46;<\/p>\n","protected":false},"author":9748,"featured_media":0,"parent":0,"menu_order":0,"comment_status":"closed","ping_status":"closed","template":"","meta":{"ngg_post_thumbnail":0,"footnotes":""},"aioseo_notices":[],"_links":{"self":[{"href":"https:\/\/blogsaverroes.juntadeandalucia.es\/percusiontriana\/wp-json\/wp\/v2\/pages\/65"}],"collection":[{"href":"https:\/\/blogsaverroes.juntadeandalucia.es\/percusiontriana\/wp-json\/wp\/v2\/pages"}],"about":[{"href":"https:\/\/blogsaverroes.juntadeandalucia.es\/percusiontriana\/wp-json\/wp\/v2\/types\/page"}],"author":[{"embeddable":true,"href":"https:\/\/blogsaverroes.juntadeandalucia.es\/percusiontriana\/wp-json\/wp\/v2\/users\/9748"}],"replies":[{"embeddable":true,"href":"https:\/\/blogsaverroes.juntadeandalucia.es\/percusiontriana\/wp-json\/wp\/v2\/comments?post=65"}],"version-history":[{"count":6,"href":"https:\/\/blogsaverroes.juntadeandalucia.es\/percusiontriana\/wp-json\/wp\/v2\/pages\/65\/revisions"}],"predecessor-version":[{"id":165,"href":"https:\/\/blogsaverroes.juntadeandalucia.es\/percusiontriana\/wp-json\/wp\/v2\/pages\/65\/revisions\/165"}],"wp:attachment":[{"href":"https:\/\/blogsaverroes.juntadeandalucia.es\/percusiontriana\/wp-json\/wp\/v2\/media?parent=65"}],"curies":[{"name":"wp","href":"https:\/\/api.w.org\/{rel}","templated":true}]}}