{"id":64,"date":"2020-01-09T11:41:42","date_gmt":"2020-01-09T10:41:42","guid":{"rendered":"http:\/\/blogsaverroes.juntadeandalucia.es\/pre\/nuevoceipv2\/?page_id=64"},"modified":"2025-05-21T11:29:06","modified_gmt":"2025-05-21T10:29:06","slug":"biblioteca","status":"publish","type":"page","link":"https:\/\/blogsaverroes.juntadeandalucia.es\/perezdelalamo\/biblioteca\/","title":{"rendered":"Biblioteca"},"content":{"rendered":"<p>[et_pb_section fb_built=&#8221;1&#8243; disabled_on=&#8221;off|off|off&#8221; _builder_version=&#8221;4.16&#8243; custom_padding=&#8221;0px||0px|&#8221; z_index_tablet=&#8221;500&#8243; box_shadow_horizontal_tablet=&#8221;0px&#8221; box_shadow_vertical_tablet=&#8221;0px&#8221; box_shadow_blur_tablet=&#8221;40px&#8221; box_shadow_spread_tablet=&#8221;0px&#8221; global_colors_info=&#8221;{}&#8221;][et_pb_row column_structure=&#8221;2_3,1_3&#8243; _builder_version=&#8221;4.16&#8243; background_size=&#8221;initial&#8221; background_position=&#8221;top_left&#8221; background_repeat=&#8221;repeat&#8221; global_colors_info=&#8221;{}&#8221;][et_pb_column type=&#8221;2_3&#8243; _builder_version=&#8221;4.16&#8243; custom_padding=&#8221;|||&#8221; global_colors_info=&#8221;{}&#8221; custom_padding__hover=&#8221;|||&#8221;][et_pb_image src=&#8221;https:\/\/blogsaverroes.juntadeandalucia.es\/perezdelalamo\/files\/2020\/01\/cabecera-interior-4.jpg&#8221; admin_label=&#8221;Imagen de la portada&#8221; _builder_version=&#8221;4.16&#8243; vertical_offset_tablet=&#8221;0&#8243; horizontal_offset_tablet=&#8221;0&#8243; z_index_tablet=&#8221;500&#8243; box_shadow_horizontal_tablet=&#8221;0px&#8221; box_shadow_vertical_tablet=&#8221;0px&#8221; box_shadow_blur_tablet=&#8221;40px&#8221; box_shadow_spread_tablet=&#8221;0px&#8221; global_colors_info=&#8221;{}&#8221;][\/et_pb_image][et_pb_text admin_label=&#8221;Texto descriptivo&#8221; _builder_version=&#8221;4.24.2&#8243; hover_enabled=&#8221;0&#8243; z_index_tablet=&#8221;500&#8243; text_text_shadow_horizontal_length_tablet=&#8221;0px&#8221; text_text_shadow_vertical_length_tablet=&#8221;0px&#8221; text_text_shadow_blur_strength_tablet=&#8221;1px&#8221; link_text_shadow_horizontal_length_tablet=&#8221;0px&#8221; link_text_shadow_vertical_length_tablet=&#8221;0px&#8221; link_text_shadow_blur_strength_tablet=&#8221;1px&#8221; ul_text_shadow_horizontal_length_tablet=&#8221;0px&#8221; ul_text_shadow_vertical_length_tablet=&#8221;0px&#8221; ul_text_shadow_blur_strength_tablet=&#8221;1px&#8221; ol_text_shadow_horizontal_length_tablet=&#8221;0px&#8221; ol_text_shadow_vertical_length_tablet=&#8221;0px&#8221; ol_text_shadow_blur_strength_tablet=&#8221;1px&#8221; quote_text_shadow_horizontal_length_tablet=&#8221;0px&#8221; quote_text_shadow_vertical_length_tablet=&#8221;0px&#8221; quote_text_shadow_blur_strength_tablet=&#8221;1px&#8221; header_text_shadow_horizontal_length_tablet=&#8221;0px&#8221; header_text_shadow_vertical_length_tablet=&#8221;0px&#8221; header_text_shadow_blur_strength_tablet=&#8221;1px&#8221; header_2_text_shadow_horizontal_length_tablet=&#8221;0px&#8221; header_2_text_shadow_vertical_length_tablet=&#8221;0px&#8221; header_2_text_shadow_blur_strength_tablet=&#8221;1px&#8221; header_3_text_shadow_horizontal_length_tablet=&#8221;0px&#8221; header_3_text_shadow_vertical_length_tablet=&#8221;0px&#8221; header_3_text_shadow_blur_strength_tablet=&#8221;1px&#8221; header_4_text_shadow_horizontal_length_tablet=&#8221;0px&#8221; header_4_text_shadow_vertical_length_tablet=&#8221;0px&#8221; header_4_text_shadow_blur_strength_tablet=&#8221;1px&#8221; header_5_text_shadow_horizontal_length_tablet=&#8221;0px&#8221; header_5_text_shadow_vertical_length_tablet=&#8221;0px&#8221; header_5_text_shadow_blur_strength_tablet=&#8221;1px&#8221; header_6_text_shadow_horizontal_length_tablet=&#8221;0px&#8221; header_6_text_shadow_vertical_length_tablet=&#8221;0px&#8221; header_6_text_shadow_blur_strength_tablet=&#8221;1px&#8221; box_shadow_horizontal_tablet=&#8221;0px&#8221; box_shadow_vertical_tablet=&#8221;0px&#8221; box_shadow_blur_tablet=&#8221;40px&#8221; box_shadow_spread_tablet=&#8221;0px&#8221; global_colors_info=&#8221;{}&#8221; link_option_url=&#8221;biblioteca-rpa.blogspot.com&#8221; sticky_enabled=&#8221;0&#8243;]<\/p>\n<h2>Biblioteca:&nbsp;<\/h2>\n<h2><span style=\"color: #ff0000\">BLOG:<\/span> <a href=\"http:\/\/biblioteca-rpa.blogspot.com\"><span style=\"color: #339966\">biblioteca-rpa.blogspot.com<\/span><\/a><\/h2>\n<p>&nbsp;<\/p>\n<h1><span style=\"color: #0000ff\">D\u00cdA DEL LIBRO 2024:<\/span><\/h1>\n<div class=\"xdj266r x11i5rnm xat24cr x1mh8g0r x1vvkbs x126k92a\">\n<div dir=\"auto\"><strong>\u00a1Feliz D\u00eda del Libro!<span class=\"html-span xexx8yu x4uap5 x18d9i69 xkhd6sd x1hl2dhg x16tdsg8 x1vvkbs x3nfvp2 x1j61x8r x1fcty0u xdj266r xat24cr xgzva0m xhhsvwb xxymvpz xlup9mm x1kky2od\"><img loading=\"lazy\" decoding=\"async\" class=\"xz74otr x168nmei x13lgxp2 x5pf9jr xo71vjh\" src=\"https:\/\/static.xx.fbcdn.net\/images\/emoji.php\/v9\/t49\/1\/16\/1f4da.png\" alt=\"\ud83d\udcda\" width=\"16\" height=\"16\"><\/span><\/strong><\/div>\n<div dir=\"auto\">&nbsp;<\/div>\n<div dir=\"auto\">Durante tres d\u00edas hemos vivido una aut\u00e9ntica fiesta de la lectura en nuestras &#8220;II Jornadas de Bibliotrueque Escolar&#8221;.<\/div>\n<\/div>\n<div class=\"x11i5rnm xat24cr x1mh8g0r x1vvkbs xtlvy1s x126k92a\">\n<div dir=\"auto\">Libros que cambian de manos, historias que encuentran nuevos lectores y una comunidad que crece unida a trav\u00e9s de la magia de los cuentos.<\/div>\n<\/div>\n<div class=\"x11i5rnm xat24cr x1mh8g0r x1vvkbs xtlvy1s x126k92a\">\n<div dir=\"auto\">Adem\u00e1s, nuestros talleres de biblioteca han estado llenos de emociones, cuentacuentos y actividades motivadoras que han despertado la curiosidad y la imaginaci\u00f3n de nuestro alumnado.<\/div>\n<\/div>\n<div class=\"x11i5rnm xat24cr x1mh8g0r x1vvkbs xtlvy1s x126k92a\">\n<div dir=\"auto\">Gracias a toda nuestra Comunidad Educativa por hacer posible esta experiencia inolvidable.<\/div>\n<\/div>\n<div class=\"x11i5rnm xat24cr x1mh8g0r x1vvkbs xtlvy1s x126k92a\">\n<div dir=\"auto\">\u00a1Que nunca nos falten los libros\u2026 ni las ganas de so\u00f1ar con ellos!<\/div>\n<div dir=\"auto\">&nbsp;<\/div>\n<\/div>\n<div class=\"x11i5rnm xat24cr x1mh8g0r x1vvkbs xtlvy1s x126k92a\">\n<div dir=\"auto\"><span class=\"html-span xdj266r x11i5rnm xat24cr x1mh8g0r xexx8yu x4uap5 x18d9i69 xkhd6sd x1hl2dhg x16tdsg8 x1vvkbs\"><a class=\"x1i10hfl xjbqb8w x1ejq31n xd10rxx x1sy0etr x17r0tee x972fbf xcfux6l x1qhh985 xm0m39n x9f619 x1ypdohk xt0psk2 xe8uvvx xdj266r x11i5rnm xat24cr x1mh8g0r xexx8yu x4uap5 x18d9i69 xkhd6sd x16tdsg8 x1hl2dhg xggy1nq x1a2a7pz xkrqix3 x1sur9pj x1fey0fg x1s688f\" role=\"link\" href=\"https:\/\/photos.app.goo.gl\/KfspTc6otcejTQXB8?fbclid=IwZXh0bgNhZW0CMTAAYnJpZBExY0FiOEdZNk4xNXY2azBnSwEe3osfRV_J3tRkMHpDCq8jgpdeU9Y2NQ_LEBVh3v0SaCwe2uh79XDv7TnUoZk_aem_N25g9mVdzFzlNdABt5rIng\" target=\"_blank\" rel=\"nofollow noopener noreferrer\">https:\/\/photos.app.goo.gl\/KfspTc6otcejTQXB8<\/a><\/span><\/div>\n<\/div>\n<div class=\"x11i5rnm xat24cr x1mh8g0r x1vvkbs xtlvy1s x126k92a\">\n<div dir=\"auto\"><span class=\"html-span xdj266r x11i5rnm xat24cr x1mh8g0r xexx8yu x4uap5 x18d9i69 xkhd6sd x1hl2dhg x16tdsg8 x1vvkbs\"><a class=\"x1i10hfl xjbqb8w x1ejq31n xd10rxx x1sy0etr x17r0tee x972fbf xcfux6l x1qhh985 xm0m39n x9f619 x1ypdohk xt0psk2 xe8uvvx xdj266r x11i5rnm xat24cr x1mh8g0r xexx8yu x4uap5 x18d9i69 xkhd6sd x16tdsg8 x1hl2dhg xggy1nq x1a2a7pz xkrqix3 x1sur9pj x1fey0fg x1s688f\" role=\"link\" href=\"https:\/\/photos.app.goo.gl\/zLjxLdwreXcY7bHX7?fbclid=IwZXh0bgNhZW0CMTAAYnJpZBExY0FiOEdZNk4xNXY2azBnSwEe2wnIG-gOU_TXDgDnHAegyhUBFgGWkv--bHHdmexiW34GnAAbh8q5FI9vQFE_aem_wptV3KvxO-z7Ky91woLlLw\" target=\"_blank\" rel=\"nofollow noopener noreferrer\">https:\/\/photos.app.goo.gl\/zLjxLdwreXcY7bHX7<\/a><\/span><\/div>\n<\/div>\n<div class=\"x11i5rnm xat24cr x1mh8g0r x1vvkbs xtlvy1s x126k92a\">\n<div dir=\"auto\"><span class=\"html-span xdj266r x11i5rnm xat24cr x1mh8g0r xexx8yu x4uap5 x18d9i69 xkhd6sd x1hl2dhg x16tdsg8 x1vvkbs\"><a class=\"x1i10hfl xjbqb8w x1ejq31n xd10rxx x1sy0etr x17r0tee x972fbf xcfux6l x1qhh985 xm0m39n x9f619 x1ypdohk xt0psk2 xe8uvvx xdj266r x11i5rnm xat24cr x1mh8g0r xexx8yu x4uap5 x18d9i69 xkhd6sd x16tdsg8 x1hl2dhg xggy1nq x1a2a7pz xkrqix3 x1sur9pj x1fey0fg x1s688f\" role=\"link\" href=\"https:\/\/youtu.be\/5posyYOmoK0?feature=shared&amp;fbclid=IwZXh0bgNhZW0CMTAAYnJpZBExY0FiOEdZNk4xNXY2azBnSwEegX-M6XHnydiRw0pQ5oWH6ttAnCBWiaLvtRoVk3h1hUq1b2uMpehJNvVq7ZI_aem_exKhEjF2M3Up8AqOCdRbFA\" target=\"_blank\" rel=\"nofollow noopener noreferrer\">https:\/\/youtu.be\/5posyYOmoK0?feature=shared<\/a><\/span><\/div>\n<\/div>\n<div class=\"x11i5rnm xat24cr x1mh8g0r x1vvkbs xtlvy1s x126k92a\">\n<div dir=\"auto\"><span class=\"html-span xdj266r x11i5rnm xat24cr x1mh8g0r xexx8yu x4uap5 x18d9i69 xkhd6sd x1hl2dhg x16tdsg8 x1vvkbs\"><a class=\"x1i10hfl xjbqb8w x1ejq31n xd10rxx x1sy0etr x17r0tee x972fbf xcfux6l x1qhh985 xm0m39n x9f619 x1ypdohk xt0psk2 xe8uvvx xdj266r x11i5rnm xat24cr x1mh8g0r xexx8yu x4uap5 x18d9i69 xkhd6sd x16tdsg8 x1hl2dhg xggy1nq x1a2a7pz xkrqix3 x1sur9pj x1fey0fg x1s688f\" role=\"link\" href=\"https:\/\/youtu.be\/NGFUEnL-8i0?si=-54Ti2vXLrrVl2Kj&amp;fbclid=IwZXh0bgNhZW0CMTAAYnJpZBExY0FiOEdZNk4xNXY2azBnSwEe3osfRV_J3tRkMHpDCq8jgpdeU9Y2NQ_LEBVh3v0SaCwe2uh79XDv7TnUoZk_aem_N25g9mVdzFzlNdABt5rIng\" target=\"_blank\" rel=\"nofollow noopener noreferrer\">https:\/\/youtu.be\/NGFUEnL-8i0?si=-54Ti2vXLrrVl2Kj<\/a><\/span><\/div>\n<\/div>\n<p><img loading=\"lazy\" decoding=\"async\" class=\"wp-image-1397 alignnone size-medium\" src=\"https:\/\/blogsaverroes.juntadeandalucia.es\/perezdelalamo\/files\/2025\/04\/7-300x300.jpg\" alt=\"\" width=\"300\" height=\"300\"><\/p>\n<p><img loading=\"lazy\" decoding=\"async\" class=\"wp-image-1396 alignnone size-medium\" src=\"https:\/\/blogsaverroes.juntadeandalucia.es\/perezdelalamo\/files\/2025\/04\/2-3-300x300.jpg\" alt=\"\" width=\"300\" height=\"300\"><\/p>\n<p>[\/et_pb_text][\/et_pb_column][et_pb_column type=&#8221;1_3&#8243; _builder_version=&#8221;4.16&#8243; custom_padding=&#8221;|||&#8221; global_colors_info=&#8221;{}&#8221; custom_padding__hover=&#8221;|||&#8221;][et_pb_sidebar area=&#8221;sidebar-1&#8243; _builder_version=&#8221;4.16&#8243; z_index_tablet=&#8221;500&#8243; header_text_shadow_horizontal_length_tablet=&#8221;0px&#8221; header_text_shadow_vertical_length_tablet=&#8221;0px&#8221; header_text_shadow_blur_strength_tablet=&#8221;1px&#8221; body_text_shadow_horizontal_length_tablet=&#8221;0px&#8221; body_text_shadow_vertical_length_tablet=&#8221;0px&#8221; body_text_shadow_blur_strength_tablet=&#8221;1px&#8221; box_shadow_horizontal_tablet=&#8221;0px&#8221; box_shadow_vertical_tablet=&#8221;0px&#8221; box_shadow_blur_tablet=&#8221;40px&#8221; box_shadow_spread_tablet=&#8221;0px&#8221; text_shadow_horizontal_length_tablet=&#8221;0px&#8221; text_shadow_vertical_length_tablet=&#8221;0px&#8221; text_shadow_blur_strength_tablet=&#8221;1px&#8221; global_colors_info=&#8221;{}&#8221;][\/et_pb_sidebar][\/et_pb_column][\/et_pb_row][\/et_pb_section]<\/p>\n","protected":false},"excerpt":{"rendered":"<p>Biblioteca:&nbsp; BLOG: biblioteca-rpa.blogspot.com &nbsp; D\u00cdA DEL LIBRO 2024: \u00a1Feliz D\u00eda del Libro! &nbsp; Durante tres d\u00edas hemos vivido una aut\u00e9ntica fiesta de la lectura en nuestras &#8220;II Jornadas de Bibliotrueque Escolar&#8221;. Libros que cambian de manos, historias que encuentran nuevos lectores y una comunidad que crece unida a trav\u00e9s de la magia de los cuentos. [&hellip;]<\/p>\n","protected":false},"author":13384,"featured_media":0,"parent":0,"menu_order":0,"comment_status":"closed","ping_status":"closed","template":"","meta":{"_et_pb_use_builder":"on","_et_pb_old_content":"","_et_gb_content_width":"","ngg_post_thumbnail":0,"footnotes":""},"aioseo_notices":[],"_links":{"self":[{"href":"https:\/\/blogsaverroes.juntadeandalucia.es\/perezdelalamo\/wp-json\/wp\/v2\/pages\/64"}],"collection":[{"href":"https:\/\/blogsaverroes.juntadeandalucia.es\/perezdelalamo\/wp-json\/wp\/v2\/pages"}],"about":[{"href":"https:\/\/blogsaverroes.juntadeandalucia.es\/perezdelalamo\/wp-json\/wp\/v2\/types\/page"}],"author":[{"embeddable":true,"href":"https:\/\/blogsaverroes.juntadeandalucia.es\/perezdelalamo\/wp-json\/wp\/v2\/users\/13384"}],"replies":[{"embeddable":true,"href":"https:\/\/blogsaverroes.juntadeandalucia.es\/perezdelalamo\/wp-json\/wp\/v2\/comments?post=64"}],"version-history":[{"count":4,"href":"https:\/\/blogsaverroes.juntadeandalucia.es\/perezdelalamo\/wp-json\/wp\/v2\/pages\/64\/revisions"}],"predecessor-version":[{"id":1440,"href":"https:\/\/blogsaverroes.juntadeandalucia.es\/perezdelalamo\/wp-json\/wp\/v2\/pages\/64\/revisions\/1440"}],"wp:attachment":[{"href":"https:\/\/blogsaverroes.juntadeandalucia.es\/perezdelalamo\/wp-json\/wp\/v2\/media?parent=64"}],"curies":[{"name":"wp","href":"https:\/\/api.w.org\/{rel}","templated":true}]}}