{"id":2,"date":"2020-03-08T17:30:11","date_gmt":"2020-03-08T16:30:11","guid":{"rendered":"https:\/\/blogsaverroes.juntadeandalucia.es\/personadollespana\/?page_id=2"},"modified":"2020-08-20T20:28:38","modified_gmt":"2020-08-20T18:28:38","slug":"pagina-ejemplo","status":"publish","type":"page","link":"https:\/\/blogsaverroes.juntadeandalucia.es\/personadollespana\/pagina-ejemplo\/","title":{"rendered":"Metodolog\u00eda"},"content":{"rendered":"<h2 data-original-attrs=\"{&quot;style&quot;:&quot;mso-background-themecolor: background1; mso-outline-level: 2;&quot;}\">\u00bfC\u00f3mo son las mu\u00f1ecas?<\/h2>\n<p style=\"font-weight: 400\" data-original-attrs=\"{&quot;style&quot;:&quot;mso-background-themecolor: background1;&quot;}\">La metodolog\u00eda PERSONA DOLL utiliza las mu\u00f1ecas que van a clase para desarrollar la empatia en el alumnado. Al inicio de la puesta en pr\u00e1ctica de esta metodolog\u00eda en los a\u00f1os 50, las mu\u00f1ecas eran de cart\u00f3n. Con el tiempo se utilizan mu\u00f1ecas de trapo cosidas con un tama\u00f1o similar al de un ni\u00f1o y existen mu\u00f1ecas de diferentes sexos, razas, color de pelo, ojos, tama\u00f1o, etc. de esta forma permiten adaptarse a las necesidades concretas de cada colegio o clase.<\/p>\n<p style=\"font-weight: 400\" data-original-attrs=\"{&quot;style&quot;:&quot;mso-background-themecolor: background1;&quot;}\">Pueden adquirirse a trav\u00e9s de las p\u00e1ginas web del proyecto en el Reino Unido o en Sud\u00e1frica pero hay escuelas que prefieren fabricarlas en funci\u00f3n de sus intereses.<\/p>\n<p style=\"font-weight: 400\" data-original-attrs=\"{&quot;style&quot;:&quot;&quot;}\">&nbsp;Se usan las mu\u00f1ecas para que los ni\u00f1os y ni\u00f1as de 3 a 7 a\u00f1os aprendan se familiaricen con las diferencias personales, para que asuman y aprendan a resolver conflictos en su grupo clase y \/o amigos y para favorecer el respeto&nbsp; y la tolerancia hacia los dem\u00e1s.<\/p>\n<p style=\"font-weight: 400\" data-original-attrs=\"{&quot;style&quot;:&quot;&quot;}\">Los maestros y maestras idean para cada mu\u00f1eca su propia personalidad e historia de vida.&nbsp;Las mu\u00f1ecas van a un grupo de clase, visitan la asamblea y hablan sobre su historia, &nbsp;sobre un evento, problema o dilema que les preocupa.&nbsp;Los ni\u00f1os intentan encontrar soluciones a estas situaciones.&nbsp;Se pide a los ni\u00f1os\/as que se pongan en lugar de la mu\u00f1eca para &nbsp;desarrollar su empat\u00eda con los dem\u00e1s y se les alienta a actuar y hacer frente a actitudes de injusticia o prejuicios.<\/p>\n<p style=\"font-weight: 400\" data-original-attrs=\"{&quot;style&quot;:&quot;&quot;}\">La metodolog\u00eda es \u00fanica, ya que se pueden dise\u00f1ar mu\u00f1ecas y planificar los temas de acuerdo con las necesidades de cada grupo y escuela.<\/p>\n<h2 data-original-attrs=\"{&quot;style&quot;:&quot;&quot;}\">Breve introducci\u00f3n de la metodolog\u00eda<\/h2>\n<p style=\"font-weight: 400\" data-original-attrs=\"{&quot;style&quot;:&quot;&quot;}\">La metodolog\u00eda de la mu\u00f1ecas \u00abPersona Dolls\u00bb ofrece una manera divertida y entretenida para enfrentarse a &nbsp;problemas de tolerancia, para favorecer la &nbsp;inteligencia emocional y las habilidades sociales de los ni\u00f1os y ni\u00f1as.&nbsp;Las mu\u00f1ecas empatizan con la clase y &nbsp;se anima todo el alumnado a &nbsp;que respondan cuando encuentran o ven una actitud injusta por cualquier causa.<\/p>\n<p style=\"font-weight: 400\" data-original-attrs=\"{&quot;style&quot;:&quot;background-attachment: initial; background-clip: initial; background-image: initial; background-origin: initial; background-position: initial; background-repeat: initial; background-size: initial;&quot;}\">\u00abPersona Dolls\u00bb son mu\u00f1ecas que favorecen la maduraci\u00f3n social del alumnado. Su biograf\u00eda y personalidad es dise\u00f1ada por el profesorado.&nbsp;Las mu\u00f1ecas visitan a un grupo clase y cuentan &nbsp;su historia, alg\u00fan problema que les preocupe, un evento desafortunado o un dilema.&nbsp;Los ni\u00f1os y ni\u00f1as de la clase tratan de encontrar soluciones a estas diferentes situaciones.<\/p>\n<p style=\"font-weight: 400\" data-original-attrs=\"{&quot;style&quot;:&quot;&quot;}\">Las mu\u00f1ecas Persona Dolls no son mu\u00f1ecas ordinarias o juguetes<\/p>\n<ul>\n<li style=\"font-weight: 400\" data-original-attrs=\"{&quot;style&quot;:&quot;&quot;}\">cada mu\u00f1eca tiene su propia personalidad, familia, antecedentes culturales, nombre, g\u00e9nero, edad, peculiaridades, gustos, antipat\u00edas, temores y deseos;&nbsp;<\/li>\n<li style=\"font-weight: 400\" data-original-attrs=\"{&quot;style&quot;:&quot;&quot;}\">el \u00e9nfasis principal en introducir diferencias y aumentar la tolerancia;&nbsp;<\/li>\n<li data-original-attrs=\"{&quot;style&quot;:&quot;&quot;}\">Una muy buena oportunidad para introducir otras culturas, as\u00ed como diferentes estilos de vida, idiomas y necesidades especiales;&nbsp;<\/li>\n<li data-original-attrs=\"{&quot;style&quot;:&quot;&quot;}\">Durante los encuentros, los propios ni\u00f1os encuentran diferencias y similitudes con los mu\u00f1ecas que se presentan y ellos mismos;&nbsp;<\/li>\n<li data-original-attrs=\"{&quot;style&quot;:&quot;&quot;}\">Cada mu\u00f1eca es \u00fanica y especial, y las mu\u00f1ecas deben abrazarse;&nbsp;<\/li>\n<li data-original-attrs=\"{&quot;style&quot;:&quot;&quot;}\">las mu\u00f1ecas deben reflejar a los ni\u00f1os de este grupo;&nbsp;<\/li>\n<li data-original-attrs=\"{&quot;style&quot;:&quot;&quot;}\">Las actividades preventivas incluyen la oportunidad de presentar mu\u00f1ecas que no reflejan las caracter\u00edsticas espec\u00edficas de un grupo particular de ni\u00f1os.<\/li>\n<\/ul>\n<p>&nbsp;<\/p>\n<h2 data-original-attrs=\"{&quot;style&quot;:&quot;&quot;}\">Objetivos:<\/h2>\n<ol start=\"2\">\n<li style=\"font-weight: 400\" data-original-attrs=\"{&quot;style&quot;:&quot;&quot;}\">Aumentar la tolerancia en las diferencias de las personas al aumentar la empatia de los ni\u00f1os.&nbsp;<\/li>\n<li style=\"font-weight: 400\" data-original-attrs=\"{&quot;style&quot;:&quot;&quot;}\">Superar los prejuicios estereot\u00edpicos e impedir los prejuicios futuros.&nbsp;<\/li>\n<li data-original-attrs=\"{&quot;style&quot;:&quot;&quot;}\">Introducir a los ni\u00f1os a diferentes culturas mostr\u00e1ndoles similitudes y diferencias.&nbsp;<\/li>\n<li data-original-attrs=\"{&quot;style&quot;:&quot;&quot;}\">Cultivar con tolerancia&nbsp;<\/li>\n<li data-original-attrs=\"{&quot;style&quot;:&quot;&quot;}\">Crear un ambiente para los ni\u00f1os en el que puedan expresar libremente sus pensamientos.<\/li>\n<li data-original-attrs=\"{&quot;style&quot;:&quot;&quot;}\">Mejorar la capacidad del ni\u00f1o para resolver problemas.<\/li>\n<\/ol>\n<p data-original-attrs=\"{&quot;style&quot;:&quot;&quot;}\">Solicite m\u00e1s informaci\u00f3n sobre nuestro proyecto<\/p>\n<p data-original-attrs=\"{&quot;style&quot;:&quot;&quot;}\"><a href=\"https:\/\/blogsaverroes.juntadeandalucia.es\/personadollespana\/contacto\/\" data-original-attrs=\"{&quot;data-original-href&quot;:&quot;https:\/\/personadollespana.blogspot.com.es\/p\/home.html&quot;,&quot;target&quot;:&quot;_blank&quot;}\">INFORMACION Y CONTACTO<\/a><\/p>\n<p style=\"font-weight: 400\" data-original-attrs=\"{&quot;style&quot;:&quot;&quot;}\">Herramientas metodol\u00f3gicas<\/p>\n","protected":false},"excerpt":{"rendered":"<p>\u00bfC\u00f3mo son las mu\u00f1ecas? La metodolog\u00eda PERSONA DOLL utiliza las mu\u00f1ecas que van a clase para desarrollar la empatia en el alumnado. Al inicio de&hellip;<\/p>\n","protected":false},"author":600,"featured_media":0,"parent":0,"menu_order":0,"comment_status":"closed","ping_status":"open","template":"","meta":{"ngg_post_thumbnail":0,"footnotes":""},"aioseo_notices":[],"_links":{"self":[{"href":"https:\/\/blogsaverroes.juntadeandalucia.es\/personadollespana\/wp-json\/wp\/v2\/pages\/2"}],"collection":[{"href":"https:\/\/blogsaverroes.juntadeandalucia.es\/personadollespana\/wp-json\/wp\/v2\/pages"}],"about":[{"href":"https:\/\/blogsaverroes.juntadeandalucia.es\/personadollespana\/wp-json\/wp\/v2\/types\/page"}],"author":[{"embeddable":true,"href":"https:\/\/blogsaverroes.juntadeandalucia.es\/personadollespana\/wp-json\/wp\/v2\/users\/600"}],"replies":[{"embeddable":true,"href":"https:\/\/blogsaverroes.juntadeandalucia.es\/personadollespana\/wp-json\/wp\/v2\/comments?post=2"}],"version-history":[{"count":5,"href":"https:\/\/blogsaverroes.juntadeandalucia.es\/personadollespana\/wp-json\/wp\/v2\/pages\/2\/revisions"}],"predecessor-version":[{"id":240,"href":"https:\/\/blogsaverroes.juntadeandalucia.es\/personadollespana\/wp-json\/wp\/v2\/pages\/2\/revisions\/240"}],"wp:attachment":[{"href":"https:\/\/blogsaverroes.juntadeandalucia.es\/personadollespana\/wp-json\/wp\/v2\/media?parent=2"}],"curies":[{"name":"wp","href":"https:\/\/api.w.org\/{rel}","templated":true}]}}