{"id":35,"date":"2022-11-26T09:44:26","date_gmt":"2022-11-26T09:44:26","guid":{"rendered":"https:\/\/blogsaverroes.juntadeandalucia.es\/piensoluegoquinto\/?page_id=35"},"modified":"2022-12-30T10:07:09","modified_gmt":"2022-12-30T10:07:09","slug":"info-curso-22-23","status":"publish","type":"page","link":"https:\/\/blogsaverroes.juntadeandalucia.es\/piensoluegoquinto\/info-curso-22-23\/","title":{"rendered":"Info. curso 22\/23"},"content":{"rendered":"<p style=\"text-align: center\"><span style=\"color: #000000;font-size: 18pt\">Bienvenidos todos al curso escolar 22\/23<\/span><\/p>\n<p style=\"text-align: center\">Os dejamos informaci\u00f3n importante para el buen funcionamiento del curso:<\/p>\n<ul>\n<li>El horario de tutor\u00eda son los <strong>LUNES<\/strong> de 17:00 a 18:00 horas. Pedir cita a trav\u00e9s de la <strong>agenda<\/strong> o por <strong>IPasen<\/strong>.<\/li>\n<li>Los desayunos deben ser saludables y venir en un <strong>TUPPER<\/strong> sin que est\u00e9n envueltos en pl\u00e1stico.<\/li>\n<li>Los materiales necesarios par trabajar y estudiar en casa estar\u00e1n en la <strong>LIBRETA<\/strong> del alumno\/a o en el <strong>BLOG<\/strong>.<\/li>\n<li>La<strong> evaluaci\u00f3n<\/strong> no se basar\u00e1 en un solo aspecto, sino que tendremos en cuenta la <strong>participaci\u00f3n<\/strong>, las <strong>tareas grupales<\/strong> de los <strong>proyectos,<\/strong> los <strong>cuadernos<\/strong>, las <strong>actividades de clase<\/strong>, los <strong>trabajos finales<\/strong>, pruebas de evaluaci\u00f3n, <strong>observaci\u00f3n<\/strong>&#8230;<\/li>\n<li>Las notas se dar\u00e1n a finales de cada trimestre a trav\u00e9s de IPasen.<\/li>\n<li>Se deben <strong>JUSTIFICAR<\/strong> las <strong>FALTAS<\/strong>.<\/li>\n<li>Podr\u00e1s encontrar m\u00e1s informaci\u00f3n en la <strong><a href=\"https:\/\/blogsaverroes.juntadeandalucia.es\/ceipnuestropadrejesusaznalcazar\/\">web<\/a><\/strong> del cole.<\/li>\n<\/ul>\n<p><span style=\"font-size: 14pt\">Este curso estar\u00e1 cargado de nuevas aventuras y viajes.<\/span><\/p>\n<p><span style=\"font-size: 14pt\">Trabajaremos por proyectos, aprenderemos a trabajar en equipo, nos convertiremos en unos sabios del conocimiento, crearemos cosas al estilo del mejor inventor, actuaremos como si fu\u00e9ramos actores y actrices de Hollywood&#8230; y sobre todo, \u00a1Nos divertiremos!<\/span><\/p>\n<p style=\"text-align: center\"><span style=\"font-size: 18pt\">\u00bfEst\u00e1is preparados?<\/span><\/p>\n<p><img loading=\"lazy\" decoding=\"async\" class=\"size-medium wp-image-83 alignleft\" src=\"https:\/\/blogsaverroes.juntadeandalucia.es\/piensoluegoquinto\/files\/2022\/12\/superhero-300x300.png\" alt=\"\" width=\"300\" height=\"300\" srcset=\"https:\/\/blogsaverroes.juntadeandalucia.es\/piensoluegoquinto\/files\/2022\/12\/superhero-300x300.png 300w, https:\/\/blogsaverroes.juntadeandalucia.es\/piensoluegoquinto\/files\/2022\/12\/superhero-150x150.png 150w, https:\/\/blogsaverroes.juntadeandalucia.es\/piensoluegoquinto\/files\/2022\/12\/superhero-80x80.png 80w, https:\/\/blogsaverroes.juntadeandalucia.es\/piensoluegoquinto\/files\/2022\/12\/superhero-320x320.png 320w, https:\/\/blogsaverroes.juntadeandalucia.es\/piensoluegoquinto\/files\/2022\/12\/superhero.png 512w\" sizes=\"(max-width: 300px) 100vw, 300px\" \/> <img loading=\"lazy\" decoding=\"async\" class=\"alignnone size-medium wp-image-85\" src=\"https:\/\/blogsaverroes.juntadeandalucia.es\/piensoluegoquinto\/files\/2022\/12\/superheroe-1-300x300.png\" alt=\"\" width=\"300\" height=\"300\" srcset=\"https:\/\/blogsaverroes.juntadeandalucia.es\/piensoluegoquinto\/files\/2022\/12\/superheroe-1-300x300.png 300w, https:\/\/blogsaverroes.juntadeandalucia.es\/piensoluegoquinto\/files\/2022\/12\/superheroe-1-150x150.png 150w, https:\/\/blogsaverroes.juntadeandalucia.es\/piensoluegoquinto\/files\/2022\/12\/superheroe-1-80x80.png 80w, https:\/\/blogsaverroes.juntadeandalucia.es\/piensoluegoquinto\/files\/2022\/12\/superheroe-1-320x320.png 320w, https:\/\/blogsaverroes.juntadeandalucia.es\/piensoluegoquinto\/files\/2022\/12\/superheroe-1.png 512w\" sizes=\"(max-width: 300px) 100vw, 300px\" \/><\/p>\n","protected":false},"excerpt":{"rendered":"<p>Bienvenidos todos al curso escolar 22\/23 Os dejamos informaci\u00f3n importante para el buen funcionamiento del curso: El horario de tutor\u00eda son los LUNES de 17:00 a 18:00 horas. Pedir cita a trav\u00e9s de la&#46;&#46;&#46;<\/p>\n","protected":false},"author":16004,"featured_media":0,"parent":0,"menu_order":0,"comment_status":"closed","ping_status":"closed","template":"","meta":{"ngg_post_thumbnail":0,"footnotes":""},"aioseo_notices":[],"_links":{"self":[{"href":"https:\/\/blogsaverroes.juntadeandalucia.es\/piensoluegoquinto\/wp-json\/wp\/v2\/pages\/35"}],"collection":[{"href":"https:\/\/blogsaverroes.juntadeandalucia.es\/piensoluegoquinto\/wp-json\/wp\/v2\/pages"}],"about":[{"href":"https:\/\/blogsaverroes.juntadeandalucia.es\/piensoluegoquinto\/wp-json\/wp\/v2\/types\/page"}],"author":[{"embeddable":true,"href":"https:\/\/blogsaverroes.juntadeandalucia.es\/piensoluegoquinto\/wp-json\/wp\/v2\/users\/16004"}],"replies":[{"embeddable":true,"href":"https:\/\/blogsaverroes.juntadeandalucia.es\/piensoluegoquinto\/wp-json\/wp\/v2\/comments?post=35"}],"version-history":[{"count":7,"href":"https:\/\/blogsaverroes.juntadeandalucia.es\/piensoluegoquinto\/wp-json\/wp\/v2\/pages\/35\/revisions"}],"predecessor-version":[{"id":100,"href":"https:\/\/blogsaverroes.juntadeandalucia.es\/piensoluegoquinto\/wp-json\/wp\/v2\/pages\/35\/revisions\/100"}],"wp:attachment":[{"href":"https:\/\/blogsaverroes.juntadeandalucia.es\/piensoluegoquinto\/wp-json\/wp\/v2\/media?parent=35"}],"curies":[{"name":"wp","href":"https:\/\/api.w.org\/{rel}","templated":true}]}}