{"id":15,"date":"2018-10-28T20:56:13","date_gmt":"2018-10-28T20:56:13","guid":{"rendered":"https:\/\/blogsaverroes.juntadeandalucia.es\/plancentroelcastillo\/?page_id=15"},"modified":"2021-07-17T15:49:21","modified_gmt":"2021-07-17T15:49:21","slug":"proyectoeducativo","status":"publish","type":"page","link":"https:\/\/blogsaverroes.juntadeandalucia.es\/plancentroelcastillo\/?page_id=15","title":{"rendered":"PROYECTO EDUCATIVO"},"content":{"rendered":"<h3><strong>Apartados del Proyecto Educativo:<\/strong><\/h3>\n<h6><span style=\"font-family: arial, helvetica, sans-serif\"><strong>1<\/strong>.-<strong><a href=\"https:\/\/blogsaverroes.juntadeandalucia.es\/plancentroelcastillo\/?page_id=54\">INTRODUCCI\u00d3N<\/a><\/strong><br \/>\n<\/span><\/h6>\n<h6><span style=\"font-family: arial, helvetica, sans-serif\"><strong>2<\/strong>.-<a href=\"https:\/\/blogsaverroes.juntadeandalucia.es\/plancentroelcastillo\/?page_id=56\"><strong>L\u00cdNEAS GENERALES DE ACTUACI\u00d3N PEDAG\u00d3GICA<\/strong><\/a><\/span><\/h6>\n<h6><span style=\"font-family: arial, helvetica, sans-serif\"><strong>3<\/strong>.-<a href=\"https:\/\/blogsaverroes.juntadeandalucia.es\/plancentroelcastillo\/?page_id=58\"><strong>OBJETIVOS PARA LA MEJORA DEL RENDIMIENTO ESCOLAR<\/strong><\/a><\/span><\/h6>\n<h6><span style=\"font-family: arial, helvetica, sans-serif\"><strong>4<\/strong>.-<a href=\"https:\/\/blogsaverroes.juntadeandalucia.es\/plancentroelcastillo\/?page_id=60\"><strong>OBJETIVOS EDUCATIVOS PARA LA ETAPA DE EDUC. INFANTIL<\/strong><\/a><\/span><\/h6>\n<h6><span style=\"font-family: arial, helvetica, sans-serif\"><strong>5<\/strong>.-<strong><a href=\"https:\/\/blogsaverroes.juntadeandalucia.es\/plancentroelcastillo\/?page_id=260\">OBJETIVOS POR \u00c1REAS<\/a><\/strong><\/span><\/h6>\n<h6><span style=\"font-family: arial, helvetica, sans-serif\"><strong>6<\/strong>.-.<a href=\"https:\/\/blogsaverroes.juntadeandalucia.es\/plancentroelcastillo\/?page_id=277\"><strong>CONTENIDOS, CRITERIOS EVALUACI\u00d3N Y EST\u00c1NDARES DE APRENDIZAJE EVALUABLES POR \u00c1REAS<\/strong><\/a><\/span><\/h6>\n<h6><span style=\"font-family: arial, helvetica, sans-serif\"><strong>7<\/strong>.-<\/span><a href=\"https:\/\/blogsaverroes.juntadeandalucia.es\/plancentroelcastillo\/?page_id=297\"><strong><span style=\"font-family: arial, helvetica, sans-serif\">CURR\u00cdCULO INTEGRADO<\/span><\/strong><\/a><\/h6>\n<h6><span style=\"font-family: arial, helvetica, sans-serif\"><strong>8<\/strong>.-.<\/span><a href=\"https:\/\/blogsaverroes.juntadeandalucia.es\/plancentroelcastillo\/?page_id=299\"><span style=\"font-family: arial, helvetica, sans-serif\"><strong>TRATAMIENTO TRANSVERSAL DE CONTENIDOS CON PLANES Y PROGRAMAS EDUCATIV0S<\/strong><\/span><\/a><\/h6>\n<h6><span style=\"font-family: arial, helvetica, sans-serif\"><strong>9<\/strong>.-<strong><a href=\"https:\/\/blogsaverroes.juntadeandalucia.es\/plancentroelcastillo\/?page_id=314\">ASPECTOS METODOL\u00d3GICOS DEL PROYECTO EDUCATIVO<\/a><\/strong><\/span><\/h6>\n<h6><span style=\"font-family: arial, helvetica, sans-serif\"><strong>10<\/strong>.-<strong><a href=\"https:\/\/blogsaverroes.juntadeandalucia.es\/plancentroelcastillo\/?page_id=323\">COMPETENCIAS B\u00c1SICAS O CLAVE<\/a><\/strong><\/span><\/h6>\n<h6><span style=\"font-family: arial, helvetica, sans-serif\"><strong>11<\/strong>.-<strong><a href=\"https:\/\/blogsaverroes.juntadeandalucia.es\/plancentroelcastillo\/?page_id=325\">CRITERIOS PARA ORGANIZAR Y DISTRIBUIR EL TIEMPO ESCOLAR<\/a><\/strong><\/span><\/h6>\n<h6><span style=\"font-family: arial, helvetica, sans-serif\"><strong>12<\/strong>.-<a href=\"https:\/\/blogsaverroes.juntadeandalucia.es\/plancentroelcastillo\/?page_id=327\"><strong>CRITERIOS PARA LA ORGANIZACI\u00d3N Y USO DE LOS ESPACIOS<\/strong><\/a><\/span><\/h6>\n<h6><span style=\"font-family: arial, helvetica, sans-serif\"><strong>13<\/strong>.-<a href=\"https:\/\/blogsaverroes.juntadeandalucia.es\/plancentroelcastillo\/?page_id=329\"><strong>CRITERIOS PARA PROGRAMAR ACTIVIDADES COMPLEMENTARIAS<\/strong><\/a><\/span><\/h6>\n<h6><span style=\"font-family: arial, helvetica, sans-serif\"><strong>14<\/strong>.-<strong><a href=\"https:\/\/blogsaverroes.juntadeandalucia.es\/plancentroelcastillo\/?page_id=331\">CRITERIOS GENERALES PARA ELABORAR LAS PROPUESTAS PEDAG\u00d3GICAS<\/a><\/strong><br \/>\n<\/span><\/h6>\n<h6><span style=\"font-family: arial, helvetica, sans-serif\"><strong>15<\/strong>.-<strong><a href=\"https:\/\/blogsaverroes.juntadeandalucia.es\/plancentroelcastillo\/?page_id=333\">CRITERIOS PARA ESTABLECER AGRUPAMIENTOS DEL ALUMNADO<\/a><\/strong><\/span><\/h6>\n<h6><span style=\"font-family: arial, helvetica, sans-serif\"><strong>16<\/strong>.-<strong><a href=\"https:\/\/blogsaverroes.juntadeandalucia.es\/plancentroelcastillo\/?page_id=335\">CRITERIOS PARA ESTABLECER LA ASIGNACI\u00d3N DE ENSE\u00d1ANZAS Y TUTOR\u00cdAS<\/a><\/strong><\/span><\/h6>\n<h6><span style=\"font-family: arial, helvetica, sans-serif\"><strong>17<\/strong>.-.<strong><a href=\"https:\/\/blogsaverroes.juntadeandalucia.es\/plancentroelcastillo\/?page_id=337\">CRITERIOS PARA DETERMINAR LOS RESPONSABLES DE LOS \u00d3RGANOS DE COORDINACI\u00d3N DOCENTE,&nbsp; DE PLANES Y PROGRAMAS. HORARIOS DEDICACI\u00d3N.<\/a><\/strong><\/span><\/h6>\n<h6><span style=\"font-family: arial, helvetica, sans-serif\"><strong>18<\/strong>.-<strong><a href=\"https:\/\/blogsaverroes.juntadeandalucia.es\/plancentroelcastillo\/?page_id=356\">EVALUACI\u00d3N DEL ALUMNADO. PROCEDIMIENTOS Y CRITERIOS.PROMOCI\u00d3N<\/a><\/strong><\/span><\/h6>\n<h6><span style=\"font-family: arial, helvetica, sans-serif\"><strong>19<\/strong>.-<a href=\"https:\/\/blogsaverroes.juntadeandalucia.es\/plancentroelcastillo\/?page_id=365\"><strong>AUTOEVALUACI\u00d3N Y MEJORA<\/strong><\/a><\/span><\/h6>\n<h6><span style=\"font-family: arial, helvetica, sans-serif\"><strong>20<\/strong>.-<strong><a href=\"https:\/\/blogsaverroes.juntadeandalucia.es\/plancentroelcastillo\/?page_id=367\">ATENCI\u00d3N A LA DIVERSIDAD DEL ALUMNADO, ORGANIZACI\u00d3N DEL REFUERZO Y DISTRIBUCI\u00d3N DE LOS APOYOS<\/a>.<\/strong>&nbsp; <\/span><\/h6>\n<h6><span style=\"font-family: arial, helvetica, sans-serif\"><strong>21<\/strong>.-<strong><a href=\"https:\/\/blogsaverroes.juntadeandalucia.es\/plancentroelcastillo\/?page_id=371\">LA ACCI\u00d3N TUTORIAL Y LA ORIENTACI\u00d3N.<\/a><\/strong><\/span><\/h6>\n<h6><span style=\"font-family: arial, helvetica, sans-serif\"><strong>22<\/strong>.-<\/span><strong><a href=\"https:\/\/blogsaverroes.juntadeandalucia.es\/plancentroelcastillo\/?page_id=377\"><span style=\"font-family: arial, helvetica, sans-serif\">COMPROMISOS EDUCATIVOS Y CONVIVENCIALES<\/span><\/a><\/strong><\/h6>\n<h6><span style=\"font-family: arial, helvetica, sans-serif\"><strong>23<\/strong>.-<strong><a href=\"https:\/\/blogsaverroes.juntadeandalucia.es\/plancentroelcastillo\/?page_id=377\">PLAN DE CONVIVENCIA<\/a><\/strong><\/span><\/h6>\n<h6><span style=\"font-family: arial, helvetica, sans-serif\"><strong>24<\/strong>.-<strong><a href=\"https:\/\/blogsaverroes.juntadeandalucia.es\/plancentroelcastillo\/?page_id=377\">PLAN DE IGUALDAD<\/a><\/strong><\/span><\/h6>\n<h6><span style=\"font-family: arial, helvetica, sans-serif\"><strong>25<\/strong>.-<strong><a href=\"https:\/\/blogsaverroes.juntadeandalucia.es\/plancentroelcastillo\/?page_id=385\">PLAN DE FORMACI\u00d3N DEL PROFESORADO<\/a><\/strong><\/span><\/h6>\n<h6><span style=\"font-family: arial, helvetica, sans-serif\"><strong>26<\/strong>.-<strong><a href=\"https:\/\/blogsaverroes.juntadeandalucia.es\/plancentroelcastillo\/?page_id=387\">DESARROLLO DE PLANES Y PROGRAMAS EDUCATIVOS<\/a><\/strong><\/span><\/h6>\n<p>&nbsp;<\/p>\n","protected":false},"excerpt":{"rendered":"<p>Apartados del Proyecto Educativo: 1.-INTRODUCCI\u00d3N 2.-L\u00cdNEAS GENERALES DE ACTUACI\u00d3N PEDAG\u00d3GICA 3.-OBJETIVOS PARA LA MEJORA DEL RENDIMIENTO ESCOLAR 4.-OBJETIVOS EDUCATIVOS PARA LA ETAPA DE EDUC. INFANTIL 5.-OBJETIVOS POR \u00c1REAS 6.-.CONTENIDOS, CRITERIOS EVALUACI\u00d3N Y EST\u00c1NDARES DE&#46;&#46;&#46;<\/p>\n","protected":false},"author":3249,"featured_media":0,"parent":0,"menu_order":2,"comment_status":"closed","ping_status":"closed","template":"","meta":{"ngg_post_thumbnail":0,"footnotes":""},"aioseo_notices":[],"_links":{"self":[{"href":"https:\/\/blogsaverroes.juntadeandalucia.es\/plancentroelcastillo\/index.php?rest_route=\/wp\/v2\/pages\/15"}],"collection":[{"href":"https:\/\/blogsaverroes.juntadeandalucia.es\/plancentroelcastillo\/index.php?rest_route=\/wp\/v2\/pages"}],"about":[{"href":"https:\/\/blogsaverroes.juntadeandalucia.es\/plancentroelcastillo\/index.php?rest_route=\/wp\/v2\/types\/page"}],"author":[{"embeddable":true,"href":"https:\/\/blogsaverroes.juntadeandalucia.es\/plancentroelcastillo\/index.php?rest_route=\/wp\/v2\/users\/3249"}],"replies":[{"embeddable":true,"href":"https:\/\/blogsaverroes.juntadeandalucia.es\/plancentroelcastillo\/index.php?rest_route=%2Fwp%2Fv2%2Fcomments&post=15"}],"version-history":[{"count":12,"href":"https:\/\/blogsaverroes.juntadeandalucia.es\/plancentroelcastillo\/index.php?rest_route=\/wp\/v2\/pages\/15\/revisions"}],"predecessor-version":[{"id":765,"href":"https:\/\/blogsaverroes.juntadeandalucia.es\/plancentroelcastillo\/index.php?rest_route=\/wp\/v2\/pages\/15\/revisions\/765"}],"wp:attachment":[{"href":"https:\/\/blogsaverroes.juntadeandalucia.es\/plancentroelcastillo\/index.php?rest_route=%2Fwp%2Fv2%2Fmedia&parent=15"}],"curies":[{"name":"wp","href":"https:\/\/api.w.org\/{rel}","templated":true}]}}