{"id":19,"date":"2018-10-28T20:57:40","date_gmt":"2018-10-28T20:57:40","guid":{"rendered":"https:\/\/blogsaverroes.juntadeandalucia.es\/plancentroelcastillo\/?page_id=19"},"modified":"2023-08-11T17:03:26","modified_gmt":"2023-08-11T17:03:26","slug":"inicio","status":"publish","type":"page","link":"https:\/\/blogsaverroes.juntadeandalucia.es\/plancentroelcastillo\/","title":{"rendered":"INICIO"},"content":{"rendered":"<h3 style=\"text-align: right\"><a href=\"https:\/\/blogsaverroes.juntadeandalucia.es\/eielcastillo\/\">Vuelve a la web del centro<\/a><\/h3>\n<p style=\"text-align: justify\"><strong><span style=\"font-family: arial, helvetica, sans-serif\"><span style=\"font-size: 18pt\"><a href=\"https:\/\/blogsaverroes.juntadeandalucia.es\/plancentroelcastillo\/files\/2021\/08\/PlanCentro_23000891_junio2021.pdf\"><img loading=\"lazy\" decoding=\"async\" class=\"size-medium wp-image-927 alignleft\" src=\"https:\/\/blogsaverroes.juntadeandalucia.es\/plancentroelcastillo\/files\/2021\/08\/Imagen_portadaPlanCentro-208x300.jpg\" alt=\"\" width=\"208\" height=\"300\" srcset=\"https:\/\/blogsaverroes.juntadeandalucia.es\/plancentroelcastillo\/files\/2021\/08\/Imagen_portadaPlanCentro-208x300.jpg 208w, https:\/\/blogsaverroes.juntadeandalucia.es\/plancentroelcastillo\/files\/2021\/08\/Imagen_portadaPlanCentro-711x1024.jpg 711w, https:\/\/blogsaverroes.juntadeandalucia.es\/plancentroelcastillo\/files\/2021\/08\/Imagen_portadaPlanCentro-768x1107.jpg 768w, https:\/\/blogsaverroes.juntadeandalucia.es\/plancentroelcastillo\/files\/2021\/08\/Imagen_portadaPlanCentro-1066x1536.jpg 1066w, https:\/\/blogsaverroes.juntadeandalucia.es\/plancentroelcastillo\/files\/2021\/08\/Imagen_portadaPlanCentro.jpg 1110w\" sizes=\"(max-width: 208px) 100vw, 208px\" \/><\/a>&nbsp; En sesi\u00f3n de fecha 28 de junio de 2021, fue aprobada por el consejo escolar la modificaci\u00f3n\/actualizaci\u00f3n del Plan de Centro. Previamente en claustro se hab\u00edan aceptado todos los aspectos que son propios de este \u00f3rgano colegiado.<br \/>\n<\/span><\/span><\/strong><\/p>\n<p>&nbsp;<\/p>\n<p style=\"text-align: justify\"><strong><span style=\"font-family: arial, helvetica, sans-serif\"><span style=\"font-size: 18pt\">Puede consultarse en esta web, visitando cada uno de los apartados, tambi\u00e9n est\u00e1 disponible en formato pdf, haz clic sobre la imagen <a href=\"https:\/\/blogsaverroes.juntadeandalucia.es\/plancentroelcastillo\/files\/2021\/08\/PlanCentro_23000891_junio2021.pdf\">o sobre este enlace.<\/a><\/span><br \/>\n<\/span><\/strong><\/p>\n<p style=\"text-align: justify\"><strong><span style=\"font-family: arial, helvetica, sans-serif\"><span style=\"font-size: 18pt\">&nbsp;<\/span><\/span><\/strong><\/p>\n<p style=\"text-align: justify\"><strong><span style=\"font-family: arial, helvetica, sans-serif\"><span style=\"font-size: 18pt;color: #ff0000\"> El actual plan de Centro est\u00e1 pendiente de revisi\u00f3n a lo largo del curso 2023\/24, seg\u00fan se deja constancia en la Memoria de Autoevaluaci\u00f3n 2022\/23.<\/span><br \/>\n<\/span><\/strong><\/p>\n<p>&nbsp;<\/p>\n<p>&nbsp;<\/p>\n<h3 style=\"text-align: right\"><a href=\"https:\/\/blogsaverroes.juntadeandalucia.es\/eielcastillo\/\">Vuelve a la web del centro<\/a><\/h3>\n<h2>&nbsp;<\/h2>\n<h2><span style=\"color: #800000\">&nbsp;<\/span><\/h2>\n","protected":false},"excerpt":{"rendered":"<p>Vuelve a la web del centro &nbsp; En sesi\u00f3n de fecha 28 de junio de 2021, fue aprobada por el consejo escolar la modificaci\u00f3n\/actualizaci\u00f3n del Plan de Centro. Previamente en claustro se hab\u00edan aceptado&#46;&#46;&#46;<\/p>\n","protected":false},"author":3249,"featured_media":0,"parent":0,"menu_order":1,"comment_status":"closed","ping_status":"closed","template":"","meta":{"ngg_post_thumbnail":0,"footnotes":""},"aioseo_notices":[],"_links":{"self":[{"href":"https:\/\/blogsaverroes.juntadeandalucia.es\/plancentroelcastillo\/index.php?rest_route=\/wp\/v2\/pages\/19"}],"collection":[{"href":"https:\/\/blogsaverroes.juntadeandalucia.es\/plancentroelcastillo\/index.php?rest_route=\/wp\/v2\/pages"}],"about":[{"href":"https:\/\/blogsaverroes.juntadeandalucia.es\/plancentroelcastillo\/index.php?rest_route=\/wp\/v2\/types\/page"}],"author":[{"embeddable":true,"href":"https:\/\/blogsaverroes.juntadeandalucia.es\/plancentroelcastillo\/index.php?rest_route=\/wp\/v2\/users\/3249"}],"replies":[{"embeddable":true,"href":"https:\/\/blogsaverroes.juntadeandalucia.es\/plancentroelcastillo\/index.php?rest_route=%2Fwp%2Fv2%2Fcomments&post=19"}],"version-history":[{"count":24,"href":"https:\/\/blogsaverroes.juntadeandalucia.es\/plancentroelcastillo\/index.php?rest_route=\/wp\/v2\/pages\/19\/revisions"}],"predecessor-version":[{"id":942,"href":"https:\/\/blogsaverroes.juntadeandalucia.es\/plancentroelcastillo\/index.php?rest_route=\/wp\/v2\/pages\/19\/revisions\/942"}],"wp:attachment":[{"href":"https:\/\/blogsaverroes.juntadeandalucia.es\/plancentroelcastillo\/index.php?rest_route=%2Fwp%2Fv2%2Fmedia&parent=19"}],"curies":[{"name":"wp","href":"https:\/\/api.w.org\/{rel}","templated":true}]}}