{"id":22,"date":"2018-10-28T20:58:53","date_gmt":"2018-10-28T20:58:53","guid":{"rendered":"https:\/\/blogsaverroes.juntadeandalucia.es\/plancentroelcastillo\/?page_id=22"},"modified":"2021-07-23T09:38:06","modified_gmt":"2021-07-23T09:38:06","slug":"reglamento-de-organizacion-y-funcionamiento","status":"publish","type":"page","link":"https:\/\/blogsaverroes.juntadeandalucia.es\/plancentroelcastillo\/?page_id=22","title":{"rendered":"R.O.F."},"content":{"rendered":"<p><span style=\"color: #800000;font-family: verdana, geneva, sans-serif;font-size: 14pt\"><strong>Apartados del Reglamento de Organizaci\u00f3n y Funcionamiento (ROF):<\/strong><\/span><\/p>\n<p>&nbsp;<\/p>\n<p><span style=\"font-family: verdana, geneva, sans-serif\"><strong><a href=\"https:\/\/blogsaverroes.juntadeandalucia.es\/plancentroelcastillo\/?page_id=471\">INTRODUCCI\u00d3N<\/a><\/strong><\/span><\/p>\n<p>&nbsp;<\/p>\n<p><span style=\"font-family: verdana, geneva, sans-serif\"><strong><a href=\"https:\/\/blogsaverroes.juntadeandalucia.es\/plancentroelcastillo\/?page_id=473\">TITULO PRIMERO<\/a>. \u00abCAUCES DE PARTICIPACI\u00d3N DE LOS DISTINTOS SECTORES DE LA COMUNIDAD EDUCATIVA\u00bb.<\/strong><\/span><\/p>\n<p style=\"padding-left: 40px\"><span style=\"font-family: verdana, geneva, sans-serif\"><strong><a href=\"https:\/\/blogsaverroes.juntadeandalucia.es\/plancentroelcastillo\/?page_id=401\">CAP\u00cdTULO I<\/a>.<\/strong> PARTICIPACI\u00d3N DEL PROFESORADO<\/span><\/p>\n<p style=\"padding-left: 40px\"><span style=\"font-family: verdana, geneva, sans-serif\"><a href=\"https:\/\/blogsaverroes.juntadeandalucia.es\/plancentroelcastillo\/?page_id=403\"><strong>CAP\u00cdTULO II<\/strong><\/a><strong>.<\/strong> PARTICIPACI\u00d3N DE LAS FAMILIAS.<\/span><\/p>\n<p style=\"padding-left: 40px\"><span style=\"font-family: verdana, geneva, sans-serif\"><a href=\"https:\/\/blogsaverroes.juntadeandalucia.es\/plancentroelcastillo\/?page_id=405\"><strong>CAP\u00cdTULO III<\/strong><\/a>. PARTICIPACI\u00d3N DEL ALUMNADO.<\/span><\/p>\n<p style=\"padding-left: 40px\"><span style=\"font-family: verdana, geneva, sans-serif\"><a href=\"https:\/\/blogsaverroes.juntadeandalucia.es\/plancentroelcastillo\/?page_id=407\"><strong>CAP\u00cdTULO IV<\/strong><\/a>. PARTICIPACI\u00d3N DEL PERSONAL NO DOCENTE.<\/span><\/p>\n<p style=\"padding-left: 40px\"><span style=\"font-family: verdana, geneva, sans-serif\"><a href=\"https:\/\/blogsaverroes.juntadeandalucia.es\/plancentroelcastillo\/?page_id=409\"><strong>CAP\u00cdTULO V<\/strong>.<\/a> PARTICIPACI\u00d3N DE ORGANISMOS P\u00daBLICOS Y PRIVADOS.<\/span><\/p>\n<p>&nbsp;<\/p>\n<p><span style=\"font-family: verdana, geneva, sans-serif\"><strong><a href=\"https:\/\/blogsaverroes.juntadeandalucia.es\/plancentroelcastillo\/?page_id=480\">T\u00cdTULO SEGUNDO<\/a>. \u00abORGANOS DE GOBIERNO DEL CENTRO\u00bb<\/strong><\/span><\/p>\n<p style=\"padding-left: 40px\"><span style=\"font-family: verdana, geneva, sans-serif\"><a href=\"https:\/\/blogsaverroes.juntadeandalucia.es\/plancentroelcastillo\/?page_id=411\"><strong>CAP\u00cdTULO I<\/strong><\/a><strong>.<\/strong> \u00d3RGANOS COLEGIADOS.<\/span><\/p>\n<p style=\"padding-left: 40px\"><span style=\"font-family: verdana, geneva, sans-serif\"><a href=\"https:\/\/blogsaverroes.juntadeandalucia.es\/plancentroelcastillo\/?page_id=413\"><strong>CAP\u00cdTULO II<\/strong><\/a><strong>.<\/strong> EL EQUIPO DIRECTIVO.<\/span><\/p>\n<p style=\"padding-left: 40px\"><span style=\"font-family: verdana, geneva, sans-serif\"><a href=\"https:\/\/blogsaverroes.juntadeandalucia.es\/plancentroelcastillo\/?page_id=415\"><strong>CAP\u00cdTULO III<\/strong><\/a>. \u00d3RGANOS UNIPERSONALES.<\/span><\/p>\n<p>&nbsp;<\/p>\n<p><span style=\"font-family: verdana, geneva, sans-serif\"><strong><a href=\"https:\/\/blogsaverroes.juntadeandalucia.es\/plancentroelcastillo\/?page_id=483\">T\u00cdTULO TERCERO.<\/a> \u00ab\u00d3RGANOS DE COORDINACI\u00d3N DOCENTE\u00bb<\/strong><\/span><\/p>\n<p style=\"padding-left: 40px\"><span style=\"font-family: verdana, geneva, sans-serif\"><a href=\"https:\/\/blogsaverroes.juntadeandalucia.es\/plancentroelcastillo\/?page_id=417\"><strong>CAP\u00cdTULO I<\/strong><strong>.<\/strong> <\/a>SOBRE LOS DISTINTOS \u00d3RGANOS DE COORDINACI\u00d3N<\/span><\/p>\n<p>&nbsp;<\/p>\n<p><span style=\"font-family: verdana, geneva, sans-serif\"><strong><a href=\"https:\/\/blogsaverroes.juntadeandalucia.es\/plancentroelcastillo\/?page_id=488\">T\u00cdTULO CUARTO<\/a>.&nbsp; \u00abTRANSPARENCIA EN LA GESTI\u00d3N Y DESARROLLO DE PROCESOS<br \/>\n<\/strong><\/span><\/p>\n<p style=\"padding-left: 40px\"><span style=\"font-family: verdana, geneva, sans-serif\"><a href=\"https:\/\/blogsaverroes.juntadeandalucia.es\/plancentroelcastillo\/?page_id=421\"><strong>CAP\u00cdTULO I<\/strong><\/a>. EN EL PROCESO DE ESCOLARIZACI\u00d3N<br \/>\n<\/span><\/p>\n<p style=\"padding-left: 40px\"><span style=\"font-family: verdana, geneva, sans-serif\"><strong><a href=\"https:\/\/blogsaverroes.juntadeandalucia.es\/plancentroelcastillo\/?page_id=423\">CAP\u00cdTULO II<\/a>.<\/strong> SOBRE LA EVALUACI\u00d3N DEL ALUMNADO.<\/span><\/p>\n<p style=\"padding-left: 40px\"><span style=\"font-family: verdana, geneva, sans-serif\"><strong><a href=\"https:\/\/blogsaverroes.juntadeandalucia.es\/plancentroelcastillo\/?page_id=423\">CAP\u00cdTULO II<\/a>.<\/strong> EN LA COORDINACI\u00d3N DOCENTE<br \/>\n<\/span><\/p>\n<p style=\"padding-left: 40px\"><span style=\"font-family: verdana, geneva, sans-serif\"><strong><a href=\"https:\/\/blogsaverroes.juntadeandalucia.es\/plancentroelcastillo\/?page_id=423\">CAP\u00cdTULO II<\/a>.<\/strong> EN LOS ACUERDOS Y DECISIONES DE LOS \u00d3RGANOS DE GOBIERNO<br \/>\n<\/span><\/p>\n<p>&nbsp;<\/p>\n<p><span style=\"font-family: verdana, geneva, sans-serif\"><strong><a href=\"https:\/\/blogsaverroes.juntadeandalucia.es\/plancentroelcastillo\/?page_id=493\">T\u00cdTULO QUINTO<\/a>. \u00abRELACI\u00d3N CENTRO-COMUNIDAD: CONVIVENCIA, DERECHOS Y DEBERES, NORMATIVA INTERNA.<\/strong><\/span><\/p>\n<p style=\"padding-left: 40px\"><span style=\"font-family: verdana, geneva, sans-serif\"><a href=\"https:\/\/blogsaverroes.juntadeandalucia.es\/plancentroelcastillo\/?page_id=497\"><strong>CAP\u00cdTULO I<\/strong><\/a>. RELACI\u00d3N CENTRO-COMUNIDAD<\/span><\/p>\n<p style=\"padding-left: 40px\"><span style=\"font-family: verdana, geneva, sans-serif\"><a href=\"https:\/\/blogsaverroes.juntadeandalucia.es\/plancentroelcastillo\/?page_id=427\"><strong>CAP\u00cdTULO II<\/strong><\/a>. LA CONVIVENCIA.<\/span><\/p>\n<p style=\"padding-left: 40px\"><span style=\"font-family: verdana, geneva, sans-serif\"><a href=\"https:\/\/blogsaverroes.juntadeandalucia.es\/plancentroelcastillo\/?page_id=429\"><strong>CAP\u00cdTULO III<\/strong><\/a><strong>.<\/strong> DERECHOS Y DEBERES.<\/span><\/p>\n<p style=\"padding-left: 40px\"><span style=\"font-family: verdana, geneva, sans-serif\"><a href=\"https:\/\/blogsaverroes.juntadeandalucia.es\/plancentroelcastillo\/?page_id=431\"><strong>CAP\u00cdTULO IV<\/strong><\/a><strong>.<\/strong> NORMATIVA INTERNA DE ORGANIZACI\u00d3N Y FUNCIONAMIENTO.<\/span><\/p>\n<p style=\"padding-left: 40px\"><span style=\"font-family: verdana, geneva, sans-serif\"><a href=\"https:\/\/blogsaverroes.juntadeandalucia.es\/plancentroelcastillo\/?page_id=433\"><strong>CAP\u00cdTULO V<\/strong><\/a>. ACTOS INFORMATIVOS Y ACAD\u00c9MICOS.<\/span><\/p>\n<p>&nbsp;<\/p>\n<p><span style=\"font-family: verdana, geneva, sans-serif\"><strong><a href=\"https:\/\/blogsaverroes.juntadeandalucia.es\/plancentroelcastillo\/?page_id=504\">T\u00cdTULO SEXTO.<\/a> \u00abACTUACI\u00d3N ANTE SITUACIONES DE PROGENITORES SEPARADOS, DIVORCIADOS, &#8230;\u00bb<\/strong><\/span><\/p>\n<p style=\"padding-left: 40px\"><span style=\"font-family: verdana, geneva, sans-serif\"><a href=\"https:\/\/blogsaverroes.juntadeandalucia.es\/plancentroelcastillo\/?page_id=508\"><strong>CAP\u00cdTULO I.<\/strong><\/a> DOCUMENTACI\u00d3N Y REGISTRO DE DATOS.<\/span><\/p>\n<p style=\"padding-left: 40px\"><span style=\"font-family: verdana, geneva, sans-serif\"><a href=\"https:\/\/blogsaverroes.juntadeandalucia.es\/plancentroelcastillo\/?page_id=512\"><strong>CAP\u00cdTULO II<\/strong>.<\/a> ACTUACI\u00d3N SECRETAR\u00cdA-DIRECCI\u00d3N.<\/span><\/p>\n<p>&nbsp;<\/p>\n<p><span style=\"font-family: verdana, geneva, sans-serif\"><strong><a href=\"https:\/\/blogsaverroes.juntadeandalucia.es\/plancentroelcastillo\/?page_id=516\">T\u00cdTULO S\u00c9PTIMO.<\/a> \u00abESPACIOS, INSTALACIONES Y RECURSOS DEL CENTRO\u00bb<\/strong><\/span><\/p>\n<p style=\"padding-left: 40px\"><span style=\"font-family: verdana, geneva, sans-serif\"><a href=\"https:\/\/blogsaverroes.juntadeandalucia.es\/plancentroelcastillo\/?page_id=435\"><strong>CAP\u00cdTULO I.<\/strong><\/a> DEPENDENCIAS.<\/span><\/p>\n<p style=\"padding-left: 40px\"><span style=\"font-family: verdana, geneva, sans-serif\"><a href=\"https:\/\/blogsaverroes.juntadeandalucia.es\/plancentroelcastillo\/?page_id=437\"><strong>CAP\u00cdTULO II<\/strong><\/a>. RECURSOS MATERIALES.<\/span><\/p>\n<p>&nbsp;<\/p>\n<p><span style=\"font-family: verdana, geneva, sans-serif\"><strong><a href=\"https:\/\/blogsaverroes.juntadeandalucia.es\/plancentroelcastillo\/?page_id=523\">T\u00cdTULO OCTAVO.<\/a> \u00abASPECTOS RELACIONADOS CON LA SEGURIDAD, EL ORDEN Y&nbsp; LA PRIVACIDAD\u00bb<\/strong><\/span><\/p>\n<p style=\"padding-left: 40px\"><span style=\"font-family: verdana, geneva, sans-serif\"><a href=\"https:\/\/blogsaverroes.juntadeandalucia.es\/plancentroelcastillo\/?page_id=439\"><strong>CAP\u00cdTULO I<\/strong><\/a>. SOBRE EL USO DE TEL\u00c9FONOS, RECURSOS TIC, DATOS PERSONALES E IM\u00c1GENES.<\/span><\/p>\n<p style=\"padding-left: 30px\">&nbsp;<\/p>\n<p><span style=\"font-family: verdana, geneva, sans-serif\"><strong><a href=\"https:\/\/blogsaverroes.juntadeandalucia.es\/plancentroelcastillo\/?page_id=445\">T\u00cdTULO NOVENO.<\/a> \u00abACTUACIONES EN RELACI\u00d3N AL PLAN DE AUTOPROTECCI\u00d3N\u00bb<\/strong><\/span><\/p>\n<p style=\"padding-left: 40px\"><span style=\"font-family: verdana, geneva, sans-serif\"><a href=\"https:\/\/blogsaverroes.juntadeandalucia.es\/plancentroelcastillo\/?page_id=577\"><strong>CAP\u00cdTULO I<\/strong>.<\/a> ACTUACIONES RELATIVAS AL PLAN.<\/span><\/p>\n<p>&nbsp;<\/p>\n<p><span style=\"font-family: verdana, geneva, sans-serif\"><strong><a href=\"https:\/\/blogsaverroes.juntadeandalucia.es\/plancentroelcastillo\/?page_id=594\">T\u00cdTULO D\u00c9CIMO<\/a>. \u00abTRATAMIENTO DE LA COMUNICACI\u00d3N Y LA INFORMACI\u00d3N\u00bb<\/strong><\/span><\/p>\n<p style=\"padding-left: 40px\"><span style=\"font-family: verdana, geneva, sans-serif\"><a href=\"https:\/\/blogsaverroes.juntadeandalucia.es\/plancentroelcastillo\/?page_id=449\"><strong>CAP\u00cdTULO I<\/strong>.<\/a> LA COMUNICACI\u00d3N ENTRE LOS DIFERENTES&nbsp; SECTORES.<\/span><\/p>\n<p style=\"padding-left: 30px\"><span style=\"font-family: verdana, geneva, sans-serif\"><strong><a href=\"https:\/\/blogsaverroes.juntadeandalucia.es\/plancentroelcastillo\/?page_id=451\">CAP\u00cdTULO II<\/a>.<\/strong> BASES DE DATOS Y ESPACIOS VIRTUALES.<br \/>\n<\/span><\/p>\n<p>&nbsp;<\/p>\n<p><span style=\"font-family: verdana, geneva, sans-serif\"><strong><a href=\"https:\/\/blogsaverroes.juntadeandalucia.es\/plancentroelcastillo\/?page_id=447\">T\u00cdTULO D\u00c9CIMO.<\/a> \u00abUNIFORME ESCOLARY OTRA INDUMENTARIA COM\u00daN\u00bb<\/strong><\/span><\/p>\n<p style=\"padding-left: 40px\"><span style=\"font-family: verdana, geneva, sans-serif\"><a href=\"https:\/\/blogsaverroes.juntadeandalucia.es\/plancentroelcastillo\/?page_id=588\"><strong>CAP\u00cdTULO I.<\/strong><\/a>&nbsp; SELECCI\u00d3N, COMERCIALIZACI\u00d3N, MODELO, ETC<\/span><\/p>\n<p>&nbsp;<\/p>\n","protected":false},"excerpt":{"rendered":"<p>Apartados del Reglamento de Organizaci\u00f3n y Funcionamiento (ROF): &nbsp; INTRODUCCI\u00d3N &nbsp; TITULO PRIMERO. \u00abCAUCES DE PARTICIPACI\u00d3N DE LOS DISTINTOS SECTORES DE LA COMUNIDAD EDUCATIVA\u00bb. CAP\u00cdTULO I. PARTICIPACI\u00d3N DEL PROFESORADO CAP\u00cdTULO II. PARTICIPACI\u00d3N DE LAS&#46;&#46;&#46;<\/p>\n","protected":false},"author":3249,"featured_media":0,"parent":0,"menu_order":3,"comment_status":"closed","ping_status":"closed","template":"","meta":{"ngg_post_thumbnail":0,"footnotes":""},"aioseo_notices":[],"_links":{"self":[{"href":"https:\/\/blogsaverroes.juntadeandalucia.es\/plancentroelcastillo\/index.php?rest_route=\/wp\/v2\/pages\/22"}],"collection":[{"href":"https:\/\/blogsaverroes.juntadeandalucia.es\/plancentroelcastillo\/index.php?rest_route=\/wp\/v2\/pages"}],"about":[{"href":"https:\/\/blogsaverroes.juntadeandalucia.es\/plancentroelcastillo\/index.php?rest_route=\/wp\/v2\/types\/page"}],"author":[{"embeddable":true,"href":"https:\/\/blogsaverroes.juntadeandalucia.es\/plancentroelcastillo\/index.php?rest_route=\/wp\/v2\/users\/3249"}],"replies":[{"embeddable":true,"href":"https:\/\/blogsaverroes.juntadeandalucia.es\/plancentroelcastillo\/index.php?rest_route=%2Fwp%2Fv2%2Fcomments&post=22"}],"version-history":[{"count":23,"href":"https:\/\/blogsaverroes.juntadeandalucia.es\/plancentroelcastillo\/index.php?rest_route=\/wp\/v2\/pages\/22\/revisions"}],"predecessor-version":[{"id":828,"href":"https:\/\/blogsaverroes.juntadeandalucia.es\/plancentroelcastillo\/index.php?rest_route=\/wp\/v2\/pages\/22\/revisions\/828"}],"wp:attachment":[{"href":"https:\/\/blogsaverroes.juntadeandalucia.es\/plancentroelcastillo\/index.php?rest_route=%2Fwp%2Fv2%2Fmedia&parent=22"}],"curies":[{"name":"wp","href":"https:\/\/api.w.org\/{rel}","templated":true}]}}