{"id":24,"date":"2018-10-28T20:59:40","date_gmt":"2018-10-28T20:59:40","guid":{"rendered":"https:\/\/blogsaverroes.juntadeandalucia.es\/plancentroelcastillo\/?page_id=24"},"modified":"2023-08-11T17:05:46","modified_gmt":"2023-08-11T17:05:46","slug":"proyecto-de-gestion","status":"publish","type":"page","link":"https:\/\/blogsaverroes.juntadeandalucia.es\/plancentroelcastillo\/?page_id=24","title":{"rendered":"PROYECTO GESTI\u00d3N"},"content":{"rendered":"<h3><strong>Apartados del Proyecto de Gesti\u00f3n:<\/strong><\/h3>\n<h6>&nbsp;<\/h6>\n<h6><b>1.-PRESUPUESTO ANUAL DEL CENTRO , CRITERIOS,&#8230;. &nbsp;&nbsp;&nbsp;&nbsp;&nbsp;<\/b><\/h6>\n<h6><b>&nbsp;&nbsp;&nbsp; &nbsp;&nbsp;&nbsp;&nbsp;&nbsp;&nbsp;&nbsp;&nbsp; &nbsp;&nbsp;&nbsp;&nbsp;&nbsp;&nbsp;&nbsp;&nbsp;&nbsp;&nbsp;&nbsp;&nbsp;&nbsp;&nbsp;&nbsp;&nbsp;&nbsp;&nbsp;&nbsp;&nbsp;&nbsp;&nbsp;&nbsp;&nbsp;&nbsp;&nbsp;&nbsp;&nbsp;&nbsp;&nbsp;&nbsp; <\/b><\/h6>\n<h6><b>2.-GESTI\u00d3N DE AUSENCIAS DEL PROFESORADO. <\/b><\/h6>\n<p>&nbsp;<\/p>\n<h6><b>3.-CONSERVACI\u00d3N Y RENOVACI\u00d3N DE LAS INSTALACIONES Y DEL EQUIPAMIENTO ESCOLAR. <\/b><\/h6>\n<p>&nbsp;<\/p>\n<h6><b>4.-<\/b><b>INGRESOS DISTINTOS A LOS RECIBIDOS DE LA CONSEJER\u00cdA.<\/b><\/h6>\n<h6>&nbsp;<\/h6>\n<h6><strong>5.-<\/strong><b>INVENTARIO ANUAL GENERAL DEL CENTRO. <\/b><\/h6>\n<p>&nbsp;<\/p>\n<h6><b>6.-CRITERIOS PARA UNA GESTI\u00d3N SOSTENIBLE DE LOS RECURSOS DEL CENTRO Y DE LOS RESIDUOS QUE, EN TODO CASO, SER\u00c1 EFICIENTE Y COMPATIBLE CON LA CONSERVACI\u00d3N DEL MEDIO AMBIENTE. <\/b><\/h6>\n<p><b>&nbsp;<\/b><\/p>\n<h6><b>7.- <\/b><b>CRITERIOS PARA LA GESTION, ORGANIZACI\u00d3N, PLANIFICACI\u00d3N Y DESARROLLO DE ACTIVIDADES COMPLEMENTARIAS Y EXTRAESCOLARES<\/b><\/h6>\n<p>&nbsp;<\/p>\n","protected":false},"excerpt":{"rendered":"<p>Apartados del Proyecto de Gesti\u00f3n: &nbsp; 1.-PRESUPUESTO ANUAL DEL CENTRO , CRITERIOS,&#8230;. &nbsp;&nbsp;&nbsp;&nbsp;&nbsp; &nbsp;&nbsp;&nbsp; &nbsp;&nbsp;&nbsp;&nbsp;&nbsp;&nbsp;&nbsp;&nbsp; &nbsp;&nbsp;&nbsp;&nbsp;&nbsp;&nbsp;&nbsp;&nbsp;&nbsp;&nbsp;&nbsp;&nbsp;&nbsp;&nbsp;&nbsp;&nbsp;&nbsp;&nbsp;&nbsp;&nbsp;&nbsp;&nbsp;&nbsp;&nbsp;&nbsp;&nbsp;&nbsp;&nbsp;&nbsp;&nbsp;&nbsp; 2.-GESTI\u00d3N DE AUSENCIAS DEL PROFESORADO. &nbsp; 3.-CONSERVACI\u00d3N Y RENOVACI\u00d3N DE LAS INSTALACIONES Y DEL EQUIPAMIENTO ESCOLAR. &nbsp; 4.-INGRESOS&#46;&#46;&#46;<\/p>\n","protected":false},"author":3249,"featured_media":0,"parent":0,"menu_order":4,"comment_status":"closed","ping_status":"closed","template":"","meta":{"ngg_post_thumbnail":0,"footnotes":""},"aioseo_notices":[],"_links":{"self":[{"href":"https:\/\/blogsaverroes.juntadeandalucia.es\/plancentroelcastillo\/index.php?rest_route=\/wp\/v2\/pages\/24"}],"collection":[{"href":"https:\/\/blogsaverroes.juntadeandalucia.es\/plancentroelcastillo\/index.php?rest_route=\/wp\/v2\/pages"}],"about":[{"href":"https:\/\/blogsaverroes.juntadeandalucia.es\/plancentroelcastillo\/index.php?rest_route=\/wp\/v2\/types\/page"}],"author":[{"embeddable":true,"href":"https:\/\/blogsaverroes.juntadeandalucia.es\/plancentroelcastillo\/index.php?rest_route=\/wp\/v2\/users\/3249"}],"replies":[{"embeddable":true,"href":"https:\/\/blogsaverroes.juntadeandalucia.es\/plancentroelcastillo\/index.php?rest_route=%2Fwp%2Fv2%2Fcomments&post=24"}],"version-history":[{"count":6,"href":"https:\/\/blogsaverroes.juntadeandalucia.es\/plancentroelcastillo\/index.php?rest_route=\/wp\/v2\/pages\/24\/revisions"}],"predecessor-version":[{"id":944,"href":"https:\/\/blogsaverroes.juntadeandalucia.es\/plancentroelcastillo\/index.php?rest_route=\/wp\/v2\/pages\/24\/revisions\/944"}],"wp:attachment":[{"href":"https:\/\/blogsaverroes.juntadeandalucia.es\/plancentroelcastillo\/index.php?rest_route=%2Fwp%2Fv2%2Fmedia&parent=24"}],"curies":[{"name":"wp","href":"https:\/\/api.w.org\/{rel}","templated":true}]}}