{"id":299,"date":"2019-03-04T10:47:56","date_gmt":"2019-03-04T10:47:56","guid":{"rendered":"https:\/\/blogsaverroes.juntadeandalucia.es\/plancentroelcastillo\/?page_id=299"},"modified":"2021-07-17T17:23:56","modified_gmt":"2021-07-17T17:23:56","slug":"tratamiento-transversal-de-otros-contenidos","status":"publish","type":"page","link":"https:\/\/blogsaverroes.juntadeandalucia.es\/plancentroelcastillo\/?page_id=299","title":{"rendered":"TRATAMIENTO TRANSVERSAL DE  CONTENIDOS CON PLANES Y PROGRAMAS EDUCATIVOS"},"content":{"rendered":"<p style=\"text-align: justify\"><span style=\"font-family: verdana, geneva, sans-serif\">&nbsp;&nbsp; Todos los contenidos relacionados con los distintos planes y programas educativos en los que cada curso participe el centro, se distribuir\u00e1n a lo largo de cada curso incluy\u00e9ndose tanto en las correspondientes propuestas pedag\u00f3gicas como en la programaciones de cada unidad did\u00e1ctica e integr\u00e1ndose en el curr\u00edculo.<\/span><\/p>\n<p style=\"text-align: justify\"><span style=\"font-family: verdana, geneva, sans-serif\">&nbsp;&nbsp; En esta actuaci\u00f3n en la que intervendr\u00e1n tanto los tutores y tutores de cada uno de los niveles como los responsables de los programas implicados, requerir\u00e1 de la coordinaci\u00f3n del responsable del Equipo de Ciclo de Infantil con la coordinaci\u00f3n de la jefatura de estudios y la supervisi\u00f3n de \u00e9ste.<\/span><\/p>\n<p style=\"text-align: justify\"><span style=\"font-family: verdana, geneva, sans-serif\">&nbsp;&nbsp; Trimestralmente se podr\u00e1 y deber\u00e1 realizar un seguimiento y control en el seno del claustro a partir de la evaluaci\u00f3n trimestral de la pr\u00e1ctica docente o de la consulta concreta planteada en sesi\u00f3n de trabajo.<\/span><\/p>\n<p style=\"text-align: justify\"><span style=\"font-family: verdana, geneva, sans-serif\">&nbsp;&nbsp; Los distintos&nbsp; responsables de planes y programas educativos facilitar\u00e1n al Equipo de Ciclo sus propuestas, <strong>estableciendo un plan de trabajo b\u00e1sico durante el mes de octubre.<\/strong><\/span><\/p>\n<p style=\"text-align: justify\"><span style=\"font-family: verdana, geneva, sans-serif\">&nbsp;&nbsp; Desde la jefatura de estudios se coordinar\u00e1n las oportunas actuaciones relacionadas con las actividades complementarias que se propongan peri\u00f3dicamente, debiendo los responsables de programas colaborar en la posible organizaci\u00f3n de dichas actividades. Igualmente desde la jefatura de estudios se recopilar\u00e1n aquellas propuestas que surjan desde AMPA, delegados\/as de madres y padres, etc, debiendo informar siempre al Equipo de Ciclo como \u00f3rgano de coordinaci\u00f3n docente.<\/span><\/p>\n<p style=\"text-align: justify\"><span style=\"font-family: verdana, geneva, sans-serif\">&nbsp;&nbsp; Desde el equipo de ciclo se coordinar\u00e1n las actuaciones relacionadas con la distribuci\u00f3n de contenidos concretos de planes y programas vigentes, actuaci\u00f3n que partir\u00e1 de&nbsp; las propuestas de cada responsable de programa.<\/span><\/p>\n<p style=\"text-align: justify\"><span style=\"font-family: verdana, geneva, sans-serif\">&nbsp;&nbsp; Adem\u00e1s de las actuaciones concretas relacionadas con los planes y programas en los que se participe oficialmente y aparezcan dados de alta en la aplicaci\u00f3n s\u00e9neca, se podr\u00e1n y deber\u00e1n planificar otras actuaciones dirigidas al alumnado, representativas&nbsp; y que sean de inter\u00e9s a nivel cultural, medioambiental y de promoci\u00f3n de la salud, si es que no se participa en ninguna de ellas a trav\u00e9s de planes y programas.<\/span><\/p>\n<p>&nbsp;<\/p>\n<p>&nbsp;<\/p>\n<p>&nbsp;<\/p>\n<p>&nbsp;<\/p>\n<p>Los contenidos relacionados con&nbsp; valores,&nbsp; h\u00e1bitos de vida saludable, cultura andaluza, cultura de paz, coeducaci\u00f3n, \u2026, se distribuir\u00e1n a lo largo de cada curso, concret\u00e1ndose a distintos niveles tanto en las correspondientes propuestas pedag\u00f3gicas como en la programaciones de cada unidad did\u00e1ctica, algunos de ellos quedan concretados y dise\u00f1ados&nbsp; en torno a&nbsp; programas espec\u00edficos y referenciados en este proyecto.<\/p>\n<p>Desde la jefatura de estudios y\/o coordinaci\u00f3n Equipo de Ciclo se coordinar\u00e1n las oportunas actuaciones relacionadas con las actividades complementarias&nbsp; que se propongan en relaci\u00f3n al tratamiento transversal; igualmente coordinar\u00e1 y supervisar\u00e1 la adecuada inclusi\u00f3n en las propuestas pedag\u00f3gicas.<\/p>\n<p>La responsable de coordinar al equipo de ciclo supervisar\u00e1 su inclusi\u00f3n en las programaciones did\u00e1cticas.<\/p>\n<p>Las actuaciones que se propongan respecto de los ejes referidos (valores, igualdad, vida saludable , cultura andaluza, &#8230;) podr\u00e1n adoptar los formatos que el claustro decida para cada curso.<\/p>\n<p>&nbsp;<\/p>\n<p>El equipo directivo propondr\u00e1 a la Asociaci\u00f3n de Madres y Padres de Alumnos\/as del centro la colaboraci\u00f3n en el desarrollo de actuaciones conjuntas que estimulen el tratamiento transversal de valores, igualdad, etc, a trav\u00e9s de la programaci\u00f3n de actividades complementarias.<\/p>\n<p>&nbsp;<\/p>\n","protected":false},"excerpt":{"rendered":"<p>&nbsp;&nbsp; Todos los contenidos relacionados con los distintos planes y programas educativos en los que cada curso participe el centro, se distribuir\u00e1n a lo largo de cada curso incluy\u00e9ndose tanto en las correspondientes propuestas&#46;&#46;&#46;<\/p>\n","protected":false},"author":3249,"featured_media":0,"parent":15,"menu_order":8,"comment_status":"closed","ping_status":"closed","template":"","meta":{"ngg_post_thumbnail":0,"footnotes":""},"aioseo_notices":[],"_links":{"self":[{"href":"https:\/\/blogsaverroes.juntadeandalucia.es\/plancentroelcastillo\/index.php?rest_route=\/wp\/v2\/pages\/299"}],"collection":[{"href":"https:\/\/blogsaverroes.juntadeandalucia.es\/plancentroelcastillo\/index.php?rest_route=\/wp\/v2\/pages"}],"about":[{"href":"https:\/\/blogsaverroes.juntadeandalucia.es\/plancentroelcastillo\/index.php?rest_route=\/wp\/v2\/types\/page"}],"author":[{"embeddable":true,"href":"https:\/\/blogsaverroes.juntadeandalucia.es\/plancentroelcastillo\/index.php?rest_route=\/wp\/v2\/users\/3249"}],"replies":[{"embeddable":true,"href":"https:\/\/blogsaverroes.juntadeandalucia.es\/plancentroelcastillo\/index.php?rest_route=%2Fwp%2Fv2%2Fcomments&post=299"}],"version-history":[{"count":4,"href":"https:\/\/blogsaverroes.juntadeandalucia.es\/plancentroelcastillo\/index.php?rest_route=\/wp\/v2\/pages\/299\/revisions"}],"predecessor-version":[{"id":788,"href":"https:\/\/blogsaverroes.juntadeandalucia.es\/plancentroelcastillo\/index.php?rest_route=\/wp\/v2\/pages\/299\/revisions\/788"}],"up":[{"embeddable":true,"href":"https:\/\/blogsaverroes.juntadeandalucia.es\/plancentroelcastillo\/index.php?rest_route=\/wp\/v2\/pages\/15"}],"wp:attachment":[{"href":"https:\/\/blogsaverroes.juntadeandalucia.es\/plancentroelcastillo\/index.php?rest_route=%2Fwp%2Fv2%2Fmedia&parent=299"}],"curies":[{"name":"wp","href":"https:\/\/api.w.org\/{rel}","templated":true}]}}