{"id":401,"date":"2019-03-20T09:42:31","date_gmt":"2019-03-20T09:42:31","guid":{"rendered":"https:\/\/blogsaverroes.juntadeandalucia.es\/plancentroelcastillo\/?page_id=401"},"modified":"2021-07-27T10:46:49","modified_gmt":"2021-07-27T10:46:49","slug":"participacion-del-profesorado","status":"publish","type":"page","link":"https:\/\/blogsaverroes.juntadeandalucia.es\/plancentroelcastillo\/?page_id=401","title":{"rendered":"PARTICIPACI\u00d3N DEL PROFESORADO"},"content":{"rendered":"<h5 style=\"text-align: justify\"><span style=\"font-family: verdana, geneva, sans-serif;font-size: 12pt\"><strong><span style=\"color: #0000ff\"><span style=\"text-decoration: underline\">ART\u00cdCULO 1<\/span>.Participaci\u00f3n activa<\/span><\/strong><\/span><\/h5>\n<p style=\"text-align: justify\"><span style=\"font-family: verdana, geneva, sans-serif\"><strong><span style=\"color: #ff0000\">1.<\/span>&#8211;<\/strong>El profesorado debe participar activamente en la estructura t\u00e9cnico-pedag\u00f3gica del centro.<\/span><\/p>\n<p style=\"text-align: justify\"><span style=\"font-family: verdana, geneva, sans-serif\"><span style=\"color: #ff0000\"><strong>2.-<\/strong><\/span>El profesorado colaborar\u00e1 en el ejercicio de las competencias y funciones que se establezcan en este reglamento y en general en la normativa vigente.<\/span><\/p>\n<h5 style=\"text-align: justify\"><span style=\"font-family: verdana, geneva, sans-serif;font-size: 12pt\"><strong><span style=\"color: #0000ff\"><span style=\"text-decoration: underline\">ART\u00cdCULO 2<\/span>. Esfuerzo global<\/span><\/strong><\/span><\/h5>\n<p style=\"text-align: justify\"><span style=\"font-family: verdana, geneva, sans-serif\"><strong><span style=\"color: #ff0000\">1.-<\/span><\/strong>La actividad desarrollada por el profesorado en nuestra Escuela se entender\u00e1 como esfuerzo global de todos los miembros del sector y no como suma de esfuerzos individuales.<\/span><\/p>\n<h5 style=\"text-align: justify\"><span style=\"font-family: verdana, geneva, sans-serif;font-size: 12pt\"><strong><span style=\"color: #0000ff\"><span style=\"text-decoration: underline\">ART\u00cdCULO 3<\/span>. Actitudes colaborativas<\/span><\/strong><\/span><\/h5>\n<p style=\"text-align: justify\"><span style=\"font-family: verdana, geneva, sans-serif\"><span style=\"color: #ff0000\"><strong>1.-<\/strong><\/span>Nuestro centro fomentar\u00e1 el desarrollo de actitudes favorables a la colaboraci\u00f3n entre el profesorado y exigir\u00e1 de cada miembro el cumplimiento de las tareas de modo responsable y cooperativo.<\/span><\/p>\n<h5 style=\"text-align: justify\"><span style=\"color: #0000ff;font-family: verdana, geneva, sans-serif;font-size: 12pt\"><strong><span style=\"text-decoration: underline\">ART\u00cdCULO 4<\/span>. En el consejo escolar<\/strong><\/span><\/h5>\n<p style=\"text-align: justify\"><span style=\"font-family: verdana, geneva, sans-serif\"><span style=\"color: #ff0000\"><strong>1.-<\/strong><\/span>El profesorado participar\u00e1 activamente en el consejo escolar, eligiendo sus representantes, con lo que ello conlleva, desde conocer la normativa electoral espec\u00edfica hasta participar e implicarse directamente y expresar y representar los distintos puntos de vista del profesorado.<\/span><\/p>\n<h5 style=\"text-align: justify\"><span style=\"font-family: verdana, geneva, sans-serif;font-size: 12pt\"><strong><span style=\"color: #0000ff\"><span style=\"text-decoration: underline\">ART\u00cdCULO 5<\/span>. En el claustro<\/span><\/strong><\/span><\/h5>\n<p style=\"text-align: justify\"><span style=\"font-family: verdana, geneva, sans-serif\"><strong><span style=\"color: #ff0000\">1.-<\/span><\/strong>El profesorado en cuanto miembro del claustro participar\u00e1 activamente en este \u00f3rgano, manifestando sus opiniones sobre los distintos temas y estudiando con anterioridad o posterioridad aquellos documentos propuestos en las convocatorias.<\/span><\/p>\n<h5 style=\"text-align: justify\"><span style=\"font-family: verdana, geneva, sans-serif;font-size: 12pt\"><strong><span style=\"color: #0000ff\"><span style=\"text-decoration: underline\">ART\u00cdCULO 6.<\/span> En los \u00f3rganos de coordinaci\u00f3n<\/span><\/strong><\/span><\/h5>\n<p style=\"text-align: justify\"><span style=\"font-family: verdana, geneva, sans-serif\"><strong><span style=\"color: #ff0000\">1.-<\/span><\/strong>La participaci\u00f3n del profesorado en los \u00f3rganos de coordinaci\u00f3n deber\u00e1 ser siempre activa, implic\u00e1ndose en la toma de decisiones, en el desarrollo de proyectos, en la puesta en pr\u00e1ctica del proyecto educativo de la Escuela, etc, en cualquier caso se estar\u00e1 a lo dispuesto en la normativa vigente y en los t\u00edtulos correspondientes de este reglamento.<\/span><\/p>\n<p style=\"text-align: justify\">&nbsp;<\/p>\n","protected":false},"excerpt":{"rendered":"<p>ART\u00cdCULO 1.Participaci\u00f3n activa 1.&#8211;El profesorado debe participar activamente en la estructura t\u00e9cnico-pedag\u00f3gica del centro. 2.-El profesorado colaborar\u00e1 en el ejercicio de las competencias y funciones que se establezcan en este reglamento y en general&#46;&#46;&#46;<\/p>\n","protected":false},"author":3249,"featured_media":0,"parent":473,"menu_order":1,"comment_status":"closed","ping_status":"closed","template":"","meta":{"ngg_post_thumbnail":0,"footnotes":""},"aioseo_notices":[],"_links":{"self":[{"href":"https:\/\/blogsaverroes.juntadeandalucia.es\/plancentroelcastillo\/index.php?rest_route=\/wp\/v2\/pages\/401"}],"collection":[{"href":"https:\/\/blogsaverroes.juntadeandalucia.es\/plancentroelcastillo\/index.php?rest_route=\/wp\/v2\/pages"}],"about":[{"href":"https:\/\/blogsaverroes.juntadeandalucia.es\/plancentroelcastillo\/index.php?rest_route=\/wp\/v2\/types\/page"}],"author":[{"embeddable":true,"href":"https:\/\/blogsaverroes.juntadeandalucia.es\/plancentroelcastillo\/index.php?rest_route=\/wp\/v2\/users\/3249"}],"replies":[{"embeddable":true,"href":"https:\/\/blogsaverroes.juntadeandalucia.es\/plancentroelcastillo\/index.php?rest_route=%2Fwp%2Fv2%2Fcomments&post=401"}],"version-history":[{"count":9,"href":"https:\/\/blogsaverroes.juntadeandalucia.es\/plancentroelcastillo\/index.php?rest_route=\/wp\/v2\/pages\/401\/revisions"}],"predecessor-version":[{"id":882,"href":"https:\/\/blogsaverroes.juntadeandalucia.es\/plancentroelcastillo\/index.php?rest_route=\/wp\/v2\/pages\/401\/revisions\/882"}],"up":[{"embeddable":true,"href":"https:\/\/blogsaverroes.juntadeandalucia.es\/plancentroelcastillo\/index.php?rest_route=\/wp\/v2\/pages\/473"}],"wp:attachment":[{"href":"https:\/\/blogsaverroes.juntadeandalucia.es\/plancentroelcastillo\/index.php?rest_route=%2Fwp%2Fv2%2Fmedia&parent=401"}],"curies":[{"name":"wp","href":"https:\/\/api.w.org\/{rel}","templated":true}]}}