{"id":407,"date":"2019-03-20T09:44:47","date_gmt":"2019-03-20T09:44:47","guid":{"rendered":"https:\/\/blogsaverroes.juntadeandalucia.es\/plancentroelcastillo\/?page_id=407"},"modified":"2021-07-27T12:28:17","modified_gmt":"2021-07-27T12:28:17","slug":"participacion-del-personal-no-docente","status":"publish","type":"page","link":"https:\/\/blogsaverroes.juntadeandalucia.es\/plancentroelcastillo\/?page_id=407","title":{"rendered":"PARTICIPACI\u00d3N DEL PERSONAL NO DOCENTE"},"content":{"rendered":"<h5 style=\"text-align: justify\"><span style=\"font-family: verdana, geneva, sans-serif;font-size: 12pt\"><strong><span style=\"color: #0000ff\"><span style=\"text-decoration: underline\">ART\u00cdCULO 15<\/span>.&nbsp; Actuaciones<\/span><\/strong><\/span><\/h5>\n<p style=\"text-align: justify\"><span style=\"font-family: verdana, geneva, sans-serif;font-size: 12pt\"><strong><span style=\"color: #ff0000\">1.-<\/span><\/strong>La participaci\u00f3n del personal no docente del centro en la vida de \u00e9ste y en el desarrollo de cualquier actividad se limitar\u00e1 en principio a lo establecido en la normativa o en sus correspondiente convenios.<\/span><\/p>\n<p style=\"text-align: justify\"><span style=\"font-family: verdana, geneva, sans-serif;font-size: 12pt\"><span style=\"color: #ff0000\"><strong>2.-<\/strong><\/span>Con el inicio de cada curso se acordar\u00e1 con el interesado\/a o con el responsable del organismo del que dependa, las tareas b\u00e1sicas a acometer durante el curso y se expresar\u00e1n en un breve dossier que ser\u00e1 conocido por el consejo escolar.<\/span><\/p>\n<p style=\"text-align: justify\"><span style=\"font-family: verdana, geneva, sans-serif;font-size: 12pt\"><span style=\"color: #ff0000\"><strong>3.-<\/strong><\/span>El personal no docente aportar\u00e1 a la direcci\u00f3n del centro cuantas sugerencias estime oportunas y est\u00e9n relacionadas con sus cometidos, \u00e9ste las valorar\u00e1 y adoptar\u00e1 las decisiones oportunas, transmiti\u00e9ndolas si fuese necesario.<\/span><\/p>\n<p style=\"text-align: justify\"><span style=\"font-family: verdana, geneva, sans-serif;font-size: 12pt\"><span style=\"color: #ff0000\"><strong>4.-<\/strong><\/span>El personal no docente del centro participar\u00e1 en el consejo escolar del centro en los t\u00e9rminos que establece la normativa vigente.<\/span><\/p>\n<p style=\"text-align: justify\"><span style=\"font-family: verdana, geneva, sans-serif\"><b>&nbsp;<\/b><\/span><\/p>\n","protected":false},"excerpt":{"rendered":"<p>ART\u00cdCULO 15.&nbsp; Actuaciones 1.-La participaci\u00f3n del personal no docente del centro en la vida de \u00e9ste y en el desarrollo de cualquier actividad se limitar\u00e1 en principio a lo establecido en la normativa o&#46;&#46;&#46;<\/p>\n","protected":false},"author":3249,"featured_media":0,"parent":473,"menu_order":4,"comment_status":"closed","ping_status":"closed","template":"","meta":{"ngg_post_thumbnail":0,"footnotes":""},"aioseo_notices":[],"_links":{"self":[{"href":"https:\/\/blogsaverroes.juntadeandalucia.es\/plancentroelcastillo\/index.php?rest_route=\/wp\/v2\/pages\/407"}],"collection":[{"href":"https:\/\/blogsaverroes.juntadeandalucia.es\/plancentroelcastillo\/index.php?rest_route=\/wp\/v2\/pages"}],"about":[{"href":"https:\/\/blogsaverroes.juntadeandalucia.es\/plancentroelcastillo\/index.php?rest_route=\/wp\/v2\/types\/page"}],"author":[{"embeddable":true,"href":"https:\/\/blogsaverroes.juntadeandalucia.es\/plancentroelcastillo\/index.php?rest_route=\/wp\/v2\/users\/3249"}],"replies":[{"embeddable":true,"href":"https:\/\/blogsaverroes.juntadeandalucia.es\/plancentroelcastillo\/index.php?rest_route=%2Fwp%2Fv2%2Fcomments&post=407"}],"version-history":[{"count":5,"href":"https:\/\/blogsaverroes.juntadeandalucia.es\/plancentroelcastillo\/index.php?rest_route=\/wp\/v2\/pages\/407\/revisions"}],"predecessor-version":[{"id":886,"href":"https:\/\/blogsaverroes.juntadeandalucia.es\/plancentroelcastillo\/index.php?rest_route=\/wp\/v2\/pages\/407\/revisions\/886"}],"up":[{"embeddable":true,"href":"https:\/\/blogsaverroes.juntadeandalucia.es\/plancentroelcastillo\/index.php?rest_route=\/wp\/v2\/pages\/473"}],"wp:attachment":[{"href":"https:\/\/blogsaverroes.juntadeandalucia.es\/plancentroelcastillo\/index.php?rest_route=%2Fwp%2Fv2%2Fmedia&parent=407"}],"curies":[{"name":"wp","href":"https:\/\/api.w.org\/{rel}","templated":true}]}}