{"id":409,"date":"2019-03-20T09:45:32","date_gmt":"2019-03-20T09:45:32","guid":{"rendered":"https:\/\/blogsaverroes.juntadeandalucia.es\/plancentroelcastillo\/?page_id=409"},"modified":"2021-07-27T12:30:41","modified_gmt":"2021-07-27T12:30:41","slug":"participacion-de-organos-publicos-y-privados","status":"publish","type":"page","link":"https:\/\/blogsaverroes.juntadeandalucia.es\/plancentroelcastillo\/?page_id=409","title":{"rendered":"PARTICIPACI\u00d3N DE \u00d3RGANOS P\u00daBLICOS Y PRIVADOS"},"content":{"rendered":"<h5 style=\"text-align: justify\"><span style=\"font-family: verdana, geneva, sans-serif;font-size: 12pt\"><strong><span style=\"color: #0000ff\"><span style=\"text-decoration: underline\">ART\u00cdCULO 16.<\/span> Colaboraci\u00f3n en el desarrollo de actividades complementarias.<\/span><\/strong><\/span><\/h5>\n<p style=\"text-align: justify\"><span style=\"font-family: verdana, geneva, sans-serif;font-size: 12pt\"><span style=\"color: #ff0000\"><strong>1.-<\/strong><\/span>El centro colaborar\u00e1 con aquellas instituciones p\u00fablicas o privadas que, sin \u00e1nimo de lucro, propongan desarrollar actividades complementarias dirigidas al alumnado. Debe tratarse de instituciones reconocidas oficialmente y con experiencias en el desarrollo de actividades dirigidas al alumnado de esta edad.<\/span><\/p>\n<p>&nbsp;<\/p>\n<h5 style=\"text-align: justify\"><span style=\"font-family: verdana, geneva, sans-serif;font-size: 12pt\"><strong><span style=\"color: #0000ff\"><span style=\"text-decoration: underline\">ART\u00cdCULO 17.<\/span> Decisi\u00f3n sobre la participaci\u00f3n.<br \/>\n<\/span><\/strong><\/span><\/h5>\n<p style=\"text-align: justify\"><span style=\"font-family: verdana, geneva, sans-serif;font-size: 12pt\"><strong><span style=\"color: #ff0000\">1.-<\/span><\/strong>La decisi\u00f3n sobre dicha participaci\u00f3n ser\u00e1 consultada por la direcci\u00f3n del centro a instancias, si fuese necesario, de la jefatura de estudios a los \u00f3rganos de coordinaci\u00f3n docente quienes podr\u00e1n a la direcci\u00f3n la conveniencia de dicha participaci\u00f3n en funci\u00f3n del car\u00e1cter educativo de dicha participaci\u00f3n.<\/span><\/p>\n<h5>&nbsp;<\/h5>\n<h5 style=\"text-align: justify\"><span style=\"color: #0000ff;font-family: verdana, geneva, sans-serif;font-size: 12pt\"><strong><span style=\"text-decoration: underline\">ART\u00cdCULO 18.<\/span> Ayuntamiento<\/strong><\/span><\/h5>\n<p style=\"text-align: justify\"><span style=\"font-family: verdana, geneva, sans-serif;font-size: 12pt\"><span style=\"color: #ff0000\"><strong>1.-<\/strong><\/span>El centro colaborar\u00e1 en el desarrollo de aquellas actividades complementarias organizadas o propuestas por la corporaci\u00f3n local y que est\u00e9n preferentemente relacionadas con el curr\u00edculo, siempre y cuando el claustro de profesores las considere adecuadas.<\/span><\/p>\n<h5>&nbsp;<\/h5>\n<h5 style=\"text-align: justify\"><span style=\"color: #0000ff;font-family: verdana, geneva, sans-serif;font-size: 12pt\"><strong><span style=\"text-decoration: underline\">ART\u00cdCULO 19<\/span>. ONGs<\/strong><\/span><\/h5>\n<p style=\"text-align: justify\"><span style=\"font-family: verdana, geneva, sans-serif;font-size: 12pt\"><span style=\"color: #ff0000\"><strong>1.-<\/strong><\/span>El centro colaborar\u00e1, con la aprobaci\u00f3n del consejo escolar, con&nbsp; ONGs en el desarrollo de campa\u00f1as solidarias y en la organizaci\u00f3n de actividades complementarias. Ser\u00e1 responsabilidad del centro aportar toda la informaci\u00f3n necesaria al consejo escolar y en general a&nbsp; la comunidad educativa cuando se desarrollen campa\u00f1as en las que esta comunidad aporte recursos materiales o dinero.<\/span><\/p>\n<h5>&nbsp;<\/h5>\n<h5 style=\"text-align: justify\"><span style=\"color: #0000ff;font-family: verdana, geneva, sans-serif;font-size: 12pt\"><strong><span style=\"text-decoration: underline\">ART\u00cdCULO 20<\/span>. Cesi\u00f3n de espacios o dependencias.<\/strong><\/span><\/h5>\n<p style=\"text-align: justify\"><span style=\"font-family: verdana, geneva, sans-serif;font-size: 12pt\"><span style=\"color: #ff0000\"><strong>1.-<\/strong><\/span>La cesi\u00f3n de espacios o dependencias del centro a instituciones p\u00fablicas y corporaci\u00f3n local para el desarrollo de actividades concretas que no coincidan con otras actividades del centro ser\u00e1 comunicada a la direcci\u00f3n del centro por escrito. En caso de tratarse de actividades que se vayan a prolongar en el tiempo se estar\u00e1 a lo dispuesto en la normativa vigente respecto de la solicitud de uso de dependencias.<\/span><\/p>\n<p style=\"text-align: justify\"><span style=\"font-family: verdana, geneva, sans-serif;font-size: 12pt\"><span style=\"color: #ff0000\">2.-<\/span>La cesi\u00f3n de espacios o dependencias a instituciones privadas para el desarrollo de actividades que nada tengan que ver con el centro queda prohibida por normativa.<br \/>\n<\/span><\/p>\n<p style=\"text-align: justify\"><span style=\"font-family: verdana, geneva, sans-serif;font-size: 12pt\"><span style=\"font-family: verdana, geneva, sans-serif\"><strong><span style=\"color: #ff0000\">3.-<\/span><\/strong>La cesi\u00f3n de <\/span>espacios o dependencias a la asociaci\u00f3n de madres y padres de alumnos o a grupos de madres\/padres para reuniones o para el desarrollo de alguna actividad relacionada con el centro, ser\u00e1 solicitada con tiempo suficiente , responsabiliz\u00e1ndose&nbsp; los organizadores del orden, limpieza, etc.<\/span><\/p>\n<p style=\"text-align: justify\">&nbsp;<\/p>\n","protected":false},"excerpt":{"rendered":"<p>ART\u00cdCULO 16. Colaboraci\u00f3n en el desarrollo de actividades complementarias. 1.-El centro colaborar\u00e1 con aquellas instituciones p\u00fablicas o privadas que, sin \u00e1nimo de lucro, propongan desarrollar actividades complementarias dirigidas al alumnado. Debe tratarse de instituciones&#46;&#46;&#46;<\/p>\n","protected":false},"author":3249,"featured_media":0,"parent":473,"menu_order":5,"comment_status":"closed","ping_status":"closed","template":"","meta":{"ngg_post_thumbnail":0,"footnotes":""},"aioseo_notices":[],"_links":{"self":[{"href":"https:\/\/blogsaverroes.juntadeandalucia.es\/plancentroelcastillo\/index.php?rest_route=\/wp\/v2\/pages\/409"}],"collection":[{"href":"https:\/\/blogsaverroes.juntadeandalucia.es\/plancentroelcastillo\/index.php?rest_route=\/wp\/v2\/pages"}],"about":[{"href":"https:\/\/blogsaverroes.juntadeandalucia.es\/plancentroelcastillo\/index.php?rest_route=\/wp\/v2\/types\/page"}],"author":[{"embeddable":true,"href":"https:\/\/blogsaverroes.juntadeandalucia.es\/plancentroelcastillo\/index.php?rest_route=\/wp\/v2\/users\/3249"}],"replies":[{"embeddable":true,"href":"https:\/\/blogsaverroes.juntadeandalucia.es\/plancentroelcastillo\/index.php?rest_route=%2Fwp%2Fv2%2Fcomments&post=409"}],"version-history":[{"count":5,"href":"https:\/\/blogsaverroes.juntadeandalucia.es\/plancentroelcastillo\/index.php?rest_route=\/wp\/v2\/pages\/409\/revisions"}],"predecessor-version":[{"id":887,"href":"https:\/\/blogsaverroes.juntadeandalucia.es\/plancentroelcastillo\/index.php?rest_route=\/wp\/v2\/pages\/409\/revisions\/887"}],"up":[{"embeddable":true,"href":"https:\/\/blogsaverroes.juntadeandalucia.es\/plancentroelcastillo\/index.php?rest_route=\/wp\/v2\/pages\/473"}],"wp:attachment":[{"href":"https:\/\/blogsaverroes.juntadeandalucia.es\/plancentroelcastillo\/index.php?rest_route=%2Fwp%2Fv2%2Fmedia&parent=409"}],"curies":[{"name":"wp","href":"https:\/\/api.w.org\/{rel}","templated":true}]}}