{"id":415,"date":"2019-03-20T09:48:58","date_gmt":"2019-03-20T09:48:58","guid":{"rendered":"https:\/\/blogsaverroes.juntadeandalucia.es\/plancentroelcastillo\/?page_id=415"},"modified":"2021-07-27T16:01:07","modified_gmt":"2021-07-27T16:01:07","slug":"organos-unipersonales","status":"publish","type":"page","link":"https:\/\/blogsaverroes.juntadeandalucia.es\/plancentroelcastillo\/?page_id=415","title":{"rendered":"\u00d3RGANOS UNIPERSONALES"},"content":{"rendered":"<p><span style=\"color: #0000ff;font-family: verdana, geneva, sans-serif\"><strong><span style=\"text-decoration: underline\">ART\u00cdCULO 45<\/span>. La direcci\u00f3n. Competencias<\/strong><\/span><\/p>\n<p><b> 1.-<\/b><span style=\"font-family: verdana, geneva, sans-serif\">El art\u00edculo 132 de la Ley Org\u00e1nica 2\/2020 establece las siguientes competencias para el director\/a:<\/span><\/p>\n<p style=\"padding-left: 40px;text-align: justify\"><span style=\"font-family: verdana, geneva, sans-serif\">-Ostentar la representaci\u00f3n del centro, representar a la Administraci\u00f3n educativa en el mismo y hacerle llegar a esta los planteamientos, aspiraciones y necesidades de la comunidad educativa.<\/span><\/p>\n<p style=\"padding-left: 40px;text-align: justify\"><span style=\"font-family: verdana, geneva, sans-serif\">-Dirigir y coordinar todas las actividades del centro, sin perjuicio de las competencias atribuidas al Claustro del profesorado y al Consejo Escolar.<\/span><\/p>\n<p style=\"padding-left: 40px;text-align: justify\"><span style=\"font-family: verdana, geneva, sans-serif\">-Ejercer la direcci\u00f3n pedag\u00f3gica, promover la innovaci\u00f3n educativa e impulsar planes para la consecuci\u00f3n de los fines del proyecto educativo del centro.<\/span><\/p>\n<p style=\"padding-left: 40px;text-align: justify\"><span style=\"font-family: verdana, geneva, sans-serif\">-Garantizar el cumplimiento de las leyes y dem\u00e1s disposiciones vigentes.<\/span><\/p>\n<p style=\"padding-left: 40px;text-align: justify\"><span style=\"font-family: verdana, geneva, sans-serif\">-Ejercer la jefatura de todo el personal adscrito al centro.<\/span><\/p>\n<p style=\"padding-left: 40px;text-align: justify\"><span style=\"font-family: verdana, geneva, sans-serif\">-Favorecer la convivencia en el centro, garantizar la mediaci\u00f3n en la resoluci\u00f3n de los conflictos e imponer las medidas correctoras que correspondan a los alumnos y alumnas, en cumplimiento de la normativa vigente, sin perjuicio de las competencias atribuidas al Consejo Escolar en el art\u00edculo 127 de esta Ley. A tal fin, se promover\u00e1 la agilizaci\u00f3n de los procedimientos para la resoluci\u00f3n de los conflictos en los centros.<\/span><\/p>\n<p style=\"padding-left: 40px;text-align: justify\"><span style=\"font-family: verdana, geneva, sans-serif\">-Impulsar la colaboraci\u00f3n con las familias, con instituciones y con organismos que faciliten la relaci\u00f3n del centro con el entorno, y fomentar un clima escolar que favorezca el estudio y el desarrollo de cuantas actuaciones propicien una formaci\u00f3n integral en conocimientos y valores de los alumnos y alumnas.<\/span><\/p>\n<p style=\"padding-left: 40px;text-align: justify\"><span style=\"font-family: verdana, geneva, sans-serif\">-Impulsar las evaluaciones internas del centro y colaborar en las evaluaciones externas y en la evaluaci\u00f3n del profesorado.<\/span><\/p>\n<p style=\"padding-left: 40px;text-align: justify\"><span style=\"font-family: verdana, geneva, sans-serif\">-Convocar y presidir los actos acad\u00e9micos y las sesiones del Consejo Escolar y del Claustro del profesorado del centro y ejecutar los acuerdos adoptados, en el \u00e1mbito de sus competencias.<\/span><\/p>\n<p style=\"padding-left: 40px;text-align: justify\"><span style=\"font-family: verdana, geneva, sans-serif\">-Realizar las contrataciones de obras, servicios y suministros, as\u00ed como autorizar los gastos de acuerdo con el presupuesto del centro, ordenar los pagos y visar las certificaciones y documentos oficiales del centro, todo ello de acuerdo con lo que establezcan las Administraciones educativas.<\/span><\/p>\n<p style=\"padding-left: 40px;text-align: justify\"><span style=\"font-family: verdana, geneva, sans-serif\">-Proponer a la Administraci\u00f3n educativa el nombramiento y cese de los miembros del equipo directivo, previa informaci\u00f3n al Claustro del profesorado y al Consejo Escolar del centro.<\/span><\/p>\n<p style=\"padding-left: 40px;text-align: justify\"><span style=\"font-family: verdana, geneva, sans-serif\">-Promover experimentaciones, innovaciones pedag\u00f3gicas, programas educativos, planes de trabajo, formas de organizaci\u00f3n, normas de convivencia, ampliaci\u00f3n del calendario escolar o del horario lectivo de \u00e1reas o materias, de acuerdo con lo recogido en el art\u00edculo 120.4.<\/span><\/p>\n<p style=\"padding-left: 40px;text-align: justify\"><span style=\"font-family: verdana, geneva, sans-serif\">-Fomentar la cualificaci\u00f3n y formaci\u00f3n del equipo docente, as\u00ed como la investigaci\u00f3n, la experimentaci\u00f3n y la innovaci\u00f3n educativa en el centro.<\/span><\/p>\n<p style=\"padding-left: 40px;text-align: justify\"><span style=\"font-family: verdana, geneva, sans-serif\">-Dise\u00f1ar la planificaci\u00f3n y organizaci\u00f3n docente del centro, recogida en la programaci\u00f3n general anual.<\/span><\/p>\n<p>&nbsp;<\/p>\n<p><span style=\"color: #0000ff;font-family: verdana, geneva, sans-serif\"><strong><span style=\"text-decoration: underline\">ART\u00cdCULO 46<\/span>. Selecci\u00f3n, nombramiento y cese de la direcci\u00f3n<\/strong><\/span><\/p>\n<p style=\"text-align: justify\"><span style=\"font-family: verdana, geneva, sans-serif\"><span style=\"color: #ff0000\"><strong>1.-<\/strong><\/span>La selecci\u00f3n, nombramiento y cese de la direcci\u00f3n de este centro se realizar\u00e1 seg\u00fan lo establecido en La Ley Org\u00e1nica 3\/2020 (art\u00edculos 133-138) y en las disposiciones que la puedan desarrollar a nivel auton\u00f3mico.<\/span><\/p>\n<p>&nbsp;<\/p>\n<p style=\"text-align: justify\"><span style=\"font-family: verdana, geneva, sans-serif\"><strong><span style=\"color: #0000ff\"><span style=\"text-decoration: underline\">ART\u00cdCULO 47.<\/span> La jefatura de estudios. Competencias<\/span><\/strong><\/span><\/p>\n<p style=\"text-align: justify\"><span style=\"font-family: verdana, geneva, sans-serif\"><strong><span style=\"color: #ff0000\">1.-<\/span><\/strong>Son competencias de la jefatura de estudios de este centro las siguientes:<\/span><\/p>\n<p style=\"padding-left: 60px;text-align: justify\"><span style=\"font-size: 12pt;font-family: verdana, geneva, sans-serif\">-Sustituir al director o directora en caso de vacante, ausencia o enfermedad.<\/span><\/p>\n<p style=\"padding-left: 60px;text-align: justify\"><span style=\"font-size: 12pt;font-family: verdana, geneva, sans-serif\">-Ejercer, por delegaci\u00f3n de la direcci\u00f3n, la presidencia de las sesiones de aquellos \u00f3rganos de coordinaci\u00f3n del centro en los que el responsable no est\u00e9 presente, tambi\u00e9n del equipo t\u00e9cnico de coordinaci\u00f3n pedag\u00f3gica, si celebra sesiones.<\/span><\/p>\n<p style=\"padding-left: 60px;text-align: justify\"><span style=\"font-size: 12pt;font-family: verdana, geneva, sans-serif\">-Proponer a la direcci\u00f3n del centro el nombramiento y cese de los tutores y tutoras de grupo.<\/span><\/p>\n<p style=\"padding-left: 60px;text-align: justify\"><span style=\"font-size: 12pt;font-family: verdana, geneva, sans-serif\">-Coordinar todas las actividades complementarias y extraescolares que se celebren en el centro, informando convenientemente a las familias, a la AMPA y a las madres delegadas de curso.<\/span><\/p>\n<p style=\"padding-left: 60px;text-align: justify\"><span style=\"font-size: 12pt;font-family: verdana, geneva, sans-serif\">-Dirigir y representar al centro en aquellas sesiones de trabajo que se celebren con el centro de primaria de referencia&nbsp; a fin de lograr la mayor coordinaci\u00f3n posible respecto de temas pedag\u00f3gicos.<\/span><\/p>\n<p style=\"padding-left: 60px;text-align: justify\"><span style=\"font-size: 12pt;font-family: verdana, geneva, sans-serif\">-Elaborar el horario lectivo del alumnado y el individual de cada maestro y maestra, de acuerdo con los criterios incluidos en el proyecto educativo. Presentar el oportuno borrador al resto del equipo directivo y al claustro.<\/span><\/p>\n<p style=\"padding-left: 60px;text-align: justify\"><span style=\"font-size: 12pt;font-family: verdana, geneva, sans-serif\">-Velar por el cumplimiento de los horarios del profesorado y alumnado.<\/span><\/p>\n<p style=\"padding-left: 60px;text-align: justify\"><span style=\"font-size: 12pt;font-family: verdana, geneva, sans-serif\">-Velar por el cumplimiento de lo establecido en el proyecto educativo respecto a: curr\u00edculo, acuerdos metodol\u00f3gicos, evaluaci\u00f3n del alumnado, apoyos, &#8230;<\/span><\/p>\n<p style=\"padding-left: 60px;text-align: justify\"><span style=\"font-size: 12pt;font-family: verdana, geneva, sans-serif\">-Llevar a cabo un seguimiento de los resultados escolares junto con la direcci\u00f3n del centro y en los t\u00e9rminos que \u00e9ste establezca.<\/span><\/p>\n<p style=\"padding-left: 60px;text-align: justify\"><span style=\"font-size: 12pt;font-family: verdana, geneva, sans-serif\">-Mantener las oportunas sesiones de coordinaci\u00f3n entre tutores para conseguir la mayor unificaci\u00f3n de criterios en temas pedag\u00f3gicos.<\/span><\/p>\n<p style=\"padding-left: 60px;text-align: justify\"><span style=\"font-size: 12pt;font-family: verdana, geneva, sans-serif\">-Elaborar el plan de reuniones de los \u00f3rganos de coordinaci\u00f3n docente.<\/span><\/p>\n<p style=\"padding-left: 60px;text-align: justify\"><span style=\"font-size: 12pt;font-family: verdana, geneva, sans-serif\">-Elaborar la planificaci\u00f3n general de las sesiones de evaluaci\u00f3n.<\/span><\/p>\n<p style=\"padding-left: 60px;text-align: justify\"><span style=\"font-size: 12pt;font-family: verdana, geneva, sans-serif\">-Garantizar la elaboraci\u00f3n, cumplimiento y seguimiento de propuestas pedag\u00f3gicas y programaciones did\u00e1cticas, ello junto con el coordinador\/a de ciclo.<\/span><\/p>\n<p style=\"padding-left: 60px;text-align: justify\"><span style=\"font-size: 12pt;font-family: verdana, geneva, sans-serif\">-Realizar un seguimiento del plan de apoyo respecto del alumnado atendido, los \u00e1mbitos en los que se trabaja con cada alumno\/a y los resultados que se est\u00e1n obteniendo. Trabajar para ello en colaboraci\u00f3n con los especialistas en PT y AL.<\/span><\/p>\n<p style=\"padding-left: 60px;text-align: justify\"><span style=\"font-size: 12pt;font-family: verdana, geneva, sans-serif\">-Coordinar actuaciones relacionadas con la formaci\u00f3n del profesorado.<\/span><\/p>\n<p style=\"text-align: justify\">&nbsp;<\/p>\n<p style=\"text-align: justify\"><span style=\"font-size: 12pt;font-family: verdana, geneva, sans-serif\"><strong><span style=\"color: #0000ff\"><span style=\"text-decoration: underline\">ART\u00cdCULO 48<\/span>. La secretar\u00eda. Competencias<\/span><\/strong><\/span><\/p>\n<p style=\"text-align: justify\"><span style=\"font-family: verdana, geneva, sans-serif\"><strong><span style=\"color: #ff0000\">1.-<\/span><\/strong>Son competencias de las secretar\u00eda de este centro las siguientes:<\/span><\/p>\n<p style=\"padding-left: 60px;text-align: justify\"><span style=\"font-size: 12pt;font-family: verdana, geneva, sans-serif\">-Ordenar el r\u00e9gimen administrativo del centro, de conformidad con las directrices de la direcci\u00f3n.<\/span><\/p>\n<p style=\"padding-left: 60px;text-align: justify\"><span style=\"font-size: 12pt;font-family: verdana, geneva, sans-serif\">-Ejercer la secretar\u00eda de los \u00f3rganos colegiados de gobierno del centro, establecer el plan de reuniones de dichos \u00f3rganos, levantar acta de las sesiones y dar fe de los acuerdos, todo ello con el visto bueno de la direcci\u00f3n.<\/span><\/p>\n<p style=\"padding-left: 60px;text-align: justify\"><span style=\"font-size: 12pt;font-family: verdana, geneva, sans-serif\">-Custodiar los libros oficiales y archivos del centro.<\/span><\/p>\n<p style=\"padding-left: 60px;text-align: justify\"><span style=\"font-size: 12pt;font-family: verdana, geneva, sans-serif\">-Atender a las familias y darles informaci\u00f3n en todas las cuestiones relacionadas con la escolarizaci\u00f3n, siempre de manera coordinada con la direcci\u00f3n del centro.<\/span><\/p>\n<p style=\"padding-left: 60px;text-align: justify\"><span style=\"font-size: 12pt;font-family: verdana, geneva, sans-serif\">-Expedir, con el visto bueno de la direcci\u00f3n, las certificaciones que soliciten las autoridades y las personas interesadas.<\/span><\/p>\n<p style=\"padding-left: 60px;text-align: justify\"><span style=\"font-size: 12pt;font-family: verdana, geneva, sans-serif\">-Realizar el inventario general del centro y mantenerlo actualizado.<\/span><\/p>\n<p style=\"padding-left: 60px;text-align: justify\"><span style=\"font-size: 12pt;font-family: verdana, geneva, sans-serif\">-Adquirir el material y el equipamiento del centro, custodiar y gestionar la utilizaci\u00f3n del mismo y velar por su mantenimiento en todos los aspectos, de acuerdo con la normativa vigente y las indicaciones de la direcci\u00f3n, sin perjuicio de las facultades que en materia de contrataci\u00f3n corresponden a la persona titular de la direcci\u00f3n, de conformidad con lo recogido en el art\u00edculo 70.1.k) del Decreto 328\/2010 de 13 de Julio<\/span><\/p>\n<p style=\"padding-left: 60px;text-align: justify\"><span style=\"font-size: 12pt;font-family: verdana, geneva, sans-serif\">-Ejercer, por delegaci\u00f3n de la direcci\u00f3n y bajo su autoridad, la jefatura del personal de administraci\u00f3n y servicios y de atenci\u00f3n educativa complementaria adscrito al centro y controlar la asistencia al trabajo del mismo.<\/span><\/p>\n<p style=\"padding-left: 60px;text-align: justify\"><span style=\"font-size: 12pt;font-family: verdana, geneva, sans-serif\">-Elaborar, en colaboraci\u00f3n con los restantes miembros del equipo directivo, el horario del personal de administraci\u00f3n y servicios y de atenci\u00f3n educativa complementaria, as\u00ed como velar por su estricto cumplimiento.<\/span><\/p>\n<p style=\"padding-left: 60px;text-align: justify\"><span style=\"font-size: 12pt;font-family: verdana, geneva, sans-serif\">-Elaborar el anteproyecto de presupuesto de ingresos y gastos del centro.<\/span><\/p>\n<p style=\"text-align: justify\"><span style=\"font-family: verdana, geneva, sans-serif\"><b>&nbsp;<\/b><\/span><\/p>\n<p style=\"text-align: justify\"><span style=\"font-family: verdana, geneva, sans-serif\"><strong><span style=\"color: #0000ff\"><span style=\"text-decoration: underline\">ART\u00cdCULO 49<\/span>. Nombramiento de la jefatura de estudios y de la secretar\u00eda.<\/span><\/strong><\/span><\/p>\n<p style=\"text-align: justify\"><span style=\"font-family: verdana, geneva, sans-serif\"><span style=\"color: #ff0000\"><strong>1.-<\/strong><\/span>La direcci\u00f3n de este centro, previa comunicaci\u00f3n al Claustro de Profesorado y al Consejo Escolar, formular\u00e1 a la persona titular de la Delegaci\u00f3n Provincial correspondiente de la Consejer\u00eda competente en materia de educaci\u00f3n propuesta de nombramiento de la jefatura de estudios y de la secretar\u00eda, de entre el profesorado con destino en el centro.<\/span><\/p>\n<p style=\"text-align: justify\"><span style=\"font-family: verdana, geneva, sans-serif\"><strong><span style=\"color: #ff0000\">2.-<\/span><\/strong>La propuesta garantizar\u00e1 la participaci\u00f3n equilibrada de hombres y mujeres en el equipo directivo de este centro, en todo caso y dado el n\u00famero impar, se asegurar\u00e1 la presencia de ambos sexos.<\/span><\/p>\n<p style=\"text-align: justify\">&nbsp;<\/p>\n<p style=\"text-align: justify\"><span style=\"font-family: verdana, geneva, sans-serif\"><strong><span style=\"color: #0000ff\"><span style=\"text-decoration: underline\">ART\u00cdCULO 50<\/span>. Cese de la jefatura de estudios y de la secretar\u00eda.<\/span><\/strong><\/span><\/p>\n<p style=\"text-align: justify\"><span style=\"font-family: verdana, geneva, sans-serif\"><strong><span style=\"color: #ff0000\">1.-<\/span><\/strong>La jefatura de estudios y la secretar\u00eda cesar\u00e1n en sus funciones al t\u00e9rmino de su mandato o al producirse alguna de las circunstancias siguientes:<\/span><\/p>\n<p style=\"padding-left: 60px;text-align: justify\"><span style=\"font-size: 12pt;font-family: verdana, geneva, sans-serif\">-Renuncia motivada aceptada por la persona titular de la correspondiente Delegaci\u00f3n Provincial de la Consejer\u00eda competente en materia de educaci\u00f3n, previo informe razonado de la direcci\u00f3n, o\u00eddo el Consejo Escolar.<\/span><\/p>\n<p style=\"padding-left: 60px;text-align: justify\"><span style=\"font-size: 12pt;font-family: verdana, geneva, sans-serif\">-Cuando por cese de la direcci\u00f3n que los propuso, se produzca la elecci\u00f3n del nuevo director o directora.<\/span><\/p>\n<p style=\"padding-left: 60px;text-align: justify\"><span style=\"font-size: 12pt;font-family: verdana, geneva, sans-serif\">-Cuando deje de prestar servicios efectivos en el centro.<\/span><\/p>\n<p style=\"padding-left: 60px;text-align: justify\"><span style=\"font-size: 12pt;font-family: verdana, geneva, sans-serif\">-A propuesta de la direcci\u00f3n, mediante escrito razonado, previa audiencia al interesado y previa comunicaci\u00f3n al Claustro de Profesorado y al Consejo Escolar.<\/span><\/p>\n<p style=\"text-align: justify\">&nbsp;<\/p>\n","protected":false},"excerpt":{"rendered":"<p>ART\u00cdCULO 45. La direcci\u00f3n. Competencias 1.-El art\u00edculo 132 de la Ley Org\u00e1nica 2\/2020 establece las siguientes competencias para el director\/a: -Ostentar la representaci\u00f3n del centro, representar a la Administraci\u00f3n educativa en el mismo y&#46;&#46;&#46;<\/p>\n","protected":false},"author":3249,"featured_media":0,"parent":480,"menu_order":3,"comment_status":"closed","ping_status":"closed","template":"","meta":{"ngg_post_thumbnail":0,"footnotes":""},"aioseo_notices":[],"_links":{"self":[{"href":"https:\/\/blogsaverroes.juntadeandalucia.es\/plancentroelcastillo\/index.php?rest_route=\/wp\/v2\/pages\/415"}],"collection":[{"href":"https:\/\/blogsaverroes.juntadeandalucia.es\/plancentroelcastillo\/index.php?rest_route=\/wp\/v2\/pages"}],"about":[{"href":"https:\/\/blogsaverroes.juntadeandalucia.es\/plancentroelcastillo\/index.php?rest_route=\/wp\/v2\/types\/page"}],"author":[{"embeddable":true,"href":"https:\/\/blogsaverroes.juntadeandalucia.es\/plancentroelcastillo\/index.php?rest_route=\/wp\/v2\/users\/3249"}],"replies":[{"embeddable":true,"href":"https:\/\/blogsaverroes.juntadeandalucia.es\/plancentroelcastillo\/index.php?rest_route=%2Fwp%2Fv2%2Fcomments&post=415"}],"version-history":[{"count":5,"href":"https:\/\/blogsaverroes.juntadeandalucia.es\/plancentroelcastillo\/index.php?rest_route=\/wp\/v2\/pages\/415\/revisions"}],"predecessor-version":[{"id":893,"href":"https:\/\/blogsaverroes.juntadeandalucia.es\/plancentroelcastillo\/index.php?rest_route=\/wp\/v2\/pages\/415\/revisions\/893"}],"up":[{"embeddable":true,"href":"https:\/\/blogsaverroes.juntadeandalucia.es\/plancentroelcastillo\/index.php?rest_route=\/wp\/v2\/pages\/480"}],"wp:attachment":[{"href":"https:\/\/blogsaverroes.juntadeandalucia.es\/plancentroelcastillo\/index.php?rest_route=%2Fwp%2Fv2%2Fmedia&parent=415"}],"curies":[{"name":"wp","href":"https:\/\/api.w.org\/{rel}","templated":true}]}}