{"id":421,"date":"2019-03-20T09:50:32","date_gmt":"2019-03-20T09:50:32","guid":{"rendered":"https:\/\/blogsaverroes.juntadeandalucia.es\/plancentroelcastillo\/?page_id=421"},"modified":"2021-07-25T17:45:52","modified_gmt":"2021-07-25T17:45:52","slug":"sobre-el-proceso-de-escolarizacion","status":"publish","type":"page","link":"https:\/\/blogsaverroes.juntadeandalucia.es\/plancentroelcastillo\/?page_id=421","title":{"rendered":"EN EL PROCESO DE ESCOLARIZACI\u00d3N"},"content":{"rendered":"<p><span style=\"color: #0000ff\"><strong><span style=\"font-family: verdana, geneva, sans-serif\"><span style=\"text-decoration: underline\">ART\u00cdCULO 59<\/span> . Normas generales<\/span><\/strong><\/span><\/p>\n<p style=\"text-align: justify\"><span style=\"font-family: verdana, geneva, sans-serif\"><span style=\"color: #ff0000\"><b> 1.-<\/b><\/span>La escolarizaci\u00f3n del alumnado se har\u00e1 de acuerdo a la normativa publicada por la Consejer\u00eda de Educaci\u00f3n que regule tal proceso.<\/span><\/p>\n<p style=\"text-align: justify\"><span style=\"font-family: verdana, geneva, sans-serif\"><span style=\"color: #ff0000\"><b> 2.-<\/b><\/span>En el proceso de admisi\u00f3n la secretar\u00eda del centro asumir\u00e1 la atenci\u00f3n a las familias, tanto en la cumplimentaci\u00f3n y registro de la documentaci\u00f3n pertinente como&nbsp; en su atenci\u00f3n en relaci\u00f3n a una posible visita a las instalaciones; la direcci\u00f3n del centro podr\u00e1 cumplimentar la informaci\u00f3n necesaria a estas familias en lo que pueda hacer referencia a determinadas cuestiones o informaciones sobre el proyecto educativo.<\/span><\/p>\n<p style=\"text-align: justify\"><span style=\"font-family: verdana, geneva, sans-serif\"><span style=\"color: #ff0000\"><b> 3.-<\/b><\/span>La direcci\u00f3n del centro planificar\u00e1, organizar\u00e1 y asegurar\u00e1 toda la informaci\u00f3n necesaria a la comunidad educativa sobre los procesos de admisi\u00f3n y matriculaci\u00f3n.<\/span><\/p>\n<p>&nbsp;<\/p>\n","protected":false},"excerpt":{"rendered":"<p>ART\u00cdCULO 59 . Normas generales 1.-La escolarizaci\u00f3n del alumnado se har\u00e1 de acuerdo a la normativa publicada por la Consejer\u00eda de Educaci\u00f3n que regule tal proceso. 2.-En el proceso de admisi\u00f3n la secretar\u00eda del&#46;&#46;&#46;<\/p>\n","protected":false},"author":3249,"featured_media":0,"parent":488,"menu_order":1,"comment_status":"closed","ping_status":"closed","template":"","meta":{"ngg_post_thumbnail":0,"footnotes":""},"aioseo_notices":[],"_links":{"self":[{"href":"https:\/\/blogsaverroes.juntadeandalucia.es\/plancentroelcastillo\/index.php?rest_route=\/wp\/v2\/pages\/421"}],"collection":[{"href":"https:\/\/blogsaverroes.juntadeandalucia.es\/plancentroelcastillo\/index.php?rest_route=\/wp\/v2\/pages"}],"about":[{"href":"https:\/\/blogsaverroes.juntadeandalucia.es\/plancentroelcastillo\/index.php?rest_route=\/wp\/v2\/types\/page"}],"author":[{"embeddable":true,"href":"https:\/\/blogsaverroes.juntadeandalucia.es\/plancentroelcastillo\/index.php?rest_route=\/wp\/v2\/users\/3249"}],"replies":[{"embeddable":true,"href":"https:\/\/blogsaverroes.juntadeandalucia.es\/plancentroelcastillo\/index.php?rest_route=%2Fwp%2Fv2%2Fcomments&post=421"}],"version-history":[{"count":5,"href":"https:\/\/blogsaverroes.juntadeandalucia.es\/plancentroelcastillo\/index.php?rest_route=\/wp\/v2\/pages\/421\/revisions"}],"predecessor-version":[{"id":864,"href":"https:\/\/blogsaverroes.juntadeandalucia.es\/plancentroelcastillo\/index.php?rest_route=\/wp\/v2\/pages\/421\/revisions\/864"}],"up":[{"embeddable":true,"href":"https:\/\/blogsaverroes.juntadeandalucia.es\/plancentroelcastillo\/index.php?rest_route=\/wp\/v2\/pages\/488"}],"wp:attachment":[{"href":"https:\/\/blogsaverroes.juntadeandalucia.es\/plancentroelcastillo\/index.php?rest_route=%2Fwp%2Fv2%2Fmedia&parent=421"}],"curies":[{"name":"wp","href":"https:\/\/api.w.org\/{rel}","templated":true}]}}