{"id":433,"date":"2019-03-20T09:59:06","date_gmt":"2019-03-20T09:59:06","guid":{"rendered":"https:\/\/blogsaverroes.juntadeandalucia.es\/plancentroelcastillo\/?page_id=433"},"modified":"2021-07-25T17:43:37","modified_gmt":"2021-07-25T17:43:37","slug":"actos-academicos-e-informativos-organizados-por-el-centro","status":"publish","type":"page","link":"https:\/\/blogsaverroes.juntadeandalucia.es\/plancentroelcastillo\/?page_id=433","title":{"rendered":"ACTOS INFORMATIVOS Y ACAD\u00c9MICOS ORGANIZADOS POR EL CENTRO"},"content":{"rendered":"<p><strong><span style=\"font-family: verdana, geneva, sans-serif;color: #0000ff\"><span style=\"text-decoration: underline\">ART\u00cdCULO 93<\/span>. Actos informativos.<\/span><\/strong><\/p>\n<p style=\"text-align: justify\"><span style=\"font-family: verdana, geneva, sans-serif\"><span style=\"color: #ff0000\"><b> 1.-<\/b><\/span>Se entender\u00e1 por actos informativos aquellos que organizados por el centro con la intenci\u00f3n de informar a la comunidad educativa sobre determinados temas de inter\u00e9s para \u00e9sta, preferentemente a iniciativa del centro o AMPA.<\/span><\/p>\n<p style=\"text-align: justify\"><span style=\"font-family: verdana, geneva, sans-serif\"><span style=\"color: #ff0000\"><b> 2.-<\/b><\/span>Estos actos podr\u00e1n desarrollarse en horario lectivo o no y utilizar\u00e1n normalmente las instalaciones del centro.<\/span><\/p>\n<p style=\"text-align: justify\"><span style=\"font-family: verdana, geneva, sans-serif\"><span style=\"color: #ff0000\"><b> 3.-<\/b><\/span>Los comunicar\u00e1 el centro a las familias afectadas con la suficiente antelaci\u00f3n y utilizando m\u00e1s de un canal informativo (tabl\u00f3n anuncios, Pasen, web centro).<\/span><\/p>\n<p style=\"text-align: justify\"><span style=\"font-family: verdana, geneva, sans-serif\"><span style=\"color: #ff0000\"><b> 4.-<\/b><\/span>Ser\u00e1n actos informativos usuales los dedicados a informar a las familias de nuevo ingreso sobre el per\u00edodo de adaptaci\u00f3n, sobre determinados programas, sobre escolarizaci\u00f3n, etc.<\/span><\/p>\n<p style=\"text-align: justify\"><span style=\"font-family: verdana, geneva, sans-serif\"><span style=\"color: #ff0000\"><b>5<\/b>.-<\/span> Igualmente ser\u00e1n considerados actos informativos todos aquellos que puedan incidir en la formaci\u00f3n o informaci\u00f3n de las familias en cualquier \u00e1mbito y hayan sido autorizados por la direcci\u00f3n del centro previa informaci\u00f3n de asistentes, horarios, espacios a utilizar, \u2026<\/span><\/p>\n<p>&nbsp;<\/p>\n<p><span style=\"color: #0000ff\"><strong><span style=\"font-family: verdana, geneva, sans-serif\"><span style=\"text-decoration: underline\">ART\u00cdCULO 94<\/span>. Actos acad\u00e9micos y culturales.<\/span><\/strong><\/span><\/p>\n<p style=\"text-align: justify\"><span style=\"font-family: verdana, geneva, sans-serif\"><span style=\"color: #ff0000\"><b> 1.-<\/b><\/span>Se entender\u00e1 por actos acad\u00e9micos y culturales aquellos que organizados por el centro contemplen determinadas celebraciones, es el caso de la despedida de ciclo para el alumnado que finaliza la etapa de Educaci\u00f3n Infantil y la despedida de curso con motivo de la finalizaci\u00f3n de \u00e9ste.<\/span><\/p>\n<p style=\"text-align: justify\"><span style=\"font-family: verdana, geneva, sans-serif\"><span style=\"color: #ff0000\"><b> 2.-<\/b><\/span>El horario en el que se desarrolle cada uno de los actos acad\u00e9micos ser\u00e1 aprobado preferentemente con el inicio del curso por el claustro (e informado el consejo escolar) y en caso de no serlo con tanto antelaci\u00f3n, al menos con un mes. En situaciones excepcionales este tiempo podr\u00e1 reducirse.<\/span><\/p>\n<p style=\"text-align: justify\"><span style=\"font-family: verdana, geneva, sans-serif\"><span style=\"color: #ff0000\"><b> 3.-<\/b><\/span>Ser\u00e1n actos abiertos exclusivamente a las familias, en funci\u00f3n del aforo del espacio a utilizar, se podr\u00e1 y deber\u00e1 limitar la asistencia. Circunstancias excepcionales podr\u00e1n impedir la asistencia de familias.<\/span><\/p>\n<p style=\"text-align: justify\"><span style=\"font-family: verdana, geneva, sans-serif\"><span style=\"color: #ff0000\"><b> 4.-<\/b><\/span>El acto de despedida de la promoci\u00f3n por finalizaci\u00f3n de la etapa de Educaci\u00f3n Infantil tiene un car\u00e1cter \u201cfamiliar\u201d, debe desarrollarse de forma conjunta (ambas tutor\u00edas) excepto en aquellos casos en los que se use una instalaci\u00f3n que por aforo no permita una asistencia suficiente de familias. Estar\u00e1 organizado por el centro, lo mismo que el acto de despedida de cada curso. En el apartado octavo del Proyecto de Gesti\u00f3n se determinan m\u00e1s detalles al respecto.<\/span><\/p>\n<p style=\"text-align: justify\"><span style=\"font-family: verdana, geneva, sans-serif\"><span style=\"color: #ff0000\"><b> 5.-<\/b><\/span>El acto de despedida del curso tendr\u00e1 exclusivamente un car\u00e1cter cultural y contemplar\u00e1 actuaciones del alumnado del centro a nivel musical, de dramatizaciones, etc. Podr\u00e1 llevarse a cabo en las instalaciones del centro o fuera de ellas e ir\u00e1 dirigido exclusivamente a las familias, enti\u00e9ndase tutores legales, hermanos y abuelos. No incluir\u00e1 ninguna actividad l\u00fadica ni recreativa y finalizar\u00e1 con las actuaciones programadas.<\/span><\/p>\n<p style=\"text-align: justify\"><span style=\"font-family: verdana, geneva, sans-serif\"><span style=\"color: #ff0000\"><b> 6.-<\/b><\/span>El desarrollo de cualquier otro acto cultural estar\u00e1 organizado por el centro, directamente por el equipo directivo o miembro del personal docente en quien delegue si est\u00e1 directamente relacionado con su tarea en el centro.<\/span><\/p>\n<p style=\"text-align: justify\"><span style=\"font-family: verdana, geneva, sans-serif\"><span style=\"color: #ff0000\"><b> 7.-<\/b><\/span>De inicio, los actos acad\u00e9micos y culturales tender\u00e1n a desarrollar\u00e1n en horario lectivo<\/span><\/p>\n","protected":false},"excerpt":{"rendered":"<p>ART\u00cdCULO 93. Actos informativos. 1.-Se entender\u00e1 por actos informativos aquellos que organizados por el centro con la intenci\u00f3n de informar a la comunidad educativa sobre determinados temas de inter\u00e9s para \u00e9sta, preferentemente a iniciativa&#46;&#46;&#46;<\/p>\n","protected":false},"author":3249,"featured_media":0,"parent":493,"menu_order":5,"comment_status":"closed","ping_status":"closed","template":"","meta":{"ngg_post_thumbnail":0,"footnotes":""},"aioseo_notices":[],"_links":{"self":[{"href":"https:\/\/blogsaverroes.juntadeandalucia.es\/plancentroelcastillo\/index.php?rest_route=\/wp\/v2\/pages\/433"}],"collection":[{"href":"https:\/\/blogsaverroes.juntadeandalucia.es\/plancentroelcastillo\/index.php?rest_route=\/wp\/v2\/pages"}],"about":[{"href":"https:\/\/blogsaverroes.juntadeandalucia.es\/plancentroelcastillo\/index.php?rest_route=\/wp\/v2\/types\/page"}],"author":[{"embeddable":true,"href":"https:\/\/blogsaverroes.juntadeandalucia.es\/plancentroelcastillo\/index.php?rest_route=\/wp\/v2\/users\/3249"}],"replies":[{"embeddable":true,"href":"https:\/\/blogsaverroes.juntadeandalucia.es\/plancentroelcastillo\/index.php?rest_route=%2Fwp%2Fv2%2Fcomments&post=433"}],"version-history":[{"count":8,"href":"https:\/\/blogsaverroes.juntadeandalucia.es\/plancentroelcastillo\/index.php?rest_route=\/wp\/v2\/pages\/433\/revisions"}],"predecessor-version":[{"id":863,"href":"https:\/\/blogsaverroes.juntadeandalucia.es\/plancentroelcastillo\/index.php?rest_route=\/wp\/v2\/pages\/433\/revisions\/863"}],"up":[{"embeddable":true,"href":"https:\/\/blogsaverroes.juntadeandalucia.es\/plancentroelcastillo\/index.php?rest_route=\/wp\/v2\/pages\/493"}],"wp:attachment":[{"href":"https:\/\/blogsaverroes.juntadeandalucia.es\/plancentroelcastillo\/index.php?rest_route=%2Fwp%2Fv2%2Fmedia&parent=433"}],"curies":[{"name":"wp","href":"https:\/\/api.w.org\/{rel}","templated":true}]}}