{"id":445,"date":"2019-03-20T10:03:18","date_gmt":"2019-03-20T10:03:18","guid":{"rendered":"https:\/\/blogsaverroes.juntadeandalucia.es\/plancentroelcastillo\/?page_id=445"},"modified":"2019-03-26T09:50:18","modified_gmt":"2019-03-26T09:50:18","slug":"actuaciones-relativas-al-plan-de-autoproteccion","status":"publish","type":"page","link":"https:\/\/blogsaverroes.juntadeandalucia.es\/plancentroelcastillo\/?page_id=445","title":{"rendered":"PLAN DE AUTOPROTECCI\u00d3N Y  ACTUACIONES RELACIONADAS"},"content":{"rendered":"<p><strong>Este T<span style=\"text-decoration: underline\">\u00cdTULO NOVENO<\/span> incluye los siguientes cap\u00edtulos:<\/strong><\/p>\n<ul>\n<li>Cap\u00edtulo I:&nbsp; <a href=\"https:\/\/blogsaverroes.juntadeandalucia.es\/plancentroelcastillo\/?page_id=577\">Actuaciones relativas al Plan.<\/a><\/li>\n<li>Cap\u00edtulo II: <a href=\"https:\/\/blogsaverroes.juntadeandalucia.es\/plancentroelcastillo\/?page_id=527\">Cuestiones que afectan a la segurida f\u00edsica y la salud.<\/a><\/li>\n<li>Cap\u00edtulo III: <a href=\"https:\/\/blogsaverroes.juntadeandalucia.es\/plancentroelcastillo\/?page_id=443\">Sobre los sistemas de vigilancia y seguridad.<\/a><\/li>\n<\/ul>\n","protected":false},"excerpt":{"rendered":"<p>Este T\u00cdTULO NOVENO incluye los siguientes cap\u00edtulos: Cap\u00edtulo I:&nbsp; Actuaciones relativas al Plan. Cap\u00edtulo II: Cuestiones que afectan a la segurida f\u00edsica y la salud. Cap\u00edtulo III: Sobre los sistemas de vigilancia y seguridad.<\/p>\n","protected":false},"author":3249,"featured_media":0,"parent":22,"menu_order":10,"comment_status":"closed","ping_status":"closed","template":"","meta":{"ngg_post_thumbnail":0,"footnotes":""},"aioseo_notices":[],"_links":{"self":[{"href":"https:\/\/blogsaverroes.juntadeandalucia.es\/plancentroelcastillo\/index.php?rest_route=\/wp\/v2\/pages\/445"}],"collection":[{"href":"https:\/\/blogsaverroes.juntadeandalucia.es\/plancentroelcastillo\/index.php?rest_route=\/wp\/v2\/pages"}],"about":[{"href":"https:\/\/blogsaverroes.juntadeandalucia.es\/plancentroelcastillo\/index.php?rest_route=\/wp\/v2\/types\/page"}],"author":[{"embeddable":true,"href":"https:\/\/blogsaverroes.juntadeandalucia.es\/plancentroelcastillo\/index.php?rest_route=\/wp\/v2\/users\/3249"}],"replies":[{"embeddable":true,"href":"https:\/\/blogsaverroes.juntadeandalucia.es\/plancentroelcastillo\/index.php?rest_route=%2Fwp%2Fv2%2Fcomments&post=445"}],"version-history":[{"count":5,"href":"https:\/\/blogsaverroes.juntadeandalucia.es\/plancentroelcastillo\/index.php?rest_route=\/wp\/v2\/pages\/445\/revisions"}],"predecessor-version":[{"id":599,"href":"https:\/\/blogsaverroes.juntadeandalucia.es\/plancentroelcastillo\/index.php?rest_route=\/wp\/v2\/pages\/445\/revisions\/599"}],"up":[{"embeddable":true,"href":"https:\/\/blogsaverroes.juntadeandalucia.es\/plancentroelcastillo\/index.php?rest_route=\/wp\/v2\/pages\/22"}],"wp:attachment":[{"href":"https:\/\/blogsaverroes.juntadeandalucia.es\/plancentroelcastillo\/index.php?rest_route=%2Fwp%2Fv2%2Fmedia&parent=445"}],"curies":[{"name":"wp","href":"https:\/\/api.w.org\/{rel}","templated":true}]}}