{"id":447,"date":"2019-03-20T10:04:11","date_gmt":"2019-03-20T10:04:11","guid":{"rendered":"https:\/\/blogsaverroes.juntadeandalucia.es\/plancentroelcastillo\/?page_id=447"},"modified":"2019-05-01T19:40:31","modified_gmt":"2019-05-01T19:40:31","slug":"instauracion-seleccion-y-comercializacion-del-uniforme-escolar","status":"publish","type":"page","link":"https:\/\/blogsaverroes.juntadeandalucia.es\/plancentroelcastillo\/?page_id=447","title":{"rendered":"UNIFORME ESCOLAR"},"content":{"rendered":"<p><strong>Este <span style=\"text-decoration: underline\">T\u00cdTULO D\u00c9CIMO<\/span> incluye los siguientes cap\u00edtulos:<\/strong><\/p>\n<ul>\n<li>Cap\u00edtulo I:&nbsp; <a href=\"https:\/\/blogsaverroes.juntadeandalucia.es\/plancentroelcastillo\/?page_id=588\">Instauraci\u00f3n, selecci\u00f3n y comercializaci\u00f3n.<\/a><\/li>\n<li>Cap\u00edtulo II: <a href=\"https:\/\/blogsaverroes.juntadeandalucia.es\/plancentroelcastillo\/?page_id=590\">Informaci\u00f3n a las familias.<\/a><\/li>\n<\/ul>\n","protected":false},"excerpt":{"rendered":"<p>Este T\u00cdTULO D\u00c9CIMO incluye los siguientes cap\u00edtulos: Cap\u00edtulo I:&nbsp; Instauraci\u00f3n, selecci\u00f3n y comercializaci\u00f3n. Cap\u00edtulo II: Informaci\u00f3n a las familias.<\/p>\n","protected":false},"author":3249,"featured_media":0,"parent":22,"menu_order":12,"comment_status":"closed","ping_status":"closed","template":"","meta":{"ngg_post_thumbnail":0,"footnotes":""},"aioseo_notices":[],"_links":{"self":[{"href":"https:\/\/blogsaverroes.juntadeandalucia.es\/plancentroelcastillo\/index.php?rest_route=\/wp\/v2\/pages\/447"}],"collection":[{"href":"https:\/\/blogsaverroes.juntadeandalucia.es\/plancentroelcastillo\/index.php?rest_route=\/wp\/v2\/pages"}],"about":[{"href":"https:\/\/blogsaverroes.juntadeandalucia.es\/plancentroelcastillo\/index.php?rest_route=\/wp\/v2\/types\/page"}],"author":[{"embeddable":true,"href":"https:\/\/blogsaverroes.juntadeandalucia.es\/plancentroelcastillo\/index.php?rest_route=\/wp\/v2\/users\/3249"}],"replies":[{"embeddable":true,"href":"https:\/\/blogsaverroes.juntadeandalucia.es\/plancentroelcastillo\/index.php?rest_route=%2Fwp%2Fv2%2Fcomments&post=447"}],"version-history":[{"count":4,"href":"https:\/\/blogsaverroes.juntadeandalucia.es\/plancentroelcastillo\/index.php?rest_route=\/wp\/v2\/pages\/447\/revisions"}],"predecessor-version":[{"id":592,"href":"https:\/\/blogsaverroes.juntadeandalucia.es\/plancentroelcastillo\/index.php?rest_route=\/wp\/v2\/pages\/447\/revisions\/592"}],"up":[{"embeddable":true,"href":"https:\/\/blogsaverroes.juntadeandalucia.es\/plancentroelcastillo\/index.php?rest_route=\/wp\/v2\/pages\/22"}],"wp:attachment":[{"href":"https:\/\/blogsaverroes.juntadeandalucia.es\/plancentroelcastillo\/index.php?rest_route=%2Fwp%2Fv2%2Fmedia&parent=447"}],"curies":[{"name":"wp","href":"https:\/\/api.w.org\/{rel}","templated":true}]}}