{"id":473,"date":"2019-03-20T19:35:19","date_gmt":"2019-03-20T19:35:19","guid":{"rendered":"https:\/\/blogsaverroes.juntadeandalucia.es\/plancentroelcastillo\/?page_id=473"},"modified":"2021-07-25T18:08:41","modified_gmt":"2021-07-25T18:08:41","slug":"cauces-de-participacion-de-los-distintos-sectores-de-la-comunidad-educativa","status":"publish","type":"page","link":"https:\/\/blogsaverroes.juntadeandalucia.es\/plancentroelcastillo\/?page_id=473","title":{"rendered":"CAUCES DE PARTICIPACI\u00d3N DE LOS DISTINTOS SECTORES DE LA COMUNIDAD EDUCATIVA"},"content":{"rendered":"<p><span style=\"color: #800000;font-family: verdana, geneva, sans-serif;font-size: 14pt\"><strong>Este <span style=\"text-decoration: underline\">TITULO PRIMERO<\/span> del R.O.F. incluye los siguientes cap\u00edtulos:<\/strong><\/span><\/p>\n<ul>\n<li><span style=\"font-family: verdana, geneva, sans-serif\">Cap\u00edtulo I. <a href=\"https:\/\/blogsaverroes.juntadeandalucia.es\/plancentroelcastillo\/?page_id=401\">Participaci\u00f3n del profesorado<\/a><\/span><\/li>\n<li><span style=\"font-family: verdana, geneva, sans-serif\">Cap\u00edtulo II. <a href=\"https:\/\/blogsaverroes.juntadeandalucia.es\/plancentroelcastillo\/?page_id=403\">Participaci\u00f3n de las familias<\/a>.<\/span><\/li>\n<li><span style=\"font-family: verdana, geneva, sans-serif\">Cap\u00edtulo III. <a href=\"https:\/\/blogsaverroes.juntadeandalucia.es\/plancentroelcastillo\/?page_id=405\">Participaci\u00f3n del alumnado.<\/a><\/span><\/li>\n<li><span style=\"font-family: verdana, geneva, sans-serif\">Cap\u00edtulo IV. <a href=\"https:\/\/blogsaverroes.juntadeandalucia.es\/plancentroelcastillo\/?page_id=407\">Participaci\u00f3n del personal no docente<\/a><\/span><\/li>\n<li><span style=\"font-family: verdana, geneva, sans-serif\">Cap\u00edtulo V. <a href=\"https:\/\/blogsaverroes.juntadeandalucia.es\/plancentroelcastillo\/?page_id=409\">Participaci\u00f3n de organismos p\u00fablicos y privados<\/a><\/span><\/li>\n<\/ul>\n<p>&nbsp;<\/p>\n<p style=\"text-align: justify\"><span style=\"font-family: verdana, geneva, sans-serif\">Uno de los elementos claves en el ROF es la participaci\u00f3n.<\/span><\/p>\n<ul>\n<li style=\"text-align: justify\"><span style=\"font-family: verdana, geneva, sans-serif\">La participaci\u00f3n democr\u00e1tica garantizar\u00e1 la pluralidad de la instituci\u00f3n escolar.<\/span><\/li>\n<li style=\"text-align: justify\"><span style=\"font-family: verdana, geneva, sans-serif\">Los padres deben desarrollar una gesti\u00f3n participativa en el gobierno democr\u00e1tico del centro y una colaboraci\u00f3n activa y eficaz en la organizaci\u00f3n y desarrollo de actividades complementarias.<\/span><\/li>\n<li style=\"text-align: justify\"><span style=\"font-family: verdana, geneva, sans-serif\">El profesorado debe participar activamente mediante el trabajo en equipo, coordinado y compartido junto a los otros sectores de la instituci\u00f3n escolar, de forma que esta participaci\u00f3n incida en la mejora del proceso educativo.<\/span><\/li>\n<li style=\"text-align: justify\"><span style=\"font-family: verdana, geneva, sans-serif\">El alumnado debe participar en la vida colectiva ejercitando los aprendizajes.<\/span><\/li>\n<li style=\"text-align: justify\"><span style=\"font-family: verdana, geneva, sans-serif\">El personal no docente debe colaborar, respetando la normativa del centro y en los t\u00e9rminos que establezcan sus convenios, por el buen funcionamiento de la instituci\u00f3n escolar.<\/span><\/li>\n<li style=\"text-align: justify\"><span style=\"font-family: verdana, geneva, sans-serif\">Las administraciones deber\u00edan colaborar en los t\u00e9rminos que establezcan las normas existentes, ya sea a nivel de infraestructura y mantenimiento de instalaciones, de dotaci\u00f3n de recursos necesarios, etc.<\/span><\/li>\n<\/ul>\n<p>&nbsp;<\/p>\n","protected":false},"excerpt":{"rendered":"<p>Este TITULO PRIMERO del R.O.F. incluye los siguientes cap\u00edtulos: Cap\u00edtulo I. Participaci\u00f3n del profesorado Cap\u00edtulo II. Participaci\u00f3n de las familias. Cap\u00edtulo III. Participaci\u00f3n del alumnado. Cap\u00edtulo IV. Participaci\u00f3n del personal no docente Cap\u00edtulo V.&#46;&#46;&#46;<\/p>\n","protected":false},"author":3249,"featured_media":0,"parent":22,"menu_order":2,"comment_status":"closed","ping_status":"closed","template":"","meta":{"ngg_post_thumbnail":0,"footnotes":""},"aioseo_notices":[],"_links":{"self":[{"href":"https:\/\/blogsaverroes.juntadeandalucia.es\/plancentroelcastillo\/index.php?rest_route=\/wp\/v2\/pages\/473"}],"collection":[{"href":"https:\/\/blogsaverroes.juntadeandalucia.es\/plancentroelcastillo\/index.php?rest_route=\/wp\/v2\/pages"}],"about":[{"href":"https:\/\/blogsaverroes.juntadeandalucia.es\/plancentroelcastillo\/index.php?rest_route=\/wp\/v2\/types\/page"}],"author":[{"embeddable":true,"href":"https:\/\/blogsaverroes.juntadeandalucia.es\/plancentroelcastillo\/index.php?rest_route=\/wp\/v2\/users\/3249"}],"replies":[{"embeddable":true,"href":"https:\/\/blogsaverroes.juntadeandalucia.es\/plancentroelcastillo\/index.php?rest_route=%2Fwp%2Fv2%2Fcomments&post=473"}],"version-history":[{"count":6,"href":"https:\/\/blogsaverroes.juntadeandalucia.es\/plancentroelcastillo\/index.php?rest_route=\/wp\/v2\/pages\/473\/revisions"}],"predecessor-version":[{"id":871,"href":"https:\/\/blogsaverroes.juntadeandalucia.es\/plancentroelcastillo\/index.php?rest_route=\/wp\/v2\/pages\/473\/revisions\/871"}],"up":[{"embeddable":true,"href":"https:\/\/blogsaverroes.juntadeandalucia.es\/plancentroelcastillo\/index.php?rest_route=\/wp\/v2\/pages\/22"}],"wp:attachment":[{"href":"https:\/\/blogsaverroes.juntadeandalucia.es\/plancentroelcastillo\/index.php?rest_route=%2Fwp%2Fv2%2Fmedia&parent=473"}],"curies":[{"name":"wp","href":"https:\/\/api.w.org\/{rel}","templated":true}]}}