{"id":480,"date":"2019-03-20T20:10:39","date_gmt":"2019-03-20T20:10:39","guid":{"rendered":"https:\/\/blogsaverroes.juntadeandalucia.es\/plancentroelcastillo\/?page_id=480"},"modified":"2021-07-25T18:09:23","modified_gmt":"2021-07-25T18:09:23","slug":"organos-de-gobierno-del-centro","status":"publish","type":"page","link":"https:\/\/blogsaverroes.juntadeandalucia.es\/plancentroelcastillo\/?page_id=480","title":{"rendered":"\u00d3RGANOS DE GOBIERNO DEL CENTRO"},"content":{"rendered":"<p style=\"text-align: justify\"><span style=\"color: #800000;font-family: verdana, geneva, sans-serif;font-size: 14pt\"><strong>Este <span style=\"text-decoration: underline\">TITULO SEGUNDO<\/span> del R.O.F. incluye los siguientes cap\u00edtulos:<\/strong><\/span><\/p>\n<ul>\n<li style=\"text-align: justify\"><span style=\"font-family: verdana, geneva, sans-serif\">Cap\u00edtulo I: <a href=\"https:\/\/blogsaverroes.juntadeandalucia.es\/plancentroelcastillo\/?page_id=411\">\u00d3rganos colegiados.<\/a><\/span><\/li>\n<li style=\"text-align: justify\"><span style=\"font-family: verdana, geneva, sans-serif\">Cap\u00edtulo II: <a href=\"https:\/\/blogsaverroes.juntadeandalucia.es\/plancentroelcastillo\/?page_id=413\">El equipo directivo.<\/a><\/span><\/li>\n<li style=\"text-align: justify\"><span style=\"font-family: verdana, geneva, sans-serif\">Cap\u00edtulo III: <a href=\"https:\/\/blogsaverroes.juntadeandalucia.es\/plancentroelcastillo\/?page_id=415\">\u00d3rganos unipersonales.<\/a><\/span><\/li>\n<\/ul>\n","protected":false},"excerpt":{"rendered":"<p>Este TITULO SEGUNDO del R.O.F. incluye los siguientes cap\u00edtulos: Cap\u00edtulo I: \u00d3rganos colegiados. Cap\u00edtulo II: El equipo directivo. Cap\u00edtulo III: \u00d3rganos unipersonales.<\/p>\n","protected":false},"author":3249,"featured_media":0,"parent":22,"menu_order":3,"comment_status":"closed","ping_status":"closed","template":"","meta":{"ngg_post_thumbnail":0,"footnotes":""},"aioseo_notices":[],"_links":{"self":[{"href":"https:\/\/blogsaverroes.juntadeandalucia.es\/plancentroelcastillo\/index.php?rest_route=\/wp\/v2\/pages\/480"}],"collection":[{"href":"https:\/\/blogsaverroes.juntadeandalucia.es\/plancentroelcastillo\/index.php?rest_route=\/wp\/v2\/pages"}],"about":[{"href":"https:\/\/blogsaverroes.juntadeandalucia.es\/plancentroelcastillo\/index.php?rest_route=\/wp\/v2\/types\/page"}],"author":[{"embeddable":true,"href":"https:\/\/blogsaverroes.juntadeandalucia.es\/plancentroelcastillo\/index.php?rest_route=\/wp\/v2\/users\/3249"}],"replies":[{"embeddable":true,"href":"https:\/\/blogsaverroes.juntadeandalucia.es\/plancentroelcastillo\/index.php?rest_route=%2Fwp%2Fv2%2Fcomments&post=480"}],"version-history":[{"count":7,"href":"https:\/\/blogsaverroes.juntadeandalucia.es\/plancentroelcastillo\/index.php?rest_route=\/wp\/v2\/pages\/480\/revisions"}],"predecessor-version":[{"id":872,"href":"https:\/\/blogsaverroes.juntadeandalucia.es\/plancentroelcastillo\/index.php?rest_route=\/wp\/v2\/pages\/480\/revisions\/872"}],"up":[{"embeddable":true,"href":"https:\/\/blogsaverroes.juntadeandalucia.es\/plancentroelcastillo\/index.php?rest_route=\/wp\/v2\/pages\/22"}],"wp:attachment":[{"href":"https:\/\/blogsaverroes.juntadeandalucia.es\/plancentroelcastillo\/index.php?rest_route=%2Fwp%2Fv2%2Fmedia&parent=480"}],"curies":[{"name":"wp","href":"https:\/\/api.w.org\/{rel}","templated":true}]}}