{"id":504,"date":"2019-03-21T09:49:31","date_gmt":"2019-03-21T09:49:31","guid":{"rendered":"https:\/\/blogsaverroes.juntadeandalucia.es\/plancentroelcastillo\/?page_id=504"},"modified":"2021-07-25T18:11:39","modified_gmt":"2021-07-25T18:11:39","slug":"actuacion-ante-situaciones-de-progenitores-separadosdivorciados","status":"publish","type":"page","link":"https:\/\/blogsaverroes.juntadeandalucia.es\/plancentroelcastillo\/?page_id=504","title":{"rendered":"ACTUACI\u00d3N ANTE SITUACIONES DE PROGENITORES SEPARADOS\/DIVORCIADOS"},"content":{"rendered":"<h5><span style=\"font-family: verdana, geneva, sans-serif;font-size: 14pt;color: #800000\"><strong>Este <span style=\"text-decoration: underline\">T\u00cdTULO SEXTO<\/span> incluye los siguientes cap\u00edtulos:<\/strong><\/span><\/h5>\n<ul>\n<li><span style=\"font-family: verdana, geneva, sans-serif\">Cap\u00edtulo I:&nbsp; <a href=\"https:\/\/blogsaverroes.juntadeandalucia.es\/plancentroelcastillo\/?page_id=508\">Documentaci\u00f3n y registro de datos.<\/a><\/span><\/li>\n<li><span style=\"font-family: verdana, geneva, sans-serif\">Cap\u00edtulo II:&nbsp; <a href=\"https:\/\/blogsaverroes.juntadeandalucia.es\/plancentroelcastillo\/?page_id=512\">Actuaci\u00f3n secretar\u00eda-direcci\u00f3n<\/a><\/span><\/li>\n<li><span style=\"font-family: verdana, geneva, sans-serif\">Cap\u00edtulo III:&nbsp; <\/span><a href=\"https:\/\/blogsaverroes.juntadeandalucia.es\/plancentroelcastillo\/?page_id=514\"><span style=\"font-family: verdana, geneva, sans-serif\">Actuaci\u00f3n tutorial.<\/span><\/a><\/li>\n<\/ul>\n","protected":false},"excerpt":{"rendered":"<p>Este T\u00cdTULO SEXTO incluye los siguientes cap\u00edtulos: Cap\u00edtulo I:&nbsp; Documentaci\u00f3n y registro de datos. Cap\u00edtulo II:&nbsp; Actuaci\u00f3n secretar\u00eda-direcci\u00f3n Cap\u00edtulo III:&nbsp; Actuaci\u00f3n tutorial.<\/p>\n","protected":false},"author":3249,"featured_media":0,"parent":22,"menu_order":7,"comment_status":"closed","ping_status":"closed","template":"","meta":{"ngg_post_thumbnail":0,"footnotes":""},"aioseo_notices":[],"_links":{"self":[{"href":"https:\/\/blogsaverroes.juntadeandalucia.es\/plancentroelcastillo\/index.php?rest_route=\/wp\/v2\/pages\/504"}],"collection":[{"href":"https:\/\/blogsaverroes.juntadeandalucia.es\/plancentroelcastillo\/index.php?rest_route=\/wp\/v2\/pages"}],"about":[{"href":"https:\/\/blogsaverroes.juntadeandalucia.es\/plancentroelcastillo\/index.php?rest_route=\/wp\/v2\/types\/page"}],"author":[{"embeddable":true,"href":"https:\/\/blogsaverroes.juntadeandalucia.es\/plancentroelcastillo\/index.php?rest_route=\/wp\/v2\/users\/3249"}],"replies":[{"embeddable":true,"href":"https:\/\/blogsaverroes.juntadeandalucia.es\/plancentroelcastillo\/index.php?rest_route=%2Fwp%2Fv2%2Fcomments&post=504"}],"version-history":[{"count":7,"href":"https:\/\/blogsaverroes.juntadeandalucia.es\/plancentroelcastillo\/index.php?rest_route=\/wp\/v2\/pages\/504\/revisions"}],"predecessor-version":[{"id":875,"href":"https:\/\/blogsaverroes.juntadeandalucia.es\/plancentroelcastillo\/index.php?rest_route=\/wp\/v2\/pages\/504\/revisions\/875"}],"up":[{"embeddable":true,"href":"https:\/\/blogsaverroes.juntadeandalucia.es\/plancentroelcastillo\/index.php?rest_route=\/wp\/v2\/pages\/22"}],"wp:attachment":[{"href":"https:\/\/blogsaverroes.juntadeandalucia.es\/plancentroelcastillo\/index.php?rest_route=%2Fwp%2Fv2%2Fmedia&parent=504"}],"curies":[{"name":"wp","href":"https:\/\/api.w.org\/{rel}","templated":true}]}}