{"id":512,"date":"2019-03-21T09:54:36","date_gmt":"2019-03-21T09:54:36","guid":{"rendered":"https:\/\/blogsaverroes.juntadeandalucia.es\/plancentroelcastillo\/?page_id=512"},"modified":"2021-07-29T12:03:09","modified_gmt":"2021-07-29T12:03:09","slug":"actuacion-secretaria-direccion","status":"publish","type":"page","link":"https:\/\/blogsaverroes.juntadeandalucia.es\/plancentroelcastillo\/?page_id=512","title":{"rendered":"ACTUACI\u00d3N SECRETAR\u00cdA-DIRECCI\u00d3N"},"content":{"rendered":"<p><span style=\"color: #0000ff;font-family: verdana, geneva, sans-serif\"><strong><span style=\"text-decoration: underline\">ART\u00cdCULO 97.<\/span>&nbsp; Actualizaci\u00f3n datos e informaci\u00f3n a las partes sobre actuaciones a realizar.<\/strong><\/span><\/p>\n<p style=\"text-align: justify\"><span style=\"font-family: verdana, geneva, sans-serif\"><strong><span style=\"color: #ff0000\">1.-<\/span><\/strong>Desde la secretar\u00eda del centro y a trav\u00e9s de cada una de las tutor\u00edas, con el inicio de cada curso, se solicitar\u00e1 de cada una de las familias la cumplimentaci\u00f3n de una ficha de actualizaci\u00f3n de datos, esta ficha demandar\u00e1 informaci\u00f3n sobre la situaci\u00f3n legal de los progenitores.<\/span><\/p>\n<p style=\"text-align: justify\"><span style=\"font-family: verdana, geneva, sans-serif\"><strong><span style=\"color: #ff0000\">2.-<\/span><\/strong>Una vez que el centro tenga informaci\u00f3n aportada por alguno de los progenitores sobre situaciones legales que incidan en sus deberes y derechos sobre el menor, se pondr\u00e1 en contacto por escrito con las partes a fin de dejar claro que para aquellas situaciones en las que las sentencias no especifiquen una actuaci\u00f3n concreta, se actuar\u00e1 conforme establece la gu\u00eda antes expuesta o incluso que para aquellos otros casos en los que \u00e9sta tampoco concrete, se deber\u00e1 solicitar por escrito al centro con la antelaci\u00f3n suficiente para consultar y tomar las decisiones oportunas en beneficio del menor y que no limiten los derechos de cada uno.<\/span><\/p>\n<p>&nbsp;<\/p>\n<p><span style=\"font-family: verdana, geneva, sans-serif\"><strong><span style=\"color: #0000ff\"><span style=\"text-decoration: underline\">ART\u00cdCULO 98<\/span>.&nbsp; Documentaci\u00f3n.<\/span><\/strong><\/span><\/p>\n<p style=\"text-align: justify\"><span style=\"font-family: verdana, geneva, sans-serif\"><span style=\"color: #ff0000\"><strong>1.-<\/strong><\/span>El centro deber\u00e1 disponer de un documento gen\u00e9rico a trav\u00e9s del que llevar a cabo las actuaciones referidas en el art\u00edculo anterior, siempre ser\u00e1 necesaria la devoluci\u00f3n firmada de la copia dejando as\u00ed constancia de su entrega al interesado\/a. Igualmente dispondr\u00e1 de los oportunos modelos o plantillas para firma de autorizaciones y acuerdos entre las partes, de esa forma se facilitan actuaciones que deban llevar a cabo tutores\/as.<\/span><\/p>\n<p style=\"text-align: justify\"><span style=\"font-family: verdana, geneva, sans-serif\"><strong><span style=\"color: #ff0000\">2.-<\/span><\/strong>La secretar\u00eda del centro archivar\u00e1 y custodiar\u00e1, previa supervisi\u00f3n de la direcci\u00f3n, toda la documentaci\u00f3n que deba incluirse en el dossier al que hace alusi\u00f3n el cap\u00edtulo I de este T\u00edtulo VI, hablamos de: sentencias, copias de las comunicaciones con las partes, informes tutoriales, &#8230;<\/span><\/p>\n<p style=\"text-align: justify\"><span style=\"font-family: verdana, geneva, sans-serif\"><span style=\"color: #ff0000\"><strong>3.<\/strong>&#8211;<\/span>La direcci\u00f3n del centro podr\u00e1 demandar informes al tutor\/a sobre situaciones conflictivas acaecidas y provocadas por alguno de los progenitores en su relaci\u00f3n con el centro o con la otra parte.<\/span><\/p>\n<p style=\"text-align: justify\"><span style=\"font-family: verdana, geneva, sans-serif\"><span style=\"color: #ff0000\"><strong>4.<\/strong>&#8211;<\/span>La direcci\u00f3n del centro se encargar\u00e1 de remitir a los tutores que no tengan la guarda y custodia, una vez que \u00e9stos han facilitado una direcci\u00f3n postal o de correo electr\u00f3nico, la documentaci\u00f3n a que tengan derecho, no pueda ser distribuida por la aplicaci\u00f3n Pasen o consultada a trav\u00e9s de la web del colegio.<\/span><\/p>\n<p>&nbsp;<\/p>\n","protected":false},"excerpt":{"rendered":"<p>ART\u00cdCULO 97.&nbsp; Actualizaci\u00f3n datos e informaci\u00f3n a las partes sobre actuaciones a realizar. 1.-Desde la secretar\u00eda del centro y a trav\u00e9s de cada una de las tutor\u00edas, con el inicio de cada curso, se&#46;&#46;&#46;<\/p>\n","protected":false},"author":3249,"featured_media":0,"parent":504,"menu_order":2,"comment_status":"closed","ping_status":"closed","template":"","meta":{"ngg_post_thumbnail":0,"footnotes":""},"aioseo_notices":[],"_links":{"self":[{"href":"https:\/\/blogsaverroes.juntadeandalucia.es\/plancentroelcastillo\/index.php?rest_route=\/wp\/v2\/pages\/512"}],"collection":[{"href":"https:\/\/blogsaverroes.juntadeandalucia.es\/plancentroelcastillo\/index.php?rest_route=\/wp\/v2\/pages"}],"about":[{"href":"https:\/\/blogsaverroes.juntadeandalucia.es\/plancentroelcastillo\/index.php?rest_route=\/wp\/v2\/types\/page"}],"author":[{"embeddable":true,"href":"https:\/\/blogsaverroes.juntadeandalucia.es\/plancentroelcastillo\/index.php?rest_route=\/wp\/v2\/users\/3249"}],"replies":[{"embeddable":true,"href":"https:\/\/blogsaverroes.juntadeandalucia.es\/plancentroelcastillo\/index.php?rest_route=%2Fwp%2Fv2%2Fcomments&post=512"}],"version-history":[{"count":5,"href":"https:\/\/blogsaverroes.juntadeandalucia.es\/plancentroelcastillo\/index.php?rest_route=\/wp\/v2\/pages\/512\/revisions"}],"predecessor-version":[{"id":896,"href":"https:\/\/blogsaverroes.juntadeandalucia.es\/plancentroelcastillo\/index.php?rest_route=\/wp\/v2\/pages\/512\/revisions\/896"}],"up":[{"embeddable":true,"href":"https:\/\/blogsaverroes.juntadeandalucia.es\/plancentroelcastillo\/index.php?rest_route=\/wp\/v2\/pages\/504"}],"wp:attachment":[{"href":"https:\/\/blogsaverroes.juntadeandalucia.es\/plancentroelcastillo\/index.php?rest_route=%2Fwp%2Fv2%2Fmedia&parent=512"}],"curies":[{"name":"wp","href":"https:\/\/api.w.org\/{rel}","templated":true}]}}