{"id":56,"date":"2018-11-09T21:03:29","date_gmt":"2018-11-09T21:03:29","guid":{"rendered":"https:\/\/blogsaverroes.juntadeandalucia.es\/plancentroelcastillo\/?page_id=56"},"modified":"2021-07-17T17:03:52","modified_gmt":"2021-07-17T17:03:52","slug":"lineas-generales-de-actuacion-pedagogica","status":"publish","type":"page","link":"https:\/\/blogsaverroes.juntadeandalucia.es\/plancentroelcastillo\/?page_id=56","title":{"rendered":"L\u00cdNEAS GENERALES DE ACTUACI\u00d3N PEDAG\u00d3GICA"},"content":{"rendered":"<p style=\"text-align: justify\"><span style=\"font-family: verdana, geneva, sans-serif\">&nbsp;&nbsp; La Uni\u00f3n&nbsp; Europea y la UNESCO han propuesto para los pr\u00f3ximos cursos los siguientes objetivos: mejorar la capacitaci\u00f3n docente, desarrollar aptitudes para la sociedad del conocimiento, garantizar el acceso de todos a las tecnolog\u00edas de la informaci\u00f3n y la comunicaci\u00f3n, construir un entorno de aprendizaje abierto, hacer el aprendizaje atractivo, promocionar la ciudadan\u00eda , la igualdad de oportunidades&nbsp; y la cohesi\u00f3n social y mejorar el aprendizaje de idiomas extranjeros.&nbsp; La normativa que regula el sistema educativo se hace eco de esos objetivos, nuestro centro los adoptar\u00e1 e incluir\u00e1 en sus l\u00edneas generales de actuaci\u00f3n pedag\u00f3gica, las que pasamos a concretar.<\/span><\/p>\n<ol style=\"text-align: justify\">\n<li><span style=\"font-family: verdana, geneva, sans-serif\">El centro fomentar\u00e1 una <b>educaci\u00f3n integral<\/b>, desde los puntos de vista intelectual, f\u00edsico y afectivo-social, de las ni\u00f1os y ni\u00f1os que contribuya a hacer de ellos, ciudadanas y ciudadanos&nbsp; cr\u00edticos, libres y responsables.&nbsp; Favoreceremos el desarrollo de la actividad f\u00edsica, h\u00e1bitos de higiene y alimentaci\u00f3n y promoveremos las relaciones entre los individuos y los grupos;&nbsp; potenciaremos h\u00e1bitos de conducta basados en la tolerancia, la solidaridad y el respeto.<\/span><\/li>\n<li><span style=\"font-family: verdana, geneva, sans-serif\">Nuestra Escuela favorecer\u00e1 el <b>desarrollo del curr\u00edculo <\/b>definido en este proyecto educativo.<\/span><\/li>\n<li><span style=\"font-family: verdana, geneva, sans-serif\">Promoveremos el <b>desarrollo y transmisi\u00f3n de valores y habilidades sociales<\/b>, as\u00ed como actuaciones encaminadas a fomentar la <b>igualdad<\/b> entre g\u00e9neros.<\/span><\/li>\n<li><span style=\"font-family: verdana, geneva, sans-serif\"><b>Implicaremos a las familias<\/b>, de manera especial, en la promoci\u00f3n de valores y habilidades, en el respeto por las normas de convivencia y el desarrollo de actuaciones que promuevan la igualdad de g\u00e9nero.<\/span><\/li>\n<li><span style=\"font-family: verdana, geneva, sans-serif\">Promoveremos la <b>atenci\u00f3n a la diversidad <\/b>con el objeto de proporcionar a todo el alumnado una educaci\u00f3n adecuada a sus caracter\u00edsticas y necesidades, haciendo un seguimiento espec\u00edfico de las dificultades de aprendizaje.<\/span><\/li>\n<li><span style=\"font-family: verdana, geneva, sans-serif\">Trabajaremos en la <b>prevenci\u00f3n de dificultades <\/b>del alumnado a trav\u00e9s de actuaciones y programas.<\/span><\/li>\n<li><span style=\"font-family: verdana, geneva, sans-serif\">Favoreceremos el desarrollo de determinados programas, ya sean por&nbsp; iniciativa de la consejer\u00eda o del centro , siempre y cuando conlleven la <b>mejora de los resultados escolares<\/b> de nuestro alumnado o inciden de manera significativa en el desarrollo de este proyecto educativo.<\/span><\/li>\n<li><span style=\"font-family: verdana, geneva, sans-serif\">Fomentaremos la <b>acci\u00f3n tutorial <\/b>como elemento que impulse y lleve a cabo un seguimiento eficaz del alumnado con dificultades de aprendizaje, que coordine al profesorado implicado y que estimule la colaboraci\u00f3n de la familia de cara a solucionar la dificultades.<\/span><\/li>\n<li><span style=\"font-family: verdana, geneva, sans-serif\">Promoveremos la <b>participaci\u00f3n de toda la comunidad educativa <\/b>en el desarrollo de actividades en las que participe nuestro alumnado, siempre a partir de unos criterios organizativos y con una clara finalidad educativa.<\/span><\/li>\n<li><span style=\"font-family: verdana, geneva, sans-serif\">Procuraremos un entorno de <b>aprendizaje motivador para el alumnado<\/b>.<\/span><\/li>\n<li><span style=\"font-family: verdana, geneva, sans-serif\">Incidiremos en la <b>coordinaci\u00f3n entre el profesorado <\/b>como elemento para mejorar la actuaci\u00f3n pedag\u00f3gica del centro, tambi\u00e9n en la <b>actualizaci\u00f3n y formaci\u00f3n <\/b>del profesorado, necesarios para el desarrollo de nuestro proyecto educativo.<\/span><\/li>\n<li><span style=\"font-family: verdana, geneva, sans-serif\">Desarrollaremos <b>procesos de autoevaluaci\u00f3n<\/b> eficaces de aquellas actuaciones que sean significativas para el desarrollo de nuestro proyecto educativo.<\/span><\/li>\n<li><span style=\"font-family: verdana, geneva, sans-serif\">Exigiremos el cumplimiento de todas aquellas <b>normas organizativas y de convivencia <\/b>que puedan incidir en una mejora de la convivencia y de los rendimientos escolares en cuanto al desarrollo de capacidades del alumnado.<\/span><\/li>\n<\/ol>\n<p>&nbsp;<\/p>\n","protected":false},"excerpt":{"rendered":"<p>&nbsp;&nbsp; La Uni\u00f3n&nbsp; Europea y la UNESCO han propuesto para los pr\u00f3ximos cursos los siguientes objetivos: mejorar la capacitaci\u00f3n docente, desarrollar aptitudes para la sociedad del conocimiento, garantizar el acceso de todos a las&#46;&#46;&#46;<\/p>\n","protected":false},"author":3249,"featured_media":0,"parent":15,"menu_order":2,"comment_status":"closed","ping_status":"closed","template":"","meta":{"ngg_post_thumbnail":0,"footnotes":""},"aioseo_notices":[],"_links":{"self":[{"href":"https:\/\/blogsaverroes.juntadeandalucia.es\/plancentroelcastillo\/index.php?rest_route=\/wp\/v2\/pages\/56"}],"collection":[{"href":"https:\/\/blogsaverroes.juntadeandalucia.es\/plancentroelcastillo\/index.php?rest_route=\/wp\/v2\/pages"}],"about":[{"href":"https:\/\/blogsaverroes.juntadeandalucia.es\/plancentroelcastillo\/index.php?rest_route=\/wp\/v2\/types\/page"}],"author":[{"embeddable":true,"href":"https:\/\/blogsaverroes.juntadeandalucia.es\/plancentroelcastillo\/index.php?rest_route=\/wp\/v2\/users\/3249"}],"replies":[{"embeddable":true,"href":"https:\/\/blogsaverroes.juntadeandalucia.es\/plancentroelcastillo\/index.php?rest_route=%2Fwp%2Fv2%2Fcomments&post=56"}],"version-history":[{"count":4,"href":"https:\/\/blogsaverroes.juntadeandalucia.es\/plancentroelcastillo\/index.php?rest_route=\/wp\/v2\/pages\/56\/revisions"}],"predecessor-version":[{"id":779,"href":"https:\/\/blogsaverroes.juntadeandalucia.es\/plancentroelcastillo\/index.php?rest_route=\/wp\/v2\/pages\/56\/revisions\/779"}],"up":[{"embeddable":true,"href":"https:\/\/blogsaverroes.juntadeandalucia.es\/plancentroelcastillo\/index.php?rest_route=\/wp\/v2\/pages\/15"}],"wp:attachment":[{"href":"https:\/\/blogsaverroes.juntadeandalucia.es\/plancentroelcastillo\/index.php?rest_route=%2Fwp%2Fv2%2Fmedia&parent=56"}],"curies":[{"name":"wp","href":"https:\/\/api.w.org\/{rel}","templated":true}]}}