{"id":588,"date":"2019-03-26T09:24:17","date_gmt":"2019-03-26T09:24:17","guid":{"rendered":"https:\/\/blogsaverroes.juntadeandalucia.es\/plancentroelcastillo\/?page_id=588"},"modified":"2021-07-29T17:18:42","modified_gmt":"2021-07-29T17:18:42","slug":"instauracion-seleccion-y-comercializacion","status":"publish","type":"page","link":"https:\/\/blogsaverroes.juntadeandalucia.es\/plancentroelcastillo\/?page_id=588","title":{"rendered":"SELECCI\u00d3N, COMERCIALIZACI\u00d3N, etc"},"content":{"rendered":"<p style=\"text-align: justify\"><span style=\"color: #0000ff\"><strong><span style=\"font-family: verdana, geneva, sans-serif\"><span style=\"text-decoration: underline\">ART\u00cdCULO 133<\/span>.&nbsp; Sobre la autorizaci\u00f3n de uso de uniforme escolar en nuestra Escuela<\/span><\/strong><\/span><\/p>\n<p style=\"text-align: justify\"><span style=\"font-family: verdana, geneva, sans-serif\"><span style=\"color: #ff0000\"><b> 1.-<\/b><\/span>La posible autorizaci\u00f3n de uso de uniforme escolar en nuestro centro \u00fanicamente corresponder\u00e1 a su consejo escolar, en ning\u00fan momento a la direcci\u00f3n del colegio.<\/span><\/p>\n<p style=\"text-align: justify\"><span style=\"font-family: verdana, geneva, sans-serif\"><span style=\"color: #ff0000\"><b> 2.-<\/b><\/span>Para la aprobaci\u00f3n o no de uso de uniforme ser\u00e1 necesario un sondeo previo a las familias del alumnado matriculado a raz\u00f3n de un voto por familia, todas manifestar\u00e1n su opini\u00f3n a favor, en contra o simplemente absteni\u00e9ndose; para dotar de seriedad y rigor esta consulta, ser\u00e1 dirigida por el presidente el consejo escolar.<\/span><\/p>\n<p style=\"text-align: justify\"><span style=\"font-family: verdana, geneva, sans-serif\"><span style=\"color: #ff0000\"><b> 3.-<\/b><\/span>El consejo escolar, a partir de los resultados del sondeo, emitir\u00e1 su opini\u00f3n a favor o en contra teniendo en cuenta que una opini\u00f3n a favor o en contra del sesenta y cinco por ciento o m\u00e1s de los encuestados ser\u00e1 vinculante para el consejo escolar y por tanto determinar\u00e1 la decisi\u00f3n final.<\/span><\/p>\n<p style=\"text-align: justify\"><span style=\"font-family: verdana, geneva, sans-serif\"><span style=\"color: #ff0000\"><b> 4.-<\/b><\/span>La decisi\u00f3n tomada no deber\u00e1 ser renovada curso a curso sino que deber\u00e1 mantenerse hasta que las condiciones var\u00eden, sobre todo hasta que se detecte que pocos ni\u00f1os o ni\u00f1as lo usan.<\/span><\/p>\n<p style=\"text-align: justify\"><span style=\"font-family: verdana, geneva, sans-serif\"><span style=\"color: #ff0000\"><b> 5.-<\/b><\/span>Cuando se habla de uniforme escolar se puede estar incluyendo otras prendas como es el caso de baby, ropa deportiva, &#8230;<\/span><\/p>\n<p style=\"text-align: justify\">&nbsp;<\/p>\n<p style=\"text-align: justify\"><span style=\"color: #0000ff\"><strong><span style=\"font-family: verdana, geneva, sans-serif\"><span style=\"text-decoration: underline\">ART\u00cdCULO 134<\/span>. Sobre la selecci\u00f3n de un modelo y la comercializaci\u00f3n del uniforme<\/span><\/strong><\/span><\/p>\n<p style=\"text-align: justify\"><span style=\"font-family: verdana, geneva, sans-serif\"><span style=\"color: #ff0000\"><b> 1.-<\/b><\/span>La selecci\u00f3n de un modelo concreto de uniforme la tomar\u00e1 el consejo escolar o la persona o personas en quien se delegue, \u00e9stas nunca tendr\u00e1n derecho a comisi\u00f3n o favor econ\u00f3mico alguno.<\/span><\/p>\n<p style=\"text-align: justify\"><span style=\"font-family: verdana, geneva, sans-serif\"><span style=\"color: #ff0000\"><b> 2.-<\/b><\/span>Algunos criterios como la calidad y el precio determinar\u00e1n el modelo a elegir.<\/span><\/p>\n<p style=\"text-align: justify\"><span style=\"font-family: verdana, geneva, sans-serif\"><span style=\"color: #ff0000\"><b> 3.-<\/b><\/span>La decisi\u00f3n sobre la empresa que elabore los uniforme escolares la tomar\u00e1 quien decida el modelo a partir de criterios de proximidad, seriedad, experiencia, &#8230;<\/span><\/p>\n<p style=\"text-align: justify\"><span style=\"font-family: verdana, geneva, sans-serif\"><span style=\"color: #ff0000\"><b> 4.-<\/b><\/span>El consejo escolar, a petici\u00f3n de AMPA, podr\u00e1 autorizarla para que durante un curso se encargue de la comercializaci\u00f3n del uniforme y su entrega a las familias. En el caso de que se autorice a AMPA del centro a la realizaci\u00f3n de las gestiones mencionadas, se le permitir\u00e1 que gestione una comisi\u00f3n nunca superior al diez por ciento de la venta por art\u00edculo. El consejo escolar tendr\u00e1 derecho a supervisar las cuentas y comprobar la veracidad.<\/span><\/p>\n<p style=\"text-align: justify\"><span style=\"font-family: verdana, geneva, sans-serif\"><span style=\"color: #ff0000\"><b> 5.-<\/b><\/span>En el caso de que AMPA no se encargue de la comercializaci\u00f3n del uniforme, el consejo escolar determinar\u00e1 la empresa local que lo haga, autoriz\u00e1ndola para que durante cuatro cursos, al menos, se encargue de su venta.<\/span><\/p>\n<p style=\"text-align: justify\"><span style=\"font-family: verdana, geneva, sans-serif\"><span style=\"color: #ff0000\"><b> 6.-<\/b><\/span>El centro nunca se responsabilizar\u00e1 o comprometer\u00e1 a un venta m\u00ednima o a que las familias pidan todos los art\u00edculos que componen el uniforme, s\u00f3lo a respetar lo establecido en este reglamento.<\/span><\/p>\n<p style=\"text-align: justify\">&nbsp;<\/p>\n<p style=\"text-align: justify\"><span style=\"color: #0000ff\"><strong><span style=\"font-family: verdana, geneva, sans-serif\"><span style=\"text-decoration: underline\">ART\u00cdCULO 135<\/span>. Sobre la obligatoriedad o no de su uso<\/span><\/strong><\/span><\/p>\n<p style=\"text-align: justify\"><span style=\"font-family: verdana, geneva, sans-serif\"><span style=\"color: #ff0000\"><b> 1.-<\/b><\/span>Al ser nuestro centro un colegio p\u00fablico es totalmente voluntario el uso o no de todo el uniforme o parte de \u00e9l, ello no quiere decir que el centro, una vez aprobado por el consejo escolar, no informe sobre sus caracter\u00edsticas, modelo, etc o incluso se manifieste a favor de su uso.<\/span><\/p>\n<p style=\"text-align: justify\"><span style=\"font-family: verdana, geneva, sans-serif\"><span style=\"color: #ff0000\"><b> 2.-<\/b><\/span>Al menos con anterioridad al per\u00edodo de matriculaci\u00f3n el centro informar\u00e1 a las familias del alumnado de nuevo ingreso sobre el uniforme, empresa distribuidora, etc.<\/span><\/p>\n<p style=\"text-align: justify\">&nbsp;<\/p>\n<p style=\"text-align: justify\"><span style=\"font-family: verdana, geneva, sans-serif\"><strong><span style=\"color: #0000ff\"><span style=\"text-decoration: underline\">ART\u00cdCULO 136<\/span>. Sobre el cambio de modelo de uniforme o encargado de suministro<\/span><\/strong>.<\/span><\/p>\n<p style=\"text-align: justify\"><span style=\"font-family: verdana, geneva, sans-serif\"><span style=\"color: #ff0000\"><b> 1.-<\/b><\/span>La selecci\u00f3n de un modelo concreto deber\u00eda ser mantenida en el tiempo como se\u00f1as de identidad y no variar y menos de manera significativa.<\/span><\/p>\n<p style=\"text-align: justify\"><span style=\"font-family: verdana, geneva, sans-serif\"><span style=\"color: #ff0000\"><b> 2.-<\/b><\/span>Los cambios en el modelo s\u00f3lo deber\u00edan venir como consecuencia de falta de existencias en la tela usada para su confecci\u00f3n y en cualquier caso buscar una similar.<\/span><\/p>\n<p style=\"text-align: justify\"><span style=\"font-family: verdana, geneva, sans-serif\"><span style=\"color: #ff0000\"><b> 3.-<\/b><\/span>La decisi\u00f3n sobre el cambio en la empresa que elabore los uniformes deber\u00eda aprobarla \u00fanicamente el consejo escolar, respetados los primeros cuatro cursos de vigencia y por razones significativas.<\/span><\/p>\n<p style=\"text-align: justify\"><span style=\"font-family: verdana, geneva, sans-serif\"><span style=\"color: #ff0000\"><b> 4.-<\/b><\/span>La decisi\u00f3n sobre si AMPA se encarga de la comercializaci\u00f3n y entrega a los interesados la tomar\u00e1 el consejo escolar&nbsp; curso a curso.<\/span><\/p>\n<p style=\"text-align: justify\"><span style=\"font-family: verdana, geneva, sans-serif\"><span style=\"color: #ff0000\"><b> 5.-<\/b><\/span>Ante la situaci\u00f3n de incumplimiento por parte de la empresa local que venga gestionando el tema del uniforme o que rompa unilateralmente el acuerdo, se volver\u00e1 a reiniciar el proceso empezando por el sondeo, si han transcurrido un m\u00ednimo de cuatro cursos.<\/span><\/p>\n<p style=\"text-align: justify\"><span style=\"font-family: verdana, geneva, sans-serif\"><span style=\"color: #ff0000\"><b> 6.-<\/b><\/span>El centro, a trav\u00e9s de su consejo escolar, podr\u00e1 romper unilateralmente el acuerdo con la empresa local que venga gestionando la comercializaci\u00f3n del uniforme, siempre que se le avise con al menos seis meses de antelaci\u00f3n respecto al inicio del nuevo curso escolar.<\/span><\/p>\n<p style=\"text-align: justify\">&nbsp;<\/p>\n<p style=\"text-align: justify\">&nbsp;<\/p>\n<p style=\"text-align: justify\">&nbsp;<\/p>\n<h5 style=\"text-align: justify\">&nbsp;<\/h5>\n","protected":false},"excerpt":{"rendered":"<p>ART\u00cdCULO 133.&nbsp; Sobre la autorizaci\u00f3n de uso de uniforme escolar en nuestra Escuela 1.-La posible autorizaci\u00f3n de uso de uniforme escolar en nuestro centro \u00fanicamente corresponder\u00e1 a su consejo escolar, en ning\u00fan momento a&#46;&#46;&#46;<\/p>\n","protected":false},"author":3249,"featured_media":0,"parent":447,"menu_order":1,"comment_status":"closed","ping_status":"closed","template":"","meta":{"ngg_post_thumbnail":0,"footnotes":""},"aioseo_notices":[],"_links":{"self":[{"href":"https:\/\/blogsaverroes.juntadeandalucia.es\/plancentroelcastillo\/index.php?rest_route=\/wp\/v2\/pages\/588"}],"collection":[{"href":"https:\/\/blogsaverroes.juntadeandalucia.es\/plancentroelcastillo\/index.php?rest_route=\/wp\/v2\/pages"}],"about":[{"href":"https:\/\/blogsaverroes.juntadeandalucia.es\/plancentroelcastillo\/index.php?rest_route=\/wp\/v2\/types\/page"}],"author":[{"embeddable":true,"href":"https:\/\/blogsaverroes.juntadeandalucia.es\/plancentroelcastillo\/index.php?rest_route=\/wp\/v2\/users\/3249"}],"replies":[{"embeddable":true,"href":"https:\/\/blogsaverroes.juntadeandalucia.es\/plancentroelcastillo\/index.php?rest_route=%2Fwp%2Fv2%2Fcomments&post=588"}],"version-history":[{"count":5,"href":"https:\/\/blogsaverroes.juntadeandalucia.es\/plancentroelcastillo\/index.php?rest_route=\/wp\/v2\/pages\/588\/revisions"}],"predecessor-version":[{"id":909,"href":"https:\/\/blogsaverroes.juntadeandalucia.es\/plancentroelcastillo\/index.php?rest_route=\/wp\/v2\/pages\/588\/revisions\/909"}],"up":[{"embeddable":true,"href":"https:\/\/blogsaverroes.juntadeandalucia.es\/plancentroelcastillo\/index.php?rest_route=\/wp\/v2\/pages\/447"}],"wp:attachment":[{"href":"https:\/\/blogsaverroes.juntadeandalucia.es\/plancentroelcastillo\/index.php?rest_route=%2Fwp%2Fv2%2Fmedia&parent=588"}],"curies":[{"name":"wp","href":"https:\/\/api.w.org\/{rel}","templated":true}]}}