{"id":60,"date":"2018-11-09T21:05:50","date_gmt":"2018-11-09T21:05:50","guid":{"rendered":"https:\/\/blogsaverroes.juntadeandalucia.es\/plancentroelcastillo\/?page_id=60"},"modified":"2021-07-17T17:07:16","modified_gmt":"2021-07-17T17:07:16","slug":"objetivos-educativos-generales-de-la-etapa","status":"publish","type":"page","link":"https:\/\/blogsaverroes.juntadeandalucia.es\/plancentroelcastillo\/?page_id=60","title":{"rendered":"OBJETIVOS EDUCATIVOS GENERALES DE LA ETAPA"},"content":{"rendered":"<ol>\n<li style=\"text-align: justify\"><span style=\"font-family: verdana, geneva, sans-serif\"><b>C<\/b>ONSTRUIR SU PROPIA IDENTIDAD E IR FORM\u00c1NDOSE UNA IMAGEN POSITIVA Y AJUSTADA DE SI MISMO, TOMANDO CONCIENCIA DE SUS POSIBILIDADES Y L\u00cdMITES.<\/span><\/li>\n<li style=\"text-align: justify\"><span style=\"font-family: verdana, geneva, sans-serif\"><b>A<\/b>DQUIRIR AUTONOM\u00cdA EN LA REALIZACI\u00d3N DE SUS ACTIVIDADES HABITUALES Y EN LA PR\u00c1CTICA DE H\u00c1BITOS B\u00c1SICOS DE SALUD Y BIENESTAR, DESARROLLANDO SU CAPACIDAD DE INICIATIVA.<\/span><\/li>\n<li style=\"text-align: justify\"><span style=\"font-family: verdana, geneva, sans-serif\"><b>E<\/b>STABLECER RELACIONES SOCIALES SATISFACTORIAS EN \u00c1MBITOS CADA VEZ M\u00c1S AMPLIOS, ADQUIRIR GRADUALMENTE PAUTAS DE CONVIVENCIA Y ESTRATEGIAS PARA LA RESOLUCI\u00d3N PAC\u00cdFICA DE CONFLICTOS.<\/span><\/li>\n<li style=\"text-align: justify\"><span style=\"font-family: verdana, geneva, sans-serif\"><b>O<\/b>BSERVAR Y EXPLORAR EL ENTORNO INMEDIATO ( F\u00cdSICO, NATURAL, SOCIAL Y CULTURAL), EJERCITANDO EL CONOCIMIENTO Y LA COMPRENSI\u00d3N DE LA REALIDAD Y PARTICIPANDO EN ELLA CON UNA ACTITUD CR\u00cdTICA.<\/span><\/li>\n<li style=\"text-align: justify\"><span style=\"font-family: verdana, geneva, sans-serif\"><b>C<\/b>OMPRENDER Y REPRESENTAR ALGUNAS NOCIONES Y RELACIONES L\u00d3GICO-MATEM\u00c1TICAS REFERIDAS A SITUACIONES DE LA VIDA COTIDIANA.<\/span><\/li>\n<li style=\"text-align: justify\"><span style=\"font-family: verdana, geneva, sans-serif\"><b>D<\/b>ESARROLLAR HABILIDADES COMUNICATIVAS EN DIFERENTES LENGUAJES Y FORMAS DE EXPRESI\u00d3N.<\/span><\/li>\n<li style=\"text-align: justify\"><span style=\"font-family: verdana, geneva, sans-serif\"><b>U<\/b>TILIZAR EL LENGUAJE ORAL DE FORMA CADA VEZ M\u00c1S ADECUADA PARA COMPRENDER Y SER COMPRENDIDO POR LOS DEM\u00c1S.<\/span><\/li>\n<li style=\"text-align: justify\"><span style=\"font-family: verdana, geneva, sans-serif\"><b>I<\/b>NICIARSE EN LA LECTURA Y ESCRITURA A TRAV\u00c9S DE TEXTOS RELACIONADOS CON LA VIDA COTIDIANA.<\/span><\/li>\n<li style=\"text-align: justify\"><span style=\"font-family: verdana, geneva, sans-serif\"><b>C<\/b>ONOCER Y PARTICIPAR EN ALGUNAS MANIFESTACIONES CULTURALES Y ART\u00cdSTICAS DEL ENTORNO, EN ESPECIAL LAS RELACIONADAS CON LA CULTURA ANDALUZA Y SIEMPRE VALORANDO Y RESPETANDO LA PLURALIDAD CULTURAL.<\/span><\/li>\n<\/ol>\n<p>&nbsp;<\/p>\n","protected":false},"excerpt":{"rendered":"<p>CONSTRUIR SU PROPIA IDENTIDAD E IR FORM\u00c1NDOSE UNA IMAGEN POSITIVA Y AJUSTADA DE SI MISMO, TOMANDO CONCIENCIA DE SUS POSIBILIDADES Y L\u00cdMITES. ADQUIRIR AUTONOM\u00cdA EN LA REALIZACI\u00d3N DE SUS ACTIVIDADES HABITUALES Y EN LA&#46;&#46;&#46;<\/p>\n","protected":false},"author":3249,"featured_media":0,"parent":15,"menu_order":4,"comment_status":"closed","ping_status":"closed","template":"","meta":{"ngg_post_thumbnail":0,"footnotes":""},"aioseo_notices":[],"_links":{"self":[{"href":"https:\/\/blogsaverroes.juntadeandalucia.es\/plancentroelcastillo\/index.php?rest_route=\/wp\/v2\/pages\/60"}],"collection":[{"href":"https:\/\/blogsaverroes.juntadeandalucia.es\/plancentroelcastillo\/index.php?rest_route=\/wp\/v2\/pages"}],"about":[{"href":"https:\/\/blogsaverroes.juntadeandalucia.es\/plancentroelcastillo\/index.php?rest_route=\/wp\/v2\/types\/page"}],"author":[{"embeddable":true,"href":"https:\/\/blogsaverroes.juntadeandalucia.es\/plancentroelcastillo\/index.php?rest_route=\/wp\/v2\/users\/3249"}],"replies":[{"embeddable":true,"href":"https:\/\/blogsaverroes.juntadeandalucia.es\/plancentroelcastillo\/index.php?rest_route=%2Fwp%2Fv2%2Fcomments&post=60"}],"version-history":[{"count":4,"href":"https:\/\/blogsaverroes.juntadeandalucia.es\/plancentroelcastillo\/index.php?rest_route=\/wp\/v2\/pages\/60\/revisions"}],"predecessor-version":[{"id":782,"href":"https:\/\/blogsaverroes.juntadeandalucia.es\/plancentroelcastillo\/index.php?rest_route=\/wp\/v2\/pages\/60\/revisions\/782"}],"up":[{"embeddable":true,"href":"https:\/\/blogsaverroes.juntadeandalucia.es\/plancentroelcastillo\/index.php?rest_route=\/wp\/v2\/pages\/15"}],"wp:attachment":[{"href":"https:\/\/blogsaverroes.juntadeandalucia.es\/plancentroelcastillo\/index.php?rest_route=%2Fwp%2Fv2%2Fmedia&parent=60"}],"curies":[{"name":"wp","href":"https:\/\/api.w.org\/{rel}","templated":true}]}}