{"id":629,"date":"2019-03-31T12:37:00","date_gmt":"2019-03-31T12:37:00","guid":{"rendered":"https:\/\/blogsaverroes.juntadeandalucia.es\/plancentroelcastillo\/?page_id=629"},"modified":"2019-03-31T13:38:56","modified_gmt":"2019-03-31T13:38:56","slug":"sobre-la-coordinacion-docente","status":"publish","type":"page","link":"https:\/\/blogsaverroes.juntadeandalucia.es\/plancentroelcastillo\/?page_id=629","title":{"rendered":"EN LA COORDINACI\u00d3N DOCENTE"},"content":{"rendered":"<h5><strong><span style=\"color: #0000ff\"><span style=\"text-decoration: underline\">ART\u00cdCULO 60.<\/span> Sobre acuerdos y decisiones.<br \/>\n<\/span><\/strong><\/h5>\n<ol>\n<li>Con la&nbsp; intenci\u00f3n de compartir documentaci\u00f3n y acuerdos que afectan a lo distintos componentes de los \u00f3rganos de coordinaci\u00f3n docente, el centro facilitar\u00e1 el uso de las plataformas que se consideren oportunas y la direcci\u00f3n del centro defina para cada curso en el documento de \u00abOrganizaci\u00f3n y Funcionamiento de inicio de&nbsp; curso\u00bb.<\/li>\n<li>Los responsables de la coordinaci\u00f3n de estos \u00f3rganos compartir\u00e1n con el resto de miembros el borrador de las distintas actas de las sesiones de trabajo poniendo a disposici\u00f3n de ellos los acuerdos alcanzados.<\/li>\n<li>Facilitar\u00e1n al equipo directivo aquellas informaciones que al respecto de los temas abordados se les demanden.<\/li>\n<li>Trasladar\u00e1n a la comunidad educativa los acuerdos tomados y que puedan ser de especial inter\u00e9s y est\u00e9n relacionados con sus competencias, para ello podr\u00e1n solicitar la colaboraci\u00f3n de los responsables de la gesti\u00f3n de plataformas como es la misma web.<\/li>\n<\/ol>\n","protected":false},"excerpt":{"rendered":"<p>ART\u00cdCULO 60. Sobre acuerdos y decisiones. Con la&nbsp; intenci\u00f3n de compartir documentaci\u00f3n y acuerdos que afectan a lo distintos componentes de los \u00f3rganos de coordinaci\u00f3n docente, el centro facilitar\u00e1 el uso de las plataformas&#46;&#46;&#46;<\/p>\n","protected":false},"author":3249,"featured_media":0,"parent":488,"menu_order":3,"comment_status":"closed","ping_status":"closed","template":"","meta":{"ngg_post_thumbnail":0,"footnotes":""},"aioseo_notices":[],"_links":{"self":[{"href":"https:\/\/blogsaverroes.juntadeandalucia.es\/plancentroelcastillo\/index.php?rest_route=\/wp\/v2\/pages\/629"}],"collection":[{"href":"https:\/\/blogsaverroes.juntadeandalucia.es\/plancentroelcastillo\/index.php?rest_route=\/wp\/v2\/pages"}],"about":[{"href":"https:\/\/blogsaverroes.juntadeandalucia.es\/plancentroelcastillo\/index.php?rest_route=\/wp\/v2\/types\/page"}],"author":[{"embeddable":true,"href":"https:\/\/blogsaverroes.juntadeandalucia.es\/plancentroelcastillo\/index.php?rest_route=\/wp\/v2\/users\/3249"}],"replies":[{"embeddable":true,"href":"https:\/\/blogsaverroes.juntadeandalucia.es\/plancentroelcastillo\/index.php?rest_route=%2Fwp%2Fv2%2Fcomments&post=629"}],"version-history":[{"count":5,"href":"https:\/\/blogsaverroes.juntadeandalucia.es\/plancentroelcastillo\/index.php?rest_route=\/wp\/v2\/pages\/629\/revisions"}],"predecessor-version":[{"id":639,"href":"https:\/\/blogsaverroes.juntadeandalucia.es\/plancentroelcastillo\/index.php?rest_route=\/wp\/v2\/pages\/629\/revisions\/639"}],"up":[{"embeddable":true,"href":"https:\/\/blogsaverroes.juntadeandalucia.es\/plancentroelcastillo\/index.php?rest_route=\/wp\/v2\/pages\/488"}],"wp:attachment":[{"href":"https:\/\/blogsaverroes.juntadeandalucia.es\/plancentroelcastillo\/index.php?rest_route=%2Fwp%2Fv2%2Fmedia&parent=629"}],"curies":[{"name":"wp","href":"https:\/\/api.w.org\/{rel}","templated":true}]}}