{"id":1058,"date":"2025-12-01T08:54:33","date_gmt":"2025-12-01T07:54:33","guid":{"rendered":"https:\/\/blogsaverroes.juntadeandalucia.es\/planesyprogramasalmeria\/?page_id=1058"},"modified":"2025-12-01T08:54:33","modified_gmt":"2025-12-01T07:54:33","slug":"aula-de-jaque","status":"publish","type":"page","link":"https:\/\/blogsaverroes.juntadeandalucia.es\/planesyprogramasalmeria\/aula-de-jaque\/","title":{"rendered":"Aula de Jaque"},"content":{"rendered":"<div class=\"pt-cv-wrapper\"><div class=\"pt-cv-view pt-cv-overlaygrid iscvblock iscvhybrid overlay1 layout1\" id=\"pt-cv-view-44122ba7k9\"><div data-id=\"pt-cv-page-1\" class=\"pt-cv-page\" data-cvc=\"3\"><div class=\" pt-cv-content-item pt-cv-1-col\" ><div class=\"pt-cv-thumb-wrapper  \"><a href=\"https:\/\/blogsaverroes.juntadeandalucia.es\/planesyprogramasalmeria\/2026\/02\/02\/aula-de-jaque-ceip-san-agustin\/\" class=\"_self pt-cv-href-thumbnail pt-cv-thumb-default\" target=\"_self\" ><img fetchpriority=\"high\" decoding=\"async\" width=\"300\" height=\"300\" src=\"https:\/\/blogsaverroes.juntadeandalucia.es\/planesyprogramasalmeria\/files\/2026\/02\/Cartel-Recreos-Dolores-Salas-Rus-300x300.png\" class=\"pt-cv-thumbnail\" alt=\"\" srcset=\"https:\/\/blogsaverroes.juntadeandalucia.es\/planesyprogramasalmeria\/files\/2026\/02\/Cartel-Recreos-Dolores-Salas-Rus-300x300.png 300w, https:\/\/blogsaverroes.juntadeandalucia.es\/planesyprogramasalmeria\/files\/2026\/02\/Cartel-Recreos-Dolores-Salas-Rus-1024x1024.png 1024w, https:\/\/blogsaverroes.juntadeandalucia.es\/planesyprogramasalmeria\/files\/2026\/02\/Cartel-Recreos-Dolores-Salas-Rus-150x150.png 150w, https:\/\/blogsaverroes.juntadeandalucia.es\/planesyprogramasalmeria\/files\/2026\/02\/Cartel-Recreos-Dolores-Salas-Rus-768x768.png 768w, https:\/\/blogsaverroes.juntadeandalucia.es\/planesyprogramasalmeria\/files\/2026\/02\/Cartel-Recreos-Dolores-Salas-Rus-1536x1536.png 1536w, https:\/\/blogsaverroes.juntadeandalucia.es\/planesyprogramasalmeria\/files\/2026\/02\/Cartel-Recreos-Dolores-Salas-Rus-80x80.png 80w, https:\/\/blogsaverroes.juntadeandalucia.es\/planesyprogramasalmeria\/files\/2026\/02\/Cartel-Recreos-Dolores-Salas-Rus-320x320.png 320w, https:\/\/blogsaverroes.juntadeandalucia.es\/planesyprogramasalmeria\/files\/2026\/02\/Cartel-Recreos-Dolores-Salas-Rus.png 2048w\" sizes=\"(max-width: 300px) 100vw, 300px\" \/><\/a><\/div>\n<div class=\"pt-cv-overlay-wrapper\"><div class=\"pt-cv-taxoterm above_title\"><a href='https:\/\/blogsaverroes.juntadeandalucia.es\/planesyprogramasalmeria\/category\/actualidad\/' title='Actualidad' class='pt-cv-tax-actualidad'>Actualidad<\/a><a href='https:\/\/blogsaverroes.juntadeandalucia.es\/planesyprogramasalmeria\/category\/aula-de-jaque\/' title='Aula de Jaque' class='pt-cv-tax-aula-de-jaque'>Aula de Jaque<\/a><\/div><h4 class=\"pt-cv-title\"><a href=\"https:\/\/blogsaverroes.juntadeandalucia.es\/planesyprogramasalmeria\/2026\/02\/02\/aula-de-jaque-ceip-san-agustin\/\" class=\"_self\" target=\"_self\" >Aula de Jaque CEIP San Agust\u00edn<\/a><\/h4><div class=\"pt-cv-content\">CEIP SAN AGUST\u00cdN El Centro nos presenta el cartel de la campa\u00f1a de comunicaci\u00f3n visual y presencial para presentar el ...<br \/><div class=\"pt-cv-rmwrap\"><a href=\"https:\/\/blogsaverroes.juntadeandalucia.es\/planesyprogramasalmeria\/2026\/02\/02\/aula-de-jaque-ceip-san-agustin\/\" class=\"_self pt-cv-readmore btn btn-success\" target=\"_self\">Leer M\u00e1s<\/a><\/div><\/div><\/div><\/div>\n<div class=\" pt-cv-content-item pt-cv-1-col\" ><div class=\"pt-cv-thumb-wrapper  \"><a href=\"https:\/\/blogsaverroes.juntadeandalucia.es\/planesyprogramasalmeria\/2025\/12\/11\/dia-del-ajedrez-educativo-en-el-ies-campos-de-nijar\/\" class=\"_self pt-cv-href-thumbnail pt-cv-thumb-default\" target=\"_self\" ><img decoding=\"async\" width=\"300\" height=\"225\" src=\"https:\/\/blogsaverroes.juntadeandalucia.es\/planesyprogramasalmeria\/files\/2025\/12\/WhatsApp-Image-2025-11-27-at-17.26.18-300x225.jpeg\" class=\"pt-cv-thumbnail\" alt=\"\" srcset=\"https:\/\/blogsaverroes.juntadeandalucia.es\/planesyprogramasalmeria\/files\/2025\/12\/WhatsApp-Image-2025-11-27-at-17.26.18-300x225.jpeg 300w, https:\/\/blogsaverroes.juntadeandalucia.es\/planesyprogramasalmeria\/files\/2025\/12\/WhatsApp-Image-2025-11-27-at-17.26.18-1024x768.jpeg 1024w, https:\/\/blogsaverroes.juntadeandalucia.es\/planesyprogramasalmeria\/files\/2025\/12\/WhatsApp-Image-2025-11-27-at-17.26.18-768x576.jpeg 768w, https:\/\/blogsaverroes.juntadeandalucia.es\/planesyprogramasalmeria\/files\/2025\/12\/WhatsApp-Image-2025-11-27-at-17.26.18-1536x1152.jpeg 1536w, https:\/\/blogsaverroes.juntadeandalucia.es\/planesyprogramasalmeria\/files\/2025\/12\/WhatsApp-Image-2025-11-27-at-17.26.18.jpeg 2000w\" sizes=\"(max-width: 300px) 100vw, 300px\" \/><\/a><\/div>\n<div class=\"pt-cv-overlay-wrapper\"><div class=\"pt-cv-taxoterm above_title\"><a href='https:\/\/blogsaverroes.juntadeandalucia.es\/planesyprogramasalmeria\/category\/actualidad\/' title='Actualidad' class='pt-cv-tax-actualidad'>Actualidad<\/a><a href='https:\/\/blogsaverroes.juntadeandalucia.es\/planesyprogramasalmeria\/category\/aula-de-jaque\/' title='Aula de Jaque' class='pt-cv-tax-aula-de-jaque'>Aula de Jaque<\/a><\/div><h4 class=\"pt-cv-title\"><a href=\"https:\/\/blogsaverroes.juntadeandalucia.es\/planesyprogramasalmeria\/2025\/12\/11\/dia-del-ajedrez-educativo-en-el-ies-campos-de-nijar\/\" class=\"_self\" target=\"_self\" >D\u00eda del Ajedrez Educativo en el IES Campos de N\u00edjar.<\/a><\/h4><div class=\"pt-cv-content\">IES CAMPOS DE N\u00cdJAR. El d\u00eda 19 de Noviembre se celebro el d\u00eda del Ajedrez educativo en nuestro centro. Aula ...<br \/><div class=\"pt-cv-rmwrap\"><a href=\"https:\/\/blogsaverroes.juntadeandalucia.es\/planesyprogramasalmeria\/2025\/12\/11\/dia-del-ajedrez-educativo-en-el-ies-campos-de-nijar\/\" class=\"_self pt-cv-readmore btn btn-success\" target=\"_self\">Leer M\u00e1s<\/a><\/div><\/div><\/div><\/div>\n<div class=\" pt-cv-content-item pt-cv-1-col\" ><div class=\"pt-cv-thumb-wrapper  \"><a href=\"https:\/\/blogsaverroes.juntadeandalucia.es\/planesyprogramasalmeria\/2025\/12\/09\/celebracion-del-dia-del-ajedrez-educativo\/\" class=\"_self pt-cv-href-thumbnail pt-cv-thumb-default\" target=\"_self\" ><img decoding=\"async\" width=\"300\" height=\"225\" src=\"https:\/\/blogsaverroes.juntadeandalucia.es\/planesyprogramasalmeria\/files\/2025\/12\/20251204_111546-Eduardo-Oliver-Rozalen-300x225.jpg\" class=\"pt-cv-thumbnail\" alt=\"\" srcset=\"https:\/\/blogsaverroes.juntadeandalucia.es\/planesyprogramasalmeria\/files\/2025\/12\/20251204_111546-Eduardo-Oliver-Rozalen-300x225.jpg 300w, https:\/\/blogsaverroes.juntadeandalucia.es\/planesyprogramasalmeria\/files\/2025\/12\/20251204_111546-Eduardo-Oliver-Rozalen-1024x768.jpg 1024w, https:\/\/blogsaverroes.juntadeandalucia.es\/planesyprogramasalmeria\/files\/2025\/12\/20251204_111546-Eduardo-Oliver-Rozalen-768x576.jpg 768w, https:\/\/blogsaverroes.juntadeandalucia.es\/planesyprogramasalmeria\/files\/2025\/12\/20251204_111546-Eduardo-Oliver-Rozalen-1536x1152.jpg 1536w, https:\/\/blogsaverroes.juntadeandalucia.es\/planesyprogramasalmeria\/files\/2025\/12\/20251204_111546-Eduardo-Oliver-Rozalen-2048x1536.jpg 2048w\" sizes=\"(max-width: 300px) 100vw, 300px\" \/><\/a><\/div>\n<div class=\"pt-cv-overlay-wrapper\"><div class=\"pt-cv-taxoterm above_title\"><a href='https:\/\/blogsaverroes.juntadeandalucia.es\/planesyprogramasalmeria\/category\/actualidad\/' title='Actualidad' class='pt-cv-tax-actualidad'>Actualidad<\/a><a href='https:\/\/blogsaverroes.juntadeandalucia.es\/planesyprogramasalmeria\/category\/aula-de-jaque\/' title='Aula de Jaque' class='pt-cv-tax-aula-de-jaque'>Aula de Jaque<\/a><\/div><h4 class=\"pt-cv-title\"><a href=\"https:\/\/blogsaverroes.juntadeandalucia.es\/planesyprogramasalmeria\/2025\/12\/09\/celebracion-del-dia-del-ajedrez-educativo\/\" class=\"_self\" target=\"_self\" >Celebraci\u00f3n del d\u00eda del ajedrez educativo<\/a><\/h4><div class=\"pt-cv-content\">IES MARTIN GARC\u00cdA RAMOS.\u00a0 Para celebrar el d\u00eda del ajedrez educativo sacamos los tableros al patio durante los recreos para ...<br \/><div class=\"pt-cv-rmwrap\"><a href=\"https:\/\/blogsaverroes.juntadeandalucia.es\/planesyprogramasalmeria\/2025\/12\/09\/celebracion-del-dia-del-ajedrez-educativo\/\" class=\"_self pt-cv-readmore btn btn-success\" target=\"_self\">Leer M\u00e1s<\/a><\/div><\/div><\/div><\/div><\/div><\/div><\/div>\t\t\t<style type=\"text\/css\" id=\"pt-cv-inline-style-f7dbe05ukh\">#pt-cv-view-44122ba7k9 .pt-cv-thumb-wrapper::before {background: rgba(0,0,0,.4); opacity: 0.8;}#pt-cv-view-44122ba7k9 .pt-cv-overlay-wrapper {justify-content: flex-end;}\n#pt-cv-view-44122ba7k9 > .pt-cv-page {grid-template-columns: repeat(3, 1fr);grid-auto-rows: 250px;grid-gap: 15px;}\n@media all and (max-width: 1024px) { \n#pt-cv-view-44122ba7k9 > .pt-cv-page {grid-template-columns: repeat(1, 1fr);}\n} \n@media all and (max-width: 767px) { \n#pt-cv-view-44122ba7k9 > .pt-cv-page {grid-template-columns: repeat(1, 1fr);}\n} <\/style>\r\n\t\t\t\n","protected":false},"excerpt":{"rendered":"","protected":false},"author":1269,"featured_media":0,"parent":0,"menu_order":0,"comment_status":"closed","ping_status":"closed","template":"","meta":{"footnotes":""},"aioseo_notices":[],"_links":{"self":[{"href":"https:\/\/blogsaverroes.juntadeandalucia.es\/planesyprogramasalmeria\/wp-json\/wp\/v2\/pages\/1058"}],"collection":[{"href":"https:\/\/blogsaverroes.juntadeandalucia.es\/planesyprogramasalmeria\/wp-json\/wp\/v2\/pages"}],"about":[{"href":"https:\/\/blogsaverroes.juntadeandalucia.es\/planesyprogramasalmeria\/wp-json\/wp\/v2\/types\/page"}],"author":[{"embeddable":true,"href":"https:\/\/blogsaverroes.juntadeandalucia.es\/planesyprogramasalmeria\/wp-json\/wp\/v2\/users\/1269"}],"replies":[{"embeddable":true,"href":"https:\/\/blogsaverroes.juntadeandalucia.es\/planesyprogramasalmeria\/wp-json\/wp\/v2\/comments?post=1058"}],"version-history":[{"count":1,"href":"https:\/\/blogsaverroes.juntadeandalucia.es\/planesyprogramasalmeria\/wp-json\/wp\/v2\/pages\/1058\/revisions"}],"predecessor-version":[{"id":1059,"href":"https:\/\/blogsaverroes.juntadeandalucia.es\/planesyprogramasalmeria\/wp-json\/wp\/v2\/pages\/1058\/revisions\/1059"}],"wp:attachment":[{"href":"https:\/\/blogsaverroes.juntadeandalucia.es\/planesyprogramasalmeria\/wp-json\/wp\/v2\/media?parent=1058"}],"curies":[{"name":"wp","href":"https:\/\/api.w.org\/{rel}","templated":true}]}}