{"id":1090,"date":"2025-12-11T12:00:02","date_gmt":"2025-12-11T11:00:02","guid":{"rendered":"https:\/\/blogsaverroes.juntadeandalucia.es\/planesyprogramasalmeria\/?page_id=1090"},"modified":"2025-12-11T12:00:02","modified_gmt":"2025-12-11T11:00:02","slug":"bibliotecas-escolares","status":"publish","type":"page","link":"https:\/\/blogsaverroes.juntadeandalucia.es\/planesyprogramasalmeria\/bibliotecas-escolares\/","title":{"rendered":"Bibliotecas escolares"},"content":{"rendered":"<div class=\"pt-cv-wrapper\"><h1 class='pt-cv-heading-container heading1' data-blockid='a7717d1i1t'><span class='pt-cv-heading'> Bibliotecas Escolares <\/span><\/h1><div class=\"pt-cv-view pt-cv-overlaygrid iscvblock iscvhybrid overlay1 layout1\" id=\"pt-cv-view-a7717d1i1t\"><div data-id=\"pt-cv-page-1\" class=\"pt-cv-page\" data-cvc=\"3\"><div class=\" pt-cv-content-item pt-cv-1-col\" ><div class=\"pt-cv-thumb-wrapper  \"><a href=\"https:\/\/blogsaverroes.juntadeandalucia.es\/planesyprogramasalmeria\/2025\/12\/11\/viii-premios-bibliotecas-escolares\/\" class=\"_self pt-cv-href-thumbnail pt-cv-thumb-default\" target=\"_self\" ><img decoding=\"async\" width=\"220\" height=\"165\" src=\"https:\/\/blogsaverroes.juntadeandalucia.es\/planesyprogramasalmeria\/files\/2025\/12\/Imagen-abdera-2.jpg\" class=\"pt-cv-thumbnail\" alt=\"\" \/><\/a><\/div>\n<div class=\"pt-cv-overlay-wrapper\"><div class=\"pt-cv-taxoterm above_title\"><a href='https:\/\/blogsaverroes.juntadeandalucia.es\/planesyprogramasalmeria\/category\/bibliotecas-escolares\/' title='Bibliotecas escolares' class='pt-cv-tax-bibliotecas-escolares'>Bibliotecas escolares<\/a><\/div><h4 class=\"pt-cv-title\"><a href=\"https:\/\/blogsaverroes.juntadeandalucia.es\/planesyprogramasalmeria\/2025\/12\/11\/viii-premios-bibliotecas-escolares\/\" class=\"_self\" target=\"_self\" >VIII Premios Bibliotecas Escolares<\/a><\/h4><div class=\"pt-cv-content\">IES ABDERA y CEIP FEDERICO GARC\u00cdA LORCA. VIII PREMIOS DE BIBLIOTECAS ESCOLARES El CEIP Federico Garc\u00eda Lorca (Las Caba\u00f1uelas, Almer\u00eda), ...<br \/><div class=\"pt-cv-rmwrap\"><a href=\"https:\/\/blogsaverroes.juntadeandalucia.es\/planesyprogramasalmeria\/2025\/12\/11\/viii-premios-bibliotecas-escolares\/\" class=\"_self pt-cv-readmore btn btn-success\" target=\"_self\">Leer M\u00e1s<\/a><\/div><\/div><\/div><\/div><\/div><\/div><\/div>\t\t\t<style type=\"text\/css\" id=\"pt-cv-inline-style-b041988m1l\">#pt-cv-view-a7717d1i1t .pt-cv-thumb-wrapper::before {background: rgba(0,0,0,.4); opacity: 0.8;}#pt-cv-view-a7717d1i1t .pt-cv-overlay-wrapper {justify-content: flex-end;}\n#pt-cv-view-a7717d1i1t > .pt-cv-page {grid-template-columns: repeat(3, 1fr);grid-auto-rows: 250px;grid-gap: 15px;}\n@media all and (max-width: 1024px) { \n#pt-cv-view-a7717d1i1t > .pt-cv-page {grid-template-columns: repeat(1, 1fr);}\n} \n@media all and (max-width: 767px) { \n#pt-cv-view-a7717d1i1t > .pt-cv-page {grid-template-columns: repeat(1, 1fr);}\n} <\/style>\r\n\t\t\t\n","protected":false},"excerpt":{"rendered":"","protected":false},"author":1269,"featured_media":0,"parent":0,"menu_order":0,"comment_status":"closed","ping_status":"closed","template":"","meta":{"footnotes":""},"aioseo_notices":[],"_links":{"self":[{"href":"https:\/\/blogsaverroes.juntadeandalucia.es\/planesyprogramasalmeria\/wp-json\/wp\/v2\/pages\/1090"}],"collection":[{"href":"https:\/\/blogsaverroes.juntadeandalucia.es\/planesyprogramasalmeria\/wp-json\/wp\/v2\/pages"}],"about":[{"href":"https:\/\/blogsaverroes.juntadeandalucia.es\/planesyprogramasalmeria\/wp-json\/wp\/v2\/types\/page"}],"author":[{"embeddable":true,"href":"https:\/\/blogsaverroes.juntadeandalucia.es\/planesyprogramasalmeria\/wp-json\/wp\/v2\/users\/1269"}],"replies":[{"embeddable":true,"href":"https:\/\/blogsaverroes.juntadeandalucia.es\/planesyprogramasalmeria\/wp-json\/wp\/v2\/comments?post=1090"}],"version-history":[{"count":1,"href":"https:\/\/blogsaverroes.juntadeandalucia.es\/planesyprogramasalmeria\/wp-json\/wp\/v2\/pages\/1090\/revisions"}],"predecessor-version":[{"id":1091,"href":"https:\/\/blogsaverroes.juntadeandalucia.es\/planesyprogramasalmeria\/wp-json\/wp\/v2\/pages\/1090\/revisions\/1091"}],"wp:attachment":[{"href":"https:\/\/blogsaverroes.juntadeandalucia.es\/planesyprogramasalmeria\/wp-json\/wp\/v2\/media?parent=1090"}],"curies":[{"name":"wp","href":"https:\/\/api.w.org\/{rel}","templated":true}]}}