{"id":355,"date":"2025-04-25T11:55:39","date_gmt":"2025-04-25T09:55:39","guid":{"rendered":"https:\/\/blogsaverroes.juntadeandalucia.es\/cimaalmeria\/?page_id=355"},"modified":"2025-09-18T14:03:26","modified_gmt":"2025-09-18T12:03:26","slug":"actualidad","status":"publish","type":"page","link":"https:\/\/blogsaverroes.juntadeandalucia.es\/planesyprogramasalmeria\/actualidad\/","title":{"rendered":"Actualidad"},"content":{"rendered":"<div class=\"pt-cv-wrapper\"><h1 class='pt-cv-heading-container heading2' data-blockid='2ced9e1ixg'><span class='pt-cv-heading'> Noticias de Actualidad <\/span><\/h1><div class=\"pt-cv-view pt-cv-overlaygrid iscvblock iscvhybrid overlay1 layout1\" id=\"pt-cv-view-2ced9e1ixg\"><div data-id=\"pt-cv-page-1\" class=\"pt-cv-page\" data-cvc=\"2\"><div class=\" pt-cv-content-item pt-cv-1-col\" ><div class=\"pt-cv-thumb-wrapper  \"><a href=\"https:\/\/blogsaverroes.juntadeandalucia.es\/planesyprogramasalmeria\/2026\/03\/23\/v-feria-de-la-innovacion-y-la-ciencia-almeria-2\/\" class=\"_self pt-cv-href-thumbnail pt-cv-thumb-default\" target=\"_self\" ><img decoding=\"async\" width=\"150\" height=\"150\" src=\"https:\/\/blogsaverroes.juntadeandalucia.es\/planesyprogramasalmeria\/files\/2026\/03\/Verde_Azul_FICA_transparente2-150x150.png\" class=\"pt-cv-thumbnail\" alt=\"\" srcset=\"https:\/\/blogsaverroes.juntadeandalucia.es\/planesyprogramasalmeria\/files\/2026\/03\/Verde_Azul_FICA_transparente2-150x150.png 150w, https:\/\/blogsaverroes.juntadeandalucia.es\/planesyprogramasalmeria\/files\/2026\/03\/Verde_Azul_FICA_transparente2-80x80.png 80w, https:\/\/blogsaverroes.juntadeandalucia.es\/planesyprogramasalmeria\/files\/2026\/03\/Verde_Azul_FICA_transparente2-320x320.png 320w\" sizes=\"(max-width: 150px) 100vw, 150px\" \/><\/a><\/div>\n<div class=\"pt-cv-overlay-wrapper\"><h4 class=\"pt-cv-title\"><a href=\"https:\/\/blogsaverroes.juntadeandalucia.es\/planesyprogramasalmeria\/2026\/03\/23\/v-feria-de-la-innovacion-y-la-ciencia-almeria-2\/\" class=\"_self\" target=\"_self\" >V Feria de la Innovaci\u00f3n y la Ciencia Almer\u00eda<\/a><\/h4><div class=\"pt-cv-content\">La V Feria de la Innovaci\u00f3n y la Ciencia de Almer\u00eda 2026, se celebrar\u00e1 bajo el lema \u201cUna ventana abierta ...<br \/><div class=\"pt-cv-rmwrap\"><a href=\"https:\/\/blogsaverroes.juntadeandalucia.es\/planesyprogramasalmeria\/2026\/03\/23\/v-feria-de-la-innovacion-y-la-ciencia-almeria-2\/\" class=\"_self pt-cv-readmore btn btn-success\" target=\"_self\">Leer M\u00e1s<\/a><\/div><\/div><\/div><\/div>\n<div class=\" pt-cv-content-item pt-cv-1-col\" ><div class=\"pt-cv-thumb-wrapper  \"><a href=\"https:\/\/blogsaverroes.juntadeandalucia.es\/planesyprogramasalmeria\/2026\/03\/03\/textos-instructivos-recetas-saludables\/\" class=\"_self pt-cv-href-thumbnail pt-cv-thumb-default\" target=\"_self\" ><img decoding=\"async\" width=\"150\" height=\"150\" src=\"https:\/\/blogsaverroes.juntadeandalucia.es\/planesyprogramasalmeria\/files\/2026\/03\/Recetas-saludables-Maria-del-Rocio-Alarcon-Palenzuela-150x150.jpeg\" class=\"pt-cv-thumbnail\" alt=\"\" srcset=\"https:\/\/blogsaverroes.juntadeandalucia.es\/planesyprogramasalmeria\/files\/2026\/03\/Recetas-saludables-Maria-del-Rocio-Alarcon-Palenzuela-150x150.jpeg 150w, https:\/\/blogsaverroes.juntadeandalucia.es\/planesyprogramasalmeria\/files\/2026\/03\/Recetas-saludables-Maria-del-Rocio-Alarcon-Palenzuela-1014x1024.jpeg 1014w, https:\/\/blogsaverroes.juntadeandalucia.es\/planesyprogramasalmeria\/files\/2026\/03\/Recetas-saludables-Maria-del-Rocio-Alarcon-Palenzuela-80x80.jpeg 80w, https:\/\/blogsaverroes.juntadeandalucia.es\/planesyprogramasalmeria\/files\/2026\/03\/Recetas-saludables-Maria-del-Rocio-Alarcon-Palenzuela-320x320.jpeg 320w\" sizes=\"(max-width: 150px) 100vw, 150px\" \/><\/a><\/div>\n<div class=\"pt-cv-overlay-wrapper\"><h4 class=\"pt-cv-title\"><a href=\"https:\/\/blogsaverroes.juntadeandalucia.es\/planesyprogramasalmeria\/2026\/03\/03\/textos-instructivos-recetas-saludables\/\" class=\"_self\" target=\"_self\" >Textos instructivos: Recetas saludables<\/a><\/h4><div class=\"pt-cv-content\">IES PILAR QUIROSA La experiencia ha consistido en la creaci\u00f3n de una receta saludable en formato audiovisual y en el ...<br \/><div class=\"pt-cv-rmwrap\"><a href=\"https:\/\/blogsaverroes.juntadeandalucia.es\/planesyprogramasalmeria\/2026\/03\/03\/textos-instructivos-recetas-saludables\/\" class=\"_self pt-cv-readmore btn btn-success\" target=\"_self\">Leer M\u00e1s<\/a><\/div><\/div><\/div><\/div>\n<div class=\" pt-cv-content-item pt-cv-1-col\" ><div class=\"pt-cv-thumb-wrapper  \"><a href=\"https:\/\/blogsaverroes.juntadeandalucia.es\/planesyprogramasalmeria\/2026\/03\/03\/hermano-mayor\/\" class=\"_self pt-cv-href-thumbnail pt-cv-thumb-default\" target=\"_self\" ><img decoding=\"async\" width=\"150\" height=\"150\" src=\"https:\/\/blogsaverroes.juntadeandalucia.es\/planesyprogramasalmeria\/files\/2026\/03\/Captura-de-pantalla-2026-03-03-092539-150x150.png\" class=\"pt-cv-thumbnail\" alt=\"\" srcset=\"https:\/\/blogsaverroes.juntadeandalucia.es\/planesyprogramasalmeria\/files\/2026\/03\/Captura-de-pantalla-2026-03-03-092539-150x150.png 150w, https:\/\/blogsaverroes.juntadeandalucia.es\/planesyprogramasalmeria\/files\/2026\/03\/Captura-de-pantalla-2026-03-03-092539-80x80.png 80w, https:\/\/blogsaverroes.juntadeandalucia.es\/planesyprogramasalmeria\/files\/2026\/03\/Captura-de-pantalla-2026-03-03-092539-320x320.png 320w\" sizes=\"(max-width: 150px) 100vw, 150px\" \/><\/a><\/div>\n<div class=\"pt-cv-overlay-wrapper\"><h4 class=\"pt-cv-title\"><a href=\"https:\/\/blogsaverroes.juntadeandalucia.es\/planesyprogramasalmeria\/2026\/03\/03\/hermano-mayor\/\" class=\"_self\" target=\"_self\" >Hermano mayor<\/a><\/h4><div class=\"pt-cv-content\">IES PILAR QUIROSA Hermano\/a Mayor es una experiencia de acompa\u00f1amiento y convivencia en la que el alumnado de 4.\u00ba de ...<br \/><div class=\"pt-cv-rmwrap\"><a href=\"https:\/\/blogsaverroes.juntadeandalucia.es\/planesyprogramasalmeria\/2026\/03\/03\/hermano-mayor\/\" class=\"_self pt-cv-readmore btn btn-success\" target=\"_self\">Leer M\u00e1s<\/a><\/div><\/div><\/div><\/div>\n<div class=\" pt-cv-content-item pt-cv-1-col\" ><div class=\"pt-cv-thumb-wrapper  \"><a href=\"https:\/\/blogsaverroes.juntadeandalucia.es\/planesyprogramasalmeria\/2026\/03\/03\/ruta-de-senderismo-y-taller-de-escalada\/\" class=\"_self pt-cv-href-thumbnail pt-cv-thumb-default\" target=\"_self\" ><img loading=\"lazy\" decoding=\"async\" width=\"150\" height=\"150\" src=\"https:\/\/blogsaverroes.juntadeandalucia.es\/planesyprogramasalmeria\/files\/2026\/03\/Captura-de-pantalla-2026-03-03-091630-150x150.png\" class=\"pt-cv-thumbnail\" alt=\"\" srcset=\"https:\/\/blogsaverroes.juntadeandalucia.es\/planesyprogramasalmeria\/files\/2026\/03\/Captura-de-pantalla-2026-03-03-091630-150x150.png 150w, https:\/\/blogsaverroes.juntadeandalucia.es\/planesyprogramasalmeria\/files\/2026\/03\/Captura-de-pantalla-2026-03-03-091630-80x80.png 80w, https:\/\/blogsaverroes.juntadeandalucia.es\/planesyprogramasalmeria\/files\/2026\/03\/Captura-de-pantalla-2026-03-03-091630-320x320.png 320w\" sizes=\"(max-width: 150px) 100vw, 150px\" \/><\/a><\/div>\n<div class=\"pt-cv-overlay-wrapper\"><h4 class=\"pt-cv-title\"><a href=\"https:\/\/blogsaverroes.juntadeandalucia.es\/planesyprogramasalmeria\/2026\/03\/03\/ruta-de-senderismo-y-taller-de-escalada\/\" class=\"_self\" target=\"_self\" >Ruta de senderismo y taller de escalada<\/a><\/h4><div class=\"pt-cv-content\">CEIP NTRA. SRA. DE LA CABEZA El centro nos trae dos experiencias relacionadas con la promoci\u00f3n de h\u00e1bitos de vida ...<br \/><div class=\"pt-cv-rmwrap\"><a href=\"https:\/\/blogsaverroes.juntadeandalucia.es\/planesyprogramasalmeria\/2026\/03\/03\/ruta-de-senderismo-y-taller-de-escalada\/\" class=\"_self pt-cv-readmore btn btn-success\" target=\"_self\">Leer M\u00e1s<\/a><\/div><\/div><\/div><\/div>\n<div class=\" pt-cv-content-item pt-cv-1-col\" ><div class=\"pt-cv-thumb-wrapper  \"><a href=\"https:\/\/blogsaverroes.juntadeandalucia.es\/planesyprogramasalmeria\/2026\/03\/03\/taller-sobre-las-emociones\/\" class=\"_self pt-cv-href-thumbnail pt-cv-thumb-default\" target=\"_self\" ><img loading=\"lazy\" decoding=\"async\" width=\"150\" height=\"150\" src=\"https:\/\/blogsaverroes.juntadeandalucia.es\/planesyprogramasalmeria\/files\/2026\/03\/Captura-de-pantalla-2026-03-03-085712-150x150.png\" class=\"pt-cv-thumbnail\" alt=\"\" srcset=\"https:\/\/blogsaverroes.juntadeandalucia.es\/planesyprogramasalmeria\/files\/2026\/03\/Captura-de-pantalla-2026-03-03-085712-150x150.png 150w, https:\/\/blogsaverroes.juntadeandalucia.es\/planesyprogramasalmeria\/files\/2026\/03\/Captura-de-pantalla-2026-03-03-085712-80x80.png 80w, https:\/\/blogsaverroes.juntadeandalucia.es\/planesyprogramasalmeria\/files\/2026\/03\/Captura-de-pantalla-2026-03-03-085712-320x320.png 320w\" sizes=\"(max-width: 150px) 100vw, 150px\" \/><\/a><\/div>\n<div class=\"pt-cv-overlay-wrapper\"><h4 class=\"pt-cv-title\"><a href=\"https:\/\/blogsaverroes.juntadeandalucia.es\/planesyprogramasalmeria\/2026\/03\/03\/taller-sobre-las-emociones\/\" class=\"_self\" target=\"_self\" >Taller sobre las emociones<\/a><\/h4><div class=\"pt-cv-content\">CEIP NTRA. SRA. DE LA CABEZA El centro nos trae su experiencia con la realizaci\u00f3n de una charla sobre emociones ...<br \/><div class=\"pt-cv-rmwrap\"><a href=\"https:\/\/blogsaverroes.juntadeandalucia.es\/planesyprogramasalmeria\/2026\/03\/03\/taller-sobre-las-emociones\/\" class=\"_self pt-cv-readmore btn btn-success\" target=\"_self\">Leer M\u00e1s<\/a><\/div><\/div><\/div><\/div><\/div><\/div><\/div>\t\t\t<style type=\"text\/css\" id=\"pt-cv-inline-style-c7e648ff2p\">#pt-cv-view-2ced9e1ixg .pt-cv-thumb-wrapper::before {background: rgba(0,0,0,.4); opacity: 0.8;}#pt-cv-view-2ced9e1ixg .pt-cv-overlay-wrapper {justify-content: flex-end;}\n#pt-cv-view-2ced9e1ixg > .pt-cv-page {grid-template-columns: repeat(2, 1fr);grid-auto-rows: 250px;grid-gap: 15px;}\n@media all and (max-width: 1024px) { \n#pt-cv-view-2ced9e1ixg > .pt-cv-page {grid-template-columns: repeat(1, 1fr);}\n} \n@media all and (max-width: 767px) { \n#pt-cv-view-2ced9e1ixg > .pt-cv-page {grid-template-columns: repeat(1, 1fr);}\n} <\/style>\r\n\t\t\t\n","protected":false},"excerpt":{"rendered":"","protected":false},"author":1269,"featured_media":0,"parent":0,"menu_order":0,"comment_status":"closed","ping_status":"closed","template":"","meta":{"footnotes":""},"aioseo_notices":[],"_links":{"self":[{"href":"https:\/\/blogsaverroes.juntadeandalucia.es\/planesyprogramasalmeria\/wp-json\/wp\/v2\/pages\/355"}],"collection":[{"href":"https:\/\/blogsaverroes.juntadeandalucia.es\/planesyprogramasalmeria\/wp-json\/wp\/v2\/pages"}],"about":[{"href":"https:\/\/blogsaverroes.juntadeandalucia.es\/planesyprogramasalmeria\/wp-json\/wp\/v2\/types\/page"}],"author":[{"embeddable":true,"href":"https:\/\/blogsaverroes.juntadeandalucia.es\/planesyprogramasalmeria\/wp-json\/wp\/v2\/users\/1269"}],"replies":[{"embeddable":true,"href":"https:\/\/blogsaverroes.juntadeandalucia.es\/planesyprogramasalmeria\/wp-json\/wp\/v2\/comments?post=355"}],"version-history":[{"count":1,"href":"https:\/\/blogsaverroes.juntadeandalucia.es\/planesyprogramasalmeria\/wp-json\/wp\/v2\/pages\/355\/revisions"}],"predecessor-version":[{"id":942,"href":"https:\/\/blogsaverroes.juntadeandalucia.es\/planesyprogramasalmeria\/wp-json\/wp\/v2\/pages\/355\/revisions\/942"}],"wp:attachment":[{"href":"https:\/\/blogsaverroes.juntadeandalucia.es\/planesyprogramasalmeria\/wp-json\/wp\/v2\/media?parent=355"}],"curies":[{"name":"wp","href":"https:\/\/api.w.org\/{rel}","templated":true}]}}