{"id":969,"date":"2025-09-24T13:48:07","date_gmt":"2025-09-24T11:48:07","guid":{"rendered":"https:\/\/blogsaverroes.juntadeandalucia.es\/planesyprogramasalmeria\/?page_id=969"},"modified":"2025-09-24T13:48:07","modified_gmt":"2025-09-24T11:48:07","slug":"presentaciones-webinar","status":"publish","type":"page","link":"https:\/\/blogsaverroes.juntadeandalucia.es\/planesyprogramasalmeria\/presentaciones-webinar\/","title":{"rendered":"Presentaciones WEBINAR"},"content":{"rendered":"<p style=\"text-align: center\">Desde aqu\u00ed puedes descargar las presentaciones de los \u00e1mbitos y programas que se trataron en el webinar informativo del pasado d\u00eda 23 de septiembre de 2025.<\/p>\n<p><a href=\"https:\/\/drive.google.com\/drive\/folders\/19nSpeXwRJhItJMVSqVEgv_aCNqpKasf6?usp=drive_link\" target=\"_blank\" rel=\"noopener\"><img fetchpriority=\"high\" decoding=\"async\" class=\"aligncenter size-medium wp-image-919\" src=\"https:\/\/blogsaverroes.juntadeandalucia.es\/planesyprogramasalmeria\/files\/2025\/09\/Screenshot_20250917_191004_Adobe-Acrobat-199x300.jpg\" alt=\"\" width=\"199\" height=\"300\" srcset=\"https:\/\/blogsaverroes.juntadeandalucia.es\/planesyprogramasalmeria\/files\/2025\/09\/Screenshot_20250917_191004_Adobe-Acrobat-199x300.jpg 199w, https:\/\/blogsaverroes.juntadeandalucia.es\/planesyprogramasalmeria\/files\/2025\/09\/Screenshot_20250917_191004_Adobe-Acrobat-678x1024.jpg 678w, https:\/\/blogsaverroes.juntadeandalucia.es\/planesyprogramasalmeria\/files\/2025\/09\/Screenshot_20250917_191004_Adobe-Acrobat-768x1159.jpg 768w, https:\/\/blogsaverroes.juntadeandalucia.es\/planesyprogramasalmeria\/files\/2025\/09\/Screenshot_20250917_191004_Adobe-Acrobat-1018x1536.jpg 1018w, https:\/\/blogsaverroes.juntadeandalucia.es\/planesyprogramasalmeria\/files\/2025\/09\/Screenshot_20250917_191004_Adobe-Acrobat.jpg 1044w\" sizes=\"(max-width: 199px) 100vw, 199px\" \/><\/a><\/p>\n<p style=\"text-align: center\"><span style=\"font-size: 10pt\"><em>Pincha en la imagen para acceder a las presentaciones<\/em><\/span><\/p>\n","protected":false},"excerpt":{"rendered":"<p>Desde aqu\u00ed puedes descargar las presentaciones de los \u00e1mbitos y programas que se trataron en el webinar informativo del pasado d\u00eda 23 de septiembre de 2025. Pincha en la imagen para acceder a las&#46;&#46;&#46;<\/p>\n","protected":false},"author":1269,"featured_media":0,"parent":0,"menu_order":0,"comment_status":"closed","ping_status":"closed","template":"","meta":{"footnotes":""},"aioseo_notices":[],"_links":{"self":[{"href":"https:\/\/blogsaverroes.juntadeandalucia.es\/planesyprogramasalmeria\/wp-json\/wp\/v2\/pages\/969"}],"collection":[{"href":"https:\/\/blogsaverroes.juntadeandalucia.es\/planesyprogramasalmeria\/wp-json\/wp\/v2\/pages"}],"about":[{"href":"https:\/\/blogsaverroes.juntadeandalucia.es\/planesyprogramasalmeria\/wp-json\/wp\/v2\/types\/page"}],"author":[{"embeddable":true,"href":"https:\/\/blogsaverroes.juntadeandalucia.es\/planesyprogramasalmeria\/wp-json\/wp\/v2\/users\/1269"}],"replies":[{"embeddable":true,"href":"https:\/\/blogsaverroes.juntadeandalucia.es\/planesyprogramasalmeria\/wp-json\/wp\/v2\/comments?post=969"}],"version-history":[{"count":1,"href":"https:\/\/blogsaverroes.juntadeandalucia.es\/planesyprogramasalmeria\/wp-json\/wp\/v2\/pages\/969\/revisions"}],"predecessor-version":[{"id":970,"href":"https:\/\/blogsaverroes.juntadeandalucia.es\/planesyprogramasalmeria\/wp-json\/wp\/v2\/pages\/969\/revisions\/970"}],"wp:attachment":[{"href":"https:\/\/blogsaverroes.juntadeandalucia.es\/planesyprogramasalmeria\/wp-json\/wp\/v2\/media?parent=969"}],"curies":[{"name":"wp","href":"https:\/\/api.w.org\/{rel}","templated":true}]}}