{"id":2264,"date":"2022-11-11T13:55:11","date_gmt":"2022-11-11T12:55:11","guid":{"rendered":"https:\/\/blogsaverroes.juntadeandalucia.es\/planesyprogramascordoba\/?page_id=2264"},"modified":"2022-11-16T13:22:47","modified_gmt":"2022-11-16T12:22:47","slug":"steam-robotica","status":"publish","type":"page","link":"https:\/\/blogsaverroes.juntadeandalucia.es\/planesyprogramascordoba\/steam-robotica\/","title":{"rendered":"STEAM Rob\u00f3tica"},"content":{"rendered":"\t\t<div data-elementor-type=\"wp-page\" data-elementor-id=\"2264\" class=\"elementor elementor-2264\">\n\t\t\t\t\t\t<section class=\"elementor-section elementor-top-section elementor-element elementor-element-ecf75d9 elementor-section-boxed elementor-section-height-default elementor-section-height-default\" data-id=\"ecf75d9\" data-element_type=\"section\">\n\t\t\t\t\t\t<div class=\"elementor-container elementor-column-gap-default\">\n\t\t\t\t\t<div class=\"elementor-column elementor-col-100 elementor-top-column elementor-element elementor-element-5935c11\" data-id=\"5935c11\" data-element_type=\"column\">\n\t\t\t<div class=\"elementor-widget-wrap elementor-element-populated\">\n\t\t\t\t\t\t<div class=\"elementor-element elementor-element-d68f7ac elementor-widget elementor-widget-video\" data-id=\"d68f7ac\" data-element_type=\"widget\" data-settings=\"{&quot;youtube_url&quot;:&quot;https:\\\/\\\/www.youtube.com\\\/watch?v=R8Alek3JK6E&amp;t=2s&quot;,&quot;video_type&quot;:&quot;youtube&quot;,&quot;controls&quot;:&quot;yes&quot;}\" data-widget_type=\"video.default\">\n\t\t\t\t<div class=\"elementor-widget-container\">\n\t\t\t\t\t\t\t<div class=\"elementor-wrapper elementor-open-inline\">\n\t\t\t<div class=\"elementor-video\"><\/div>\t\t<\/div>\n\t\t\t\t\t\t<\/div>\n\t\t\t\t<\/div>\n\t\t\t\t\t<\/div>\n\t\t<\/div>\n\t\t\t\t\t<\/div>\n\t\t<\/section>\n\t\t\t\t<section class=\"elementor-section elementor-top-section elementor-element elementor-element-c596c9e elementor-section-boxed elementor-section-height-default elementor-section-height-default\" data-id=\"c596c9e\" data-element_type=\"section\">\n\t\t\t\t\t\t<div class=\"elementor-container elementor-column-gap-default\">\n\t\t\t\t\t<div class=\"elementor-column elementor-col-100 elementor-top-column elementor-element elementor-element-78379d8\" data-id=\"78379d8\" data-element_type=\"column\">\n\t\t\t<div class=\"elementor-widget-wrap elementor-element-populated\">\n\t\t\t\t\t\t<div class=\"elementor-element elementor-element-459105f elementor-widget elementor-widget-text-editor\" data-id=\"459105f\" data-element_type=\"widget\" data-widget_type=\"text-editor.default\">\n\t\t\t\t<div class=\"elementor-widget-container\">\n\t\t\t\t\t\t\t\t\t<p>El \u201c<strong>Programa STEAM: Rob\u00f3tica aplicada al aula<\/strong>\u201d tiene como objetivo fundamental acercar al profesorado y al alumnado de los centros docentes sostenidos con fondos p\u00fablicos andaluces al estudio de la rob\u00f3tica como herramienta a la hora de elaborar un proyecto STEAM.<\/p><p>Se promueve as\u00ed la participaci\u00f3n del alumnado en proyectos que integren la <strong>ciencia<\/strong>, la <strong>tecnolog\u00eda<\/strong>, la <strong>ingenier\u00eda<\/strong> y las <strong>matem\u00e1ticas<\/strong> en conexi\u00f3n con las <strong>artes<\/strong> y las <strong>humanidades<\/strong>, de forma que despierten su inquietud por el conocimiento dentro de un <strong>\u00e1mbito STEAM<\/strong>.<\/p><p>La participaci\u00f3n en este programa permitir\u00e1 al alumnado y al profesorado realizar actividades y proyectos, orientados a aplicar lo aprendido, enfrentarse a retos y problemas reales mediante una metodolog\u00eda de trabajo cooperativo y de Aprendizaje Basado en Proyectos (ABP), donde tienen que poner a prueba las habilidades y competencias b\u00e1sicas adquiridas en el desarrollo del curr\u00edculo, en el contexto del uso de la rob\u00f3tica como herramienta, persiguiendo que el proyecto STEAM acabe formando parte del Proyecto Educativo de Centro.<\/p><p>Se configuran dos niveles de participaci\u00f3n excluyentes, <em><strong>Iniciaci\u00f3n<\/strong> <\/em>y <em><strong>Profundizaci\u00f3n<\/strong><\/em>:<\/p><p>1.<strong> Nivel I: Iniciaci\u00f3n<\/strong> al uso de la rob\u00f3tica educativa en proyectos STEAM. Dirigido a aquellos centros que desean iniciarse en la formaci\u00f3n e implicarse en proyectos interdisciplinares STEAM que usen, de una manera u otra, la rob\u00f3tica en cualquiera de\u00a0<span>sus vertientes: robots, medici\u00f3n mediante sensores, dise\u00f1o asistido&#8230;<\/span><\/p><p>2. <strong>Nivel II: Profundizaci\u00f3n<\/strong> en el uso de la rob\u00f3tica educativa en proyectos STEAM. Dirigido a aquellos centros que deseen profundizar en su estudio as\u00ed como implementar en el Proyecto\u00a0<span>Educativo de Centro su propio proyecto STEAM, participar en concursos o eventos de tem\u00e1tica STEAM y\/o elaborar sus propios recursos educativos en dicha tem\u00e1tica adaptados al\u00a0<\/span><span>contexto de su centro.<\/span><\/p>\t\t\t\t\t\t\t\t<\/div>\n\t\t\t\t<\/div>\n\t\t\t\t\t<\/div>\n\t\t<\/div>\n\t\t\t\t\t<\/div>\n\t\t<\/section>\n\t\t\t\t<section class=\"elementor-section elementor-top-section elementor-element elementor-element-6c46e80 elementor-section-boxed elementor-section-height-default elementor-section-height-default\" data-id=\"6c46e80\" data-element_type=\"section\">\n\t\t\t\t\t\t<div class=\"elementor-container elementor-column-gap-default\">\n\t\t\t\t\t<div class=\"elementor-column elementor-col-100 elementor-top-column elementor-element elementor-element-cdab650\" data-id=\"cdab650\" data-element_type=\"column\">\n\t\t\t<div class=\"elementor-widget-wrap elementor-element-populated\">\n\t\t\t\t\t\t<div class=\"elementor-element elementor-element-9790a26 elementor-widget elementor-widget-image\" data-id=\"9790a26\" data-element_type=\"widget\" data-widget_type=\"image.default\">\n\t\t\t\t<div class=\"elementor-widget-container\">\n\t\t\t\t\t\t\t\t\t\t\t\t\t\t\t<img fetchpriority=\"high\" decoding=\"async\" width=\"644\" height=\"909\" src=\"https:\/\/blogsaverroes.juntadeandalucia.es\/planesyprogramascordoba\/files\/2022\/11\/Dosier-ATEAM-Rob\u00f3tica-22-23.jpg\" class=\"attachment-large size-large wp-image-2265\" alt=\"\" srcset=\"https:\/\/blogsaverroes.juntadeandalucia.es\/planesyprogramascordoba\/files\/2022\/11\/Dosier-ATEAM-Rob\u00f3tica-22-23.jpg 644w, https:\/\/blogsaverroes.juntadeandalucia.es\/planesyprogramascordoba\/files\/2022\/11\/Dosier-ATEAM-Rob\u00f3tica-22-23-213x300.jpg 213w\" sizes=\"(max-width: 644px) 100vw, 644px\" \/>\t\t\t\t\t\t\t\t\t\t\t\t\t\t\t<\/div>\n\t\t\t\t<\/div>\n\t\t\t\t<div class=\"elementor-element elementor-element-084610a elementor-button-info elementor-align-justify elementor-widget elementor-widget-button\" data-id=\"084610a\" data-element_type=\"widget\" data-widget_type=\"button.default\">\n\t\t\t\t<div class=\"elementor-widget-container\">\n\t\t\t\t\t\t\t\t\t<div class=\"elementor-button-wrapper\">\n\t\t\t\t\t<a class=\"elementor-button elementor-button-link elementor-size-sm\" href=\"https:\/\/www.juntadeandalucia.es\/educacion\/portals\/delegate\/content\/61ceb383-5872-4e06-bbc5-aedca2c0bfeb\" target=\"_blank\">\n\t\t\t\t\t\t<span class=\"elementor-button-content-wrapper\">\n\t\t\t\t\t\t\t\t\t<span class=\"elementor-button-text\">DESCARGAR DOSIER<\/span>\n\t\t\t\t\t<\/span>\n\t\t\t\t\t<\/a>\n\t\t\t\t<\/div>\n\t\t\t\t\t\t\t\t<\/div>\n\t\t\t\t<\/div>\n\t\t\t\t\t<\/div>\n\t\t<\/div>\n\t\t\t\t\t<\/div>\n\t\t<\/section>\n\t\t\t\t<\/div>\n\t\t","protected":false},"excerpt":{"rendered":"<p>https:\/\/www.youtube.com\/watch?v=R8Alek3JK6E&#038;t=2s El \u201cPrograma STEAM: Rob\u00f3tica aplicada al aula\u201d tiene como objetivo fundamental acercar al profesorado y al alumnado de los centros docentes sostenidos con fondos p\u00fablicos andaluces al estudio de la rob\u00f3tica como herramienta a la hora de elaborar un proyecto STEAM. Se promueve as\u00ed la participaci\u00f3n del alumnado en proyectos que integren la ciencia, &hellip; <\/p>\n<p><a class=\"more-link btn\" href=\"https:\/\/blogsaverroes.juntadeandalucia.es\/planesyprogramascordoba\/steam-robotica\/\">Seguir leyendo<\/a><\/p>\n","protected":false},"author":7719,"featured_media":0,"parent":0,"menu_order":0,"comment_status":"closed","ping_status":"closed","template":"template-content-sidebar.php","meta":{"ngg_post_thumbnail":0,"footnotes":""},"aioseo_notices":[],"post_mailing_queue_ids":[],"_links":{"self":[{"href":"https:\/\/blogsaverroes.juntadeandalucia.es\/planesyprogramascordoba\/wp-json\/wp\/v2\/pages\/2264"}],"collection":[{"href":"https:\/\/blogsaverroes.juntadeandalucia.es\/planesyprogramascordoba\/wp-json\/wp\/v2\/pages"}],"about":[{"href":"https:\/\/blogsaverroes.juntadeandalucia.es\/planesyprogramascordoba\/wp-json\/wp\/v2\/types\/page"}],"author":[{"embeddable":true,"href":"https:\/\/blogsaverroes.juntadeandalucia.es\/planesyprogramascordoba\/wp-json\/wp\/v2\/users\/7719"}],"replies":[{"embeddable":true,"href":"https:\/\/blogsaverroes.juntadeandalucia.es\/planesyprogramascordoba\/wp-json\/wp\/v2\/comments?post=2264"}],"version-history":[{"count":16,"href":"https:\/\/blogsaverroes.juntadeandalucia.es\/planesyprogramascordoba\/wp-json\/wp\/v2\/pages\/2264\/revisions"}],"predecessor-version":[{"id":2356,"href":"https:\/\/blogsaverroes.juntadeandalucia.es\/planesyprogramascordoba\/wp-json\/wp\/v2\/pages\/2264\/revisions\/2356"}],"wp:attachment":[{"href":"https:\/\/blogsaverroes.juntadeandalucia.es\/planesyprogramascordoba\/wp-json\/wp\/v2\/media?parent=2264"}],"curies":[{"name":"wp","href":"https:\/\/api.w.org\/{rel}","templated":true}]}}