{"id":2303,"date":"2022-11-14T22:23:37","date_gmt":"2022-11-14T21:23:37","guid":{"rendered":"https:\/\/blogsaverroes.juntadeandalucia.es\/planesyprogramascordoba\/?page_id=2303"},"modified":"2022-11-16T20:58:19","modified_gmt":"2022-11-16T19:58:19","slug":"steam-pensamiento-computacional","status":"publish","type":"page","link":"https:\/\/blogsaverroes.juntadeandalucia.es\/planesyprogramascordoba\/steam-pensamiento-computacional\/","title":{"rendered":"STEAM Pensamiento Computacional"},"content":{"rendered":"\t\t<div data-elementor-type=\"wp-page\" data-elementor-id=\"2303\" class=\"elementor elementor-2303\">\n\t\t\t\t\t\t<section class=\"elementor-section elementor-top-section elementor-element elementor-element-913db6f elementor-section-boxed elementor-section-height-default elementor-section-height-default\" data-id=\"913db6f\" data-element_type=\"section\">\n\t\t\t\t\t\t<div class=\"elementor-container elementor-column-gap-default\">\n\t\t\t\t\t<div class=\"elementor-column elementor-col-100 elementor-top-column elementor-element elementor-element-91b2f3e\" data-id=\"91b2f3e\" data-element_type=\"column\">\n\t\t\t<div class=\"elementor-widget-wrap elementor-element-populated\">\n\t\t\t\t\t\t<div class=\"elementor-element elementor-element-87810f0 elementor-widget elementor-widget-text-editor\" data-id=\"87810f0\" data-element_type=\"widget\" data-widget_type=\"text-editor.default\">\n\t\t\t\t<div class=\"elementor-widget-container\">\n\t\t\t\t\t\t\t\t\t<p><span style=\"font-size: 15px\">El \u201c<strong>Programa STEAM: Pensamiento Computacional aplicado al aula<\/strong>\u201d tiene como objetivo fundamental acercar al profesorado y al alumnado al estudio de distintos lenguajes de\u00a0<\/span><span style=\"font-size: 15px\">programaci\u00f3n de forma que se promueva la participaci\u00f3n del alumnado en proyectos que integren la <strong>Ciencia<\/strong>, la <strong>Tecnolog\u00eda<\/strong> y las <strong>Matem\u00e1ticas<\/strong> en conexi\u00f3n con la <strong>Ingenier\u00eda<\/strong>, las <strong>Artes<\/strong> y\u00a0<\/span><span style=\"font-size: 15px\">las <strong>Humanidades<\/strong>, de forma que despierten su inquietud por el conocimiento dentro del<strong> \u00e1mbito STEAM<\/strong>.<\/span><\/p><p><span style=\"font-size: 15px\">La participaci\u00f3n en este programa permitir\u00e1 al alumnado y al profesorado realizar actividades y proyectos, orientados a aplicar lo aprendido, enfrentarse a retos y problemas reales\u00a0<\/span><span style=\"font-size: 15px\">mediante una metodolog\u00eda de trabajo cooperativo y de Aprendizaje Basado en Proyectos (ABP), donde tienen que poner a prueba las habilidades y competencias b\u00e1sicas adquiridas en el desarrollo del curr\u00edculo, en el contexto del uso de la rob\u00f3tica como herramienta, persiguiendo que el proyecto STEAM acabe formando parte del Proyecto Educativo de Centro.<\/span><\/p><p><span style=\"font-size: 15px\">Se configuran <strong>tres niveles<\/strong> de participaci\u00f3n, <strong>por tem\u00e1tica<\/strong>:<\/span><\/p><ol><li><span style=\"font-size: 15px\"><strong>Pensamiento Computacional Desconectado<\/strong>: recomendado para Educaci\u00f3n Infantil y primer ciclo de Primaria.<\/span><\/li><li><span style=\"font-size: 15px\"><strong>Programaci\u00f3n por bloques, dise\u00f1o de aplicaciones m\u00f3viles y videojuegos<\/strong>: recomendado para segundo y tercer ciclo de Educaci\u00f3n Primaria, y primer ciclo de Educaci\u00f3n Secundaria <\/span><span style=\"font-size: 15px\">Obligatoria.<\/span><\/li><li><strong>Lenguajes de Programaci\u00f3n e Inteligencia Artificial<\/strong>: recomendado para segundo ciclo de Educaci\u00f3n Secundaria Obligatoria y Bachillerato.<\/li><\/ol>\t\t\t\t\t\t\t\t<\/div>\n\t\t\t\t<\/div>\n\t\t\t\t\t<\/div>\n\t\t<\/div>\n\t\t\t\t\t<\/div>\n\t\t<\/section>\n\t\t\t\t<section class=\"elementor-section elementor-top-section elementor-element elementor-element-03f7354 elementor-section-boxed elementor-section-height-default elementor-section-height-default\" data-id=\"03f7354\" data-element_type=\"section\">\n\t\t\t\t\t\t<div class=\"elementor-container elementor-column-gap-default\">\n\t\t\t\t\t<div class=\"elementor-column elementor-col-100 elementor-top-column elementor-element elementor-element-6e4df19\" data-id=\"6e4df19\" data-element_type=\"column\">\n\t\t\t<div class=\"elementor-widget-wrap elementor-element-populated\">\n\t\t\t\t\t\t<div class=\"elementor-element elementor-element-14a0d2f elementor-widget elementor-widget-image\" data-id=\"14a0d2f\" data-element_type=\"widget\" data-widget_type=\"image.default\">\n\t\t\t\t<div class=\"elementor-widget-container\">\n\t\t\t\t\t\t\t\t\t\t\t\t\t\t\t<img fetchpriority=\"high\" decoding=\"async\" width=\"641\" height=\"910\" src=\"https:\/\/blogsaverroes.juntadeandalucia.es\/planesyprogramascordoba\/files\/2022\/11\/Dosier-STEAM-Pensamiento-Comput.-22-23.jpg\" class=\"attachment-large size-large wp-image-2362\" alt=\"\" srcset=\"https:\/\/blogsaverroes.juntadeandalucia.es\/planesyprogramascordoba\/files\/2022\/11\/Dosier-STEAM-Pensamiento-Comput.-22-23.jpg 641w, https:\/\/blogsaverroes.juntadeandalucia.es\/planesyprogramascordoba\/files\/2022\/11\/Dosier-STEAM-Pensamiento-Comput.-22-23-211x300.jpg 211w\" sizes=\"(max-width: 641px) 100vw, 641px\" \/>\t\t\t\t\t\t\t\t\t\t\t\t\t\t\t<\/div>\n\t\t\t\t<\/div>\n\t\t\t\t<div class=\"elementor-element elementor-element-ba3a7c5 elementor-button-info elementor-align-justify elementor-widget elementor-widget-button\" data-id=\"ba3a7c5\" data-element_type=\"widget\" data-widget_type=\"button.default\">\n\t\t\t\t<div class=\"elementor-widget-container\">\n\t\t\t\t\t\t\t\t\t<div class=\"elementor-button-wrapper\">\n\t\t\t\t\t<a class=\"elementor-button elementor-button-link elementor-size-sm\" href=\"https:\/\/www.juntadeandalucia.es\/educacion\/portals\/delegate\/content\/bfd0d694-b6ac-4043-8244-280aea2a9b5c\" target=\"_blank\">\n\t\t\t\t\t\t<span class=\"elementor-button-content-wrapper\">\n\t\t\t\t\t\t\t\t\t<span class=\"elementor-button-text\">DESCARGAR DOSIER<\/span>\n\t\t\t\t\t<\/span>\n\t\t\t\t\t<\/a>\n\t\t\t\t<\/div>\n\t\t\t\t\t\t\t\t<\/div>\n\t\t\t\t<\/div>\n\t\t\t\t\t<\/div>\n\t\t<\/div>\n\t\t\t\t\t<\/div>\n\t\t<\/section>\n\t\t\t\t<\/div>\n\t\t","protected":false},"excerpt":{"rendered":"<p>El \u201cPrograma STEAM: Pensamiento Computacional aplicado al aula\u201d tiene como objetivo fundamental acercar al profesorado y al alumnado al estudio de distintos lenguajes de\u00a0programaci\u00f3n de forma que se promueva la participaci\u00f3n del alumnado en proyectos que integren la Ciencia, la Tecnolog\u00eda y las Matem\u00e1ticas en conexi\u00f3n con la Ingenier\u00eda, las Artes y\u00a0las Humanidades, de forma &hellip; <\/p>\n<p><a class=\"more-link btn\" href=\"https:\/\/blogsaverroes.juntadeandalucia.es\/planesyprogramascordoba\/steam-pensamiento-computacional\/\">Seguir leyendo<\/a><\/p>\n","protected":false},"author":7719,"featured_media":0,"parent":0,"menu_order":0,"comment_status":"closed","ping_status":"closed","template":"","meta":{"ngg_post_thumbnail":0,"footnotes":""},"aioseo_notices":[],"post_mailing_queue_ids":[],"_links":{"self":[{"href":"https:\/\/blogsaverroes.juntadeandalucia.es\/planesyprogramascordoba\/wp-json\/wp\/v2\/pages\/2303"}],"collection":[{"href":"https:\/\/blogsaverroes.juntadeandalucia.es\/planesyprogramascordoba\/wp-json\/wp\/v2\/pages"}],"about":[{"href":"https:\/\/blogsaverroes.juntadeandalucia.es\/planesyprogramascordoba\/wp-json\/wp\/v2\/types\/page"}],"author":[{"embeddable":true,"href":"https:\/\/blogsaverroes.juntadeandalucia.es\/planesyprogramascordoba\/wp-json\/wp\/v2\/users\/7719"}],"replies":[{"embeddable":true,"href":"https:\/\/blogsaverroes.juntadeandalucia.es\/planesyprogramascordoba\/wp-json\/wp\/v2\/comments?post=2303"}],"version-history":[{"count":11,"href":"https:\/\/blogsaverroes.juntadeandalucia.es\/planesyprogramascordoba\/wp-json\/wp\/v2\/pages\/2303\/revisions"}],"predecessor-version":[{"id":3578,"href":"https:\/\/blogsaverroes.juntadeandalucia.es\/planesyprogramascordoba\/wp-json\/wp\/v2\/pages\/2303\/revisions\/3578"}],"wp:attachment":[{"href":"https:\/\/blogsaverroes.juntadeandalucia.es\/planesyprogramascordoba\/wp-json\/wp\/v2\/media?parent=2303"}],"curies":[{"name":"wp","href":"https:\/\/api.w.org\/{rel}","templated":true}]}}