{"id":270,"date":"2020-10-15T10:41:27","date_gmt":"2020-10-15T08:41:27","guid":{"rendered":"https:\/\/blogsaverroes.juntadeandalucia.es\/planesyprogramascordoba\/?page_id=270"},"modified":"2022-10-22T17:57:37","modified_gmt":"2022-10-22T15:57:37","slug":"aldea-b-proyectos-tematicos","status":"publish","type":"page","link":"https:\/\/blogsaverroes.juntadeandalucia.es\/planesyprogramascordoba\/aldea-b-proyectos-tematicos\/","title":{"rendered":"ALDEA B"},"content":{"rendered":"\t\t<div data-elementor-type=\"wp-page\" data-elementor-id=\"270\" class=\"elementor elementor-270\">\n\t\t\t\t\t\t<section class=\"elementor-section elementor-top-section elementor-element elementor-element-d685695 elementor-section-boxed elementor-section-height-default elementor-section-height-default\" data-id=\"d685695\" data-element_type=\"section\">\n\t\t\t\t\t\t<div class=\"elementor-container elementor-column-gap-default\">\n\t\t\t\t\t<div class=\"elementor-column elementor-col-100 elementor-top-column elementor-element elementor-element-0ae17b3\" data-id=\"0ae17b3\" data-element_type=\"column\">\n\t\t\t<div class=\"elementor-widget-wrap elementor-element-populated\">\n\t\t\t\t\t\t<div class=\"elementor-element elementor-element-0f68f9a elementor-widget elementor-widget-video\" data-id=\"0f68f9a\" data-element_type=\"widget\" data-settings=\"{&quot;youtube_url&quot;:&quot;https:\\\/\\\/www.youtube.com\\\/watch?v=CFhe0a3LJtw&amp;feature=youtu.be&quot;,&quot;video_type&quot;:&quot;youtube&quot;,&quot;controls&quot;:&quot;yes&quot;}\" data-widget_type=\"video.default\">\n\t\t\t\t<div class=\"elementor-widget-container\">\n\t\t\t\t\t\t\t<div class=\"elementor-wrapper elementor-open-inline\">\n\t\t\t<div class=\"elementor-video\"><\/div>\t\t<\/div>\n\t\t\t\t\t\t<\/div>\n\t\t\t\t<\/div>\n\t\t\t\t\t<\/div>\n\t\t<\/div>\n\t\t\t\t\t<\/div>\n\t\t<\/section>\n\t\t\t\t<section class=\"elementor-section elementor-top-section elementor-element elementor-element-19bb10b elementor-section-boxed elementor-section-height-default elementor-section-height-default\" data-id=\"19bb10b\" data-element_type=\"section\">\n\t\t\t\t\t\t<div class=\"elementor-container elementor-column-gap-default\">\n\t\t\t\t\t<div class=\"elementor-column elementor-col-100 elementor-top-column elementor-element elementor-element-2f984aa\" data-id=\"2f984aa\" data-element_type=\"column\">\n\t\t\t<div class=\"elementor-widget-wrap elementor-element-populated\">\n\t\t\t\t\t\t<div class=\"elementor-element elementor-element-4c89eaf elementor-widget elementor-widget-text-editor\" data-id=\"4c89eaf\" data-element_type=\"widget\" data-widget_type=\"text-editor.default\">\n\t\t\t\t<div class=\"elementor-widget-container\">\n\t\t\t\t\t\t\t\t\t<p style=\"text-align: justify\">El programa de Educaci\u00f3n Ambiental ALDEA nace con la intenci\u00f3n de incidir en la globalidad del sistema educativo en la l\u00ednea de potenciar la sensibilidad y el conocimiento sobre el medio ambiente, su problem\u00e1tica espec\u00edfica y el tratamiento did\u00e1ctico de la Educaci\u00f3n Ambiental.<\/p>\n<p style=\"text-align: justify\">Aldea, Educaci\u00f3n Ambiental para la Comunidad Educativa se configura como una herramienta para favorecer el desarrollo de las competencias clave del alumnado, el intercambio de experiencias educativas, el trabajo en equipo, la creaci\u00f3n de redes profesionales, el trabajo por proyectos u otras metodolog\u00edas activas e innovadoras que propicien, en definitiva, un cambio en conductas ambientales con nuestro entorno y que incida en la pr\u00e1ctica educativa diaria.<\/p>\n<p style=\"text-align: justify\"><strong>ALDEA B<\/strong> est\u00e1 dirigido a aquellos centros que quieran desarrollar un proyecto de sensibilizaci\u00f3n ecol\u00f3gica y educaci\u00f3n para la sostenibilidad seg\u00fan las l\u00edneas de intervenci\u00f3n:<\/p>\n<ul>\n<li style=\"text-align: justify\">Ecosistemas forestales y flora silvestre.<\/li>\n<li style=\"text-align: justify\">Impacto del cambio clim\u00e1tico en el Medio natural y social.<\/li>\n<li style=\"text-align: justify\">Conservaci\u00f3n y mejora de la biodiversidad.<\/li><li style=\"text-align: justify\">Medio litoral y entorno marino.<\/li><li style=\"text-align: justify\">Ecohuertos.<\/li><li style=\"text-align: justify\">Recapacicla, educaci\u00f3n para la circularidad.<\/li>\n<\/ul>\t\t\t\t\t\t\t\t<\/div>\n\t\t\t\t<\/div>\n\t\t\t\t\t<\/div>\n\t\t<\/div>\n\t\t\t\t\t<\/div>\n\t\t<\/section>\n\t\t\t\t<section class=\"elementor-section elementor-top-section elementor-element elementor-element-48c4025 elementor-section-boxed elementor-section-height-default elementor-section-height-default\" data-id=\"48c4025\" data-element_type=\"section\">\n\t\t\t\t\t\t<div class=\"elementor-container elementor-column-gap-default\">\n\t\t\t\t\t<div class=\"elementor-column elementor-col-50 elementor-top-column elementor-element elementor-element-9bd1773\" data-id=\"9bd1773\" data-element_type=\"column\">\n\t\t\t<div class=\"elementor-widget-wrap elementor-element-populated\">\n\t\t\t\t\t\t<div class=\"elementor-element elementor-element-437e713 elementor-widget elementor-widget-image\" data-id=\"437e713\" data-element_type=\"widget\" data-widget_type=\"image.default\">\n\t\t\t\t<div class=\"elementor-widget-container\">\n\t\t\t\t\t\t\t\t\t\t\t\t\t\t\t<img fetchpriority=\"high\" decoding=\"async\" width=\"618\" height=\"750\" src=\"https:\/\/blogsaverroes.juntadeandalucia.es\/planesyprogramascordoba\/files\/2020\/11\/Caratula-marco-teorico-aldea-a-618x750-3.png\" class=\"attachment-large size-large wp-image-604\" alt=\"\" srcset=\"https:\/\/blogsaverroes.juntadeandalucia.es\/planesyprogramascordoba\/files\/2020\/11\/Caratula-marco-teorico-aldea-a-618x750-3.png 618w, https:\/\/blogsaverroes.juntadeandalucia.es\/planesyprogramascordoba\/files\/2020\/11\/Caratula-marco-teorico-aldea-a-618x750-3-247x300.png 247w, https:\/\/blogsaverroes.juntadeandalucia.es\/planesyprogramascordoba\/files\/2020\/11\/Caratula-marco-teorico-aldea-a-618x750-3-20x24.png 20w, https:\/\/blogsaverroes.juntadeandalucia.es\/planesyprogramascordoba\/files\/2020\/11\/Caratula-marco-teorico-aldea-a-618x750-3-30x36.png 30w, https:\/\/blogsaverroes.juntadeandalucia.es\/planesyprogramascordoba\/files\/2020\/11\/Caratula-marco-teorico-aldea-a-618x750-3-40x48.png 40w\" sizes=\"(max-width: 618px) 100vw, 618px\" \/>\t\t\t\t\t\t\t\t\t\t\t\t\t\t\t<\/div>\n\t\t\t\t<\/div>\n\t\t\t\t<div class=\"elementor-element elementor-element-ffaa8ee elementor-button-warning elementor-align-justify elementor-widget elementor-widget-button\" data-id=\"ffaa8ee\" data-element_type=\"widget\" data-widget_type=\"button.default\">\n\t\t\t\t<div class=\"elementor-widget-container\">\n\t\t\t\t\t\t\t\t\t<div class=\"elementor-button-wrapper\">\n\t\t\t\t\t<a class=\"elementor-button elementor-button-link elementor-size-sm\" href=\"https:\/\/portals.ced.junta-andalucia.es\/educacion\/portals\/delegate\/content\/8962a7c1-54ee-42f0-894c-6b85aa895d6b\/01%20Marco%20Te%C3%B3rico%20de%20Referencia%20ALDEA\">\n\t\t\t\t\t\t<span class=\"elementor-button-content-wrapper\">\n\t\t\t\t\t\t\t\t\t<span class=\"elementor-button-text\">DESCARGA MARCO TE\u00d3RICO<\/span>\n\t\t\t\t\t<\/span>\n\t\t\t\t\t<\/a>\n\t\t\t\t<\/div>\n\t\t\t\t\t\t\t\t<\/div>\n\t\t\t\t<\/div>\n\t\t\t\t\t<\/div>\n\t\t<\/div>\n\t\t\t\t<div class=\"elementor-column elementor-col-50 elementor-top-column elementor-element elementor-element-44188d2\" data-id=\"44188d2\" data-element_type=\"column\">\n\t\t\t<div class=\"elementor-widget-wrap elementor-element-populated\">\n\t\t\t\t\t\t<div class=\"elementor-element elementor-element-cfb6e99 elementor-widget elementor-widget-image\" data-id=\"cfb6e99\" data-element_type=\"widget\" data-widget_type=\"image.default\">\n\t\t\t\t<div class=\"elementor-widget-container\">\n\t\t\t\t\t\t\t\t\t\t\t\t\t\t\t<img decoding=\"async\" width=\"607\" height=\"847\" src=\"https:\/\/blogsaverroes.juntadeandalucia.es\/planesyprogramascordoba\/files\/2022\/10\/Dosier-Aldea-B.png\" class=\"attachment-large size-large wp-image-2160\" alt=\"\" srcset=\"https:\/\/blogsaverroes.juntadeandalucia.es\/planesyprogramascordoba\/files\/2022\/10\/Dosier-Aldea-B.png 607w, https:\/\/blogsaverroes.juntadeandalucia.es\/planesyprogramascordoba\/files\/2022\/10\/Dosier-Aldea-B-215x300.png 215w\" sizes=\"(max-width: 607px) 100vw, 607px\" \/>\t\t\t\t\t\t\t\t\t\t\t\t\t\t\t<\/div>\n\t\t\t\t<\/div>\n\t\t\t\t<div class=\"elementor-element elementor-element-b567f90 elementor-button-warning elementor-align-justify elementor-widget elementor-widget-button\" data-id=\"b567f90\" data-element_type=\"widget\" data-widget_type=\"button.default\">\n\t\t\t\t<div class=\"elementor-widget-container\">\n\t\t\t\t\t\t\t\t\t<div class=\"elementor-button-wrapper\">\n\t\t\t\t\t<a class=\"elementor-button elementor-button-link elementor-size-sm\" href=\"https:\/\/www.canva.com\/design\/DAFOnkQKCJc\/81b4M0Jr3jvjMqGIdXurDw\/view?utm_content=DAFOnkQKCJc&#038;utm_campaign=designshare&#038;utm_medium=link&#038;utm_source=publishsharelink\">\n\t\t\t\t\t\t<span class=\"elementor-button-content-wrapper\">\n\t\t\t\t\t\t\t\t\t<span class=\"elementor-button-text\">DESCARGA DOSIER<\/span>\n\t\t\t\t\t<\/span>\n\t\t\t\t\t<\/a>\n\t\t\t\t<\/div>\n\t\t\t\t\t\t\t\t<\/div>\n\t\t\t\t<\/div>\n\t\t\t\t\t<\/div>\n\t\t<\/div>\n\t\t\t\t\t<\/div>\n\t\t<\/section>\n\t\t\t\t<\/div>\n\t\t","protected":false},"excerpt":{"rendered":"<p>https:\/\/www.youtube.com\/watch?v=CFhe0a3LJtw&#038;feature=youtu.be El programa de Educaci\u00f3n Ambiental ALDEA nace con la intenci\u00f3n de incidir en la globalidad del sistema educativo en la l\u00ednea de potenciar la sensibilidad y el conocimiento sobre el medio ambiente, su problem\u00e1tica espec\u00edfica y el tratamiento did\u00e1ctico de la Educaci\u00f3n Ambiental. Aldea, Educaci\u00f3n Ambiental para la Comunidad Educativa se configura como una &hellip; <\/p>\n<p><a class=\"more-link btn\" href=\"https:\/\/blogsaverroes.juntadeandalucia.es\/planesyprogramascordoba\/aldea-b-proyectos-tematicos\/\">Seguir leyendo<\/a><\/p>\n","protected":false},"author":10341,"featured_media":0,"parent":0,"menu_order":0,"comment_status":"closed","ping_status":"closed","template":"template-content-sidebar.php","meta":{"ngg_post_thumbnail":0,"footnotes":""},"aioseo_notices":[],"post_mailing_queue_ids":[],"_links":{"self":[{"href":"https:\/\/blogsaverroes.juntadeandalucia.es\/planesyprogramascordoba\/wp-json\/wp\/v2\/pages\/270"}],"collection":[{"href":"https:\/\/blogsaverroes.juntadeandalucia.es\/planesyprogramascordoba\/wp-json\/wp\/v2\/pages"}],"about":[{"href":"https:\/\/blogsaverroes.juntadeandalucia.es\/planesyprogramascordoba\/wp-json\/wp\/v2\/types\/page"}],"author":[{"embeddable":true,"href":"https:\/\/blogsaverroes.juntadeandalucia.es\/planesyprogramascordoba\/wp-json\/wp\/v2\/users\/10341"}],"replies":[{"embeddable":true,"href":"https:\/\/blogsaverroes.juntadeandalucia.es\/planesyprogramascordoba\/wp-json\/wp\/v2\/comments?post=270"}],"version-history":[{"count":18,"href":"https:\/\/blogsaverroes.juntadeandalucia.es\/planesyprogramascordoba\/wp-json\/wp\/v2\/pages\/270\/revisions"}],"predecessor-version":[{"id":2263,"href":"https:\/\/blogsaverroes.juntadeandalucia.es\/planesyprogramascordoba\/wp-json\/wp\/v2\/pages\/270\/revisions\/2263"}],"wp:attachment":[{"href":"https:\/\/blogsaverroes.juntadeandalucia.es\/planesyprogramascordoba\/wp-json\/wp\/v2\/media?parent=270"}],"curies":[{"name":"wp","href":"https:\/\/api.w.org\/{rel}","templated":true}]}}