{"id":282,"date":"2020-10-15T10:42:52","date_gmt":"2020-10-15T08:42:52","guid":{"rendered":"https:\/\/blogsaverroes.juntadeandalucia.es\/planesyprogramascordoba\/?page_id=282"},"modified":"2022-11-11T14:17:56","modified_gmt":"2022-11-11T13:17:56","slug":"programa-innicia","status":"publish","type":"page","link":"https:\/\/blogsaverroes.juntadeandalucia.es\/planesyprogramascordoba\/programa-innicia\/","title":{"rendered":"INNICIA"},"content":{"rendered":"\t\t<div data-elementor-type=\"wp-page\" data-elementor-id=\"282\" class=\"elementor elementor-282\">\n\t\t\t\t\t\t<section class=\"elementor-section elementor-top-section elementor-element elementor-element-83f2776 elementor-section-boxed elementor-section-height-default elementor-section-height-default\" data-id=\"83f2776\" data-element_type=\"section\">\n\t\t\t\t\t\t<div class=\"elementor-container elementor-column-gap-default\">\n\t\t\t\t\t<div class=\"elementor-column elementor-col-50 elementor-top-column elementor-element elementor-element-a32407c\" data-id=\"a32407c\" data-element_type=\"column\">\n\t\t\t<div class=\"elementor-widget-wrap elementor-element-populated\">\n\t\t\t\t\t\t<div class=\"elementor-element elementor-element-b360ca3 elementor-widget elementor-widget-text-editor\" data-id=\"b360ca3\" data-element_type=\"widget\" data-widget_type=\"text-editor.default\">\n\t\t\t\t<div class=\"elementor-widget-container\">\n\t\t\t\t\t\t\t\t\t<p>Desde que en el a\u00f1o 2011 se aprobara el Plan para el Fomento de la Cultura Emprendedora en el Sistema Educativo P\u00fablico de Andaluc\u00eda, se han venido desarrollando una serie de acciones encaminadas a la promoci\u00f3n de los valores de la innovaci\u00f3n, la creatividad, la responsabilidad y el emprendimiento.<\/p><p>La puesta en marcha del Programa Educativo \u00abInnicia, Cultura Emprendedora\u00bb en el curso 2016 -2017 supuso, por un lado, dar continuidad a las actuaciones relacionadas con el est\u00edmulo de la cultura emprendedora, y por otro, proporcion\u00f3 un marco de referencia en el que se han incardinado las nuevas actuaciones relacionadas con el \u00abemprendimiento en educativo\u00bb.<\/p><p>\u00abInnicia, Cultura Emprendedora\u00bb ha supuesto superar la dimensi\u00f3n productiva desde que la que tradicionalmente se ha definido el emprendimiento, incorporando necesariamente sus dimensiones personal y social inherentes.<\/p><p style=\"text-align: right\">\u00a0<\/p>\t\t\t\t\t\t\t\t<\/div>\n\t\t\t\t<\/div>\n\t\t\t\t\t<\/div>\n\t\t<\/div>\n\t\t\t\t<div class=\"elementor-column elementor-col-50 elementor-top-column elementor-element elementor-element-3953003\" data-id=\"3953003\" data-element_type=\"column\">\n\t\t\t<div class=\"elementor-widget-wrap elementor-element-populated\">\n\t\t\t\t\t\t<div class=\"elementor-element elementor-element-c9cba0e elementor-widget elementor-widget-video\" data-id=\"c9cba0e\" data-element_type=\"widget\" data-settings=\"{&quot;youtube_url&quot;:&quot;https:\\\/\\\/www.youtube.com\\\/watch?v=MMUq8ogfbnU&amp;feature=emb_logo&quot;,&quot;video_type&quot;:&quot;youtube&quot;,&quot;controls&quot;:&quot;yes&quot;}\" data-widget_type=\"video.default\">\n\t\t\t\t<div class=\"elementor-widget-container\">\n\t\t\t\t\t\t\t<div class=\"elementor-wrapper elementor-open-inline\">\n\t\t\t<div class=\"elementor-video\"><\/div>\t\t<\/div>\n\t\t\t\t\t\t<\/div>\n\t\t\t\t<\/div>\n\t\t\t\t<div class=\"elementor-element elementor-element-a4093db elementor-widget elementor-widget-text-editor\" data-id=\"a4093db\" data-element_type=\"widget\" data-widget_type=\"text-editor.default\">\n\t\t\t\t<div class=\"elementor-widget-container\">\n\t\t\t\t\t\t\t\t\t<p>M\u00e1s que una perspectiva sumativa \/ gradual (dimensi\u00f3n personal + dimensi\u00f3n social + dimensi\u00f3n productiva), se ha incorporado un enfoque conc\u00e9ntrico \/ integrador, en el que todas y cada una de las actividades deben estar impregnadas por estas tres dimensiones.<\/p><p style=\"text-align: right\"><em><span style=\"font-family: helvetica, arial, sans-serif;font-size: 10pt\">Texto extra\u00eddo de la P\u00e1gina de <a href=\"https:\/\/www.juntadeandalucia.es\/educacion\/portals\/web\/ced\/planesyprogramas\/cultura-emprendedora\">Planes y Programas de la Consejer\u00eda de Educaci\u00f3n y Deporte.<\/a><\/span><\/em><\/p>\t\t\t\t\t\t\t\t<\/div>\n\t\t\t\t<\/div>\n\t\t\t\t\t<\/div>\n\t\t<\/div>\n\t\t\t\t\t<\/div>\n\t\t<\/section>\n\t\t\t\t<section class=\"elementor-section elementor-top-section elementor-element elementor-element-29d5bb2 elementor-section-boxed elementor-section-height-default elementor-section-height-default\" data-id=\"29d5bb2\" data-element_type=\"section\">\n\t\t\t\t\t\t<div class=\"elementor-container elementor-column-gap-default\">\n\t\t\t\t\t<div class=\"elementor-column elementor-col-100 elementor-top-column elementor-element elementor-element-676ffbd\" data-id=\"676ffbd\" data-element_type=\"column\">\n\t\t\t<div class=\"elementor-widget-wrap elementor-element-populated\">\n\t\t\t\t\t\t<div class=\"elementor-element elementor-element-85b5fd9 elementor-invisible elementor-widget elementor-widget-heading\" data-id=\"85b5fd9\" data-element_type=\"widget\" data-settings=\"{&quot;_animation&quot;:&quot;fadeInRight&quot;}\" data-widget_type=\"heading.default\">\n\t\t\t\t<div class=\"elementor-widget-container\">\n\t\t\t\t\t<h3 class=\"elementor-heading-title elementor-size-default\"><a href=\"https:\/\/planesyprogramased.wixsite.com\/innicia\" target=\"_blank\">Toda la informaci\u00f3n del Programa AQU\u00cd<\/a><\/h3>\t\t\t\t<\/div>\n\t\t\t\t<\/div>\n\t\t\t\t\t<\/div>\n\t\t<\/div>\n\t\t\t\t\t<\/div>\n\t\t<\/section>\n\t\t\t\t<section class=\"elementor-section elementor-top-section elementor-element elementor-element-a8ad0c3 elementor-section-boxed elementor-section-height-default elementor-section-height-default\" data-id=\"a8ad0c3\" data-element_type=\"section\">\n\t\t\t\t\t\t<div class=\"elementor-container elementor-column-gap-default\">\n\t\t\t\t\t<div class=\"elementor-column elementor-col-100 elementor-top-column elementor-element elementor-element-8383269\" data-id=\"8383269\" data-element_type=\"column\">\n\t\t\t<div class=\"elementor-widget-wrap elementor-element-populated\">\n\t\t\t\t\t\t<div class=\"elementor-element elementor-element-8f640d4 elementor-widget elementor-widget-spacer\" data-id=\"8f640d4\" data-element_type=\"widget\" data-widget_type=\"spacer.default\">\n\t\t\t\t<div class=\"elementor-widget-container\">\n\t\t\t\t\t\t\t<div class=\"elementor-spacer\">\n\t\t\t<div class=\"elementor-spacer-inner\"><\/div>\n\t\t<\/div>\n\t\t\t\t\t\t<\/div>\n\t\t\t\t<\/div>\n\t\t\t\t\t<\/div>\n\t\t<\/div>\n\t\t\t\t\t<\/div>\n\t\t<\/section>\n\t\t\t\t<section class=\"elementor-section elementor-top-section elementor-element elementor-element-4459611 elementor-section-boxed elementor-section-height-default elementor-section-height-default\" data-id=\"4459611\" data-element_type=\"section\">\n\t\t\t\t\t\t<div class=\"elementor-container elementor-column-gap-default\">\n\t\t\t\t\t<div class=\"elementor-column elementor-col-100 elementor-top-column elementor-element elementor-element-eae3596\" data-id=\"eae3596\" data-element_type=\"column\">\n\t\t\t<div class=\"elementor-widget-wrap elementor-element-populated\">\n\t\t\t\t\t\t<section class=\"elementor-section elementor-inner-section elementor-element elementor-element-44c063d elementor-section-boxed elementor-section-height-default elementor-section-height-default\" data-id=\"44c063d\" data-element_type=\"section\">\n\t\t\t\t\t\t<div class=\"elementor-container elementor-column-gap-default\">\n\t\t\t\t\t<div class=\"elementor-column elementor-col-50 elementor-inner-column elementor-element elementor-element-5dde83e\" data-id=\"5dde83e\" data-element_type=\"column\">\n\t\t\t<div class=\"elementor-widget-wrap elementor-element-populated\">\n\t\t\t\t\t\t<div class=\"elementor-element elementor-element-7ac3fef elementor-widget elementor-widget-image\" data-id=\"7ac3fef\" data-element_type=\"widget\" data-widget_type=\"image.default\">\n\t\t\t\t<div class=\"elementor-widget-container\">\n\t\t\t\t\t\t\t\t\t\t\t\t\t\t\t<img fetchpriority=\"high\" decoding=\"async\" width=\"750\" height=\"750\" src=\"https:\/\/blogsaverroes.juntadeandalucia.es\/planesyprogramascordoba\/files\/2020\/10\/INNICIA-PROGRAMA-MARCO.png\" class=\"attachment-large size-large wp-image-450\" alt=\"\" srcset=\"https:\/\/blogsaverroes.juntadeandalucia.es\/planesyprogramascordoba\/files\/2020\/10\/INNICIA-PROGRAMA-MARCO.png 840w, https:\/\/blogsaverroes.juntadeandalucia.es\/planesyprogramascordoba\/files\/2020\/10\/INNICIA-PROGRAMA-MARCO-300x300.png 300w, https:\/\/blogsaverroes.juntadeandalucia.es\/planesyprogramascordoba\/files\/2020\/10\/INNICIA-PROGRAMA-MARCO-150x150.png 150w, https:\/\/blogsaverroes.juntadeandalucia.es\/planesyprogramascordoba\/files\/2020\/10\/INNICIA-PROGRAMA-MARCO-768x768.png 768w, https:\/\/blogsaverroes.juntadeandalucia.es\/planesyprogramascordoba\/files\/2020\/10\/INNICIA-PROGRAMA-MARCO-100x100.png 100w, https:\/\/blogsaverroes.juntadeandalucia.es\/planesyprogramascordoba\/files\/2020\/10\/INNICIA-PROGRAMA-MARCO-432x432.png 432w, https:\/\/blogsaverroes.juntadeandalucia.es\/planesyprogramascordoba\/files\/2020\/10\/INNICIA-PROGRAMA-MARCO-268x268.png 268w, https:\/\/blogsaverroes.juntadeandalucia.es\/planesyprogramascordoba\/files\/2020\/10\/INNICIA-PROGRAMA-MARCO-700x700.png 700w, https:\/\/blogsaverroes.juntadeandalucia.es\/planesyprogramascordoba\/files\/2020\/10\/INNICIA-PROGRAMA-MARCO-24x24.png 24w, https:\/\/blogsaverroes.juntadeandalucia.es\/planesyprogramascordoba\/files\/2020\/10\/INNICIA-PROGRAMA-MARCO-36x36.png 36w, https:\/\/blogsaverroes.juntadeandalucia.es\/planesyprogramascordoba\/files\/2020\/10\/INNICIA-PROGRAMA-MARCO-48x48.png 48w\" sizes=\"(max-width: 750px) 100vw, 750px\" \/>\t\t\t\t\t\t\t\t\t\t\t\t\t\t\t<\/div>\n\t\t\t\t<\/div>\n\t\t\t\t<div class=\"elementor-element elementor-element-31d57ce elementor-button-warning elementor-align-justify elementor-widget elementor-widget-button\" data-id=\"31d57ce\" data-element_type=\"widget\" data-widget_type=\"button.default\">\n\t\t\t\t<div class=\"elementor-widget-container\">\n\t\t\t\t\t\t\t\t\t<div class=\"elementor-button-wrapper\">\n\t\t\t\t\t<a class=\"elementor-button elementor-button-link elementor-size-sm\" href=\"\">\n\t\t\t\t\t\t<span class=\"elementor-button-content-wrapper\">\n\t\t\t\t\t\t\t\t\t<span class=\"elementor-button-text\">DESCARGAR PROGRAMA MARCO<\/span>\n\t\t\t\t\t<\/span>\n\t\t\t\t\t<\/a>\n\t\t\t\t<\/div>\n\t\t\t\t\t\t\t\t<\/div>\n\t\t\t\t<\/div>\n\t\t\t\t\t<\/div>\n\t\t<\/div>\n\t\t\t\t<div class=\"elementor-column elementor-col-50 elementor-inner-column elementor-element elementor-element-5925f48\" data-id=\"5925f48\" data-element_type=\"column\">\n\t\t\t<div class=\"elementor-widget-wrap elementor-element-populated\">\n\t\t\t\t\t\t<div class=\"elementor-element elementor-element-05f1c98 elementor-widget elementor-widget-image\" data-id=\"05f1c98\" data-element_type=\"widget\" data-widget_type=\"image.default\">\n\t\t\t\t<div class=\"elementor-widget-container\">\n\t\t\t\t\t\t\t\t\t\t\t\t\t\t\t<img decoding=\"async\" width=\"750\" height=\"750\" src=\"https:\/\/blogsaverroes.juntadeandalucia.es\/planesyprogramascordoba\/files\/2020\/10\/DOSIER-INNICIA.png\" class=\"attachment-large size-large wp-image-452\" alt=\"\" srcset=\"https:\/\/blogsaverroes.juntadeandalucia.es\/planesyprogramascordoba\/files\/2020\/10\/DOSIER-INNICIA.png 760w, https:\/\/blogsaverroes.juntadeandalucia.es\/planesyprogramascordoba\/files\/2020\/10\/DOSIER-INNICIA-300x300.png 300w, https:\/\/blogsaverroes.juntadeandalucia.es\/planesyprogramascordoba\/files\/2020\/10\/DOSIER-INNICIA-150x150.png 150w, https:\/\/blogsaverroes.juntadeandalucia.es\/planesyprogramascordoba\/files\/2020\/10\/DOSIER-INNICIA-100x100.png 100w, https:\/\/blogsaverroes.juntadeandalucia.es\/planesyprogramascordoba\/files\/2020\/10\/DOSIER-INNICIA-432x432.png 432w, https:\/\/blogsaverroes.juntadeandalucia.es\/planesyprogramascordoba\/files\/2020\/10\/DOSIER-INNICIA-268x268.png 268w, https:\/\/blogsaverroes.juntadeandalucia.es\/planesyprogramascordoba\/files\/2020\/10\/DOSIER-INNICIA-700x700.png 700w, https:\/\/blogsaverroes.juntadeandalucia.es\/planesyprogramascordoba\/files\/2020\/10\/DOSIER-INNICIA-24x24.png 24w, https:\/\/blogsaverroes.juntadeandalucia.es\/planesyprogramascordoba\/files\/2020\/10\/DOSIER-INNICIA-36x36.png 36w, https:\/\/blogsaverroes.juntadeandalucia.es\/planesyprogramascordoba\/files\/2020\/10\/DOSIER-INNICIA-48x48.png 48w\" sizes=\"(max-width: 750px) 100vw, 750px\" \/>\t\t\t\t\t\t\t\t\t\t\t\t\t\t\t<\/div>\n\t\t\t\t<\/div>\n\t\t\t\t<div class=\"elementor-element elementor-element-ada8d47 elementor-button-warning elementor-align-justify elementor-widget elementor-widget-button\" data-id=\"ada8d47\" data-element_type=\"widget\" data-widget_type=\"button.default\">\n\t\t\t\t<div class=\"elementor-widget-container\">\n\t\t\t\t\t\t\t\t\t<div class=\"elementor-button-wrapper\">\n\t\t\t\t\t<a class=\"elementor-button elementor-button-link elementor-size-sm\" href=\"\">\n\t\t\t\t\t\t<span class=\"elementor-button-content-wrapper\">\n\t\t\t\t\t\t\t\t\t<span class=\"elementor-button-text\">DESCARGAR DOSIER<\/span>\n\t\t\t\t\t<\/span>\n\t\t\t\t\t<\/a>\n\t\t\t\t<\/div>\n\t\t\t\t\t\t\t\t<\/div>\n\t\t\t\t<\/div>\n\t\t\t\t\t<\/div>\n\t\t<\/div>\n\t\t\t\t\t<\/div>\n\t\t<\/section>\n\t\t\t\t\t<\/div>\n\t\t<\/div>\n\t\t\t\t\t<\/div>\n\t\t<\/section>\n\t\t\t\t<section class=\"elementor-section elementor-top-section elementor-element elementor-element-de0593f elementor-section-boxed elementor-section-height-default elementor-section-height-default\" data-id=\"de0593f\" data-element_type=\"section\">\n\t\t\t\t\t\t<div class=\"elementor-container elementor-column-gap-default\">\n\t\t\t\t\t<div class=\"elementor-column elementor-col-100 elementor-top-column elementor-element elementor-element-9ace5a7\" data-id=\"9ace5a7\" data-element_type=\"column\">\n\t\t\t<div class=\"elementor-widget-wrap\">\n\t\t\t\t\t\t\t<\/div>\n\t\t<\/div>\n\t\t\t\t\t<\/div>\n\t\t<\/section>\n\t\t\t\t<\/div>\n\t\t","protected":false},"excerpt":{"rendered":"<p>Desde que en el a\u00f1o 2011 se aprobara el Plan para el Fomento de la Cultura Emprendedora en el Sistema Educativo P\u00fablico de Andaluc\u00eda, se han venido desarrollando una serie de acciones encaminadas a la promoci\u00f3n de los valores de la innovaci\u00f3n, la creatividad, la responsabilidad y el emprendimiento. La puesta en marcha del Programa &hellip; <\/p>\n<p><a class=\"more-link btn\" href=\"https:\/\/blogsaverroes.juntadeandalucia.es\/planesyprogramascordoba\/programa-innicia\/\">Seguir leyendo<\/a><\/p>\n","protected":false},"author":10341,"featured_media":0,"parent":0,"menu_order":0,"comment_status":"closed","ping_status":"closed","template":"template-content-sidebar.php","meta":{"ngg_post_thumbnail":0,"footnotes":""},"aioseo_notices":[],"post_mailing_queue_ids":[],"_links":{"self":[{"href":"https:\/\/blogsaverroes.juntadeandalucia.es\/planesyprogramascordoba\/wp-json\/wp\/v2\/pages\/282"}],"collection":[{"href":"https:\/\/blogsaverroes.juntadeandalucia.es\/planesyprogramascordoba\/wp-json\/wp\/v2\/pages"}],"about":[{"href":"https:\/\/blogsaverroes.juntadeandalucia.es\/planesyprogramascordoba\/wp-json\/wp\/v2\/types\/page"}],"author":[{"embeddable":true,"href":"https:\/\/blogsaverroes.juntadeandalucia.es\/planesyprogramascordoba\/wp-json\/wp\/v2\/users\/10341"}],"replies":[{"embeddable":true,"href":"https:\/\/blogsaverroes.juntadeandalucia.es\/planesyprogramascordoba\/wp-json\/wp\/v2\/comments?post=282"}],"version-history":[{"count":21,"href":"https:\/\/blogsaverroes.juntadeandalucia.es\/planesyprogramascordoba\/wp-json\/wp\/v2\/pages\/282\/revisions"}],"predecessor-version":[{"id":2280,"href":"https:\/\/blogsaverroes.juntadeandalucia.es\/planesyprogramascordoba\/wp-json\/wp\/v2\/pages\/282\/revisions\/2280"}],"wp:attachment":[{"href":"https:\/\/blogsaverroes.juntadeandalucia.es\/planesyprogramascordoba\/wp-json\/wp\/v2\/media?parent=282"}],"curies":[{"name":"wp","href":"https:\/\/api.w.org\/{rel}","templated":true}]}}