{"id":290,"date":"2020-10-15T10:43:44","date_gmt":"2020-10-15T08:43:44","guid":{"rendered":"https:\/\/blogsaverroes.juntadeandalucia.es\/planesyprogramascordoba\/?page_id=290"},"modified":"2021-03-04T13:33:53","modified_gmt":"2021-03-04T12:33:53","slug":"forma-joven","status":"publish","type":"page","link":"https:\/\/blogsaverroes.juntadeandalucia.es\/planesyprogramascordoba\/forma-joven\/","title":{"rendered":"Forma Joven"},"content":{"rendered":"\t\t<div data-elementor-type=\"wp-page\" data-elementor-id=\"290\" class=\"elementor elementor-290\">\n\t\t\t\t\t\t<section class=\"elementor-section elementor-top-section elementor-element elementor-element-df8c6ba elementor-section-boxed elementor-section-height-default elementor-section-height-default\" data-id=\"df8c6ba\" data-element_type=\"section\">\n\t\t\t\t\t\t<div class=\"elementor-container elementor-column-gap-default\">\n\t\t\t\t\t<div class=\"elementor-column elementor-col-100 elementor-top-column elementor-element elementor-element-08ea5ac\" data-id=\"08ea5ac\" data-element_type=\"column\">\n\t\t\t<div class=\"elementor-widget-wrap elementor-element-populated\">\n\t\t\t\t\t\t<div class=\"elementor-element elementor-element-5dd4911 elementor-widget elementor-widget-text-editor\" data-id=\"5dd4911\" data-element_type=\"widget\" data-widget_type=\"text-editor.default\">\n\t\t\t\t<div class=\"elementor-widget-container\">\n\t\t\t\t\t\t\t\t\t<p style=\"text-align: justify\">El Programa para la Innovaci\u00f3n Educativa H\u00e1bitos de Vida Saludable constituye una herramienta para el desarrollo de las competencias clave del alumnado, el intercambio de experiencias, el trabajo en equipo, la creaci\u00f3n de redes interprofesionales y el desarrollo de metodolog\u00edas innovadoras en materia de promoci\u00f3n de la salud, facilitando el tratamiento de los contenidos curriculares relacionados con el bienestar emocional, la alimentaci\u00f3n y la actividad f\u00edsica, los h\u00e1bitos de higiene y el autocuidado, la educaci\u00f3n vial, la sexualidad y las relaciones igualitarias, el uso responsable de las tecnolog\u00edas, o la prevenci\u00f3n de drogodependencias y adicciones, incluidos en el Proyecto Educativo del Centro.<\/p>\t\t\t\t\t\t\t\t<\/div>\n\t\t\t\t<\/div>\n\t\t\t\t\t<\/div>\n\t\t<\/div>\n\t\t\t\t\t<\/div>\n\t\t<\/section>\n\t\t\t\t<section class=\"elementor-section elementor-top-section elementor-element elementor-element-1d92675 elementor-section-boxed elementor-section-height-default elementor-section-height-default\" data-id=\"1d92675\" data-element_type=\"section\">\n\t\t\t\t\t\t<div class=\"elementor-container elementor-column-gap-default\">\n\t\t\t\t\t<div class=\"elementor-column elementor-col-100 elementor-top-column elementor-element elementor-element-16c4cf1\" data-id=\"16c4cf1\" data-element_type=\"column\">\n\t\t\t<div class=\"elementor-widget-wrap elementor-element-populated\">\n\t\t\t\t\t\t<div class=\"elementor-element elementor-element-5b7516a elementor-widget elementor-widget-video\" data-id=\"5b7516a\" data-element_type=\"widget\" data-settings=\"{&quot;youtube_url&quot;:&quot;https:\\\/\\\/www.youtube.com\\\/watch?v=cF3BYH5yYYk&amp;feature=youtu.be&quot;,&quot;video_type&quot;:&quot;youtube&quot;,&quot;controls&quot;:&quot;yes&quot;}\" data-widget_type=\"video.default\">\n\t\t\t\t<div class=\"elementor-widget-container\">\n\t\t\t\t\t\t\t<div class=\"elementor-wrapper elementor-open-inline\">\n\t\t\t<div class=\"elementor-video\"><\/div>\t\t<\/div>\n\t\t\t\t\t\t<\/div>\n\t\t\t\t<\/div>\n\t\t\t\t\t<\/div>\n\t\t<\/div>\n\t\t\t\t\t<\/div>\n\t\t<\/section>\n\t\t\t\t<section class=\"elementor-section elementor-top-section elementor-element elementor-element-9c7e2cc elementor-section-boxed elementor-section-height-default elementor-section-height-default\" data-id=\"9c7e2cc\" data-element_type=\"section\">\n\t\t\t\t\t\t<div class=\"elementor-container elementor-column-gap-default\">\n\t\t\t\t\t<div class=\"elementor-column elementor-col-100 elementor-top-column elementor-element elementor-element-dca5f7b\" data-id=\"dca5f7b\" data-element_type=\"column\">\n\t\t\t<div class=\"elementor-widget-wrap elementor-element-populated\">\n\t\t\t\t\t\t<div class=\"elementor-element elementor-element-47c78a0 elementor-widget elementor-widget-text-editor\" data-id=\"47c78a0\" data-element_type=\"widget\" data-widget_type=\"text-editor.default\">\n\t\t\t\t<div class=\"elementor-widget-container\">\n\t\t\t\t\t\t\t\t\t<p style=\"text-align: justify\">Su caracter\u00edstica principal es que est\u00e1 concebido desde una perspectiva salutog\u00e9nica, pone el \u00e9nfasis en aquello que genera salud y no en lo que provoca enfermedad. Ofreciendo un marco de trabajo frente a COVID19 que facilite a los centros desde una fundamentaci\u00f3n neurocient\u00edfica, el abordaje de las medidas de prevenci\u00f3n y promoci\u00f3n de la salud en con- textos de aprendizaje m\u00faltiples y diversos, y con la inteligencia emocional como elemento vertebrador de la intervenci\u00f3n, entendida \u00e9sta como la \u201ccapacidad de percibir, entender, relacionar y regular las emociones propias y las de los dem\u00e1s, para lograr tomar decisiones de manera eficaz y solucionar problemas\u201d (S\u00e1nchez y Robles, 2018).<\/p>\t\t\t\t\t\t\t\t<\/div>\n\t\t\t\t<\/div>\n\t\t\t\t\t<\/div>\n\t\t<\/div>\n\t\t\t\t\t<\/div>\n\t\t<\/section>\n\t\t\t\t<section class=\"elementor-section elementor-top-section elementor-element elementor-element-6fdf14e elementor-section-boxed elementor-section-height-default elementor-section-height-default\" data-id=\"6fdf14e\" data-element_type=\"section\">\n\t\t\t\t\t\t<div class=\"elementor-container elementor-column-gap-default\">\n\t\t\t\t\t<div class=\"elementor-column elementor-col-100 elementor-top-column elementor-element elementor-element-257f9bb\" data-id=\"257f9bb\" data-element_type=\"column\">\n\t\t\t<div class=\"elementor-widget-wrap elementor-element-populated\">\n\t\t\t\t\t\t<div class=\"elementor-element elementor-element-26820ad elementor-widget elementor-widget-image\" data-id=\"26820ad\" data-element_type=\"widget\" data-widget_type=\"image.default\">\n\t\t\t\t<div class=\"elementor-widget-container\">\n\t\t\t\t\t\t\t\t\t\t\t\t\t\t\t<img fetchpriority=\"high\" decoding=\"async\" width=\"375\" height=\"375\" src=\"https:\/\/blogsaverroes.juntadeandalucia.es\/planesyprogramascordoba\/files\/2021\/02\/Captura-de-pantalla-b24f1633-b00b-4f3a-9d6d-c7fdea70e6a9-Google-Chrome-e1612435692536.png\" class=\"attachment-large size-large wp-image-690\" alt=\"\" srcset=\"https:\/\/blogsaverroes.juntadeandalucia.es\/planesyprogramascordoba\/files\/2021\/02\/Captura-de-pantalla-b24f1633-b00b-4f3a-9d6d-c7fdea70e6a9-Google-Chrome-e1612435692536.png 375w, https:\/\/blogsaverroes.juntadeandalucia.es\/planesyprogramascordoba\/files\/2021\/02\/Captura-de-pantalla-b24f1633-b00b-4f3a-9d6d-c7fdea70e6a9-Google-Chrome-e1612435692536-300x300.png 300w, https:\/\/blogsaverroes.juntadeandalucia.es\/planesyprogramascordoba\/files\/2021\/02\/Captura-de-pantalla-b24f1633-b00b-4f3a-9d6d-c7fdea70e6a9-Google-Chrome-e1612435692536-150x150.png 150w, https:\/\/blogsaverroes.juntadeandalucia.es\/planesyprogramascordoba\/files\/2021\/02\/Captura-de-pantalla-b24f1633-b00b-4f3a-9d6d-c7fdea70e6a9-Google-Chrome-e1612435692536-100x100.png 100w, https:\/\/blogsaverroes.juntadeandalucia.es\/planesyprogramascordoba\/files\/2021\/02\/Captura-de-pantalla-b24f1633-b00b-4f3a-9d6d-c7fdea70e6a9-Google-Chrome-e1612435692536-268x268.png 268w, https:\/\/blogsaverroes.juntadeandalucia.es\/planesyprogramascordoba\/files\/2021\/02\/Captura-de-pantalla-b24f1633-b00b-4f3a-9d6d-c7fdea70e6a9-Google-Chrome-e1612435692536-24x24.png 24w, https:\/\/blogsaverroes.juntadeandalucia.es\/planesyprogramascordoba\/files\/2021\/02\/Captura-de-pantalla-b24f1633-b00b-4f3a-9d6d-c7fdea70e6a9-Google-Chrome-e1612435692536-36x36.png 36w, https:\/\/blogsaverroes.juntadeandalucia.es\/planesyprogramascordoba\/files\/2021\/02\/Captura-de-pantalla-b24f1633-b00b-4f3a-9d6d-c7fdea70e6a9-Google-Chrome-e1612435692536-48x48.png 48w\" sizes=\"(max-width: 375px) 100vw, 375px\" \/>\t\t\t\t\t\t\t\t\t\t\t\t\t\t\t<\/div>\n\t\t\t\t<\/div>\n\t\t\t\t<div class=\"elementor-element elementor-element-62059f4 elementor-button-info elementor-align-justify elementor-widget elementor-widget-button\" data-id=\"62059f4\" data-element_type=\"widget\" data-widget_type=\"button.default\">\n\t\t\t\t<div class=\"elementor-widget-container\">\n\t\t\t\t\t\t\t\t\t<div class=\"elementor-button-wrapper\">\n\t\t\t\t\t<a class=\"elementor-button elementor-button-link elementor-size-sm\" href=\"https:\/\/portals.ced.junta-andalucia.es\/educacion\/portals\/ishare-servlet\/content\/b24f1633-b00b-4f3a-9d6d-c7fdea70e6a9\">\n\t\t\t\t\t\t<span class=\"elementor-button-content-wrapper\">\n\t\t\t\t\t\t\t\t\t<span class=\"elementor-button-text\">DESCARGAR DOSIER<\/span>\n\t\t\t\t\t<\/span>\n\t\t\t\t\t<\/a>\n\t\t\t\t<\/div>\n\t\t\t\t\t\t\t\t<\/div>\n\t\t\t\t<\/div>\n\t\t\t\t\t<\/div>\n\t\t<\/div>\n\t\t\t\t\t<\/div>\n\t\t<\/section>\n\t\t\t\t<section class=\"elementor-section elementor-top-section elementor-element elementor-element-27627a6 elementor-section-boxed elementor-section-height-default elementor-section-height-default\" data-id=\"27627a6\" data-element_type=\"section\">\n\t\t\t\t\t\t<div class=\"elementor-container elementor-column-gap-default\">\n\t\t\t\t\t<div class=\"elementor-column elementor-col-100 elementor-top-column elementor-element elementor-element-fb6b31e\" data-id=\"fb6b31e\" data-element_type=\"column\">\n\t\t\t<div class=\"elementor-widget-wrap elementor-element-populated\">\n\t\t\t\t\t\t<div class=\"elementor-element elementor-element-02d381b elementor-widget elementor-widget-text-editor\" data-id=\"02d381b\" data-element_type=\"widget\" data-widget_type=\"text-editor.default\">\n\t\t\t\t<div class=\"elementor-widget-container\">\n\t\t\t\t\t\t\t\t\t<p style=\"text-align: justify\">Este Programa educativo adopta la denominaci\u00f3n de Creciendo en Salud cuando se dirige a educaci\u00f3n infantil, educaci\u00f3n especial y educaci\u00f3n primaria, y Forma Joven en el \u00c1mbito Educativo cuando se dirige a educaci\u00f3n secundaria, garantizando la continuidad de la estrategia, as\u00ed como, la adaptaci\u00f3n a las caracter\u00edsticas psicoevolutivas del alumnado en entornos solidarios, respetuosos e inclusivos.<\/p>\t\t\t\t\t\t\t\t<\/div>\n\t\t\t\t<\/div>\n\t\t\t\t\t<\/div>\n\t\t<\/div>\n\t\t\t\t\t<\/div>\n\t\t<\/section>\n\t\t\t\t<\/div>\n\t\t","protected":false},"excerpt":{"rendered":"<p>El Programa para la Innovaci\u00f3n Educativa H\u00e1bitos de Vida Saludable constituye una herramienta para el desarrollo de las competencias clave del alumnado, el intercambio de experiencias, el trabajo en equipo, la creaci\u00f3n de redes interprofesionales y el desarrollo de metodolog\u00edas innovadoras en materia de promoci\u00f3n de la salud, facilitando el tratamiento de los contenidos curriculares &hellip; <\/p>\n<p><a class=\"more-link btn\" href=\"https:\/\/blogsaverroes.juntadeandalucia.es\/planesyprogramascordoba\/forma-joven\/\">Seguir leyendo<\/a><\/p>\n","protected":false},"author":10341,"featured_media":0,"parent":0,"menu_order":0,"comment_status":"closed","ping_status":"closed","template":"template-content-sidebar.php","meta":{"ngg_post_thumbnail":0,"footnotes":""},"aioseo_notices":[],"post_mailing_queue_ids":[],"_links":{"self":[{"href":"https:\/\/blogsaverroes.juntadeandalucia.es\/planesyprogramascordoba\/wp-json\/wp\/v2\/pages\/290"}],"collection":[{"href":"https:\/\/blogsaverroes.juntadeandalucia.es\/planesyprogramascordoba\/wp-json\/wp\/v2\/pages"}],"about":[{"href":"https:\/\/blogsaverroes.juntadeandalucia.es\/planesyprogramascordoba\/wp-json\/wp\/v2\/types\/page"}],"author":[{"embeddable":true,"href":"https:\/\/blogsaverroes.juntadeandalucia.es\/planesyprogramascordoba\/wp-json\/wp\/v2\/users\/10341"}],"replies":[{"embeddable":true,"href":"https:\/\/blogsaverroes.juntadeandalucia.es\/planesyprogramascordoba\/wp-json\/wp\/v2\/comments?post=290"}],"version-history":[{"count":7,"href":"https:\/\/blogsaverroes.juntadeandalucia.es\/planesyprogramascordoba\/wp-json\/wp\/v2\/pages\/290\/revisions"}],"predecessor-version":[{"id":773,"href":"https:\/\/blogsaverroes.juntadeandalucia.es\/planesyprogramascordoba\/wp-json\/wp\/v2\/pages\/290\/revisions\/773"}],"wp:attachment":[{"href":"https:\/\/blogsaverroes.juntadeandalucia.es\/planesyprogramascordoba\/wp-json\/wp\/v2\/media?parent=290"}],"curies":[{"name":"wp","href":"https:\/\/api.w.org\/{rel}","templated":true}]}}