{"id":30,"date":"2020-07-16T10:49:42","date_gmt":"2020-07-16T08:49:42","guid":{"rendered":"https:\/\/blogsaverroes.juntadeandalucia.es\/planesyprogramascordoba\/?page_id=30"},"modified":"2025-10-31T11:46:39","modified_gmt":"2025-10-31T10:46:39","slug":"inicio","status":"publish","type":"page","link":"https:\/\/blogsaverroes.juntadeandalucia.es\/planesyprogramascordoba\/","title":{"rendered":"PRESENTACI\u00d3N"},"content":{"rendered":"\t\t<div data-elementor-type=\"wp-post\" data-elementor-id=\"30\" class=\"elementor elementor-30\">\n\t\t\t\t\t\t<section class=\"elementor-section elementor-top-section elementor-element elementor-element-fcd3024 elementor-section-boxed elementor-section-height-default elementor-section-height-default\" data-id=\"fcd3024\" data-element_type=\"section\">\n\t\t\t\t\t\t<div class=\"elementor-container elementor-column-gap-default\">\n\t\t\t\t\t<div class=\"elementor-column elementor-col-50 elementor-top-column elementor-element elementor-element-54643b1\" data-id=\"54643b1\" data-element_type=\"column\">\n\t\t\t<div class=\"elementor-widget-wrap elementor-element-populated\">\n\t\t\t\t\t\t<div class=\"elementor-element elementor-element-ed26fa7 elementor-widget elementor-widget-image\" data-id=\"ed26fa7\" data-element_type=\"widget\" data-widget_type=\"image.default\">\n\t\t\t\t<div class=\"elementor-widget-container\">\n\t\t\t\t\t\t\t\t\t\t\t\t\t\t\t<img fetchpriority=\"high\" decoding=\"async\" width=\"750\" height=\"441\" src=\"https:\/\/blogsaverroes.juntadeandalucia.es\/planesyprogramascordoba\/files\/2025\/10\/programas2526-1024x602.png\" class=\"attachment-large size-large wp-image-5742\" alt=\"\" srcset=\"https:\/\/blogsaverroes.juntadeandalucia.es\/planesyprogramascordoba\/files\/2025\/10\/programas2526-1024x602.png 1024w, https:\/\/blogsaverroes.juntadeandalucia.es\/planesyprogramascordoba\/files\/2025\/10\/programas2526-300x176.png 300w, https:\/\/blogsaverroes.juntadeandalucia.es\/planesyprogramascordoba\/files\/2025\/10\/programas2526-768x451.png 768w, https:\/\/blogsaverroes.juntadeandalucia.es\/planesyprogramascordoba\/files\/2025\/10\/programas2526-750x441.png 750w, https:\/\/blogsaverroes.juntadeandalucia.es\/planesyprogramascordoba\/files\/2025\/10\/programas2526.png 1419w\" sizes=\"(max-width: 750px) 100vw, 750px\" \/>\t\t\t\t\t\t\t\t\t\t\t\t\t\t\t<\/div>\n\t\t\t\t<\/div>\n\t\t\t\t<div class=\"elementor-element elementor-element-ca84075 elementor-button-warning elementor-align-justify elementor-invisible elementor-widget elementor-widget-button\" data-id=\"ca84075\" data-element_type=\"widget\" data-settings=\"{&quot;_animation&quot;:&quot;fadeInUp&quot;}\" data-widget_type=\"button.default\">\n\t\t\t\t<div class=\"elementor-widget-container\">\n\t\t\t\t\t\t\t\t\t<div class=\"elementor-button-wrapper\">\n\t\t\t\t\t<a class=\"elementor-button elementor-button-link elementor-size-sm\" href=\"https:\/\/portales.ced.junta-andalucia.es\/educacion\/portales\/documents\/20123\/2475523\/17092025_dosier_programas_educativos.pdf\/4272f22a-ec05-b29c-e75a-0e16ded1faf2?t=1758094184028\" target=\"_blank\">\n\t\t\t\t\t\t<span class=\"elementor-button-content-wrapper\">\n\t\t\t\t\t\t\t\t\t<span class=\"elementor-button-text\">DESCARGA EL DOSIER<\/span>\n\t\t\t\t\t<\/span>\n\t\t\t\t\t<\/a>\n\t\t\t\t<\/div>\n\t\t\t\t\t\t\t\t<\/div>\n\t\t\t\t<\/div>\n\t\t\t\t\t<\/div>\n\t\t<\/div>\n\t\t\t\t<div class=\"elementor-column elementor-col-50 elementor-top-column elementor-element elementor-element-d6d6f6f\" data-id=\"d6d6f6f\" data-element_type=\"column\">\n\t\t\t<div class=\"elementor-widget-wrap elementor-element-populated\">\n\t\t\t\t\t\t<div class=\"elementor-element elementor-element-e0b3b43 elementor-widget elementor-widget-text-editor\" data-id=\"e0b3b43\" data-element_type=\"widget\" data-widget_type=\"text-editor.default\">\n\t\t\t\t<div class=\"elementor-widget-container\">\n\t\t\t\t\t\t\t\t\t<p style=\"text-align: justify\"><span style=\"color: #555555;font-family: open_sansregular, Verdana, Geneva, sans-serif;font-size: 14px;font-style: normal;font-weight: 400;text-align: justify\">La Consejer\u00eda de Desarrollo Educativo y Formaci\u00f3n Profesional pone a disposici\u00f3n de los centros los\u00a0<strong>Programas y Planes Educativos<\/strong><\/span><span style=\"color: #555555;font-family: open_sansregular, Verdana, Geneva, sans-serif;font-size: 14px;font-style: normal;font-weight: 400;text-align: justify\"><strong>.<\/strong><\/span><\/p>\t\t\t\t\t\t\t\t<\/div>\n\t\t\t\t<\/div>\n\t\t\t\t\t<\/div>\n\t\t<\/div>\n\t\t\t\t\t<\/div>\n\t\t<\/section>\n\t\t\t\t<section class=\"elementor-section elementor-top-section elementor-element elementor-element-317eb67 elementor-section-boxed elementor-section-height-default elementor-section-height-default\" data-id=\"317eb67\" data-element_type=\"section\">\n\t\t\t\t\t\t<div class=\"elementor-container elementor-column-gap-default\">\n\t\t\t\t\t<div class=\"elementor-column elementor-col-100 elementor-top-column elementor-element elementor-element-395ba84\" data-id=\"395ba84\" data-element_type=\"column\">\n\t\t\t<div class=\"elementor-widget-wrap elementor-element-populated\">\n\t\t\t\t\t\t<div class=\"elementor-element elementor-element-484a5e8 elementor-widget elementor-widget-text-editor\" data-id=\"484a5e8\" data-element_type=\"widget\" data-widget_type=\"text-editor.default\">\n\t\t\t\t<div class=\"elementor-widget-container\">\n\t\t\t\t\t\t\t\t\t<p style=\"text-align: center\"><em><span style=\"font-family: helvetica, arial, sans-serif;font-size: 10pt;color: #666699\">Texto extra\u00eddo de la <a href=\"https:\/\/www.youtube.com\/@DG_IFP\/videos\" target=\"_blank\" rel=\"noopener\">web de la Junta de Andaluc\u00eda sobre los Programas para la Innovaci\u00f3n Educativa.<\/a><\/span><\/em><\/p>\t\t\t\t\t\t\t\t<\/div>\n\t\t\t\t<\/div>\n\t\t\t\t\t<\/div>\n\t\t<\/div>\n\t\t\t\t\t<\/div>\n\t\t<\/section>\n\t\t\t\t<section class=\"elementor-section elementor-top-section elementor-element elementor-element-87650a5 elementor-section-boxed elementor-section-height-default elementor-section-height-default\" data-id=\"87650a5\" data-element_type=\"section\">\n\t\t\t\t\t\t<div class=\"elementor-container elementor-column-gap-default\">\n\t\t\t\t\t<div class=\"elementor-column elementor-col-100 elementor-top-column elementor-element elementor-element-b0e4363\" data-id=\"b0e4363\" data-element_type=\"column\">\n\t\t\t<div class=\"elementor-widget-wrap elementor-element-populated\">\n\t\t\t\t\t\t<div class=\"elementor-element elementor-element-cb07f18 elementor-button-info elementor-align-justify elementor-widget elementor-widget-button\" data-id=\"cb07f18\" data-element_type=\"widget\" data-widget_type=\"button.default\">\n\t\t\t\t<div class=\"elementor-widget-container\">\n\t\t\t\t\t\t\t\t\t<div class=\"elementor-button-wrapper\">\n\t\t\t\t\t<a class=\"elementor-button elementor-button-link elementor-size-sm\" href=\"https:\/\/blogsaverroes.juntadeandalucia.es\/planesyprogramascordoba\/directorio\/\" target=\"_blank\">\n\t\t\t\t\t\t<span class=\"elementor-button-content-wrapper\">\n\t\t\t\t\t\t\t\t\t<span class=\"elementor-button-text\">PARA INFORMARTE SOBRE CERTIFICACI\u00d3N CONTACTA CON LOS\/LAS RESPONSABLES TERITORIALES<\/span>\n\t\t\t\t\t<\/span>\n\t\t\t\t\t<\/a>\n\t\t\t\t<\/div>\n\t\t\t\t\t\t\t\t<\/div>\n\t\t\t\t<\/div>\n\t\t\t\t\t<\/div>\n\t\t<\/div>\n\t\t\t\t\t<\/div>\n\t\t<\/section>\n\t\t\t\t<section class=\"elementor-section elementor-top-section elementor-element elementor-element-9dc3a39 elementor-section-boxed elementor-section-height-default elementor-section-height-default\" data-id=\"9dc3a39\" data-element_type=\"section\">\n\t\t\t\t\t\t<div class=\"elementor-container elementor-column-gap-default\">\n\t\t\t\t\t<div class=\"elementor-column elementor-col-100 elementor-top-column elementor-element elementor-element-31ccfec\" data-id=\"31ccfec\" data-element_type=\"column\">\n\t\t\t<div class=\"elementor-widget-wrap elementor-element-populated\">\n\t\t\t\t\t\t<div class=\"elementor-element elementor-element-6464a59 elementor-widget elementor-widget-heading\" data-id=\"6464a59\" data-element_type=\"widget\" data-widget_type=\"heading.default\">\n\t\t\t\t<div class=\"elementor-widget-container\">\n\t\t\t\t\t<h3 class=\"elementor-heading-title elementor-size-default\"><h3 data-elementor-setting-key=\"title\" data-pen-placeholder=\"Type Here...\" style=\"font-style: normal\">Solicitud de Participaci\u00f3n de los Programas Educativos en S\u00e9neca<\/h3><\/h3>\t\t\t\t<\/div>\n\t\t\t\t<\/div>\n\t\t\t\t\t<\/div>\n\t\t<\/div>\n\t\t\t\t\t<\/div>\n\t\t<\/section>\n\t\t\t\t<section class=\"elementor-section elementor-top-section elementor-element elementor-element-821f876 elementor-section-boxed elementor-section-height-default elementor-section-height-default\" data-id=\"821f876\" data-element_type=\"section\">\n\t\t\t\t\t\t<div class=\"elementor-container elementor-column-gap-default\">\n\t\t\t\t\t<div class=\"elementor-column elementor-col-100 elementor-top-column elementor-element elementor-element-3b3ee4e\" data-id=\"3b3ee4e\" data-element_type=\"column\">\n\t\t\t<div class=\"elementor-widget-wrap elementor-element-populated\">\n\t\t\t\t\t\t<div class=\"elementor-element elementor-element-1d6d394 elementor-widget elementor-widget-video\" data-id=\"1d6d394\" data-element_type=\"widget\" data-settings=\"{&quot;youtube_url&quot;:&quot;https:\\\/\\\/www.youtube.com\\\/watch?v=bN2H1U_OSV8&quot;,&quot;video_type&quot;:&quot;youtube&quot;,&quot;controls&quot;:&quot;yes&quot;}\" data-widget_type=\"video.default\">\n\t\t\t\t<div class=\"elementor-widget-container\">\n\t\t\t\t\t\t\t<div class=\"elementor-wrapper elementor-open-inline\">\n\t\t\t<div class=\"elementor-video\"><\/div>\t\t<\/div>\n\t\t\t\t\t\t<\/div>\n\t\t\t\t<\/div>\n\t\t\t\t\t<\/div>\n\t\t<\/div>\n\t\t\t\t\t<\/div>\n\t\t<\/section>\n\t\t\t\t<section class=\"elementor-section elementor-top-section elementor-element elementor-element-ca7db61 elementor-section-boxed elementor-section-height-default elementor-section-height-default\" data-id=\"ca7db61\" data-element_type=\"section\">\n\t\t\t\t\t\t<div class=\"elementor-container elementor-column-gap-default\">\n\t\t\t\t\t<div class=\"elementor-column elementor-col-100 elementor-top-column elementor-element elementor-element-0060936\" data-id=\"0060936\" data-element_type=\"column\">\n\t\t\t<div class=\"elementor-widget-wrap elementor-element-populated\">\n\t\t\t\t\t\t<div class=\"elementor-element elementor-element-284d2da elementor-widget elementor-widget-text-editor\" data-id=\"284d2da\" data-element_type=\"widget\" data-widget_type=\"text-editor.default\">\n\t\t\t\t<div class=\"elementor-widget-container\">\n\t\t\t\t\t\t\t\t\t<p style=\"text-align: center\"><em><span style=\"font-family: helvetica, arial, sans-serif;font-size: 10pt;color: #666699\">V\u00eddeo extra\u00eddo del <a href=\"https:\/\/www.youtube.com\/@DG_IFP\/videos\" target=\"_blank\" rel=\"noopener\">canal de Innovaci\u00f3n y Formaci\u00f3n del Profesorado.<\/a><\/span><\/em><\/p>\t\t\t\t\t\t\t\t<\/div>\n\t\t\t\t<\/div>\n\t\t\t\t\t<\/div>\n\t\t<\/div>\n\t\t\t\t\t<\/div>\n\t\t<\/section>\n\t\t\t\t<\/div>\n\t\t","protected":false},"excerpt":{"rendered":"<p>DESCARGA EL DOSIER La Consejer\u00eda de Desarrollo Educativo y Formaci\u00f3n Profesional pone a disposici\u00f3n de los centros los\u00a0Programas y Planes Educativos. Texto extra\u00eddo de la web de la Junta de Andaluc\u00eda sobre los Programas para la Innovaci\u00f3n Educativa. PARA INFORMARTE SOBRE CERTIFICACI\u00d3N CONTACTA CON LOS\/LAS RESPONSABLES TERITORIALES Solicitud de Participaci\u00f3n de los Programas Educativos en &hellip; <\/p>\n<p><a class=\"more-link btn\" href=\"https:\/\/blogsaverroes.juntadeandalucia.es\/planesyprogramascordoba\/\">Seguir leyendo<\/a><\/p>\n","protected":false},"author":10341,"featured_media":201,"parent":0,"menu_order":0,"comment_status":"closed","ping_status":"closed","template":"","meta":{"ngg_post_thumbnail":0,"footnotes":""},"aioseo_notices":[],"post_mailing_queue_ids":[],"_links":{"self":[{"href":"https:\/\/blogsaverroes.juntadeandalucia.es\/planesyprogramascordoba\/wp-json\/wp\/v2\/pages\/30"}],"collection":[{"href":"https:\/\/blogsaverroes.juntadeandalucia.es\/planesyprogramascordoba\/wp-json\/wp\/v2\/pages"}],"about":[{"href":"https:\/\/blogsaverroes.juntadeandalucia.es\/planesyprogramascordoba\/wp-json\/wp\/v2\/types\/page"}],"author":[{"embeddable":true,"href":"https:\/\/blogsaverroes.juntadeandalucia.es\/planesyprogramascordoba\/wp-json\/wp\/v2\/users\/10341"}],"replies":[{"embeddable":true,"href":"https:\/\/blogsaverroes.juntadeandalucia.es\/planesyprogramascordoba\/wp-json\/wp\/v2\/comments?post=30"}],"version-history":[{"count":123,"href":"https:\/\/blogsaverroes.juntadeandalucia.es\/planesyprogramascordoba\/wp-json\/wp\/v2\/pages\/30\/revisions"}],"predecessor-version":[{"id":5762,"href":"https:\/\/blogsaverroes.juntadeandalucia.es\/planesyprogramascordoba\/wp-json\/wp\/v2\/pages\/30\/revisions\/5762"}],"wp:featuredmedia":[{"embeddable":true,"href":"https:\/\/blogsaverroes.juntadeandalucia.es\/planesyprogramascordoba\/wp-json\/wp\/v2\/media\/201"}],"wp:attachment":[{"href":"https:\/\/blogsaverroes.juntadeandalucia.es\/planesyprogramascordoba\/wp-json\/wp\/v2\/media?parent=30"}],"curies":[{"name":"wp","href":"https:\/\/api.w.org\/{rel}","templated":true}]}}