{"id":302,"date":"2020-10-15T10:44:30","date_gmt":"2020-10-15T08:44:30","guid":{"rendered":"https:\/\/blogsaverroes.juntadeandalucia.es\/planesyprogramascordoba\/?page_id=302"},"modified":"2022-10-22T17:08:12","modified_gmt":"2022-10-22T15:08:12","slug":"auladjaque","status":"publish","type":"page","link":"https:\/\/blogsaverroes.juntadeandalucia.es\/planesyprogramascordoba\/auladjaque\/","title":{"rendered":"AulaDjaque"},"content":{"rendered":"\t\t<div data-elementor-type=\"wp-page\" data-elementor-id=\"302\" class=\"elementor elementor-302\">\n\t\t\t\t\t\t<section class=\"elementor-section elementor-top-section elementor-element elementor-element-a88f27d elementor-section-boxed elementor-section-height-default elementor-section-height-default\" data-id=\"a88f27d\" data-element_type=\"section\">\n\t\t\t\t\t\t<div class=\"elementor-container elementor-column-gap-default\">\n\t\t\t\t\t<div class=\"elementor-column elementor-col-100 elementor-top-column elementor-element elementor-element-9390ade\" data-id=\"9390ade\" data-element_type=\"column\">\n\t\t\t<div class=\"elementor-widget-wrap elementor-element-populated\">\n\t\t\t\t\t\t<div class=\"elementor-element elementor-element-ace2932 elementor-widget elementor-widget-text-editor\" data-id=\"ace2932\" data-element_type=\"widget\" data-widget_type=\"text-editor.default\">\n\t\t\t\t<div class=\"elementor-widget-container\">\n\t\t\t\t\t\t\t\t\t<p style=\"text-align: justify\">Por sexto curso consecutivo, la Consejer\u00eda de Desarrollo Educativo y Formaci\u00f3n Profesional convoca este programa con la finalidad de dar a conocer los beneficios de la pr\u00e1ctica y ense\u00f1anza del ajedrez en el \u00e1mbito educativo.<br \/>aulaDjaque es un programa de ajedrez educativo, no competitivo, que ofrece una herramienta pedag\u00f3gica sencilla y \u00fatil para el profesorado andaluz y que puede ayudar al alumnado en el desarrollo de sus habilidades cognitivas y socio-afectivas.<br \/>En este sentido, la pr\u00e1ctica y metodolog\u00eda docente constituye la piedra angular del programa, el eje sobre el que hacer girar los alcances potenciales que el juego-ciencia puede brindarnos en el aula. As\u00ed, el profesor o profesora de ajedrez representa la pieza m\u00e1s importante de este tablero educativo que desplegamos en las escuelas andaluzas.<br \/>aulaDjaque permite abordar la integraci\u00f3n curricular de la materia ajedrec\u00edstica, forma al profesorado adapt\u00e1ndose a sus necesidades y demanda, incluye una evaluaci\u00f3n permanente y\u00a0 ayuda al desarrollo de una pr\u00e1ctica docente innovadora para, en \u00faltima instancia, ense\u00f1ar a pensar a trav\u00e9s del ajedrez.<br \/>Adem\u00e1s, para participar en el programa no se necesita saber nada del juego previamente, ni tan siquiera las reglas b\u00e1sicas, toda vez que el dise\u00f1o del programa est\u00e1 concebido para empezar desde cero y acompa\u00f1ar al docente en su proceso de alfabetizaci\u00f3n ajedrec\u00edstica.<\/p>\t\t\t\t\t\t\t\t<\/div>\n\t\t\t\t<\/div>\n\t\t\t\t\t<\/div>\n\t\t<\/div>\n\t\t\t\t\t<\/div>\n\t\t<\/section>\n\t\t\t\t<section class=\"elementor-section elementor-top-section elementor-element elementor-element-9291967 elementor-section-boxed elementor-section-height-default elementor-section-height-default\" data-id=\"9291967\" data-element_type=\"section\">\n\t\t\t\t\t\t<div class=\"elementor-container elementor-column-gap-default\">\n\t\t\t\t\t<div class=\"elementor-column elementor-col-100 elementor-top-column elementor-element elementor-element-450f30b\" data-id=\"450f30b\" data-element_type=\"column\">\n\t\t\t<div class=\"elementor-widget-wrap elementor-element-populated\">\n\t\t\t\t\t\t<div class=\"elementor-element elementor-element-bfcb36d elementor-widget elementor-widget-video\" data-id=\"bfcb36d\" data-element_type=\"widget\" data-settings=\"{&quot;youtube_url&quot;:&quot;https:\\\/\\\/www.youtube.com\\\/watch?v=VfUsq8xPKNg&amp;t=20s&quot;,&quot;video_type&quot;:&quot;youtube&quot;,&quot;controls&quot;:&quot;yes&quot;}\" data-widget_type=\"video.default\">\n\t\t\t\t<div class=\"elementor-widget-container\">\n\t\t\t\t\t\t\t<div class=\"elementor-wrapper elementor-open-inline\">\n\t\t\t<div class=\"elementor-video\"><\/div>\t\t<\/div>\n\t\t\t\t\t\t<\/div>\n\t\t\t\t<\/div>\n\t\t\t\t\t<\/div>\n\t\t<\/div>\n\t\t\t\t\t<\/div>\n\t\t<\/section>\n\t\t\t\t<section class=\"elementor-section elementor-top-section elementor-element elementor-element-cc4a59d elementor-section-boxed elementor-section-height-default elementor-section-height-default\" data-id=\"cc4a59d\" data-element_type=\"section\">\n\t\t\t\t\t\t<div class=\"elementor-container elementor-column-gap-default\">\n\t\t\t\t\t<div class=\"elementor-column elementor-col-100 elementor-top-column elementor-element elementor-element-ecfe6cd\" data-id=\"ecfe6cd\" data-element_type=\"column\">\n\t\t\t<div class=\"elementor-widget-wrap elementor-element-populated\">\n\t\t\t\t\t\t<div class=\"elementor-element elementor-element-62e7d28 elementor-widget elementor-widget-image\" data-id=\"62e7d28\" data-element_type=\"widget\" data-widget_type=\"image.default\">\n\t\t\t\t<div class=\"elementor-widget-container\">\n\t\t\t\t\t\t\t\t\t\t\t\t\t\t\t<img fetchpriority=\"high\" decoding=\"async\" width=\"494\" height=\"710\" src=\"https:\/\/blogsaverroes.juntadeandalucia.es\/planesyprogramascordoba\/files\/2022\/10\/Dosier-ADJ.png\" class=\"attachment-large size-large wp-image-2132\" alt=\"\" srcset=\"https:\/\/blogsaverroes.juntadeandalucia.es\/planesyprogramascordoba\/files\/2022\/10\/Dosier-ADJ.png 494w, https:\/\/blogsaverroes.juntadeandalucia.es\/planesyprogramascordoba\/files\/2022\/10\/Dosier-ADJ-209x300.png 209w\" sizes=\"(max-width: 494px) 100vw, 494px\" \/>\t\t\t\t\t\t\t\t\t\t\t\t\t\t\t<\/div>\n\t\t\t\t<\/div>\n\t\t\t\t<div class=\"elementor-element elementor-element-7ef42a5 elementor-button-info elementor-align-justify elementor-widget elementor-widget-button\" data-id=\"7ef42a5\" data-element_type=\"widget\" data-widget_type=\"button.default\">\n\t\t\t\t<div class=\"elementor-widget-container\">\n\t\t\t\t\t\t\t\t\t<div class=\"elementor-button-wrapper\">\n\t\t\t\t\t<a class=\"elementor-button elementor-button-link elementor-size-sm\" href=\"https:\/\/drive.google.com\/file\/d\/1p-aNaoHOYy89V6GbWC_W69LDy_TxIyuZ\/view\">\n\t\t\t\t\t\t<span class=\"elementor-button-content-wrapper\">\n\t\t\t\t\t\t\t\t\t<span class=\"elementor-button-text\">DESCARGAR DOSIER<\/span>\n\t\t\t\t\t<\/span>\n\t\t\t\t\t<\/a>\n\t\t\t\t<\/div>\n\t\t\t\t\t\t\t\t<\/div>\n\t\t\t\t<\/div>\n\t\t\t\t\t<\/div>\n\t\t<\/div>\n\t\t\t\t\t<\/div>\n\t\t<\/section>\n\t\t\t\t<\/div>\n\t\t","protected":false},"excerpt":{"rendered":"<p>Por sexto curso consecutivo, la Consejer\u00eda de Desarrollo Educativo y Formaci\u00f3n Profesional convoca este programa con la finalidad de dar a conocer los beneficios de la pr\u00e1ctica y ense\u00f1anza del ajedrez en el \u00e1mbito educativo.aulaDjaque es un programa de ajedrez educativo, no competitivo, que ofrece una herramienta pedag\u00f3gica sencilla y \u00fatil para el profesorado andaluz &hellip; <\/p>\n<p><a class=\"more-link btn\" href=\"https:\/\/blogsaverroes.juntadeandalucia.es\/planesyprogramascordoba\/auladjaque\/\">Seguir leyendo<\/a><\/p>\n","protected":false},"author":10341,"featured_media":0,"parent":0,"menu_order":0,"comment_status":"closed","ping_status":"closed","template":"template-content-sidebar.php","meta":{"ngg_post_thumbnail":0,"footnotes":""},"aioseo_notices":[],"post_mailing_queue_ids":[],"_links":{"self":[{"href":"https:\/\/blogsaverroes.juntadeandalucia.es\/planesyprogramascordoba\/wp-json\/wp\/v2\/pages\/302"}],"collection":[{"href":"https:\/\/blogsaverroes.juntadeandalucia.es\/planesyprogramascordoba\/wp-json\/wp\/v2\/pages"}],"about":[{"href":"https:\/\/blogsaverroes.juntadeandalucia.es\/planesyprogramascordoba\/wp-json\/wp\/v2\/types\/page"}],"author":[{"embeddable":true,"href":"https:\/\/blogsaverroes.juntadeandalucia.es\/planesyprogramascordoba\/wp-json\/wp\/v2\/users\/10341"}],"replies":[{"embeddable":true,"href":"https:\/\/blogsaverroes.juntadeandalucia.es\/planesyprogramascordoba\/wp-json\/wp\/v2\/comments?post=302"}],"version-history":[{"count":19,"href":"https:\/\/blogsaverroes.juntadeandalucia.es\/planesyprogramascordoba\/wp-json\/wp\/v2\/pages\/302\/revisions"}],"predecessor-version":[{"id":2138,"href":"https:\/\/blogsaverroes.juntadeandalucia.es\/planesyprogramascordoba\/wp-json\/wp\/v2\/pages\/302\/revisions\/2138"}],"wp:attachment":[{"href":"https:\/\/blogsaverroes.juntadeandalucia.es\/planesyprogramascordoba\/wp-json\/wp\/v2\/media?parent=302"}],"curies":[{"name":"wp","href":"https:\/\/api.w.org\/{rel}","templated":true}]}}