{"id":3340,"date":"2023-11-24T09:20:18","date_gmt":"2023-11-24T08:20:18","guid":{"rendered":"https:\/\/blogsaverroes.juntadeandalucia.es\/planesyprogramascordoba\/?page_id=3340"},"modified":"2024-03-27T08:47:24","modified_gmt":"2024-03-27T07:47:24","slug":"programa-cima","status":"publish","type":"page","link":"https:\/\/blogsaverroes.juntadeandalucia.es\/planesyprogramascordoba\/programa-cima\/","title":{"rendered":"Programa CIMA"},"content":{"rendered":"\t\t<div data-elementor-type=\"wp-page\" data-elementor-id=\"3340\" class=\"elementor elementor-3340\">\n\t\t\t\t\t\t<section class=\"elementor-section elementor-top-section elementor-element elementor-element-c58e067 elementor-section-boxed elementor-section-height-default elementor-section-height-default\" data-id=\"c58e067\" data-element_type=\"section\">\n\t\t\t\t\t\t<div class=\"elementor-container elementor-column-gap-default\">\n\t\t\t\t\t<div class=\"elementor-column elementor-col-100 elementor-top-column elementor-element elementor-element-a33ac44\" data-id=\"a33ac44\" data-element_type=\"column\">\n\t\t\t<div class=\"elementor-widget-wrap elementor-element-populated\">\n\t\t\t\t\t\t<div class=\"elementor-element elementor-element-15927ee elementor-widget elementor-widget-text-editor\" data-id=\"15927ee\" data-element_type=\"widget\" data-widget_type=\"text-editor.default\">\n\t\t\t\t<div class=\"elementor-widget-container\">\n\t\t\t\t\t\t\t\t\t<p style=\"text-align: justify\">Se trata de una herramienta pedag\u00f3gica para impulsar la innovaci\u00f3n y transformaci\u00f3n del proyecto educativo del centro (PE) desde el an\u00e1lisis, reflexi\u00f3n y evaluaci\u00f3n participativa garantizando la mejora continua y la personalizaci\u00f3n de los procesos seg\u00fan los centros de inter\u00e9s y necesidades del centro.<\/p><p style=\"text-align: justify\">El Programa CIMA surge con la misi\u00f3n de promover:<\/p><ul><li style=\"text-align: justify\">El fomento y la coordinaci\u00f3n de la innovaci\u00f3n educativa a trav\u00e9s de proyectos integrales de transformaci\u00f3n y mejora de los aprendizajes.<\/li><li style=\"text-align: justify\">La gesti\u00f3n, coordinaci\u00f3n e integraci\u00f3n de las actuaciones y estrategias relativas a la innovaci\u00f3n educativa.<\/li><li style=\"text-align: justify\">La colaboraci\u00f3n y coordinaci\u00f3n con las instituciones competentes a nivel auton\u00f3mico, nacional e internacional en las tem\u00e1ticas relacionadas con los diferentes \u00e1mbitos de conocimiento y actuaci\u00f3n.<\/li><li style=\"text-align: justify\">La selecci\u00f3n, el reconocimiento y la difusi\u00f3n de pr\u00e1cticas educativas innovadoras.<\/li><\/ul>\t\t\t\t\t\t\t\t<\/div>\n\t\t\t\t<\/div>\n\t\t\t\t\t<\/div>\n\t\t<\/div>\n\t\t\t\t\t<\/div>\n\t\t<\/section>\n\t\t\t\t<section class=\"elementor-section elementor-top-section elementor-element elementor-element-839a734 elementor-section-boxed elementor-section-height-default elementor-section-height-default\" data-id=\"839a734\" data-element_type=\"section\">\n\t\t\t\t\t\t<div class=\"elementor-container elementor-column-gap-default\">\n\t\t\t\t\t<div class=\"elementor-column elementor-col-100 elementor-top-column elementor-element elementor-element-d49d355\" data-id=\"d49d355\" data-element_type=\"column\">\n\t\t\t<div class=\"elementor-widget-wrap elementor-element-populated\">\n\t\t\t\t\t\t<div class=\"elementor-element elementor-element-803d8fa elementor-widget elementor-widget-video\" data-id=\"803d8fa\" data-element_type=\"widget\" data-settings=\"{&quot;youtube_url&quot;:&quot;https:\\\/\\\/youtu.be\\\/9k906rYDIrg&quot;,&quot;video_type&quot;:&quot;youtube&quot;,&quot;controls&quot;:&quot;yes&quot;}\" data-widget_type=\"video.default\">\n\t\t\t\t<div class=\"elementor-widget-container\">\n\t\t\t\t\t\t\t<div class=\"elementor-wrapper elementor-open-inline\">\n\t\t\t<div class=\"elementor-video\"><\/div>\t\t<\/div>\n\t\t\t\t\t\t<\/div>\n\t\t\t\t<\/div>\n\t\t\t\t\t<\/div>\n\t\t<\/div>\n\t\t\t\t\t<\/div>\n\t\t<\/section>\n\t\t\t\t<section class=\"elementor-section elementor-top-section elementor-element elementor-element-ad6a5c2 elementor-section-boxed elementor-section-height-default elementor-section-height-default\" data-id=\"ad6a5c2\" data-element_type=\"section\">\n\t\t\t\t\t\t<div class=\"elementor-container elementor-column-gap-default\">\n\t\t\t\t\t<div class=\"elementor-column elementor-col-100 elementor-top-column elementor-element elementor-element-db5b6a9\" data-id=\"db5b6a9\" data-element_type=\"column\">\n\t\t\t<div class=\"elementor-widget-wrap elementor-element-populated\">\n\t\t\t\t\t\t<div class=\"elementor-element elementor-element-e1cb352 elementor-widget elementor-widget-text-editor\" data-id=\"e1cb352\" data-element_type=\"widget\" data-widget_type=\"text-editor.default\">\n\t\t\t\t<div class=\"elementor-widget-container\">\n\t\t\t\t\t\t\t\t\t<p style=\"text-align: justify\">Los \u00c1mbitos de conocimiento y las L\u00edneas de Actuaci\u00f3n para el curso 2023\/2024 son los siguientes:<\/p><p style=\"text-align: justify\"><strong>\u00c1mbito de conocimiento: PROMOCI\u00d3N DE H\u00c1BITOS DE VIDA SALUDABLE<\/strong><\/p><p style=\"text-align: justify\">L\u00edneas de actuaci\u00f3n:<\/p><ul style=\"text-align: justify\"><li>Inteligencia emocional.<\/li><li>Alimentaci\u00f3n saludable.<\/li><li>Actividad f\u00edsica y deporte<\/li><li>Sue\u00f1o saludable y autocuidado.<\/li><li>Educaci\u00f3n afectivo-sexual.<\/li><li>Higiene digital.<\/li><li>Ocio saludable. Prevenci\u00f3n del consumo de sustancias adictivas.<\/li><li>Educaci\u00f3n vial.<\/li><\/ul><p style=\"text-align: justify\">Responsable: Antonio Jes\u00fas P\u00e1ez Varona. Tel\u00e9fono: 957001503 (501503).\u00a0 <br \/>Correo: <a href=\"mailto:catutoria.dpco.ced@juntadeandalucia.es\">catutoria.dpco.ced@juntadeandalucia.es<\/a>\u00a0<\/p><p style=\"text-align: justify\"><strong>\u00c1mbito de conocimiento: ALDEA, EDUCACI\u00d3N AMBIENTAL PARA LA SOSTENIBILIDAD<\/strong><\/p><p style=\"text-align: justify\">L\u00edneas de actuaci\u00f3n:<\/p><ul style=\"text-align: justify\"><li>Impacto del cambio clim\u00e1tico en el medio natural y social.<\/li><li>Conservaci\u00f3n y mejora de la biodiversidad.<\/li><li>Educaci\u00f3n para la circularidad.<\/li><li>Ecosistemas forestales y flora silvestre.<\/li><li>Uso sostenible y responsable del agua.<\/li><li>Litoral y medio oce\u00e1nico.<\/li><li>Huertos escolares.<\/li><\/ul><p style=\"text-align: justify\">Responsable: Clara Espino Leiva.\u00a0Tel\u00e9fono: 957001332 (501332).\u00a0<br \/>Correo: <a href=\"mailto:secplanes.dpco.ced@juntadeandalucia.es\">secplanes.dpco.ced@juntadeandalucia.es\u00a0<\/a><\/p><p style=\"text-align: justify\"><strong>\u00c1mbito de conocimiento: STEAM<\/strong><\/p><p style=\"text-align: justify\">L\u00edneas de actuaci\u00f3n:<\/p><ul style=\"text-align: justify\"><li>Pensamiento computacional.<\/li><li>Ajedrez en el aula. Pensamiento computacional desenchufado.<\/li><li>Rob\u00f3tica.<\/li><li>Investigaci\u00f3n aeroespacial.<\/li><li>Inteligencia artificial<\/li><\/ul><p style=\"text-align: justify\">Responsable: Jes\u00fas Rodr\u00edguez-Sol\u00eds Linares.\u00a0Tel\u00e9fono: 957001214 (501214).\u00a0<br \/>Correo: <a href=\"mailto:asesoriainformaticasoe.dpco.ced@juntadeandalucia.es\">asesoriainformaticasoe.dpco.ced@juntadeandalucia.es\u00a0<\/a><\/p><p style=\"text-align: justify\"><strong>\u00c1mbito de conocimiento: ARTE Y CULTURA\u00a0<\/strong><\/p><p style=\"text-align: justify\">L\u00edneas de actuaci\u00f3n:<\/p><ul style=\"text-align: justify\"><li>Educar a trav\u00e9s de la m\u00fasica.<\/li><li>Vivir y sentir el flamenco<\/li><li>Artistas en el aula<\/li><li>Patrimonio material, inmaterial y natural.\u00a0<\/li><\/ul><p style=\"text-align: justify\">Responsable: Clara Espino Leiva.\u00a0Tel\u00e9fono: 957001332 (501332).\u00a0<br \/>Correo: <a href=\"mailto:secplanes.dpco.ced@juntadeandalucia.es\">secplanes.dpco.ced@juntadeandalucia.es\u00a0<\/a><\/p><ul style=\"text-align: justify\"><li>Cultura emprendedora.<\/li><\/ul><p style=\"text-align: justify\">Responsable: Vicente S\u00e1nchez Barrios.\u00a0Tel\u00e9fono: 957012288 (512288).\u00a0<br \/>Correo: <a href=\"mailto:orientacioneducativa.dpco.ced@juntadeandalucia.es\">orientacioneducativa.dpco.ced@juntadeandalucia.es<\/a><\/p><p style=\"text-align: justify\"><strong>\u00c1mbito de conocimiento: PLC, COMUNICACI\u00d3N Y ALFABETIZACI\u00d3N MEDI\u00c1TICA E INFORMACIONAL\u00a0<\/strong><\/p><p style=\"text-align: justify\">L\u00edneas de actuaci\u00f3n:<\/p><ul style=\"text-align: justify\"><li>Alfabetizaci\u00f3n medi\u00e1tica.\u00a0<\/li><li>Alfabetizaci\u00f3n audiovisual. Ver y hacer cine.\u00a0<\/li><li>Oralidad y debate.\u00a0<\/li><li>Teatro en el aula.\u00a0<\/li><li>Lectura y escritura funcional.\u00a0<\/li><li>Lectura y escritura creativa.\u00a0<\/li><\/ul><p style=\"text-align: justify\">Responsable: Bartolom\u00e9 Delgado Cerrillo.\u00a0Tel\u00e9fono: 957001480 (501480).\u00a0<br \/>Correo: <a href=\"mailto:bartolome.delgado.cerrillo.edu@juntadeandalucia.es\">bartolome.delgado.cerrillo.edu@juntadeandalucia.es\u00a0<\/a><\/p>\t\t\t\t\t\t\t\t<\/div>\n\t\t\t\t<\/div>\n\t\t\t\t\t<\/div>\n\t\t<\/div>\n\t\t\t\t\t<\/div>\n\t\t<\/section>\n\t\t\t\t<section class=\"elementor-section elementor-top-section elementor-element elementor-element-4ccfe03 elementor-section-boxed elementor-section-height-default elementor-section-height-default\" data-id=\"4ccfe03\" data-element_type=\"section\" data-settings=\"{&quot;background_background&quot;:&quot;classic&quot;}\">\n\t\t\t\t\t\t\t<div class=\"elementor-background-overlay\"><\/div>\n\t\t\t\t\t\t\t<div class=\"elementor-container elementor-column-gap-default\">\n\t\t\t\t\t<div class=\"elementor-column elementor-col-100 elementor-top-column elementor-element elementor-element-effaa47\" data-id=\"effaa47\" data-element_type=\"column\">\n\t\t\t<div class=\"elementor-widget-wrap elementor-element-populated\">\n\t\t\t\t\t\t<div class=\"elementor-element elementor-element-bc0a39b elementor-view-default elementor-position-top elementor-mobile-position-top elementor-widget elementor-widget-icon-box\" data-id=\"bc0a39b\" data-element_type=\"widget\" data-widget_type=\"icon-box.default\">\n\t\t\t\t<div class=\"elementor-widget-container\">\n\t\t\t\t\t\t\t<div class=\"elementor-icon-box-wrapper\">\n\n\t\t\t\t\t\t<div class=\"elementor-icon-box-icon\">\n\t\t\t\t<a href=\"https:\/\/eaprendizaje.ced.junta-andalucia.es\/cima\/\" target=\"_blank\" class=\"elementor-icon\" tabindex=\"-1\" aria-label=\"Espacio web Programa CIMA: eAprendizaje\">\n\t\t\t\t<i aria-hidden=\"true\" class=\"fas fa-info-circle\"><\/i>\t\t\t\t<\/a>\n\t\t\t<\/div>\n\t\t\t\n\t\t\t\t\t\t<div class=\"elementor-icon-box-content\">\n\n\t\t\t\t\t\t\t\t\t<h3 class=\"elementor-icon-box-title\">\n\t\t\t\t\t\t<a href=\"https:\/\/eaprendizaje.ced.junta-andalucia.es\/cima\/\" target=\"_blank\" >\n\t\t\t\t\t\t\tEspacio web Programa CIMA: eAprendizaje\t\t\t\t\t\t<\/a>\n\t\t\t\t\t<\/h3>\n\t\t\t\t\n\t\t\t\t\n\t\t\t<\/div>\n\t\t\t\n\t\t<\/div>\n\t\t\t\t\t\t<\/div>\n\t\t\t\t<\/div>\n\t\t\t\t\t<\/div>\n\t\t<\/div>\n\t\t\t\t\t<\/div>\n\t\t<\/section>\n\t\t\t\t<section class=\"elementor-section elementor-top-section elementor-element elementor-element-3ea949f elementor-section-boxed elementor-section-height-default elementor-section-height-default\" data-id=\"3ea949f\" data-element_type=\"section\">\n\t\t\t\t\t\t<div class=\"elementor-container elementor-column-gap-default\">\n\t\t\t\t\t<div class=\"elementor-column elementor-col-100 elementor-top-column elementor-element elementor-element-6763d85\" data-id=\"6763d85\" data-element_type=\"column\">\n\t\t\t<div class=\"elementor-widget-wrap elementor-element-populated\">\n\t\t\t\t\t\t<div class=\"elementor-element elementor-element-df2e99e elementor-widget elementor-widget-image\" data-id=\"df2e99e\" data-element_type=\"widget\" data-widget_type=\"image.default\">\n\t\t\t\t<div class=\"elementor-widget-container\">\n\t\t\t\t\t\t\t\t\t\t\t\t\t\t\t<img fetchpriority=\"high\" decoding=\"async\" width=\"724\" height=\"1024\" src=\"https:\/\/blogsaverroes.juntadeandalucia.es\/planesyprogramascordoba\/files\/2023\/11\/DOSIER-CIMA-seg\u00fan-resoluci\u00f3n-2-724x1024.jpg\" class=\"attachment-large size-large wp-image-3358\" alt=\"\" srcset=\"https:\/\/blogsaverroes.juntadeandalucia.es\/planesyprogramascordoba\/files\/2023\/11\/DOSIER-CIMA-seg\u00fan-resoluci\u00f3n-2-724x1024.jpg 724w, https:\/\/blogsaverroes.juntadeandalucia.es\/planesyprogramascordoba\/files\/2023\/11\/DOSIER-CIMA-seg\u00fan-resoluci\u00f3n-2-212x300.jpg 212w, https:\/\/blogsaverroes.juntadeandalucia.es\/planesyprogramascordoba\/files\/2023\/11\/DOSIER-CIMA-seg\u00fan-resoluci\u00f3n-2-768x1086.jpg 768w, https:\/\/blogsaverroes.juntadeandalucia.es\/planesyprogramascordoba\/files\/2023\/11\/DOSIER-CIMA-seg\u00fan-resoluci\u00f3n-2-1086x1536.jpg 1086w, https:\/\/blogsaverroes.juntadeandalucia.es\/planesyprogramascordoba\/files\/2023\/11\/DOSIER-CIMA-seg\u00fan-resoluci\u00f3n-2-700x990.jpg 700w, https:\/\/blogsaverroes.juntadeandalucia.es\/planesyprogramascordoba\/files\/2023\/11\/DOSIER-CIMA-seg\u00fan-resoluci\u00f3n-2.jpg 1414w\" sizes=\"(max-width: 724px) 100vw, 724px\" \/>\t\t\t\t\t\t\t\t\t\t\t\t\t\t\t<\/div>\n\t\t\t\t<\/div>\n\t\t\t\t<div class=\"elementor-element elementor-element-578f726 elementor-button-info elementor-align-justify elementor-widget elementor-widget-button\" data-id=\"578f726\" data-element_type=\"widget\" data-widget_type=\"button.default\">\n\t\t\t\t<div class=\"elementor-widget-container\">\n\t\t\t\t\t\t\t\t\t<div class=\"elementor-button-wrapper\">\n\t\t\t\t\t<a class=\"elementor-button elementor-button-link elementor-size-sm\" href=\"https:\/\/www.juntadeandalucia.es\/educacion\/portals\/delegate\/content\/3c5feedd-a17b-4009-b8f6-22aada93175f\" target=\"_blank\">\n\t\t\t\t\t\t<span class=\"elementor-button-content-wrapper\">\n\t\t\t\t\t\t\t\t\t<span class=\"elementor-button-text\">DESCARGAR DOSIER<\/span>\n\t\t\t\t\t<\/span>\n\t\t\t\t\t<\/a>\n\t\t\t\t<\/div>\n\t\t\t\t\t\t\t\t<\/div>\n\t\t\t\t<\/div>\n\t\t\t\t\t<\/div>\n\t\t<\/div>\n\t\t\t\t\t<\/div>\n\t\t<\/section>\n\t\t\t\t<section class=\"elementor-section elementor-top-section elementor-element elementor-element-3410ee3 elementor-section-boxed elementor-section-height-default elementor-section-height-default\" data-id=\"3410ee3\" data-element_type=\"section\">\n\t\t\t\t\t\t<div class=\"elementor-container elementor-column-gap-default\">\n\t\t\t\t\t<div class=\"elementor-column elementor-col-100 elementor-top-column elementor-element elementor-element-1b35290\" data-id=\"1b35290\" data-element_type=\"column\">\n\t\t\t<div class=\"elementor-widget-wrap elementor-element-populated\">\n\t\t\t\t\t\t<div class=\"elementor-element elementor-element-120f758 elementor-widget elementor-widget-text-editor\" data-id=\"120f758\" data-element_type=\"widget\" data-widget_type=\"text-editor.default\">\n\t\t\t\t<div class=\"elementor-widget-container\">\n\t\t\t\t\t\t\t\t\t<p style=\"text-align: center\"><strong>CONTACTO de la Direcci\u00f3n General de Tecnolog\u00edas Avanzadas y Transformaci\u00f3n Educativa<\/strong><\/p><p style=\"text-align: center\">Para cuestiones generales sobre el proyecto, puede dirigirse al correo:<br \/><strong>programacima.cdefp@juntadeandalucia.es<\/strong><\/p><p style=\"text-align: center\">O a los tel\u00e9fonos<br \/>955064164 | 955064320<br \/>955064167 | 955066742<\/p>\t\t\t\t\t\t\t\t<\/div>\n\t\t\t\t<\/div>\n\t\t\t\t\t<\/div>\n\t\t<\/div>\n\t\t\t\t\t<\/div>\n\t\t<\/section>\n\t\t\t\t<\/div>\n\t\t","protected":false},"excerpt":{"rendered":"<p>Se trata de una herramienta pedag\u00f3gica para impulsar la innovaci\u00f3n y transformaci\u00f3n del proyecto educativo del centro (PE) desde el an\u00e1lisis, reflexi\u00f3n y evaluaci\u00f3n participativa garantizando la mejora continua y la personalizaci\u00f3n de los procesos seg\u00fan los centros de inter\u00e9s y necesidades del centro. El Programa CIMA surge con la misi\u00f3n de promover: El fomento &hellip; <\/p>\n<p><a class=\"more-link btn\" href=\"https:\/\/blogsaverroes.juntadeandalucia.es\/planesyprogramascordoba\/programa-cima\/\">Seguir leyendo<\/a><\/p>\n","protected":false},"author":7719,"featured_media":0,"parent":0,"menu_order":0,"comment_status":"closed","ping_status":"closed","template":"template-content-sidebar.php","meta":{"ngg_post_thumbnail":0,"footnotes":""},"aioseo_notices":[],"post_mailing_queue_ids":[],"_links":{"self":[{"href":"https:\/\/blogsaverroes.juntadeandalucia.es\/planesyprogramascordoba\/wp-json\/wp\/v2\/pages\/3340"}],"collection":[{"href":"https:\/\/blogsaverroes.juntadeandalucia.es\/planesyprogramascordoba\/wp-json\/wp\/v2\/pages"}],"about":[{"href":"https:\/\/blogsaverroes.juntadeandalucia.es\/planesyprogramascordoba\/wp-json\/wp\/v2\/types\/page"}],"author":[{"embeddable":true,"href":"https:\/\/blogsaverroes.juntadeandalucia.es\/planesyprogramascordoba\/wp-json\/wp\/v2\/users\/7719"}],"replies":[{"embeddable":true,"href":"https:\/\/blogsaverroes.juntadeandalucia.es\/planesyprogramascordoba\/wp-json\/wp\/v2\/comments?post=3340"}],"version-history":[{"count":20,"href":"https:\/\/blogsaverroes.juntadeandalucia.es\/planesyprogramascordoba\/wp-json\/wp\/v2\/pages\/3340\/revisions"}],"predecessor-version":[{"id":3747,"href":"https:\/\/blogsaverroes.juntadeandalucia.es\/planesyprogramascordoba\/wp-json\/wp\/v2\/pages\/3340\/revisions\/3747"}],"wp:attachment":[{"href":"https:\/\/blogsaverroes.juntadeandalucia.es\/planesyprogramascordoba\/wp-json\/wp\/v2\/media?parent=3340"}],"curies":[{"name":"wp","href":"https:\/\/api.w.org\/{rel}","templated":true}]}}