{"id":355,"date":"2020-10-16T11:57:50","date_gmt":"2020-10-16T09:57:50","guid":{"rendered":"https:\/\/blogsaverroes.juntadeandalucia.es\/planesyprogramascordoba\/?page_id=355"},"modified":"2024-03-26T14:35:58","modified_gmt":"2024-03-26T13:35:58","slug":"programas-de-innovacion","status":"publish","type":"page","link":"https:\/\/blogsaverroes.juntadeandalucia.es\/planesyprogramascordoba\/programas-de-innovacion\/","title":{"rendered":"PROGRAMAS"},"content":{"rendered":"\t\t<div data-elementor-type=\"wp-page\" data-elementor-id=\"355\" class=\"elementor elementor-355\">\n\t\t\t\t\t\t<section class=\"elementor-section elementor-top-section elementor-element elementor-element-0ea3927 elementor-section-boxed elementor-section-height-default elementor-section-height-default\" data-id=\"0ea3927\" data-element_type=\"section\">\n\t\t\t\t\t\t<div class=\"elementor-container elementor-column-gap-default\">\n\t\t\t\t\t<div class=\"elementor-column elementor-col-100 elementor-top-column elementor-element elementor-element-5bfc654\" data-id=\"5bfc654\" data-element_type=\"column\">\n\t\t\t<div class=\"elementor-widget-wrap elementor-element-populated\">\n\t\t\t\t\t\t<div class=\"elementor-element elementor-element-3ceaacd elementor-widget elementor-widget-text-editor\" data-id=\"3ceaacd\" data-element_type=\"widget\" data-widget_type=\"text-editor.default\">\n\t\t\t\t<div class=\"elementor-widget-container\">\n\t\t\t\t\t\t\t\t\t<p style=\"text-align: justify\">La Consejer\u00eda de Desarrollo Educativo y Formaci\u00f3n Profesional pone a disposici\u00f3n de los centros el <strong>Programa para la Innovaci\u00f3n y la Mejora del Aprendizaje, <em>Programa CIMA<\/em>,<\/strong> una herramienta para el desarrollo de las pr\u00e1cticas educativas innovadoras que permite integrarlas en la planificaci\u00f3n anual y en las programaciones did\u00e1cticas del profesorado participante, y al mismo tiempo fomenta el trabajo cooperativo y reconoce al profesorado como docente innovador y al centro docente como centro innovador.<\/p>\n<p style=\"text-align: justify\">Los cambios en la sociedad de la informaci\u00f3n y la conectividad, las investigaciones en innovaci\u00f3n y evaluaci\u00f3n educativa y la experiencia acumulada aconseja una nueva organizaci\u00f3n y un nuevo funcionamiento de los programas educativos que d\u00e9 respuesta a las necesidades actuales desde los fundamentos normativos, cient\u00edficos y pedag\u00f3gicos, as\u00ed como d\u00e9 soluci\u00f3n a las problem\u00e1ticas manifestadas por la comunidad educativa para impulsar proyectos de innovaci\u00f3n en sus centros, dotando de modelos de referencia de \u00e9xito en la pr\u00e1ctica docente.<\/p>\n<p style=\"text-align: justify\">Con este Programa, por tanto, se pretende reforzar y consolidar una iniciativa de la Consejer\u00eda de Desarrollo Educativo y Formaci\u00f3n Profesional para situar al sistema educativo andaluz en una senda acorde con los objetivos adoptados a nivel mundial para la construcci\u00f3n de una sociedad m\u00e1s sostenible e inclusiva desde el \u00e1mbito educativo.<\/p>\n\n<p style=\"text-align: right\"><em><span style=\"font-family: helvetica, arial, sans-serif;font-size: 10pt;color: #666699\">Texto extra\u00eddo de la <a href=\"https:\/\/www.juntadeandalucia.es\/educacion\/portals\/web\/ced\/planesyprogramas\/programas-innovacion-educativa\" target=\"_blank\" rel=\"noopener\">web de la Junta de Andaluc\u00eda sobre los Programas para la Innovaci\u00f3n y Mejora del Aprendizaje.<\/a>\n<\/span><\/em><\/p>\t\t\t\t\t\t\t\t<\/div>\n\t\t\t\t<\/div>\n\t\t\t\t\t<\/div>\n\t\t<\/div>\n\t\t\t\t\t<\/div>\n\t\t<\/section>\n\t\t\t\t<\/div>\n\t\t","protected":false},"excerpt":{"rendered":"<p>La Consejer\u00eda de Desarrollo Educativo y Formaci\u00f3n Profesional pone a disposici\u00f3n de los centros el Programa para la Innovaci\u00f3n y la Mejora del Aprendizaje, Programa CIMA, una herramienta para el desarrollo de las pr\u00e1cticas educativas innovadoras que permite integrarlas en la planificaci\u00f3n anual y en las programaciones did\u00e1cticas del profesorado participante, y al mismo tiempo &hellip; <\/p>\n<p><a class=\"more-link btn\" href=\"https:\/\/blogsaverroes.juntadeandalucia.es\/planesyprogramascordoba\/programas-de-innovacion\/\">Seguir leyendo<\/a><\/p>\n","protected":false},"author":10341,"featured_media":0,"parent":0,"menu_order":0,"comment_status":"closed","ping_status":"closed","template":"template-content-sidebar.php","meta":{"ngg_post_thumbnail":0,"footnotes":""},"aioseo_notices":[],"post_mailing_queue_ids":[],"_links":{"self":[{"href":"https:\/\/blogsaverroes.juntadeandalucia.es\/planesyprogramascordoba\/wp-json\/wp\/v2\/pages\/355"}],"collection":[{"href":"https:\/\/blogsaverroes.juntadeandalucia.es\/planesyprogramascordoba\/wp-json\/wp\/v2\/pages"}],"about":[{"href":"https:\/\/blogsaverroes.juntadeandalucia.es\/planesyprogramascordoba\/wp-json\/wp\/v2\/types\/page"}],"author":[{"embeddable":true,"href":"https:\/\/blogsaverroes.juntadeandalucia.es\/planesyprogramascordoba\/wp-json\/wp\/v2\/users\/10341"}],"replies":[{"embeddable":true,"href":"https:\/\/blogsaverroes.juntadeandalucia.es\/planesyprogramascordoba\/wp-json\/wp\/v2\/comments?post=355"}],"version-history":[{"count":62,"href":"https:\/\/blogsaverroes.juntadeandalucia.es\/planesyprogramascordoba\/wp-json\/wp\/v2\/pages\/355\/revisions"}],"predecessor-version":[{"id":3734,"href":"https:\/\/blogsaverroes.juntadeandalucia.es\/planesyprogramascordoba\/wp-json\/wp\/v2\/pages\/355\/revisions\/3734"}],"wp:attachment":[{"href":"https:\/\/blogsaverroes.juntadeandalucia.es\/planesyprogramascordoba\/wp-json\/wp\/v2\/media?parent=355"}],"curies":[{"name":"wp","href":"https:\/\/api.w.org\/{rel}","templated":true}]}}