{"id":14,"date":"2021-12-07T08:18:18","date_gmt":"2021-12-07T08:18:18","guid":{"rendered":"https:\/\/blogsaverroes.juntadeandalucia.es\/plasticando\/?page_id=14"},"modified":"2022-01-09T10:26:36","modified_gmt":"2022-01-09T10:26:36","slug":"quien-soy","status":"publish","type":"page","link":"https:\/\/blogsaverroes.juntadeandalucia.es\/plasticando\/quien-soy\/","title":{"rendered":"\u00bfQui\u00e9n soy?"},"content":{"rendered":"<p>Mi nombre es Roc\u00edo G\u00f3mez Rodr\u00edguez, soy licenciada en Bellas Artes y profesora de Educaci\u00f3n Pl\u00e1stica Visual y Audiovisual en el IES Puerta del And\u00e9valo de San Bartolom\u00e9 de la Torre (Huelva)<\/p>\n<p>Tengo una trayectoria profesional de creaci\u00f3n pict\u00f3rica y otra trayectoria como profesora de Pl\u00e1stica en mi centro.<\/p>\n<p>En este blog pretendo mostrar distintas t\u00e9cnicas, proyectos y actividades realizadas con mis alumnos y alumnas y tambi\u00e9n personales.<\/p>\n","protected":false},"excerpt":{"rendered":"<p>Mi nombre es Roc\u00edo G\u00f3mez Rodr\u00edguez, soy licenciada en Bellas Artes y profesora de Educaci\u00f3n Pl\u00e1stica Visual y Audiovisual en el IES Puerta del And\u00e9valo de San Bartolom\u00e9 de la Torre (Huelva) Tengo una&#46;&#46;&#46;<\/p>\n","protected":false},"author":12609,"featured_media":0,"parent":0,"menu_order":0,"comment_status":"closed","ping_status":"closed","template":"","meta":{"ngg_post_thumbnail":0,"footnotes":""},"aioseo_notices":[],"_links":{"self":[{"href":"https:\/\/blogsaverroes.juntadeandalucia.es\/plasticando\/wp-json\/wp\/v2\/pages\/14"}],"collection":[{"href":"https:\/\/blogsaverroes.juntadeandalucia.es\/plasticando\/wp-json\/wp\/v2\/pages"}],"about":[{"href":"https:\/\/blogsaverroes.juntadeandalucia.es\/plasticando\/wp-json\/wp\/v2\/types\/page"}],"author":[{"embeddable":true,"href":"https:\/\/blogsaverroes.juntadeandalucia.es\/plasticando\/wp-json\/wp\/v2\/users\/12609"}],"replies":[{"embeddable":true,"href":"https:\/\/blogsaverroes.juntadeandalucia.es\/plasticando\/wp-json\/wp\/v2\/comments?post=14"}],"version-history":[{"count":2,"href":"https:\/\/blogsaverroes.juntadeandalucia.es\/plasticando\/wp-json\/wp\/v2\/pages\/14\/revisions"}],"predecessor-version":[{"id":195,"href":"https:\/\/blogsaverroes.juntadeandalucia.es\/plasticando\/wp-json\/wp\/v2\/pages\/14\/revisions\/195"}],"wp:attachment":[{"href":"https:\/\/blogsaverroes.juntadeandalucia.es\/plasticando\/wp-json\/wp\/v2\/media?parent=14"}],"curies":[{"name":"wp","href":"https:\/\/api.w.org\/{rel}","templated":true}]}}