{"id":19,"date":"2021-12-07T08:23:33","date_gmt":"2021-12-07T08:23:33","guid":{"rendered":"https:\/\/blogsaverroes.juntadeandalucia.es\/plasticando\/?page_id=19"},"modified":"2022-01-04T19:53:54","modified_gmt":"2022-01-04T19:53:54","slug":"tecnicas","status":"publish","type":"page","link":"https:\/\/blogsaverroes.juntadeandalucia.es\/plasticando\/tecnicas\/","title":{"rendered":"T\u00e9cnicas"},"content":{"rendered":"<p>Existen muchas t\u00e9cnicas dentro de nuestros proyectos art\u00edsticos. Estas t\u00e9cnicas pueden ser pict\u00f3ricas, escult\u00f3ricas, constructivas, audiovisuales, etc..<\/p>\n<p>Aqu\u00ed te mostraremos distintas t\u00e9cnicas mediante im\u00e1genes y procedimientos.<\/p>\n","protected":false},"excerpt":{"rendered":"<p>Existen muchas t\u00e9cnicas dentro de nuestros proyectos art\u00edsticos. Estas t\u00e9cnicas pueden ser pict\u00f3ricas, escult\u00f3ricas, constructivas, audiovisuales, etc.. Aqu\u00ed te mostraremos distintas t\u00e9cnicas mediante im\u00e1genes y procedimientos.<\/p>\n","protected":false},"author":12609,"featured_media":0,"parent":0,"menu_order":0,"comment_status":"closed","ping_status":"closed","template":"","meta":{"ngg_post_thumbnail":0,"footnotes":""},"aioseo_notices":[],"_links":{"self":[{"href":"https:\/\/blogsaverroes.juntadeandalucia.es\/plasticando\/wp-json\/wp\/v2\/pages\/19"}],"collection":[{"href":"https:\/\/blogsaverroes.juntadeandalucia.es\/plasticando\/wp-json\/wp\/v2\/pages"}],"about":[{"href":"https:\/\/blogsaverroes.juntadeandalucia.es\/plasticando\/wp-json\/wp\/v2\/types\/page"}],"author":[{"embeddable":true,"href":"https:\/\/blogsaverroes.juntadeandalucia.es\/plasticando\/wp-json\/wp\/v2\/users\/12609"}],"replies":[{"embeddable":true,"href":"https:\/\/blogsaverroes.juntadeandalucia.es\/plasticando\/wp-json\/wp\/v2\/comments?post=19"}],"version-history":[{"count":4,"href":"https:\/\/blogsaverroes.juntadeandalucia.es\/plasticando\/wp-json\/wp\/v2\/pages\/19\/revisions"}],"predecessor-version":[{"id":127,"href":"https:\/\/blogsaverroes.juntadeandalucia.es\/plasticando\/wp-json\/wp\/v2\/pages\/19\/revisions\/127"}],"wp:attachment":[{"href":"https:\/\/blogsaverroes.juntadeandalucia.es\/plasticando\/wp-json\/wp\/v2\/media?parent=19"}],"curies":[{"name":"wp","href":"https:\/\/api.w.org\/{rel}","templated":true}]}}