{"id":199,"date":"2022-01-12T08:30:45","date_gmt":"2022-01-12T08:30:45","guid":{"rendered":"https:\/\/blogsaverroes.juntadeandalucia.es\/plasticando\/?page_id=199"},"modified":"2022-01-15T18:29:58","modified_gmt":"2022-01-15T18:29:58","slug":"trabajo-de-texturas","status":"publish","type":"page","link":"https:\/\/blogsaverroes.juntadeandalucia.es\/plasticando\/trabajo-de-texturas\/","title":{"rendered":"Trabajo de texturas"},"content":{"rendered":"<p>La textura es un elemento del lenguaje pl\u00e1stico. Es el aspecto de una superficie donde se repite alg\u00fan rasgo.&nbsp;<\/p>\n<p>Podemos crear texturas de muchas maneras diferentes :&nbsp;<\/p>\n<table style=\"border-collapse: collapse;width: 71.3789%;height: 354px\">\n<tbody>\n<tr>\n<td style=\"width: 50%\">\n<ul>\n<li>Dibujada.<\/li>\n<\/ul>\n<p><img loading=\"lazy\" decoding=\"async\" class=\"alignnone size-medium wp-image-203\" src=\"https:\/\/blogsaverroes.juntadeandalucia.es\/plasticando\/files\/2022\/01\/textura-visual-2-221x300.jpg\" alt=\"\" width=\"221\" height=\"300\" srcset=\"https:\/\/blogsaverroes.juntadeandalucia.es\/plasticando\/files\/2022\/01\/textura-visual-2-221x300.jpg 221w, https:\/\/blogsaverroes.juntadeandalucia.es\/plasticando\/files\/2022\/01\/textura-visual-2.jpg 236w\" sizes=\"(max-width: 221px) 100vw, 221px\" \/><\/td>\n<td style=\"width: 50%\">\n<ul>\n<li>Pegando cosas.<\/li>\n<\/ul>\n<p><img loading=\"lazy\" decoding=\"async\" class=\" wp-image-201 alignleft\" src=\"https:\/\/blogsaverroes.juntadeandalucia.es\/plasticando\/files\/2022\/01\/textura-t\u00e1ctil-198x300.jpg\" alt=\"\" width=\"191\" height=\"289\" srcset=\"https:\/\/blogsaverroes.juntadeandalucia.es\/plasticando\/files\/2022\/01\/textura-t\u00e1ctil-198x300.jpg 198w, https:\/\/blogsaverroes.juntadeandalucia.es\/plasticando\/files\/2022\/01\/textura-t\u00e1ctil-677x1024.jpg 677w, https:\/\/blogsaverroes.juntadeandalucia.es\/plasticando\/files\/2022\/01\/textura-t\u00e1ctil-768x1161.jpg 768w, https:\/\/blogsaverroes.juntadeandalucia.es\/plasticando\/files\/2022\/01\/textura-t\u00e1ctil-1016x1536.jpg 1016w, https:\/\/blogsaverroes.juntadeandalucia.es\/plasticando\/files\/2022\/01\/textura-t\u00e1ctil.jpg 1058w\" sizes=\"(max-width: 191px) 100vw, 191px\" \/><\/td>\n<\/tr>\n<tr>\n<td style=\"width: 50%\">\n<ul>\n<li>Estampaci\u00f3n con pintura.<img loading=\"lazy\" decoding=\"async\" class=\"alignnone size-full wp-image-202\" src=\"https:\/\/blogsaverroes.juntadeandalucia.es\/plasticando\/files\/2022\/01\/textura-estampaci\u00f3n.jpg\" alt=\"\" width=\"225\" height=\"224\" srcset=\"https:\/\/blogsaverroes.juntadeandalucia.es\/plasticando\/files\/2022\/01\/textura-estampaci\u00f3n.jpg 225w, https:\/\/blogsaverroes.juntadeandalucia.es\/plasticando\/files\/2022\/01\/textura-estampaci\u00f3n-150x150.jpg 150w, https:\/\/blogsaverroes.juntadeandalucia.es\/plasticando\/files\/2022\/01\/textura-estampaci\u00f3n-80x80.jpg 80w\" sizes=\"(max-width: 225px) 100vw, 225px\" \/><\/li>\n<\/ul>\n<\/td>\n<td style=\"width: 50%\">\n<ul>\n<li>Grabado ( eliminando material)<img loading=\"lazy\" decoding=\"async\" class=\"alignnone size-full wp-image-204\" src=\"https:\/\/blogsaverroes.juntadeandalucia.es\/plasticando\/files\/2022\/01\/textura-grabado.jpg\" alt=\"\" width=\"236\" height=\"245\"><\/li>\n<\/ul>\n<\/td>\n<\/tr>\n<tr>\n<td style=\"width: 50%\">\n<ul>\n<li>Frotado ( sombreando con un papel un relieve determinado)<img loading=\"lazy\" decoding=\"async\" class=\"alignnone size-medium wp-image-205\" src=\"https:\/\/blogsaverroes.juntadeandalucia.es\/plasticando\/files\/2022\/01\/textura-frotada-300x220.jpg\" alt=\"\" width=\"300\" height=\"220\" srcset=\"https:\/\/blogsaverroes.juntadeandalucia.es\/plasticando\/files\/2022\/01\/textura-frotada-300x220.jpg 300w, https:\/\/blogsaverroes.juntadeandalucia.es\/plasticando\/files\/2022\/01\/textura-frotada.jpg 399w\" sizes=\"(max-width: 300px) 100vw, 300px\" \/><\/li>\n<\/ul>\n<\/td>\n<td style=\"width: 50%\">&nbsp;<\/td>\n<\/tr>\n<tr>\n<td style=\"width: 50%\">&nbsp;<\/td>\n<td style=\"width: 50%\">&nbsp;<\/td>\n<\/tr>\n<\/tbody>\n<\/table>\n<p>&nbsp;<\/p>\n<p>&nbsp;<\/p>\n<p>&nbsp;<\/p>\n<p>&nbsp;<\/p>\n<p>&nbsp;<\/p>\n<p>&nbsp;<\/p>\n<p>&nbsp;<\/p>\n<p>&nbsp;<\/p>\n<p>&nbsp;<\/p>\n<p>&nbsp;<\/p>\n<ul>\n<li>&nbsp;<\/li>\n<li>&nbsp;<\/li>\n<li>&nbsp;<\/li>\n<\/ul>\n","protected":false},"excerpt":{"rendered":"<p>La textura es un elemento del lenguaje pl\u00e1stico. Es el aspecto de una superficie donde se repite alg\u00fan rasgo.&nbsp; Podemos crear texturas de muchas maneras diferentes :&nbsp; Dibujada. Pegando cosas. Estampaci\u00f3n con pintura. Grabado&#46;&#46;&#46;<\/p>\n","protected":false},"author":12609,"featured_media":0,"parent":0,"menu_order":0,"comment_status":"closed","ping_status":"closed","template":"","meta":{"ngg_post_thumbnail":0,"footnotes":""},"aioseo_notices":[],"_links":{"self":[{"href":"https:\/\/blogsaverroes.juntadeandalucia.es\/plasticando\/wp-json\/wp\/v2\/pages\/199"}],"collection":[{"href":"https:\/\/blogsaverroes.juntadeandalucia.es\/plasticando\/wp-json\/wp\/v2\/pages"}],"about":[{"href":"https:\/\/blogsaverroes.juntadeandalucia.es\/plasticando\/wp-json\/wp\/v2\/types\/page"}],"author":[{"embeddable":true,"href":"https:\/\/blogsaverroes.juntadeandalucia.es\/plasticando\/wp-json\/wp\/v2\/users\/12609"}],"replies":[{"embeddable":true,"href":"https:\/\/blogsaverroes.juntadeandalucia.es\/plasticando\/wp-json\/wp\/v2\/comments?post=199"}],"version-history":[{"count":1,"href":"https:\/\/blogsaverroes.juntadeandalucia.es\/plasticando\/wp-json\/wp\/v2\/pages\/199\/revisions"}],"predecessor-version":[{"id":206,"href":"https:\/\/blogsaverroes.juntadeandalucia.es\/plasticando\/wp-json\/wp\/v2\/pages\/199\/revisions\/206"}],"wp:attachment":[{"href":"https:\/\/blogsaverroes.juntadeandalucia.es\/plasticando\/wp-json\/wp\/v2\/media?parent=199"}],"curies":[{"name":"wp","href":"https:\/\/api.w.org\/{rel}","templated":true}]}}