{"id":24,"date":"2021-11-02T13:36:13","date_gmt":"2021-11-02T13:36:13","guid":{"rendered":"https:\/\/blogsaverroes.juntadeandalucia.es\/plasticrecicla2\/?page_id=24"},"modified":"2024-04-24T16:02:10","modified_gmt":"2024-04-24T16:02:10","slug":"ponencias","status":"publish","type":"page","link":"https:\/\/blogsaverroes.juntadeandalucia.es\/plasticrecicla2\/ponencias\/","title":{"rendered":"PONENCIAS"},"content":{"rendered":"<p>Dentro del Grupo de Trabajo de \u00abExperimenta con materiales\u00bb en la EASD hemos tenido la posibilidad de indagar en el conocimiento de impresi\u00f3n 3D y Fabricaci\u00f3n aditiva, de la mano de dos doctores industriales de la Universidad de C\u00e1diz, pertenecientes al Grupo de investigaci\u00f3n Innanomat.<\/p>\n<p>La experiencia ha sido fant\u00e1stica, y todav\u00eda queda mucho por hacer.<\/p>\n<p><img loading=\"lazy\" decoding=\"async\" class=\"alignnone size-medium wp-image-86\" src=\"https:\/\/blogsaverroes.juntadeandalucia.es\/plasticrecicla2\/files\/2024\/04\/WhatsApp-Image-2024-04-18-at-23.18.51-300x225.jpeg\" alt=\"\" width=\"300\" height=\"225\" srcset=\"https:\/\/blogsaverroes.juntadeandalucia.es\/plasticrecicla2\/files\/2024\/04\/WhatsApp-Image-2024-04-18-at-23.18.51-300x225.jpeg 300w, https:\/\/blogsaverroes.juntadeandalucia.es\/plasticrecicla2\/files\/2024\/04\/WhatsApp-Image-2024-04-18-at-23.18.51-1024x768.jpeg 1024w, https:\/\/blogsaverroes.juntadeandalucia.es\/plasticrecicla2\/files\/2024\/04\/WhatsApp-Image-2024-04-18-at-23.18.51-768x576.jpeg 768w, https:\/\/blogsaverroes.juntadeandalucia.es\/plasticrecicla2\/files\/2024\/04\/WhatsApp-Image-2024-04-18-at-23.18.51.jpeg 1504w\" sizes=\"(max-width: 300px) 100vw, 300px\" \/> <img loading=\"lazy\" decoding=\"async\" class=\"alignnone size-medium wp-image-87\" src=\"https:\/\/blogsaverroes.juntadeandalucia.es\/plasticrecicla2\/files\/2024\/04\/WhatsApp-Image-2024-04-18-at-12.16.10-300x225.jpeg\" alt=\"\" width=\"300\" height=\"225\" srcset=\"https:\/\/blogsaverroes.juntadeandalucia.es\/plasticrecicla2\/files\/2024\/04\/WhatsApp-Image-2024-04-18-at-12.16.10-300x225.jpeg 300w, https:\/\/blogsaverroes.juntadeandalucia.es\/plasticrecicla2\/files\/2024\/04\/WhatsApp-Image-2024-04-18-at-12.16.10-1024x768.jpeg 1024w, https:\/\/blogsaverroes.juntadeandalucia.es\/plasticrecicla2\/files\/2024\/04\/WhatsApp-Image-2024-04-18-at-12.16.10-768x576.jpeg 768w, https:\/\/blogsaverroes.juntadeandalucia.es\/plasticrecicla2\/files\/2024\/04\/WhatsApp-Image-2024-04-18-at-12.16.10.jpeg 1504w\" sizes=\"(max-width: 300px) 100vw, 300px\" \/> <img loading=\"lazy\" decoding=\"async\" class=\"alignnone size-medium wp-image-88\" src=\"https:\/\/blogsaverroes.juntadeandalucia.es\/plasticrecicla2\/files\/2024\/04\/WhatsApp-Image-2024-04-18-at-12.16.10-2-300x225.jpeg\" alt=\"\" width=\"300\" height=\"225\" srcset=\"https:\/\/blogsaverroes.juntadeandalucia.es\/plasticrecicla2\/files\/2024\/04\/WhatsApp-Image-2024-04-18-at-12.16.10-2-300x225.jpeg 300w, https:\/\/blogsaverroes.juntadeandalucia.es\/plasticrecicla2\/files\/2024\/04\/WhatsApp-Image-2024-04-18-at-12.16.10-2-1024x768.jpeg 1024w, https:\/\/blogsaverroes.juntadeandalucia.es\/plasticrecicla2\/files\/2024\/04\/WhatsApp-Image-2024-04-18-at-12.16.10-2-768x576.jpeg 768w, https:\/\/blogsaverroes.juntadeandalucia.es\/plasticrecicla2\/files\/2024\/04\/WhatsApp-Image-2024-04-18-at-12.16.10-2.jpeg 1504w\" sizes=\"(max-width: 300px) 100vw, 300px\" \/>&nbsp;<\/p>\n","protected":false},"excerpt":{"rendered":"<p>Dentro del Grupo de Trabajo de \u00abExperimenta con materiales\u00bb en la EASD hemos tenido la posibilidad de indagar en el conocimiento de impresi\u00f3n 3D y Fabricaci\u00f3n aditiva, de la mano de dos doctores industriales de la Universidad de C\u00e1diz, pertenecientes al Grupo de investigaci\u00f3n Innanomat. La experiencia ha sido fant\u00e1stica, y todav\u00eda queda mucho por &hellip; <\/p>\n<p class=\"link-more\"><a href=\"https:\/\/blogsaverroes.juntadeandalucia.es\/plasticrecicla2\/ponencias\/\" class=\"more-link\">Continuar leyendo<span class=\"screen-reader-text\"> \u00abPONENCIAS\u00bb<\/span><\/a><\/p>\n","protected":false},"author":11744,"featured_media":0,"parent":0,"menu_order":0,"comment_status":"closed","ping_status":"closed","template":"","meta":{"ngg_post_thumbnail":0,"footnotes":""},"aioseo_notices":[],"_links":{"self":[{"href":"https:\/\/blogsaverroes.juntadeandalucia.es\/plasticrecicla2\/wp-json\/wp\/v2\/pages\/24"}],"collection":[{"href":"https:\/\/blogsaverroes.juntadeandalucia.es\/plasticrecicla2\/wp-json\/wp\/v2\/pages"}],"about":[{"href":"https:\/\/blogsaverroes.juntadeandalucia.es\/plasticrecicla2\/wp-json\/wp\/v2\/types\/page"}],"author":[{"embeddable":true,"href":"https:\/\/blogsaverroes.juntadeandalucia.es\/plasticrecicla2\/wp-json\/wp\/v2\/users\/11744"}],"replies":[{"embeddable":true,"href":"https:\/\/blogsaverroes.juntadeandalucia.es\/plasticrecicla2\/wp-json\/wp\/v2\/comments?post=24"}],"version-history":[{"count":3,"href":"https:\/\/blogsaverroes.juntadeandalucia.es\/plasticrecicla2\/wp-json\/wp\/v2\/pages\/24\/revisions"}],"predecessor-version":[{"id":85,"href":"https:\/\/blogsaverroes.juntadeandalucia.es\/plasticrecicla2\/wp-json\/wp\/v2\/pages\/24\/revisions\/85"}],"wp:attachment":[{"href":"https:\/\/blogsaverroes.juntadeandalucia.es\/plasticrecicla2\/wp-json\/wp\/v2\/media?parent=24"}],"curies":[{"name":"wp","href":"https:\/\/api.w.org\/{rel}","templated":true}]}}